{"id":432,"date":"2014-03-12T09:54:02","date_gmt":"2014-03-12T09:54:02","guid":{"rendered":"http:\/\/semmelweis.hu\/urologia\/?page_id=432"},"modified":"2022-08-31T10:45:25","modified_gmt":"2022-08-31T08:45:25","slug":"szendroi-attila","status":"publish","type":"page","link":"https:\/\/semmelweis.hu\/urologia\/altalanos-informaciok\/a-klinika-orvosai\/szendroi-attila\/","title":{"rendered":"Szendr\u0151i Attila"},"content":{"rendered":"<p><a href=\"https:\/\/semmelweis.hu\/urologia\/files\/2015\/07\/SzendroiA.jpg\"><img loading=\"lazy\" decoding=\"async\" class=\"alignright size-medium wp-image-1678\" src=\"https:\/\/semmelweis.hu\/urologia\/files\/2015\/07\/SzendroiA-200x300.jpg\" alt=\"SzendroiA\" width=\"200\" height=\"300\" srcset=\"https:\/\/semmelweis.hu\/urologia\/files\/2015\/07\/SzendroiA-200x300.jpg 200w, https:\/\/semmelweis.hu\/urologia\/files\/2015\/07\/SzendroiA-683x1024.jpg 683w, https:\/\/semmelweis.hu\/urologia\/files\/2015\/07\/SzendroiA.jpg 800w\" sizes=\"auto, (max-width: 200px) 100vw, 200px\" \/><\/a>1975-ben sz\u00fcletett Budapesten, \u00e9s a budapesti ELTE Trefort \u00c1goston Gyakorl\u00f3 Gimn\u00e1ziumban 1994-ben \u00e9retts\u00e9gizett. \u00c1ltal\u00e1nos orvosdoktori diplom\u00e1t a Semmelweis Orvostudom\u00e1nyi Egyetemen 2000-ben szerzett. 2000 \u00f3ta a Semmelweis Egyetem Urol\u00f3giai Klinik\u00e1j\u00e1n dolgozik.<\/p>\n<p><strong>Beoszt\u00e1sa:<\/strong> Az ambulancia vezet\u0151je, egyetemi adjunktus<\/p>\n<p><strong>Tudom\u00e1nyos fokozat: <\/strong>Ph.D. (2010) A vesedaganatok prognosztikai faktorai<br \/>\n<strong>Nyelvtud\u00e1s:<\/strong> n\u00e9met, angol<br \/>\n<strong>Szakk\u00e9pes\u00edt\u00e9se:<\/strong> Urol\u00f3gia (2006)<br \/>\nFellow of the European Board of Urology (FEBU) (2006)<br \/>\n<strong>K\u00fclf\u00f6ldi tanulm\u00e1nyutak:<\/strong><br \/>\n2002. &#8211; J\u00e9na, N\u00e9metorsz\u00e1g, Friedrich Schiller Egyetem, Urol\u00f3giai Oszt\u00e1ly<br \/>\n2003. &#8211; J\u00e9na, N\u00e9metorsz\u00e1g, Friedrich Schiller Egyetem, Urol\u00f3giai Oszt\u00e1ly<br \/>\n2004. &#8211; J\u00e9na, N\u00e9metorsz\u00e1g, Friedrich Schiller Egyetem, Urol\u00f3giai Oszt\u00e1ly<br \/>\n2009. &#8211; Marosv\u00e1s\u00e1rhely, Marosv\u00e1s\u00e1rhelyi Orvosegyetem Urol\u00f3giai Klinika<br \/>\n2011. &#8211; Hamburg, N\u00e9metosz\u00e1g, a N\u00e9met Urol\u00f3gus T\u00e1rsas\u00e1g 3 h\u00f3napos \u00f6szt\u00f6nd\u00edja, Asklepios Int\u00e9zet Urol\u00f3giai Klinika<br \/>\n2011. &#8211; R\u00f3ma, Olaszorsz\u00e1g: 7th International Course on Flexible ureteroscopy<\/p>\n<p><strong>Publik\u00e1ci\u00f3s lista:<\/strong><br \/>\n<a href=\"https:\/\/vm.mtmt.hu\/search\/slist.php?AuthorID=10024668&amp;pr_on=1\" target=\"_blank\" rel=\"noopener noreferrer\">Aktualiz\u00e1lt lista nyomtathat\u00f3 form\u00e1tumban let\u00f6lthet\u0151<\/a><\/p>\n<p><strong>Tudom\u00e1nyos t\u00e1rsas\u00e1gi tags\u00e1g:<\/strong><br \/>\nMagyar Urol\u00f3giai T\u00e1rsas\u00e1g<br \/>\nMagyar Onkol\u00f3gus T\u00e1rsas\u00e1g<br \/>\nEur\u00f3pai Urol\u00f3gus T\u00e1rsas\u00e1g<br \/>\nMagyar Uroonkol\u00f3giai T\u00e1rsas\u00e1g<br \/>\n<strong>Tudom\u00e1nyos \u00e9rdekl\u0151d\u00e9s:<\/strong> vesesejtes r\u00e1k csont\u00e1tt\u00e9teinek vizsg\u00e1lata, \u00e1tmeneti sejtes\u00a0<span style=\"color: #333333;font-family: Georgia, 'Times New Roman', 'Bitstream Charter', Times, serif\">h\u00f3lyag<\/span>r\u00e1k, prosztata-adenocarcinoma vizsg\u00e1lata, percutan \u00e9s h\u00fagycs\u00f6v\u00f6n kereszt\u00fcli k\u0151seb\u00e9szet, h\u00fagy\u00fati k\u00f6vek l\u00f6k\u00e9shull\u00e1m-kezel\u00e9se<\/p>\n<p><strong>D\u00edjak:<\/strong><br \/>\n1998: Semmelweis Egyetem, Tudom\u00e1nyos Di\u00e1kk\u00f6ri Konferencia: 1.hely<br \/>\n2000: Semmelweis Egyetem, Tudom\u00e1nyos Di\u00e1kk\u00f6ri Konferencia: 1.hely<br \/>\n2003: A Magyar Urol\u00f3gusok T\u00e1rsas\u00e1g\u00e1nak Fiatal Urol\u00f3gus szekci\u00f3ja: A legjobb el\u0151ad\u00e1s\u00e9rt j\u00e1r\u00f3 I. d\u00edj, Szeged<br \/>\n2007: Babics Antal d\u00edj<br \/>\n2009: A Magyar Urol\u00f3gusok T\u00e1rsas\u00e1g\u00e1nak Kongresszusa, Keszthely, a legjobb poszter\u00e9rt j\u00e1r\u00f3 I. d\u00edj<br \/>\n2011: Eur\u00f3pai Urol\u00f3gus T\u00e1rsas\u00e1g (EAU) Kongresszusa: B\u00e9cs: Best Poster of Renal Cell Cancer, Basic Research Session<\/p>\n","protected":false},"excerpt":{"rendered":"<p><a href=\"https:\/\/semmelweis.hu\/urologia\/files\/2015\/07\/SzendroiA.jpg\"><\/a> 1975-ben sz\u00fcletett Budapesten, \u00e9s a budapesti ELTE Trefort \u00c1goston Gyakorl\u00f3 Gimn\u00e1ziumban 1994-ben \u00e9retts\u00e9gizett. \u00c1ltal\u00e1nos orvosdoktori diplom\u00e1t a Semmelweis Orvostudom\u00e1nyi Egyetemen 2000-ben szerzett. 2000 \u00f3ta a Semmelweis Egyetem Urol\u00f3giai Klinik\u00e1j\u00e1n dolgozik. Beoszt\u00e1sa: Az ambulancia vezet\u0151je, egyetemi adjunktus Tudom\u00e1nyos fokozat: Ph.D. (2010) A vesedaganatok prognosztikai faktorai Nyelvtud\u00e1s: n\u00e9met, angol Szakk\u00e9pes\u00edt\u00e9se: Urol\u00f3gia (2006) Fellow of the European Board &hellip;<\/p>\n","protected":false},"author":316,"featured_media":0,"parent":333,"menu_order":0,"comment_status":"closed","ping_status":"closed","template":"onecolumn-page.php","meta":{"_acf_changed":false,"footnotes":""},"categories":[],"tags":[],"class_list":["post-432","page","type-page","status-publish","hentry"],"acf":[],"_links":{"self":[{"href":"https:\/\/semmelweis.hu\/urologia\/wp-json\/wp\/v2\/pages\/432","targetHints":{"allow":["GET"]}}],"collection":[{"href":"https:\/\/semmelweis.hu\/urologia\/wp-json\/wp\/v2\/pages"}],"about":[{"href":"https:\/\/semmelweis.hu\/urologia\/wp-json\/wp\/v2\/types\/page"}],"author":[{"embeddable":true,"href":"https:\/\/semmelweis.hu\/urologia\/wp-json\/wp\/v2\/users\/316"}],"replies":[{"embeddable":true,"href":"https:\/\/semmelweis.hu\/urologia\/wp-json\/wp\/v2\/comments?post=432"}],"version-history":[{"count":9,"href":"https:\/\/semmelweis.hu\/urologia\/wp-json\/wp\/v2\/pages\/432\/revisions"}],"predecessor-version":[{"id":4103,"href":"https:\/\/semmelweis.hu\/urologia\/wp-json\/wp\/v2\/pages\/432\/revisions\/4103"}],"up":[{"embeddable":true,"href":"https:\/\/semmelweis.hu\/urologia\/wp-json\/wp\/v2\/pages\/333"}],"wp:attachment":[{"href":"https:\/\/semmelweis.hu\/urologia\/wp-json\/wp\/v2\/media?parent=432"}],"wp:term":[{"taxonomy":"category","embeddable":true,"href":"https:\/\/semmelweis.hu\/urologia\/wp-json\/wp\/v2\/categories?post=432"},{"taxonomy":"post_tag","embeddable":true,"href":"https:\/\/semmelweis.hu\/urologia\/wp-json\/wp\/v2\/tags?post=432"}],"curies":[{"name":"wp","href":"https:\/\/api.w.org\/{rel}","templated":true}]}}