{"id":428,"date":"2014-03-12T09:52:07","date_gmt":"2014-03-12T09:52:07","guid":{"rendered":"http:\/\/semmelweis.hu\/urologia\/?page_id=428"},"modified":"2024-10-30T14:30:35","modified_gmt":"2024-10-30T13:30:35","slug":"riesz-peter","status":"publish","type":"page","link":"https:\/\/semmelweis.hu\/urologia\/altalanos-informaciok\/a-klinika-orvosai\/riesz-peter\/","title":{"rendered":"Riesz P\u00e9ter"},"content":{"rendered":"<p style=\"text-align: justify;vertical-align: baseline;margin: 0cm 0cm 12.0pt 0cm\"><a href=\"https:\/\/semmelweis.hu\/urologia\/files\/2015\/07\/RieszP.jpg\"><img loading=\"lazy\" decoding=\"async\" class=\"alignright size-medium wp-image-1711\" src=\"https:\/\/semmelweis.hu\/urologia\/files\/2015\/07\/RieszP-200x300.jpg\" alt=\"RieszP\" width=\"200\" height=\"300\" srcset=\"https:\/\/semmelweis.hu\/urologia\/files\/2015\/07\/RieszP-200x300.jpg 200w, https:\/\/semmelweis.hu\/urologia\/files\/2015\/07\/RieszP-683x1024.jpg 683w, https:\/\/semmelweis.hu\/urologia\/files\/2015\/07\/RieszP.jpg 800w\" sizes=\"auto, (max-width: 200px) 100vw, 200px\" \/><\/a><\/p>\n<p>&nbsp;<\/p>\n<p>&nbsp;<\/p>\n<p>1973-ban sz\u00fcletett Budapesten, \u00e9s a budapesti ELTE Radn\u00f3ti Mikl\u00f3s Gyakorl\u00f3 Gimn\u00e1ziumban 1991-ben \u00e9retts\u00e9gizett. \u00c1ltal\u00e1nos orvosdoktori diplom\u00e1t a Semmelweis Orvostudom\u00e1nyi Egyetemen 1997-ben szerzett. 1997 \u00f3ta a Semmelweis Egyetem Urol\u00f3giai Klinik\u00e1j\u00e1n dolgozik. 2012. j\u00falius 1-t\u0151l a Klinika egyik oszt\u00e1ly\u00e1nak vezet\u0151je \u00e9s a finansz\u00edroz\u00e1si \u00e9s min\u0151s\u00e9gbiztos\u00edt\u00e1si igazgat\u00f3helyettes.<\/p>\n<p><strong>Beoszt\u00e1sa: <\/strong>habilit\u00e1lt egyetemi docens, oszt\u00e1lyvezet\u0151, finansz\u00edroz\u00e1si \u00e9s min\u0151s\u00e9gbiztos\u00edt\u00e1si igazgat\u00f3helyettes<\/p>\n<p><strong>Szakk\u00e9pes\u00edt\u00e9se:<br \/>\n<\/strong>Urol\u00f3gia szakvizsga (2003)<br \/>\nKlinikai onkol\u00f3gia szakvizsga (2007)<br \/>\nAndrol\u00f3giai szakvizsga (2008)<br \/>\nEur\u00f3pai Urol\u00f3gus szakvizsga \u2013 Fellow of the European Board of Urology (FEBU) (2007)<\/p>\n<p><strong>Tudom\u00e1nyos fokozat:<\/strong>\u00a0<strong>Ph.D. (2009)<\/strong>\u00a0 \u00daj diagnosztikai \u00e9s prognosztikai vizsg\u00e1latok a h\u00fagyh\u00f3lyag rosszindulat\u00fa daganatain<\/p>\n<p><strong>Habilit\u00e1ci\u00f3 (2024)<\/strong> Urotheli\u00e1lis daganatok diagnosztikus, prognosztikus \u00e9s predikt\u00edv t\u00e9nyez\u0151inek vizsg\u00e1lata<\/p>\n<p><strong>Nyelvtud\u00e1s:<\/strong>\u00a0angol<\/p>\n<p><strong>Publik\u00e1ci\u00f3s lista:<br \/>\n<\/strong><a href=\"https:\/\/vm.mtmt.hu\/search\/slist.php?AuthorID=10024665&amp;pr_on=1\">Aktualiz\u00e1lt lista nyomtathat\u00f3 form\u00e1tumban let\u00f6lthet\u0151<strong><br \/>\n<\/strong><\/a><\/p>\n<p><strong>Oktat\u00f3i munka:<\/strong><\/p>\n<p>Magyar orvostanhallgat\u00f3k oktat\u00e1sa 2000-<\/p>\n<p>Angol nyelv\u0171 orvostanhallgat\u00f3k oktat\u00e1sa 2003-<\/p>\n<p>Szakorvos k\u00e9pz\u00e9sben r\u00e9szv\u00e9tel 2003-<\/p>\n<p>Rezidens k\u00e9pz\u00e9sben r\u00e9szv\u00e9tel 2004-<\/p>\n<p>Szakdolgozat t\u00e9mavezet\u00e9s 2010-<\/p>\n<p>TDK t\u00e9mavezet\u00e9s 2016-<\/p>\n<p>Orvostanhallgat\u00f3k szigorlati vizsg\u00e1ztat\u00e1sa (magyar, angol) 2011-<\/p>\n<p>Androl\u00f3giai szakvizsga bizotts\u00e1gi tag 2012-<\/p>\n<p>Eur\u00f3pai urol\u00f3giai szakvizsga (EBU) bizotts\u00e1gi tag 2012-<\/p>\n<p>Urol\u00f3giai szakvizsga bizotts\u00e1gi tag 2021-<\/p>\n<p>Klinikai onkol\u00f3gia szakvizsga bizotts\u00e1gi tag 2024-<\/p>\n<p>&nbsp;<\/p>\n<p><strong>Tudom\u00e1nyos t\u00e1rsas\u00e1gi tags\u00e1g:<\/strong><br \/>\nMagyar Urol\u00f3gus T\u00e1rsas\u00e1g (2011 \u00f3ta vezet\u0151s\u00e9gi tag)<br \/>\nMagyar Uroonkol\u00f3giai T\u00e1rsas\u00e1g<br \/>\nMagyar Onkol\u00f3gusok T\u00e1rsas\u00e1ga<br \/>\nEur\u00f3pai Urol\u00f3gus T\u00e1rsas\u00e1g<br \/>\nEuropean Association for Cancer Research<br \/>\nMagyar Szexu\u00e1lis Medicina T\u00e1rsas\u00e1g<br \/>\nEur\u00f3pai Szexu\u00e1lis Medicina T\u00e1rsas\u00e1g<\/p>\n<p><strong>Szakmai szervezeti tags\u00e1gok:<\/strong><\/p>\n<p>Semmelweis Egyetem Androl\u00f3giai Gr\u00e9nium\u00e1nak tagja (2009 \u00f3ta)<\/p>\n<p>Urol\u00f3giai Szakmai Koll\u00e9gium Finansz\u00edroz\u00e1si Szakcsoportj\u00e1nak tagja (2009-2012)<\/p>\n<p>Magyar Urol\u00f3gus T\u00e1rsas\u00e1g vezet\u0151s\u00e9gi tagja (2012 \u00f3ta)<\/p>\n<p>Eur\u00f3pai Urol\u00f3gusok Tan\u00e1cskoz\u00f3 Test\u00fclet\u00e9nek (European Booard of Urology) tagja.<\/p>\n<p>A test\u00fcletben az urol\u00f3gus rezidensek \u00e9s szakorvosjel\u00f6ltek eur\u00f3pai k\u00e9pz\u0151helyeinek akkredit\u00e1ci\u00f3j\u00e1val \u00e9s ellen\u0151rz\u00e9s\u00e9vel, illetve a k\u00fcl\u00f6nb\u00f6z\u0151 speci\u00e1lis oktat\u00f3 k\u00f6zpontok l\u00e9trehoz\u00e1s\u00e1val foglalkoz\u00f3 bizotts\u00e1g munk\u00e1j\u00e1ban vesz r\u00e9szt (Urological Training Programme Committee) (2011-2024)<\/p>\n<p>Semmelweis Egyetem Urol\u00f3giai Gr\u00e9nium\u00e1nak tagja (2015 \u00f3ta)<\/p>\n<p>Szakmai Koll\u00e9gium Urol\u00f3giai Tagozat Tan\u00e1csad\u00f3 Test\u00fcleti tagja (2016-2021)<\/p>\n<p>Magyar Urol\u00f3gus T\u00e1rsas\u00e1g F\u0151titk\u00e1ra (2018-2021)<\/p>\n<p>Semmelweis Egyetem Doktori Iskola V\u00e9lem\u00e9nyez\u0151 \u00e9s Min\u0151s\u00e9gellen\u0151rz\u0151 Bizotts\u00e1g tagja -Operat\u00edv Orvostudom\u00e1nyi Tagozat k\u00e9pvisel\u0151je- (2022 \u00f3ta)<\/p>\n<p><strong>Szerkeszt\u0151bizotts\u00e1gi tags\u00e1g:<br \/>\n<\/strong>Uroonkol\u00f3gia, Magyar Urol\u00f3gia, H\u00e1ziorvosi Tov\u00e1bbk\u00e9pz\u0151 Szemle<\/p>\n<p><strong>Tudom\u00e1nyos \u00e9rdekl\u0151d\u00e9s:<\/strong><br \/>\nAndrol\u00f3gia<br \/>\nUroonkol\u00f3gia<br \/>\nAndrol\u00f3giai mikroszk\u00f3pos seb\u00e9szet<br \/>\nEg\u00e9szs\u00e9g\u00fcgyi finansz\u00edroz\u00e1s<\/p>\n<p><strong>D\u00edjak:<br \/>\n<\/strong>2. d\u00edj a fiatal urol\u00f3gusok f\u00f3rum\u00e1n<br \/>\nMagyar Urol\u00f3gusok T\u00e1rsas\u00e1g\u00e1nak XI. Kongresszusa, P\u00e9cs, 2000.<br \/>\nMagyar Urol\u00f3gia foly\u00f3iratban legjobb 2005-ben megjelent k\u00f6zlem\u00e9ny (t\u00e1rsszerz\u0151).<br \/>\nOrvosi Hetilap Markusovszky Lajos-d\u00edj (t\u00e1sszerz\u0151) 2007.<br \/>\nMagyar Urol\u00f3gia foly\u00f3iratban legjobb 2008-ban megjelent k\u00f6zlem\u00e9ny (t\u00e1rsszerz\u0151).<br \/>\nBabics Antal d\u00edj (Semmelweis Egyetem): I. helyezett, 2009<br \/>\n1. d\u00edj a legjobb poszter kateg\u00f3ri\u00e1ban<br \/>\nMagyar Urol\u00f3gusok T\u00e1rsas\u00e1g\u00e1nak XIV. Kongresszusa, Keszthely, 2009.<\/p>\n<p style=\"vertical-align: baseline\">\u00a0<\/p>\n<p style=\"vertical-align: baseline\">\u00a0<\/p>\n<p>&nbsp;<\/p>\n<p style=\"vertical-align: baseline\">\u00a0<\/p>\n<p>&nbsp;<\/p>\n","protected":false},"excerpt":{"rendered":"<p><a href=\"https:\/\/semmelweis.hu\/urologia\/files\/2015\/07\/RieszP.jpg\"><\/a> &nbsp; &nbsp; 1973-ban sz\u00fcletett Budapesten, \u00e9s a budapesti ELTE Radn\u00f3ti Mikl\u00f3s Gyakorl\u00f3 Gimn\u00e1ziumban 1991-ben \u00e9retts\u00e9gizett. \u00c1ltal\u00e1nos orvosdoktori diplom\u00e1t a Semmelweis Orvostudom\u00e1nyi Egyetemen 1997-ben szerzett. 1997 \u00f3ta a Semmelweis Egyetem Urol\u00f3giai Klinik\u00e1j\u00e1n dolgozik. 2012. j\u00falius 1-t\u0151l a Klinika egyik oszt\u00e1ly\u00e1nak vezet\u0151je \u00e9s a finansz\u00edroz\u00e1si \u00e9s min\u0151s\u00e9gbiztos\u00edt\u00e1si igazgat\u00f3helyettes. Beoszt\u00e1sa: habilit\u00e1lt egyetemi docens, oszt\u00e1lyvezet\u0151, finansz\u00edroz\u00e1si \u00e9s min\u0151s\u00e9gbiztos\u00edt\u00e1si igazgat\u00f3helyettes &hellip;<\/p>\n","protected":false},"author":316,"featured_media":0,"parent":333,"menu_order":0,"comment_status":"open","ping_status":"open","template":"","meta":{"_acf_changed":false,"footnotes":""},"categories":[],"tags":[],"class_list":["post-428","page","type-page","status-publish","hentry"],"acf":[],"_links":{"self":[{"href":"https:\/\/semmelweis.hu\/urologia\/wp-json\/wp\/v2\/pages\/428","targetHints":{"allow":["GET"]}}],"collection":[{"href":"https:\/\/semmelweis.hu\/urologia\/wp-json\/wp\/v2\/pages"}],"about":[{"href":"https:\/\/semmelweis.hu\/urologia\/wp-json\/wp\/v2\/types\/page"}],"author":[{"embeddable":true,"href":"https:\/\/semmelweis.hu\/urologia\/wp-json\/wp\/v2\/users\/316"}],"replies":[{"embeddable":true,"href":"https:\/\/semmelweis.hu\/urologia\/wp-json\/wp\/v2\/comments?post=428"}],"version-history":[{"count":10,"href":"https:\/\/semmelweis.hu\/urologia\/wp-json\/wp\/v2\/pages\/428\/revisions"}],"predecessor-version":[{"id":4691,"href":"https:\/\/semmelweis.hu\/urologia\/wp-json\/wp\/v2\/pages\/428\/revisions\/4691"}],"up":[{"embeddable":true,"href":"https:\/\/semmelweis.hu\/urologia\/wp-json\/wp\/v2\/pages\/333"}],"wp:attachment":[{"href":"https:\/\/semmelweis.hu\/urologia\/wp-json\/wp\/v2\/media?parent=428"}],"wp:term":[{"taxonomy":"category","embeddable":true,"href":"https:\/\/semmelweis.hu\/urologia\/wp-json\/wp\/v2\/categories?post=428"},{"taxonomy":"post_tag","embeddable":true,"href":"https:\/\/semmelweis.hu\/urologia\/wp-json\/wp\/v2\/tags?post=428"}],"curies":[{"name":"wp","href":"https:\/\/api.w.org\/{rel}","templated":true}]}}