{"id":4224,"date":"2023-01-24T11:02:17","date_gmt":"2023-01-24T10:02:17","guid":{"rendered":"https:\/\/semmelweis.hu\/urologia\/?page_id=4224"},"modified":"2024-04-03T08:54:16","modified_gmt":"2024-04-03T06:54:16","slug":"4224-2","status":"publish","type":"page","link":"https:\/\/semmelweis.hu\/urologia\/altalanos-informaciok\/a-klinika-orvosai\/4224-2\/","title":{"rendered":"Fazekas Tam\u00e1s"},"content":{"rendered":"<p><strong>Beoszt\u00e1sa: <\/strong>klinikai szakorvos<\/p>\n<p><strong>Tanulm\u00e1nyok:<br \/>\n<\/strong>2021 \u2013 PhD k\u00e9pz\u00e9s, Semmelweis Egyetem<br \/>\n2017 \u2013 Urol\u00f3gus rezidens, Semmelweis Egyetem, Urol\u00f3giai Klinika<br \/>\n2011 \u2013 2017 \u00c1ltal\u00e1nos orvos, Summa Cum Laude, Semmelweis Egyetem<br \/>\n2008 \u2013 Saint Ignatius High School, Cleveland, USA<br \/>\n2003 \u2013 2011 F\u00e9nyi Gyula Jezsuita Gimn\u00e1zium \u00e9s Koll\u00e9gium, Miskolc<\/p>\n<p><strong>Szakmai tapasztalatok:<br \/>\n<\/strong>2021-ben kezdtem meg PhD k\u00e9pz\u00e9semet nappali tagozatos hallgat\u00f3k\u00e9nt Szarvas Tibor Professzor \u00dar vezet\u00e9s\u00e9vel, a Semmelweis Egyetem Transzl\u00e1ci\u00f3s Medicina K\u00f6zpontj\u00e1ban.<br \/>\n2018 \u00f3ta rendszeresen adok el\u0151 a F\u00fcv\u00e9szkerti Urol\u00f3gus Napokon, a Magyar Urol\u00f3gus- valamint Uroonkol\u00f3gus T\u00e1rsas\u00e1g \u00e9ves konferenci\u00e1j\u00e1n.<br \/>\n2019 \u2013 3 napos k\u0151seb\u00e9szeti tanfolyam P\u00e1rizsban.<br \/>\n2017 \u2013 K\u00e9t h\u00f3nap belgy\u00f3gy\u00e1szat gyakorlat (nefrol\u00f3gia, gasztroenterol\u00f3gia, s\u00fcrg\u0151ss\u00e9gi oszt\u00e1ly) Salzburgban a Paracelsus Medizinische Privatuniversit\u00e4t-n.<br \/>\n2016 \u2013 Egy h\u00f3nap colorectalis \u00e9s eml\u0151 onkol\u00f3giai seb\u00e9szet gyakorlat Jap\u00e1nban, a Saitamai Orvosi Egyetemen.<br \/>\n2016 \u2013 Urol\u00f3gia tant\u00e1rgy oktat\u00e1sa magyar, angol \u00e9s n\u00e9met nyelven.<br \/>\n2013 \u2013 2015 A Semmelweis Egyetem \u00c9lettani Int\u00e9zet, tudom\u00e1nyos di\u00e1kk\u00f6ri munka sejt\u00e9lettani kutat\u00e1sok ter\u00e9n V\u00e1rnai P\u00e9ter Professzor \u00dar vezet\u00e9s\u00e9vel.<br \/>\n2013 \u2013 2014 Anat\u00f3mia oktat\u00e1s angol nyelven a Hum\u00e1nmorfol\u00f3giai \u00e9s Fejl\u0151d\u00e9sbiol\u00f3giai Int\u00e9zetben.<\/p>\n<p><strong>Publik\u00e1ci\u00f3s lista:<\/strong><\/p>\n<p><a href=\"https:\/\/m2.mtmt.hu\/api\/publication?cond=published;eq;true&amp;cond=core;eq;true&amp;cond=authors.mtid;eq;10073300&amp;sort=publishedYear,desc&amp;sort=firstAuthor,asc&amp;page=1&amp;size=20&amp;fields=template&amp;labelLang=hun&amp;cite_type=2\">Aktualiz\u00e1lt lista nyomtathat\u00f3 form\u00e1tumban let\u00f6lthet\u0151<\/a><\/p>\n<p><strong>K\u00fclf\u00f6ldi tanulm\u00e1nyutak:<br \/>\n<\/strong>2019 \u2013 EULIS PCNL Workshop, P\u00e1rizs<br \/>\n2017 \u2013 2 h\u00f3nap \u00f6szt\u00f6nd\u00edjas (ERASMUS) belgy\u00f3gy\u00e1szati szakmai gyakorlat, Landeskrankenhaus Salzburg, Paracelsus Medizinische Privatuniversit\u00e4t<br \/>\n2016 \u2013 1 h\u00f3nap \u00f6szt\u00f6nd\u00edjas seb\u00e9szet szakmai gyakorlat, Saitama Medical University, Jap\u00e1n<\/p>\n<p><strong>T\u00e1rsas\u00e1gi tags\u00e1g:<\/strong><\/p>\n<p>Magyar Urol\u00f3gus T\u00e1rsas\u00e1g<br \/>\nEur\u00f3pai Urol\u00f3gus T\u00e1rsas\u00e1g<\/p>\n<p><strong>Tudom\u00e1nyos \u00e9rdekl\u0151d\u00e9s:<br \/>\n<\/strong>Uroonkol\u00f3gia, prosztatar\u00e1k, transzl\u00e1ci\u00f3s kutat\u00e1s.<\/p>\n<p><strong>D\u00edjak:<br \/>\n<\/strong>2022 \u2013 2. hely \u2013 Country Competition \u2013 Central European Meeting (CEM22), B\u00e9cs<br \/>\n2015 \u2013 1. hely \u2013 Sejtbiol\u00f3giai, sejt\u00e9lettani \u00e9s molekul\u00e1ris biol\u00f3giai szekci\u00f3 \u2013 Orsz\u00e1gos Tudom\u00e1nyos Di\u00e1kk\u00f6ri Konferencia, Semmelweis Egyetem<br \/>\n2015 \u2013 2. hely \u2013 Sejt\u00e9lettan szekci\u00f3 \u2013 Tudom\u00e1nyos Di\u00e1kk\u00f6ri Konferencia, Semmelweis Egyetem<\/p>\n<p><strong>Nyelvismeret: <br \/>\n<\/strong>Angol: fels\u0151fok\u00fa \u201eC\u201d t\u00edpus\u00fa nyelvvizsga, 2009<br \/>\nN\u00e9met: k\u00f6z\u00e9pfok\u00fa \u201eC\u201d t\u00edpus\u00fa nyelvvizsga, 2011<\/p>\n<p><strong>M\u00e9dia:<br \/>\n<\/strong><a href=\"https:\/\/tm-centre.org\/en\/education\/tamas-fazekas\/\">PhD Program<\/a><br \/>\n<a href=\"https:\/\/semmelweis.hu\/hirek\/2020\/06\/25\/egy-prosztatarak-kapcsan-felfedezett-feherje-jatszik-kulcsszerepet-a-koronavirus-korelettanaban\/\">Prosztatar\u00e1k \u00e9s koronav\u00edrus<\/a><\/p>\n","protected":false},"excerpt":{"rendered":"<p>Beoszt\u00e1sa: klinikai szakorvos Tanulm\u00e1nyok: 2021 \u2013 PhD k\u00e9pz\u00e9s, Semmelweis Egyetem 2017 \u2013 Urol\u00f3gus rezidens, Semmelweis Egyetem, Urol\u00f3giai Klinika 2011 \u2013 2017 \u00c1ltal\u00e1nos orvos, Summa Cum Laude, Semmelweis Egyetem 2008 \u2013 Saint Ignatius High School, Cleveland, USA 2003 \u2013 2011 F\u00e9nyi Gyula Jezsuita Gimn\u00e1zium \u00e9s Koll\u00e9gium, Miskolc Szakmai tapasztalatok: 2021-ben kezdtem meg PhD k\u00e9pz\u00e9semet nappali tagozatos &hellip;<\/p>\n","protected":false},"author":102082,"featured_media":0,"parent":333,"menu_order":0,"comment_status":"closed","ping_status":"closed","template":"","meta":{"_acf_changed":false,"footnotes":""},"categories":[],"tags":[],"class_list":["post-4224","page","type-page","status-publish","hentry"],"acf":[],"_links":{"self":[{"href":"https:\/\/semmelweis.hu\/urologia\/wp-json\/wp\/v2\/pages\/4224","targetHints":{"allow":["GET"]}}],"collection":[{"href":"https:\/\/semmelweis.hu\/urologia\/wp-json\/wp\/v2\/pages"}],"about":[{"href":"https:\/\/semmelweis.hu\/urologia\/wp-json\/wp\/v2\/types\/page"}],"author":[{"embeddable":true,"href":"https:\/\/semmelweis.hu\/urologia\/wp-json\/wp\/v2\/users\/102082"}],"replies":[{"embeddable":true,"href":"https:\/\/semmelweis.hu\/urologia\/wp-json\/wp\/v2\/comments?post=4224"}],"version-history":[{"count":4,"href":"https:\/\/semmelweis.hu\/urologia\/wp-json\/wp\/v2\/pages\/4224\/revisions"}],"predecessor-version":[{"id":4649,"href":"https:\/\/semmelweis.hu\/urologia\/wp-json\/wp\/v2\/pages\/4224\/revisions\/4649"}],"up":[{"embeddable":true,"href":"https:\/\/semmelweis.hu\/urologia\/wp-json\/wp\/v2\/pages\/333"}],"wp:attachment":[{"href":"https:\/\/semmelweis.hu\/urologia\/wp-json\/wp\/v2\/media?parent=4224"}],"wp:term":[{"taxonomy":"category","embeddable":true,"href":"https:\/\/semmelweis.hu\/urologia\/wp-json\/wp\/v2\/categories?post=4224"},{"taxonomy":"post_tag","embeddable":true,"href":"https:\/\/semmelweis.hu\/urologia\/wp-json\/wp\/v2\/tags?post=4224"}],"curies":[{"name":"wp","href":"https:\/\/api.w.org\/{rel}","templated":true}]}}