{"id":421,"date":"2014-03-11T13:47:51","date_gmt":"2014-03-11T13:47:51","guid":{"rendered":"http:\/\/semmelweis.hu\/urologia\/?page_id=421"},"modified":"2022-05-10T14:34:20","modified_gmt":"2022-05-10T12:34:20","slug":"szucs-miklos","status":"publish","type":"page","link":"https:\/\/semmelweis.hu\/urologia\/altalanos-informaciok\/a-klinika-orvosai\/szucs-miklos\/","title":{"rendered":"Sz\u0171cs Mikl\u00f3s"},"content":{"rendered":"<p><a href=\"https:\/\/semmelweis.hu\/urologia\/files\/2015\/07\/SzucsM.jpg\"><img loading=\"lazy\" decoding=\"async\" class=\"alignright size-medium wp-image-1717\" src=\"https:\/\/semmelweis.hu\/urologia\/files\/2015\/07\/SzucsM-200x300.jpg\" alt=\"SzucsM\" width=\"200\" height=\"300\" srcset=\"https:\/\/semmelweis.hu\/urologia\/files\/2015\/07\/SzucsM-200x300.jpg 200w, https:\/\/semmelweis.hu\/urologia\/files\/2015\/07\/SzucsM-683x1024.jpg 683w, https:\/\/semmelweis.hu\/urologia\/files\/2015\/07\/SzucsM.jpg 800w\" sizes=\"auto, (max-width: 200px) 100vw, 200px\" \/><\/a>1960-ban sz\u00fcletett Budapesten, \u00e9s a budapesti K\u00f6lcsey Ferenc Gimn\u00e1ziumban 1978-ban \u00e9retts\u00e9gizett. \u00c1ltal\u00e1nos orvosdoktori diplom\u00e1t a P\u00e9csi Orvostudom\u00e1nyi Egyetemen 1984-ben szerzett. 1984-t\u0151l a Semmelweis Egyetem Urol\u00f3giai Klinik\u00e1j\u00e1n dolgozik.<\/p>\n<p><strong>Beoszt\u00e1sa:<\/strong> klinikai f\u0151orvos, az Uroonkol\u00f3giai Centrum vezet\u0151je, r\u00e9szmunkaid\u0151ben az Orsz\u00e1gos Onkol\u00f3giai Int\u00e9zet Urol\u00f3giai Szakrendel\u0151j\u00e9nek F\u0151orvosa Szakk\u00e9pes\u00edt\u00e9sei: urol\u00f3gia (1988), klinikai onkol\u00f3gia (1999)<\/p>\n<p><strong>Nyelvtud\u00e1s:<\/strong> angol<\/p>\n<p><strong>Publik\u00e1ci\u00f3s lista:<\/strong> <a href=\"https:\/\/vm.mtmt.hu\/search\/slist.php?AuthorID=10024670&amp;pr_on=1\" target=\"_blank\" rel=\"noopener\">Aktualiz\u00e1lt lista nyomtathat\u00f3 form\u00e1tumban let\u00f6lthet\u0151<\/a><\/p>\n<p><strong>Tudom\u00e1nyos t\u00e1rsas\u00e1gi tags\u00e1g:<\/strong> Magyar Urol\u00f3gus T\u00e1rsas\u00e1g, Magyar Onkol\u00f3gus T\u00e1rsas\u00e1g, Magyar Kemoter\u00e1pi\u00e1s T\u00e1rsas\u00e1g, Magyar Klinikai Onkol\u00f3gia T\u00e1rsas\u00e1g<\/p>\n<p><strong>Tudom\u00e1nyos \u00e9rdekl\u0151d\u00e9s: <\/strong>uroonkol\u00f3gia, urol\u00f3giai daganatok sziszt\u00e9m\u00e1s kemoter\u00e1pi\u00e1s kezel\u00e9se, m\u00e1s eredet\u0171 daganatok urol\u00f3giai k\u00f6vetkezm\u00e9nyeinek ell\u00e1t\u00e1sa<\/p>\n<p><strong>D\u00edjak:<\/strong><br \/>\nPro Sanitate Kit\u00fcntet\u00e9s (2016)<\/p>\n","protected":false},"excerpt":{"rendered":"<p><a href=\"https:\/\/semmelweis.hu\/urologia\/files\/2015\/07\/SzucsM.jpg\"><\/a> 1960-ban sz\u00fcletett Budapesten, \u00e9s a budapesti K\u00f6lcsey Ferenc Gimn\u00e1ziumban 1978-ban \u00e9retts\u00e9gizett. \u00c1ltal\u00e1nos orvosdoktori diplom\u00e1t a P\u00e9csi Orvostudom\u00e1nyi Egyetemen 1984-ben szerzett. 1984-t\u0151l a Semmelweis Egyetem Urol\u00f3giai Klinik\u00e1j\u00e1n dolgozik. Beoszt\u00e1sa: klinikai f\u0151orvos, az Uroonkol\u00f3giai Centrum vezet\u0151je, r\u00e9szmunkaid\u0151ben az Orsz\u00e1gos Onkol\u00f3giai Int\u00e9zet Urol\u00f3giai Szakrendel\u0151j\u00e9nek F\u0151orvosa Szakk\u00e9pes\u00edt\u00e9sei: urol\u00f3gia (1988), klinikai onkol\u00f3gia (1999) Nyelvtud\u00e1s: angol Publik\u00e1ci\u00f3s lista: <a href=\"https:\/\/vm.mtmt.hu\/search\/slist.php?AuthorID=10024670&amp;pr_on=1\" target=\"_blank\" rel=\"noopener\">Aktualiz\u00e1lt lista nyomtathat\u00f3 form\u00e1tumban let\u00f6lthet\u0151<\/a> Tudom\u00e1nyos t\u00e1rsas\u00e1gi tags\u00e1g: &hellip;<\/p>\n","protected":false},"author":316,"featured_media":0,"parent":333,"menu_order":0,"comment_status":"open","ping_status":"open","template":"onecolumn-page.php","meta":{"_acf_changed":false,"footnotes":""},"categories":[],"tags":[],"class_list":["post-421","page","type-page","status-publish","hentry"],"acf":[],"_links":{"self":[{"href":"https:\/\/semmelweis.hu\/urologia\/wp-json\/wp\/v2\/pages\/421","targetHints":{"allow":["GET"]}}],"collection":[{"href":"https:\/\/semmelweis.hu\/urologia\/wp-json\/wp\/v2\/pages"}],"about":[{"href":"https:\/\/semmelweis.hu\/urologia\/wp-json\/wp\/v2\/types\/page"}],"author":[{"embeddable":true,"href":"https:\/\/semmelweis.hu\/urologia\/wp-json\/wp\/v2\/users\/316"}],"replies":[{"embeddable":true,"href":"https:\/\/semmelweis.hu\/urologia\/wp-json\/wp\/v2\/comments?post=421"}],"version-history":[{"count":9,"href":"https:\/\/semmelweis.hu\/urologia\/wp-json\/wp\/v2\/pages\/421\/revisions"}],"predecessor-version":[{"id":3099,"href":"https:\/\/semmelweis.hu\/urologia\/wp-json\/wp\/v2\/pages\/421\/revisions\/3099"}],"up":[{"embeddable":true,"href":"https:\/\/semmelweis.hu\/urologia\/wp-json\/wp\/v2\/pages\/333"}],"wp:attachment":[{"href":"https:\/\/semmelweis.hu\/urologia\/wp-json\/wp\/v2\/media?parent=421"}],"wp:term":[{"taxonomy":"category","embeddable":true,"href":"https:\/\/semmelweis.hu\/urologia\/wp-json\/wp\/v2\/categories?post=421"},{"taxonomy":"post_tag","embeddable":true,"href":"https:\/\/semmelweis.hu\/urologia\/wp-json\/wp\/v2\/tags?post=421"}],"curies":[{"name":"wp","href":"https:\/\/api.w.org\/{rel}","templated":true}]}}