{"id":417,"date":"2014-03-11T13:44:04","date_gmt":"2014-03-11T13:44:04","guid":{"rendered":"http:\/\/semmelweis.hu\/urologia\/?page_id=417"},"modified":"2022-08-17T08:02:35","modified_gmt":"2022-08-17T06:02:35","slug":"majoros-attila","status":"publish","type":"page","link":"https:\/\/semmelweis.hu\/urologia\/altalanos-informaciok\/a-klinika-orvosai\/majoros-attila\/","title":{"rendered":"Majoros Attila"},"content":{"rendered":"<p><a href=\"https:\/\/semmelweis.hu\/urologia\/files\/2015\/07\/MajorosA.jpg\"><img loading=\"lazy\" decoding=\"async\" class=\"alignright size-medium wp-image-1708\" src=\"https:\/\/semmelweis.hu\/urologia\/files\/2015\/07\/MajorosA-200x300.jpg\" alt=\"MajorosA\" width=\"200\" height=\"300\" srcset=\"https:\/\/semmelweis.hu\/urologia\/files\/2015\/07\/MajorosA-200x300.jpg 200w, https:\/\/semmelweis.hu\/urologia\/files\/2015\/07\/MajorosA-683x1024.jpg 683w, https:\/\/semmelweis.hu\/urologia\/files\/2015\/07\/MajorosA.jpg 800w\" sizes=\"auto, (max-width: 200px) 100vw, 200px\" \/><\/a>1971-ben sz\u00fcletett Budapesten, \u00e9s a budapesti I. L\u00e1szl\u00f3 Gimn\u00e1ziumban 1990-ben \u00e9retts\u00e9gizett. \u00c1ltal\u00e1nos orvosdoktori diplom\u00e1t a Semmelweis Orvostudom\u00e1nyi Egyetemen 1996-ban szerzett. 1996 \u00f3ta a Semmelweis Egyetem Urol\u00f3giai Klinik\u00e1j\u00e1n dolgozik.<\/p>\n<p>Beoszt\u00e1sa: egyetemi docens<\/p>\n<p><strong>Szakk\u00e9pes\u00edt\u00e9se:<\/strong><br \/>\nUrol\u00f3gia (2002)<br \/>\nFellow of the European Board of Urology (FEBU) (2006)<br \/>\nSz\u00fcl\u00e9szet-N\u0151gy\u00f3gy\u00e1szat (2012)<br \/>\nTudom\u00e1nyos fokozat: Ph.D. (2007)<br \/>\nNyelvtud\u00e1s: n\u00e9met, angol<\/p>\n<p><strong>K\u00fclf\u00f6ldi tanulm\u00e1nyutak:<\/strong><br \/>\n1998. &#8211; 2 h\u00e9t Bocholt, N\u00e9metorsz\u00e1g, St. Agnes Hospital, Urol\u00f3giai Oszt\u00e1ly<br \/>\n1999. &#8211; 1 h\u00e9t Essen, N\u00e9metorsz\u00e1g, Urol\u00f3giai Klinika (DAAD \u00f6szt\u00f6nd\u00edj)<br \/>\n1999. &#8211; 2 h\u00f3nap B\u00e9cs, Ausztria, Krankenhaus Lainz-Wien, Urol\u00f3giai Oszt\u00e1ly<br \/>\n2001. &#8211; 3 h\u00f3nap Innsbruck, Ausztria, Orvostudom\u00e1nyi Egyetem, Neuro-urol\u00f3giai Oszt\u00e1ly (EUSP \u00f6szt\u00f6nd\u00edj)<br \/>\n2008. &#8211; 2 h\u00e9t EUSP \u00f6szt\u00f6nd\u00edj, Sheffield Teaching Hospital<\/p>\n<p><strong>K\u00fclf\u00f6ldi munkav\u00e1llal\u00e1s:<\/strong><br \/>\n2003. &#8211; 1 \u00e9v Bocholt, N\u00e9metorsz\u00e1g, St. Agnes Hospital, Urol\u00f3giai Oszt\u00e1ly<\/p>\n<p><strong>Publik\u00e1ci\u00f3s lista:<\/strong><br \/>\n<a href=\"https:\/\/vm.mtmt.hu\/search\/slist.php?AuthorID=10024664&amp;pr_on=1\" target=\"_blank\" rel=\"noopener noreferrer\">Aktualiz\u00e1lt lista nyomtathat\u00f3 form\u00e1tumban let\u00f6lthet\u0151<\/a><\/p>\n<p><strong>Tudom\u00e1nyos T\u00e1rsas\u00e1g vezet\u0151s\u00e9gi tagja:<\/strong><br \/>\nMagyar Urol\u00f3gusok T\u00e1rsas\u00e1ga<br \/>\nMagyar Kontinencia \u00e9s Urogynekol\u00f3giai T\u00e1rsas\u00e1g<\/p>\n<p><strong>Tudom\u00e1nyos t\u00e1rsas\u00e1gi tags\u00e1g:<\/strong><br \/>\nMagyar Urol\u00f3gusok T\u00e1rsas\u00e1ga (MUT)<br \/>\nMagyar Kontinencia \u00e9s Urogynekol\u00f3giai T\u00e1rsas\u00e1g<br \/>\nMagyar Szexol\u00f3giai T\u00e1rsas\u00e1g<br \/>\nN\u00e9met Urol\u00f3gus T\u00e1rsas\u00e1g (DGU)<br \/>\nEur\u00f3pai Urol\u00f3gusok T\u00e1rsas\u00e1ga (EAU)<\/p>\n<p><strong>Tudom\u00e1nyos \u00e9rdekl\u0151d\u00e9s:<\/strong><br \/>\nurodinamika, vizelettart\u00e1si \u00e9s -\u00fcr\u00edt\u00e9si zavarok kivizsg\u00e1l\u00e1sa \u00e9s kezel\u00e9se, n\u0151gy\u00f3gy\u00e1szati urol\u00f3gia<\/p>\n<p><strong>D\u00edjak:<\/strong><br \/>\nBabics Antal d\u00edj (Semmelweis Egyetem): I. Helyezett, 2002<br \/>\nA kongresszus legjobb posztere<br \/>\nEAU 4th Central European Meeting, Bukarest ,2004<br \/>\n\u201eBMA Medical Book Competition\u201d I. d\u00edj, 2004: Neurogenic bladder (k\u00f6nyvfejezet)<br \/>\nA kongresszus legjobb posztere<br \/>\n11. F\u00fcv\u00e9szkerti Urol\u00f3gus Napok, Budapest, 2004<br \/>\nA kongresszus 2. legjobb posztere<br \/>\n13. F\u00fcv\u00e9szkerti Urol\u00f3gus Napok, Budapest, 2005<br \/>\nA kongresszus 2. legjobb posztere (t\u00e1rsszerz\u0151)<br \/>\n15. F\u00fcv\u00e9szkerti Urol\u00f3gus Napok, Budapest, 2006<br \/>\nOrvosi Hetilap Markusovszky Lajos d\u00edj (t\u00e1rsszerz\u0151) 2007<br \/>\nSemmelweis Egyetem Kiv\u00e1l\u00f3 dolgoz\u00f3 d\u00edj 2015<\/p>\n<p>&nbsp;<\/p>\n","protected":false},"excerpt":{"rendered":"<p><a href=\"https:\/\/semmelweis.hu\/urologia\/files\/2015\/07\/MajorosA.jpg\"><\/a> 1971-ben sz\u00fcletett Budapesten, \u00e9s a budapesti I. L\u00e1szl\u00f3 Gimn\u00e1ziumban 1990-ben \u00e9retts\u00e9gizett. \u00c1ltal\u00e1nos orvosdoktori diplom\u00e1t a Semmelweis Orvostudom\u00e1nyi Egyetemen 1996-ban szerzett. 1996 \u00f3ta a Semmelweis Egyetem Urol\u00f3giai Klinik\u00e1j\u00e1n dolgozik. Beoszt\u00e1sa: egyetemi docens Szakk\u00e9pes\u00edt\u00e9se: Urol\u00f3gia (2002) Fellow of the European Board of Urology (FEBU) (2006) Sz\u00fcl\u00e9szet-N\u0151gy\u00f3gy\u00e1szat (2012) Tudom\u00e1nyos fokozat: Ph.D. (2007) Nyelvtud\u00e1s: n\u00e9met, angol K\u00fclf\u00f6ldi tanulm\u00e1nyutak: 1998. &hellip;<\/p>\n","protected":false},"author":316,"featured_media":0,"parent":333,"menu_order":0,"comment_status":"open","ping_status":"open","template":"onecolumn-page.php","meta":{"_acf_changed":false,"footnotes":""},"categories":[],"tags":[],"class_list":["post-417","page","type-page","status-publish","hentry"],"acf":[],"_links":{"self":[{"href":"https:\/\/semmelweis.hu\/urologia\/wp-json\/wp\/v2\/pages\/417","targetHints":{"allow":["GET"]}}],"collection":[{"href":"https:\/\/semmelweis.hu\/urologia\/wp-json\/wp\/v2\/pages"}],"about":[{"href":"https:\/\/semmelweis.hu\/urologia\/wp-json\/wp\/v2\/types\/page"}],"author":[{"embeddable":true,"href":"https:\/\/semmelweis.hu\/urologia\/wp-json\/wp\/v2\/users\/316"}],"replies":[{"embeddable":true,"href":"https:\/\/semmelweis.hu\/urologia\/wp-json\/wp\/v2\/comments?post=417"}],"version-history":[{"count":10,"href":"https:\/\/semmelweis.hu\/urologia\/wp-json\/wp\/v2\/pages\/417\/revisions"}],"predecessor-version":[{"id":4078,"href":"https:\/\/semmelweis.hu\/urologia\/wp-json\/wp\/v2\/pages\/417\/revisions\/4078"}],"up":[{"embeddable":true,"href":"https:\/\/semmelweis.hu\/urologia\/wp-json\/wp\/v2\/pages\/333"}],"wp:attachment":[{"href":"https:\/\/semmelweis.hu\/urologia\/wp-json\/wp\/v2\/media?parent=417"}],"wp:term":[{"taxonomy":"category","embeddable":true,"href":"https:\/\/semmelweis.hu\/urologia\/wp-json\/wp\/v2\/categories?post=417"},{"taxonomy":"post_tag","embeddable":true,"href":"https:\/\/semmelweis.hu\/urologia\/wp-json\/wp\/v2\/tags?post=417"}],"curies":[{"name":"wp","href":"https:\/\/api.w.org\/{rel}","templated":true}]}}