{"id":414,"date":"2014-03-11T13:42:28","date_gmt":"2014-03-11T13:42:28","guid":{"rendered":"http:\/\/semmelweis.hu\/urologia\/?page_id=414"},"modified":"2022-05-10T14:34:11","modified_gmt":"2022-05-10T12:34:11","slug":"keszthelyi-attila","status":"publish","type":"page","link":"https:\/\/semmelweis.hu\/urologia\/altalanos-informaciok\/a-klinika-orvosai\/keszthelyi-attila\/","title":{"rendered":"Keszthelyi Attila"},"content":{"rendered":"<p><a href=\"https:\/\/semmelweis.hu\/urologia\/files\/2015\/07\/KeszthelyiA.jpg\"><img loading=\"lazy\" decoding=\"async\" class=\"alignright size-medium wp-image-1683\" src=\"https:\/\/semmelweis.hu\/urologia\/files\/2015\/07\/KeszthelyiA-200x300.jpg\" alt=\"KeszthelyiA\" width=\"200\" height=\"300\" srcset=\"https:\/\/semmelweis.hu\/urologia\/files\/2015\/07\/KeszthelyiA-200x300.jpg 200w, https:\/\/semmelweis.hu\/urologia\/files\/2015\/07\/KeszthelyiA-683x1024.jpg 683w, https:\/\/semmelweis.hu\/urologia\/files\/2015\/07\/KeszthelyiA.jpg 800w\" sizes=\"auto, (max-width: 200px) 100vw, 200px\" \/><\/a>1967-ben sz\u00fcletett Budapesten, \u00e9s a budapesti K\u00f6nyves K\u00e1lm\u00e1n Gimn\u00e1ziumban 1985-ben \u00e9retts\u00e9gizett. \u00c1ltal\u00e1nos orvosdoktori diplom\u00e1t a Semmelweis Orvostudom\u00e1nyi Egyetemen 1991-ben szerzett. 1992 \u00f3ta a Semmelweis Egyetem Urol\u00f3giai Klinik\u00e1j\u00e1n dolgozik.<\/p>\n<p><strong>Beoszt\u00e1sa:<\/strong> egyetemi docens, oszt\u00e1lyvezet\u0151<br \/>\nSzakk\u00e9pes\u00edt\u00e9sei: urol\u00f3gia (1995)<br \/>\nNyelvtud\u00e1s: angol, n\u00e9met<br \/>\n<strong>K\u00fclf\u00f6ldi tanulm\u00e1nyutak:<\/strong><br \/>\n1999. &#8211; 2 h\u00e9t Bocholt, N\u00e9metorsz\u00e1g, St. Agnes Hospital, Urol\u00f3giai Oszt\u00e1ly<br \/>\n2002. &#8211; 2 h\u00e9t Innsbruck, Ausztria, Orvostudom\u00e1nyi Egyetem, Neuro-urol\u00f3giai Oszt\u00e1ly (EUSP \u00f6szt\u00f6nd\u00edj)<\/p>\n<p><strong>K\u00fclf\u00f6ldi munkav\u00e1llal\u00e1s:<\/strong><br \/>\n2004. &#8211; 1 \u00e9v Bocholt, N\u00e9metorsz\u00e1g, St. Agnes Hospital, Urol\u00f3giai Oszt\u00e1ly<\/p>\n<p><strong>Publik\u00e1ci\u00f3s lista:<\/strong><br \/>\n<a href=\"https:\/\/vm.mtmt.hu\/search\/slist.php?AuthorID=10024659&amp;pr_on=1\" target=\"_blank\" rel=\"noopener\">Aktualiz\u00e1lt lista nyomtathat\u00f3 form\u00e1tumban let\u00f6lthet\u0151<\/a><\/p>\n<p><strong>Tudom\u00e1nyos t\u00e1rsas\u00e1gi tags\u00e1g:<\/strong><br \/>\nMagyar Urol\u00f3gus T\u00e1rsas\u00e1g<br \/>\nEur\u00f3pai Urol\u00f3gus T\u00e1rsas\u00e1g<br \/>\nN\u00e9met Urol\u00f3gus T\u00e1rsas\u00e1g<br \/>\nMagyar Kontinencia T\u00e1rsas\u00e1g<\/p>\n<p><strong>Tudom\u00e1nyos \u00e9rdekl\u0151d\u00e9s:<\/strong><br \/>\ninkontinencia, urodynamia, daganatseb\u00e9szet, endourol\u00f3gia<\/p>\n","protected":false},"excerpt":{"rendered":"<p><a href=\"https:\/\/semmelweis.hu\/urologia\/files\/2015\/07\/KeszthelyiA.jpg\"><\/a> 1967-ben sz\u00fcletett Budapesten, \u00e9s a budapesti K\u00f6nyves K\u00e1lm\u00e1n Gimn\u00e1ziumban 1985-ben \u00e9retts\u00e9gizett. \u00c1ltal\u00e1nos orvosdoktori diplom\u00e1t a Semmelweis Orvostudom\u00e1nyi Egyetemen 1991-ben szerzett. 1992 \u00f3ta a Semmelweis Egyetem Urol\u00f3giai Klinik\u00e1j\u00e1n dolgozik. Beoszt\u00e1sa: egyetemi docens, oszt\u00e1lyvezet\u0151 Szakk\u00e9pes\u00edt\u00e9sei: urol\u00f3gia (1995) Nyelvtud\u00e1s: angol, n\u00e9met K\u00fclf\u00f6ldi tanulm\u00e1nyutak: 1999. &#8211; 2 h\u00e9t Bocholt, N\u00e9metorsz\u00e1g, St. Agnes Hospital, Urol\u00f3giai Oszt\u00e1ly 2002. &#8211; 2 h\u00e9t &hellip;<\/p>\n","protected":false},"author":316,"featured_media":0,"parent":333,"menu_order":0,"comment_status":"open","ping_status":"open","template":"onecolumn-page.php","meta":{"_acf_changed":false,"footnotes":""},"categories":[],"tags":[],"class_list":["post-414","page","type-page","status-publish","hentry"],"acf":[],"_links":{"self":[{"href":"https:\/\/semmelweis.hu\/urologia\/wp-json\/wp\/v2\/pages\/414","targetHints":{"allow":["GET"]}}],"collection":[{"href":"https:\/\/semmelweis.hu\/urologia\/wp-json\/wp\/v2\/pages"}],"about":[{"href":"https:\/\/semmelweis.hu\/urologia\/wp-json\/wp\/v2\/types\/page"}],"author":[{"embeddable":true,"href":"https:\/\/semmelweis.hu\/urologia\/wp-json\/wp\/v2\/users\/316"}],"replies":[{"embeddable":true,"href":"https:\/\/semmelweis.hu\/urologia\/wp-json\/wp\/v2\/comments?post=414"}],"version-history":[{"count":7,"href":"https:\/\/semmelweis.hu\/urologia\/wp-json\/wp\/v2\/pages\/414\/revisions"}],"predecessor-version":[{"id":3087,"href":"https:\/\/semmelweis.hu\/urologia\/wp-json\/wp\/v2\/pages\/414\/revisions\/3087"}],"up":[{"embeddable":true,"href":"https:\/\/semmelweis.hu\/urologia\/wp-json\/wp\/v2\/pages\/333"}],"wp:attachment":[{"href":"https:\/\/semmelweis.hu\/urologia\/wp-json\/wp\/v2\/media?parent=414"}],"wp:term":[{"taxonomy":"category","embeddable":true,"href":"https:\/\/semmelweis.hu\/urologia\/wp-json\/wp\/v2\/categories?post=414"},{"taxonomy":"post_tag","embeddable":true,"href":"https:\/\/semmelweis.hu\/urologia\/wp-json\/wp\/v2\/tags?post=414"}],"curies":[{"name":"wp","href":"https:\/\/api.w.org\/{rel}","templated":true}]}}