{"id":410,"date":"2014-03-11T13:39:52","date_gmt":"2014-03-11T13:39:52","guid":{"rendered":"http:\/\/semmelweis.hu\/urologia\/?page_id=410"},"modified":"2022-05-10T14:34:12","modified_gmt":"2022-05-10T12:34:12","slug":"kopa-zsolt","status":"publish","type":"page","link":"https:\/\/semmelweis.hu\/urologia\/altalanos-informaciok\/a-klinika-orvosai\/kopa-zsolt\/","title":{"rendered":"Kopa Zsolt"},"content":{"rendered":"<p><a href=\"https:\/\/semmelweis.hu\/urologia\/files\/2015\/07\/KopaZs.jpg\"><img loading=\"lazy\" decoding=\"async\" class=\"alignright size-medium wp-image-1705\" src=\"https:\/\/semmelweis.hu\/urologia\/files\/2015\/07\/KopaZs-200x300.jpg\" alt=\"KopaZs\" width=\"200\" height=\"300\" srcset=\"https:\/\/semmelweis.hu\/urologia\/files\/2015\/07\/KopaZs-200x300.jpg 200w, https:\/\/semmelweis.hu\/urologia\/files\/2015\/07\/KopaZs-683x1024.jpg 683w, https:\/\/semmelweis.hu\/urologia\/files\/2015\/07\/KopaZs.jpg 800w\" sizes=\"auto, (max-width: 200px) 100vw, 200px\" \/><\/a>1965-ben sz\u00fcletett P\u00e9csett, a kaposv\u00e1ri T\u00e1ncsics Mih\u00e1ly Gimn\u00e1ziumban 1983-ban \u00e9retts\u00e9gizett. \u00c1ltal\u00e1nos orvosdoktori diplom\u00e1t a P\u00e9csi Orvostudom\u00e1nyi Egyetemen 1990-ben szerzett. 1990-1999 k\u00f6z\u00f6tt a Semmelweis Orvostudom\u00e1nyi Egyetem Urol\u00f3giai Klinik\u00e1j\u00e1n dolgozott egyetemi tan\u00e1rseg\u00e9dk\u00e9nt.<br \/>\n1999-2007 k\u00f6z\u00f6tt a Szabolcs utcai Haynal Imre Eg\u00e9szs\u00e9gtudom\u00e1nyi Egyetem Androl\u00f3giai \u00e9s Urol\u00f3giai Klinik\u00e1j\u00e1n egyetemi adjunktusk\u00e9nt az Androl\u00f3giai R\u00e9szleget vezette, majd az eg\u00e9szs\u00e9g\u00fcgyi reform k\u00f6vetkezt\u00e9ben ugyanott l\u00e9trej\u00f6tt Orsz\u00e1gos Gy\u00f3gyint\u00e9zeti K\u00f6zpont Androl\u00f3giai \u00e9s Urol\u00f3giai oszt\u00e1ly\u00e1n volt f\u0151orvos. A reform tov\u00e1bbi \u00e1talak\u00edt\u00e1sainak k\u00f6vetkezt\u00e9ben 2007-2009-ig az \u00c1llami Eg\u00e9szs\u00e9g\u00fcgyi K\u00f6zpont Urol\u00f3giai Oszt\u00e1ly\u00e1n f\u0151orvosk\u00e9nt dolgozott.<br \/>\n2009. m\u00e1jus 1 \u00f3ta ism\u00e9t a Semmelweis Egyetem Urol\u00f3giai Klinik\u00e1j\u00e1n tev\u00e9kenykedik, jelenleg egyetemi docensk\u00e9nt az Androl\u00f3giai Centrum \u00e9s a Semmelweis Egyetem Androl\u00f3giai Szakmai Gr\u00e9mium\u00e1nak vezet\u0151je.<br \/>\n2010 szeptember\u00e9ben az Eur\u00f3pai Androl\u00f3giai Akad\u00e9mia akad\u00e9mikus tagj\u00e1v\u00e1 v\u00e1lasztotta.<\/p>\n<p><strong>Beoszt\u00e1sa:<\/strong> egyetemi docens, az Androl\u00f3giai Centrum vezet\u0151je<br \/>\nA Semmelweis Egyetem Androl\u00f3giai Szakmai Gr\u00e9mium\u00e1nak eln\u00f6ke<br \/>\n<strong>Szakk\u00e9pes\u00edt\u00e9se:<\/strong> Urol\u00f3gia (1994), Androl\u00f3gia (2004), Eg\u00e9szs\u00e9g\u00fcgyi szakmenedzser \u2013 M.Sc.(Szent Istv\u00e1n Egyetem \u2013 2009)<br \/>\n<strong>Nyelvtud\u00e1s:<\/strong> angol, n\u00e9met<br \/>\n<strong>Tudom\u00e1nyos fokozat:<\/strong> Ph.D. (2006) \u2013 A f\u00e9rfimedd\u0151s\u00e9g nem hormon\u00e1lis kezel\u00e9se.<br \/>\n<strong>Vend\u00e9g el\u0151ad\u00f3:<\/strong><br \/>\nSzegedi Tudom\u00e1nyegyetem Orvostudom\u00e1nyi Kar<br \/>\nMarosv\u00e1s\u00e1rhelyi Orvosi \u00e9s Gy\u00f3gyszer\u00e9szeti Egyetem<br \/>\nUniversit\u00e4t Bonn Medizinische Fakult\u00e4t &#8211; Bonn, N\u00e9metorsz\u00e1g<br \/>\nYale University Medical School &#8211; New Haven, USA<\/p>\n<p><strong>K\u00fclf\u00f6ldi tanulm\u00e1nyutak:<\/strong><br \/>\n1989 &#8211; Esseni Egyetem Urol\u00f3giai Klinika<br \/>\n1994 &#8211; Salzburg &#8211; Landeskrankenhaus\/ St. Johanns Spital Urol\u00f3giai Oktat\u00f3klinika<br \/>\n1995 &#8211; K\u00f6ln \u2013 Urol\u00f3giai Klinika<br \/>\n2001 &#8211; Bonni Egyetem \u2013 Dermatol\u00f3giai Klinika, Androl\u00f3giai Centrum<br \/>\n2010 &#8211; London &#8211; St Peter&#8217;s Andrology Centre<\/p>\n<p><strong>Publik\u00e1ci\u00f3s lista:<\/strong><br \/>\n<a href=\"https:\/\/vm.mtmt.hu\/search\/slist.php?AuthorID=10013889&amp;pr_on=1\" target=\"_blank\" rel=\"noopener\">Aktualiz\u00e1lt lista nyomtathat\u00f3 form\u00e1tumban let\u00f6lthet\u0151<\/a><\/p>\n<p><strong>Tudom\u00e1nyos t\u00e1rsas\u00e1gi tags\u00e1g:<\/strong><br \/>\nEur\u00f3pai Androl\u00f3giai Akad\u00e9mia (EAA) akad\u00e9mikus tagja<br \/>\nEur\u00f3pai Androl\u00f3giai Akad\u00e9mia (EAA) International Liaison and Publicity Committee t\u00e1rseln\u00f6ke<br \/>\nEur\u00f3pai Urol\u00f3gus T\u00e1rsas\u00e1g (EAU) &#8211; F\u00e9rfimedd\u0151s\u00e9gi Ir\u00e1nyelveket Kidolgoz\u00f3 Bizotts\u00e1g (EAU Male Infertility Guideline Committee) tagja<br \/>\nEur\u00f3pai Urol\u00f3gus T\u00e1rsas\u00e1g (EAU) Androl\u00f3giai Szekci\u00f3j\u00e1nak vezet\u0151s\u00e9gi tagja<br \/>\nEur\u00f3pai Szexu\u00e1lis Medicina T\u00e1rsas\u00e1g (ESSM) vezet\u0151s\u00e9gi tagja<br \/>\nA Semmelweis Egyetem Androl\u00f3giai Szakmai Gr\u00e9mium\u00e1nak eln\u00f6ke<br \/>\nMagyar Androl\u00f3giai T\u00e1rsas\u00e1g eln\u00f6ke<br \/>\nMagyar Urol\u00f3gusok T\u00e1rsas\u00e1ga vezet\u0151s\u00e9gi tagja<br \/>\nUrol\u00f3giai Szakmai Koll\u00e9gium tagja<br \/>\nMagyar STD T\u00e1rsas\u00e1g vezet\u0151s\u00e9gi tagja<\/p>\n<p><strong>Szerkeszt\u0151bizotts\u00e1gi tags\u00e1g:<\/strong><br \/>\nMagyar Androl\u00f3gia &#8211; f\u0151szerkeszt\u0151<br \/>\nMagyar Urol\u00f3gia &#8211; szerkeszt\u0151<\/p>\n<p><strong>Tudom\u00e1nyos \u00e9rdekl\u0151d\u00e9s:<\/strong> f\u00e9rfimedd\u0151s\u00e9g, f\u00e9rfiak szexu\u00e1lis zavarai, az id\u0151s\u00f6d\u0151 f\u00e9rfiak probl\u00e9mak\u00f6re, operat\u00edv androl\u00f3gia, mikroseb\u00e9szet<\/p>\n<p><strong>D\u00edjak:<\/strong><br \/>\nAz id\u0151s\u00f6d\u0151 f\u00e9rfiak betegs\u00e9geinek t\u00e1rgyk\u00f6r\u00e9ben ki\u00edrt szakmai p\u00e1ly\u00e1zaton p\u00e1lyamunk\u00e1ja II. d\u00edjat nyert, a Magyar Urol\u00f3gusok T\u00e1rsas\u00e1ga \u00e1ltal rendezett kongresszusokon 2 alkalommal kapott el\u0151ad\u00e1sa k\u00fcl\u00f6nd\u00edjat, 2000-ben Grazban el\u0151ad\u00e1s\u00e1\u00e9rt a N\u00e9met Androl\u00f3gus T\u00e1rsas\u00e1g k\u00fcl\u00f6nd\u00edj\u00e1t kapta. 2009-ben a K\u00f6z\u00e9p-Eur\u00f3pai Urol\u00f3gus Kongresszuson a legjobb poszter-prezent\u00e1ci\u00f3 d\u00edjat kapta.<br \/>\n2015 International Medis Awards for Medical Research d\u00edj<br \/>\n2016 Semmelweis Egyetem Oktat\u00f3i Merit D\u00edj<\/p>\n<p>&nbsp;<\/p>\n<p>&nbsp;<\/p>\n","protected":false},"excerpt":{"rendered":"<p><a href=\"https:\/\/semmelweis.hu\/urologia\/files\/2015\/07\/KopaZs.jpg\"><\/a> 1965-ben sz\u00fcletett P\u00e9csett, a kaposv\u00e1ri T\u00e1ncsics Mih\u00e1ly Gimn\u00e1ziumban 1983-ban \u00e9retts\u00e9gizett. \u00c1ltal\u00e1nos orvosdoktori diplom\u00e1t a P\u00e9csi Orvostudom\u00e1nyi Egyetemen 1990-ben szerzett. 1990-1999 k\u00f6z\u00f6tt a Semmelweis Orvostudom\u00e1nyi Egyetem Urol\u00f3giai Klinik\u00e1j\u00e1n dolgozott egyetemi tan\u00e1rseg\u00e9dk\u00e9nt. 1999-2007 k\u00f6z\u00f6tt a Szabolcs utcai Haynal Imre Eg\u00e9szs\u00e9gtudom\u00e1nyi Egyetem Androl\u00f3giai \u00e9s Urol\u00f3giai Klinik\u00e1j\u00e1n egyetemi adjunktusk\u00e9nt az Androl\u00f3giai R\u00e9szleget vezette, majd az eg\u00e9szs\u00e9g\u00fcgyi reform k\u00f6vetkezt\u00e9ben ugyanott &hellip;<\/p>\n","protected":false},"author":316,"featured_media":0,"parent":333,"menu_order":0,"comment_status":"open","ping_status":"open","template":"onecolumn-page.php","meta":{"_acf_changed":false,"footnotes":""},"categories":[],"tags":[],"class_list":["post-410","page","type-page","status-publish","hentry"],"acf":[],"_links":{"self":[{"href":"https:\/\/semmelweis.hu\/urologia\/wp-json\/wp\/v2\/pages\/410","targetHints":{"allow":["GET"]}}],"collection":[{"href":"https:\/\/semmelweis.hu\/urologia\/wp-json\/wp\/v2\/pages"}],"about":[{"href":"https:\/\/semmelweis.hu\/urologia\/wp-json\/wp\/v2\/types\/page"}],"author":[{"embeddable":true,"href":"https:\/\/semmelweis.hu\/urologia\/wp-json\/wp\/v2\/users\/316"}],"replies":[{"embeddable":true,"href":"https:\/\/semmelweis.hu\/urologia\/wp-json\/wp\/v2\/comments?post=410"}],"version-history":[{"count":10,"href":"https:\/\/semmelweis.hu\/urologia\/wp-json\/wp\/v2\/pages\/410\/revisions"}],"predecessor-version":[{"id":3089,"href":"https:\/\/semmelweis.hu\/urologia\/wp-json\/wp\/v2\/pages\/410\/revisions\/3089"}],"up":[{"embeddable":true,"href":"https:\/\/semmelweis.hu\/urologia\/wp-json\/wp\/v2\/pages\/333"}],"wp:attachment":[{"href":"https:\/\/semmelweis.hu\/urologia\/wp-json\/wp\/v2\/media?parent=410"}],"wp:term":[{"taxonomy":"category","embeddable":true,"href":"https:\/\/semmelweis.hu\/urologia\/wp-json\/wp\/v2\/categories?post=410"},{"taxonomy":"post_tag","embeddable":true,"href":"https:\/\/semmelweis.hu\/urologia\/wp-json\/wp\/v2\/tags?post=410"}],"curies":[{"name":"wp","href":"https:\/\/api.w.org\/{rel}","templated":true}]}}