{"id":407,"date":"2014-03-11T13:38:03","date_gmt":"2014-03-11T13:38:03","guid":{"rendered":"http:\/\/semmelweis.hu\/urologia\/?page_id=407"},"modified":"2023-01-24T10:40:36","modified_gmt":"2023-01-24T09:40:36","slug":"panovics-jozsef","status":"publish","type":"page","link":"https:\/\/semmelweis.hu\/urologia\/altalanos-informaciok\/a-klinika-orvosai\/panovics-jozsef\/","title":{"rendered":"P\u00e1novics J\u00f3zsef"},"content":{"rendered":"<p><a href=\"https:\/\/semmelweis.hu\/urologia\/files\/2015\/07\/PanovicsJ.jpg\"><img loading=\"lazy\" decoding=\"async\" class=\"alignright size-medium wp-image-1710\" src=\"https:\/\/semmelweis.hu\/urologia\/files\/2015\/07\/PanovicsJ-200x300.jpg\" alt=\"PanovicsJ\" width=\"200\" height=\"300\" srcset=\"https:\/\/semmelweis.hu\/urologia\/files\/2015\/07\/PanovicsJ-200x300.jpg 200w, https:\/\/semmelweis.hu\/urologia\/files\/2015\/07\/PanovicsJ-683x1024.jpg 683w, https:\/\/semmelweis.hu\/urologia\/files\/2015\/07\/PanovicsJ.jpg 800w\" sizes=\"auto, (max-width: 200px) 100vw, 200px\" \/><\/a>1946-ban sz\u00fcletett P\u00e9csen, \u00e9s p\u00e9csi Nagy Lajos Gimn\u00e1ziumban 1964-ben \u00e9retts\u00e9gizett. \u00c1ltal\u00e1nos orvosdoktori diplom\u00e1t a P\u00e9csi Orvostudom\u00e1nyi Egyetemen 1971-ben szerzett. 1971 \u00e9s 74 k\u00f6z\u00f6tt a P\u00e9csi Orvostudom\u00e1nyi Egyetem Urol\u00f3giai Klinik\u00e1j\u00e1nak klinikai orvosa. 1974 \u00f3ta a SE Urol\u00f3giai Klinik\u00e1j\u00e1n dolgozik.<\/p>\n<p>Szakk\u00e9pes\u00edt\u00e9sei: urol\u00f3gia (1975)<\/p>\n<p>Nyelvtud\u00e1s: angol, orosz<\/p>\n<p>Tudom\u00e1nyos fokozat: orvostudom\u00e1ny kandid\u00e1tusa (1996)<\/p>\n<p><strong>K\u00fclf\u00f6ldi tanulm\u00e1nyutak:<\/strong><br \/>\n1983. -2 h\u00e9t N\u00e9metorsz\u00e1g<br \/>\n1981. -2 h\u00e9t Szovjetuni\u00f3<br \/>\n1987. -2 h\u00e9t Szovjetuni\u00f3<br \/>\n1994. -3 h\u00e9t Szovjetuni\u00f3<\/p>\n<p><strong>Publik\u00e1ci\u00f3s lista:<\/strong><br \/>\n<a href=\"https:\/\/vm.mtmt.hu\/search\/slist.php?AuthorID=10024667&amp;pr_on=1\" target=\"_blank\" rel=\"noopener\">Aktualiz\u00e1lt lista nyomtathat\u00f3 form\u00e1tumban let\u00f6lthet\u0151<\/a><\/p>\n<p><strong>Tudom\u00e1nyos t\u00e1rsas\u00e1gi tags\u00e1g:<\/strong><br \/>\nMagyar Urol\u00f3gus T\u00e1rsas\u00e1g<br \/>\nMagyar Kemoter\u00e1pi\u00e1sT\u00e1rsas\u00e1g<br \/>\nMagyar STD T\u00e1rsas\u00e1g<br \/>\nMagyar Uroonkol\u00f3gus T\u00e1rsas\u00e1g<br \/>\nEur\u00f3pai Szexu\u00e1lis Medicina T\u00e1rsas\u00e1g (ESSM)<\/p>\n<p><strong>Tudom\u00e1nyos \u00e9rdekl\u0151d\u00e9s:<\/strong><br \/>\nals\u00f3 h\u00fagy\u00fati infekci\u00f3k kezel\u00e9se<br \/>\nurogenitalis daganatok endoszk\u00f3pos \u00e9s seb\u00e9szeti kezel\u00e9se<br \/>\nendourol\u00f3giai m\u0171t\u00e9tek<\/p>\n<p><strong>Kit\u00fcntet\u00e9sek:<\/strong><br \/>\nEg\u00e9szs\u00e9g\u00fcgyi Miniszteri Dics\u00e9ret<br \/>\nSemmelweis Egyetem Kiv\u00e1l\u00f3 Dolgoz\u00f3ja<br \/>\nPro Sanitate Kit\u00fcntet\u00e9s<br \/>\nPro Universitate<br \/>\nFerencv\u00e1ros d\u00edszpolg\u00e1ra<\/p>\n<p>&nbsp;<\/p>\n<p>&nbsp;<\/p>\n","protected":false},"excerpt":{"rendered":"<p><a href=\"https:\/\/semmelweis.hu\/urologia\/files\/2015\/07\/PanovicsJ.jpg\"><\/a> 1946-ban sz\u00fcletett P\u00e9csen, \u00e9s p\u00e9csi Nagy Lajos Gimn\u00e1ziumban 1964-ben \u00e9retts\u00e9gizett. \u00c1ltal\u00e1nos orvosdoktori diplom\u00e1t a P\u00e9csi Orvostudom\u00e1nyi Egyetemen 1971-ben szerzett. 1971 \u00e9s 74 k\u00f6z\u00f6tt a P\u00e9csi Orvostudom\u00e1nyi Egyetem Urol\u00f3giai Klinik\u00e1j\u00e1nak klinikai orvosa. 1974 \u00f3ta a SE Urol\u00f3giai Klinik\u00e1j\u00e1n dolgozik. Szakk\u00e9pes\u00edt\u00e9sei: urol\u00f3gia (1975) Nyelvtud\u00e1s: angol, orosz Tudom\u00e1nyos fokozat: orvostudom\u00e1ny kandid\u00e1tusa (1996) K\u00fclf\u00f6ldi tanulm\u00e1nyutak: 1983. -2 h\u00e9t N\u00e9metorsz\u00e1g &hellip;<\/p>\n","protected":false},"author":316,"featured_media":0,"parent":333,"menu_order":0,"comment_status":"open","ping_status":"open","template":"onecolumn-page.php","meta":{"_acf_changed":false,"footnotes":""},"categories":[],"tags":[],"class_list":["post-407","page","type-page","status-publish","hentry"],"acf":[],"_links":{"self":[{"href":"https:\/\/semmelweis.hu\/urologia\/wp-json\/wp\/v2\/pages\/407","targetHints":{"allow":["GET"]}}],"collection":[{"href":"https:\/\/semmelweis.hu\/urologia\/wp-json\/wp\/v2\/pages"}],"about":[{"href":"https:\/\/semmelweis.hu\/urologia\/wp-json\/wp\/v2\/types\/page"}],"author":[{"embeddable":true,"href":"https:\/\/semmelweis.hu\/urologia\/wp-json\/wp\/v2\/users\/316"}],"replies":[{"embeddable":true,"href":"https:\/\/semmelweis.hu\/urologia\/wp-json\/wp\/v2\/comments?post=407"}],"version-history":[{"count":10,"href":"https:\/\/semmelweis.hu\/urologia\/wp-json\/wp\/v2\/pages\/407\/revisions"}],"predecessor-version":[{"id":4221,"href":"https:\/\/semmelweis.hu\/urologia\/wp-json\/wp\/v2\/pages\/407\/revisions\/4221"}],"up":[{"embeddable":true,"href":"https:\/\/semmelweis.hu\/urologia\/wp-json\/wp\/v2\/pages\/333"}],"wp:attachment":[{"href":"https:\/\/semmelweis.hu\/urologia\/wp-json\/wp\/v2\/media?parent=407"}],"wp:term":[{"taxonomy":"category","embeddable":true,"href":"https:\/\/semmelweis.hu\/urologia\/wp-json\/wp\/v2\/categories?post=407"},{"taxonomy":"post_tag","embeddable":true,"href":"https:\/\/semmelweis.hu\/urologia\/wp-json\/wp\/v2\/tags?post=407"}],"curies":[{"name":"wp","href":"https:\/\/api.w.org\/{rel}","templated":true}]}}