{"id":398,"date":"2014-03-11T13:31:04","date_gmt":"2014-03-11T13:31:04","guid":{"rendered":"http:\/\/semmelweis.hu\/urologia\/?page_id=398"},"modified":"2023-05-31T11:33:47","modified_gmt":"2023-05-31T09:33:47","slug":"romics-imre","status":"publish","type":"page","link":"https:\/\/semmelweis.hu\/urologia\/altalanos-informaciok\/a-klinika-orvosai\/romics-imre\/","title":{"rendered":"Romics Imre"},"content":{"rendered":"<p><a href=\"https:\/\/semmelweis.hu\/urologia\/files\/2015\/07\/RomicsI.jpg\"><img loading=\"lazy\" decoding=\"async\" class=\"alignright size-medium wp-image-1712\" src=\"https:\/\/semmelweis.hu\/urologia\/files\/2015\/07\/RomicsI-200x300.jpg\" alt=\"RomicsI\" width=\"200\" height=\"300\" srcset=\"https:\/\/semmelweis.hu\/urologia\/files\/2015\/07\/RomicsI-200x300.jpg 200w, https:\/\/semmelweis.hu\/urologia\/files\/2015\/07\/RomicsI-683x1024.jpg 683w, https:\/\/semmelweis.hu\/urologia\/files\/2015\/07\/RomicsI.jpg 800w\" sizes=\"auto, (max-width: 200px) 100vw, 200px\" \/><\/a><strong>Szem\u00e9lyi adatok:<\/strong><br \/>\nSz\u00fclet\u00e9si hely, id\u0151: \u00c9rd, 1947. m\u00e1jus 16.<br \/>\nCsal\u00e1di \u00e1llapot: n\u0151s, k\u00e9t gyermek (Katalin 1981, Mikl\u00f3s 1987)<br \/>\nHivatali c\u00edm: 1082 Budapest, \u00dcll\u0151i \u00fat 78\/b.<br \/>\nHivatali telefon: 06-1-4591474, 06-20-8258757<br \/>\nE-mail: romics.imre@med.semmelweis-univ.hu<\/p>\n<p>A Semmelweis Egyetem \u00c1ltal\u00e1nos Orvostudom\u00e1nyi Kar, Urol\u00f3giai Klinik\u00e1j\u00e1nak kor\u00e1bbi igazgat\u00f3ja (1997-2012)<\/p>\n<p><strong><em>A CV a vide\u00f3k alatt folytat\u00f3dik.<\/em><\/strong><\/p>\n<hr \/>\n<h4><strong>Semmelweis Egyetem, ami \u00f6sszek\u00f6t<\/strong><\/h4>\n<p>Dr. Romics Imre urol\u00f3gus, a PSA (prosztatar\u00e1ksz\u0171r\u00e9s) meghonos\u00edt\u00f3ja<\/p>\n<p><iframe loading=\"lazy\" title=\"Dr. Romics Imre urol\u00f3gus \u2013 a PSA (prosztatar\u00e1ksz\u0171r\u00e9s) meghonos\u00edt\u00f3ja\" width=\"753\" height=\"424\" src=\"https:\/\/www.youtube.com\/embed\/XO15jLR1ZH0?feature=oembed\" frameborder=\"0\" allow=\"accelerometer; autoplay; clipboard-write; encrypted-media; gyroscope; picture-in-picture; web-share\" allowfullscreen><\/iframe><\/p>\n<p><a href=\"https:\/\/semmelweis.hu\/hirek\/rolunk-mondtak\/\" target=\"_blank\" rel=\"noopener\">Tov\u00e1bbi vide\u00f3k \u2192<\/a><\/p>\n<h4><strong>L\u00e9lekt\u0151l l\u00e9lekig &#8211; Koltay G\u00e1bor filmje<\/strong><\/h4>\n<p>Dr. Romics Imre urol\u00f3gus professzor portr\u00e9ja<\/p>\n<p><iframe loading=\"lazy\" title=\"L\u00e9lekt\u0151l l\u00e9lekig - portr\u00e9 Dr. Romics Imr\u00e9r\u0151l\" width=\"753\" height=\"565\" src=\"https:\/\/www.youtube.com\/embed\/-79hsqz2oc0?feature=oembed\" frameborder=\"0\" allow=\"accelerometer; autoplay; clipboard-write; encrypted-media; gyroscope; picture-in-picture; web-share\" allowfullscreen><\/iframe><\/p>\n<hr \/>\n<p><strong>Jelenlegi poz\u00edci\u00f3:<\/strong><br \/>\nA Semmelweis Egyetem \u00c1ltal\u00e1nos Orvostudom\u00e1nyi Kar, Urol\u00f3giai Klinika \u00f6nk\u00e9ntes seg\u00edt\u0151<br \/>\nMagyar Tudom\u00e1nyos Akad\u00e9mia II. (m\u0171t\u00e9ti) Tudom\u00e1nyos Bizotts\u00e1g tagja (2006.-)<br \/>\nEur\u00f3pai Urol\u00f3gus Akad\u00e9mia teljes tagja (2005-)<\/p>\n<p><strong>K\u00e9pz\u00e9sek \u00e9s fokozatok:<\/strong><br \/>\n\u00c1ltal\u00e1nos orvosi diploma: Semmelweis Orvostudom\u00e1nyi Egyetem,<br \/>\nBudapest 1971, (300\/1971)<br \/>\nSzakvizsg\u00e1k: laborat\u00f3rium vizsg\u00e1latok, 1975. (98\/1975.)<br \/>\nurol\u00f3gia, 1978, (599\/1978.), onkol\u00f3gia 2010, (140\/2010.)<br \/>\nOrvostudom\u00e1nyok kandid\u00e1tusa: 1985. (10684\/1985.)<br \/>\nOrvostudom\u00e1ny doktora: 1995. (3458\/1996.)<br \/>\nTov\u00e1bbk\u00e9pz\u0151 tanfolyamok: Vizeletcitol\u00f3gia (1986. D\u00fcren, N\u00e9met. Urol. T\u00e1rs.)<br \/>\nUrodin\u00e1mia (1987. Aachen, N\u00e9met Urol. T\u00e1rs.)<br \/>\nGyermekurol\u00f3gia (1987. D\u00fcsseldorf, N\u00e9met. Urol. T\u00e1rs.)<br \/>\nHabilit\u00e1ci\u00f3: Budapest 1994 (46\/1994.)<br \/>\nEgyetemi mag\u00e1ntan\u00e1r: Semmelweis Orvostudom\u00e1nyi Egyetem 1996. (10\/1996.)<br \/>\nEgyetemi tan\u00e1r: Semmelweis Orvostudom\u00e1nyi Egyetem (1997. j\u00falius 1.)<\/p>\n<p><strong>K\u00fclf\u00f6ldi munkav\u00e1llal\u00e1s:<\/strong><br \/>\nFunktionsoberarzt, St. Agnes Hospital, Urol\u00f3giai \u00e9s Gyermekurol\u00f3giai Oszt\u00e1ly, Bocholt, N\u00e9metorsz\u00e1g (1986. j\u00fanius &#8211; 1988. augusztus.)<\/p>\n<p><strong>D\u00edjak:<\/strong><br \/>\nAkad\u00e9mia Kiad\u00f3 N\u00edv\u00f3d\u00edj (Az uroonkol\u00f3gia aktu\u00e1lis k\u00e9rd\u00e9sei c. k\u00f6nyvsorozat\u00e9rt) 1999.<br \/>\n\u201eBMA MEDICAL Book Competition\u201d 1. d\u00edj (2004.)<br \/>\nJ.Corcos, E.Schick (ed) \u201eNeurogenic Bladder c. k\u00f6nyvfejezet<br \/>\n(fejezet: Romics, Hamvas, Majoros: Complication related to neurogenic bladder dysfunction \u2013 II: reflux and renal insufficiency)<br \/>\nBatthy\u00e1ny-Strattmann D\u00edj (2005.)<br \/>\nMarkusovszky Lajos D\u00edj (2007.) az Orvosi Hetilapban megjelent \u201eSz\u00e1z radik\u00e1lis retropubicus prostatectomi\u00e1val szerezett tapasztalataink (Romics I., P\u00e1novics J., Majoros A., Riesz P.)(2006, 147. \u00e9vf. 24. sz\u00e1m, 1107-1112.)<br \/>\nEuropean Board of Urology Eur\u00f3pai Urol\u00f3giai K\u00e9pz\u0151helly\u00e9 nyilv\u00e1n\u00edtotta a klinik\u00e1t (2004.)<br \/>\nSemmelweis eml\u00e9k\u00e9rem (2014)<br \/>\nProfessor Emeritus (2017)<\/p>\n<p><strong>Fontosabb tudom\u00e1nyos t\u00e1rsas\u00e1gi \u00e9s bizotts\u00e1gi tags\u00e1gok:<\/strong><br \/>\nMagyar Tudom\u00e1nyos Akad\u00e9mia Orvosi Oszt\u00e1lya, I.sz. Doktori Bizotts\u00e1g (1996-2001.)<br \/>\nEur\u00f3pai Urol\u00f3gus T\u00e1rsas\u00e1g (1994-)<br \/>\n&#8211; Historical Committee tagja (2000-)<br \/>\n&#8211; European School of Urology szervezet\u00e9nek vezet\u0151s\u00e9gi tagja (2004.-)<br \/>\nN\u00e9met Urol\u00f3gus T\u00e1rsas\u00e1g (1987-)<br \/>\nN\u00e9met Urol\u00f3gus T\u00e1rsas\u00e1g \u201eWest-Ost\u201d Bizotts\u00e1g magyarorsz\u00e1gi k\u00e9pvisel\u0151je (2007-)<br \/>\nMagyar Uroonkol\u00f3gus T\u00e1rsas\u00e1g eln\u00f6ke (2009-2017)<br \/>\nMagyar Urol\u00f3gus T\u00e1rsas\u00e1g tagja (1991-)<br \/>\nUrol\u00f3giai Szakmai Koll\u00e9gium tagja (1997-), eln\u00f6ke (2000-2004)<\/p>\n<p><strong>Kurat\u00f3riumi tags\u00e1gok:<\/strong><br \/>\nIlly\u00e9s G\u00e9za Alap\u00edtv\u00e1ny kurat\u00f3riuma (eln\u00f6k)<br \/>\nGr\u00f3f Mik\u00f3 Imre Alap\u00edtv\u00e1ny kurat\u00f3riuma (2004-)<\/p>\n<p><strong>Tiszteletbeli tags\u00e1gok:<\/strong><br \/>\nVereinigung der Mitteldeutschen Urologen e.V. levelez\u0151 tagja, (2000-)<br \/>\nJ. Strossmayer Egyetem (Esz\u00e9k) honoris causa professzora (2003)<br \/>\nA Marosv\u00e1s\u00e1rhelyi Egyetem honoris causa professzora (2007)<br \/>\nRom\u00e1n Urol\u00f3gus T\u00e1rsas\u00e1g (2000-)<br \/>\nN\u00e9met Urol\u00f3gus T\u00e1rsas\u00e1g tiszteletbeli levelez\u0151 tag (2002-)<br \/>\nSzlov\u00e1k Urol\u00f3gusi T\u00e1rsas\u00e1g tiszteletbeli tagja (2002-)<br \/>\nLengyel Urol\u00f3gus T\u00e1rsas\u00e1g tiszteletbeli tagja (2005-)<br \/>\nCseh Urol\u00f3gus T\u00e1rsas\u00e1g tiszteletbeli tagja (2005-)<\/p>\n<p><strong>Fontosabb szerkeszt\u0151bizotts\u00e1gi tags\u00e1gok:<\/strong><br \/>\nUroonkol\u00f3gia, f\u0151szerkeszt\u0151 (2004-2014)<br \/>\nBritish Journal of Urology \u2013 szerkeszt\u0151bizotts\u00e1gi tag (2004-)<br \/>\nEAU Today szerkeszt\u0151bizotts\u00e1gi tag (2004-)<br \/>\nInternational Urology and Nephrology (USA, 1998-)<br \/>\nOpen Urology and Nephrology (USA) (2007-)<br \/>\nPolish J. Urol (Urologia Polska) (2005-)<br \/>\nKlinick\u00e1 Urol\u00f3gia (Szlov\u00e1k) (2005-)<br \/>\nRevista Romana de Urologie (2005-)<br \/>\nCanadian Journal of Urology (2006-)<br \/>\nOrvosi Hetilap (2006)<br \/>\nUrol\u00f3giai Szemle \u2013 szerkeszt\u0151 (2003-2004.)<br \/>\nEndoscopia \u00e9s minim\u00e1lisan invaz\u00edv ter\u00e1pia (1999-)<br \/>\nCsal\u00e1dorvosi F\u00f3rum (2000-)<br \/>\nFocus Medicinae (2005-)<br \/>\nLege Artis Medicinae (2006-)<br \/>\nSTD \u00e9s genit\u00e1lis infektol\u00f3gia (2007-)<br \/>\nMagyar Csal\u00e1dorvosok Lapja (2008-)<\/p>\n<p><strong>Publik\u00e1ci\u00f3s lista: <\/strong><a href=\"https:\/\/vm.mtmt.hu\/search\/slist.php?AuthorID=10003970&amp;pr_on=1\" target=\"_blank\" rel=\"noopener noreferrer\">Aktualiz\u00e1lt lista nyomtathat\u00f3 form\u00e1tumban let\u00f6lthet\u0151<\/a><\/p>\n","protected":false},"excerpt":{"rendered":"<p><a href=\"https:\/\/semmelweis.hu\/urologia\/files\/2015\/07\/RomicsI.jpg\"><\/a> Szem\u00e9lyi adatok: Sz\u00fclet\u00e9si hely, id\u0151: \u00c9rd, 1947. m\u00e1jus 16. Csal\u00e1di \u00e1llapot: n\u0151s, k\u00e9t gyermek (Katalin 1981, Mikl\u00f3s 1987) Hivatali c\u00edm: 1082 Budapest, \u00dcll\u0151i \u00fat 78\/b. Hivatali telefon: 06-1-4591474, 06-20-8258757 E-mail: romics.imre@med.semmelweis-univ.hu A Semmelweis Egyetem \u00c1ltal\u00e1nos Orvostudom\u00e1nyi Kar, Urol\u00f3giai Klinik\u00e1j\u00e1nak kor\u00e1bbi igazgat\u00f3ja (1997-2012) A CV a vide\u00f3k alatt folytat\u00f3dik. Semmelweis Egyetem, ami \u00f6sszek\u00f6t Dr. Romics Imre &hellip;<\/p>\n","protected":false},"author":316,"featured_media":0,"parent":333,"menu_order":0,"comment_status":"closed","ping_status":"closed","template":"","meta":{"_acf_changed":false,"footnotes":""},"categories":[],"tags":[],"class_list":["post-398","page","type-page","status-publish","hentry"],"acf":[],"_links":{"self":[{"href":"https:\/\/semmelweis.hu\/urologia\/wp-json\/wp\/v2\/pages\/398","targetHints":{"allow":["GET"]}}],"collection":[{"href":"https:\/\/semmelweis.hu\/urologia\/wp-json\/wp\/v2\/pages"}],"about":[{"href":"https:\/\/semmelweis.hu\/urologia\/wp-json\/wp\/v2\/types\/page"}],"author":[{"embeddable":true,"href":"https:\/\/semmelweis.hu\/urologia\/wp-json\/wp\/v2\/users\/316"}],"replies":[{"embeddable":true,"href":"https:\/\/semmelweis.hu\/urologia\/wp-json\/wp\/v2\/comments?post=398"}],"version-history":[{"count":10,"href":"https:\/\/semmelweis.hu\/urologia\/wp-json\/wp\/v2\/pages\/398\/revisions"}],"predecessor-version":[{"id":4503,"href":"https:\/\/semmelweis.hu\/urologia\/wp-json\/wp\/v2\/pages\/398\/revisions\/4503"}],"up":[{"embeddable":true,"href":"https:\/\/semmelweis.hu\/urologia\/wp-json\/wp\/v2\/pages\/333"}],"wp:attachment":[{"href":"https:\/\/semmelweis.hu\/urologia\/wp-json\/wp\/v2\/media?parent=398"}],"wp:term":[{"taxonomy":"category","embeddable":true,"href":"https:\/\/semmelweis.hu\/urologia\/wp-json\/wp\/v2\/categories?post=398"},{"taxonomy":"post_tag","embeddable":true,"href":"https:\/\/semmelweis.hu\/urologia\/wp-json\/wp\/v2\/tags?post=398"}],"curies":[{"name":"wp","href":"https:\/\/api.w.org\/{rel}","templated":true}]}}