{"id":3894,"date":"2022-08-11T14:29:41","date_gmt":"2022-08-11T12:29:41","guid":{"rendered":"https:\/\/semmelweis.hu\/urologia\/?page_id=3894"},"modified":"2026-01-28T10:06:12","modified_gmt":"2026-01-28T09:06:12","slug":"kismedencei-fajdalom-munkacsoport-a-kronikus-alhasi-es-medencei-fajdalmak-vizsgalatara","status":"publish","type":"page","link":"https:\/\/semmelweis.hu\/urologia\/altalanos-informaciok\/szakmai-profilok\/kismedencei-fajdalom-munkacsoport-a-kronikus-alhasi-es-medencei-fajdalmak-vizsgalatara\/","title":{"rendered":"Kismedencei F\u00e1jdalom Munkacsoport \u2013 a kr\u00f3nikus alhasi \u00e9s medencei f\u00e1jdalmak vizsg\u00e1lat\u00e1ra"},"content":{"rendered":"<p style=\"text-align: justify\"><strong>A Kismedencei F\u00e1jdalom Munkacsoport a kr\u00f3nikus, sokszor kimutathat\u00f3 fizik\u00e1lis elt\u00e9r\u00e9s n\u00e9lk\u00fcl fenn\u00e1ll\u00f3 alhasi \u00e9s medencei panaszok, f\u00e1jdalmak vizsg\u00e1lat\u00e1ra ker\u00fclt megalap\u00edt\u00e1sra. A munkacsoport sz\u00e1mos diszcipl\u00edn\u00e1t (n\u0151gy\u00f3gy\u00e1szat, seb\u00e9szet, urol\u00f3gia, neurol\u00f3gia, pszichol\u00f3gia, stb.) foglal mag\u00e1ba. Klinik\u00e1nkon a munkacsoport urol\u00f3gus szakorvosa v\u00e1rja a panaszos szem\u00e9lyeket, a munkacsoport tov\u00e1bbi szakembereit pedig a tagok nev\u00e9re kattintva megny\u00edl\u00f3 profilon kereszt\u00fcl \u00e9rhetik el!\u00a0<\/strong><\/p>\n<p style=\"text-align: justify\">Bek\u00f6sz\u00f6nt\u0151<\/p>\n<p style=\"text-align: justify\">A kr\u00f3nikus kismedencei f\u00e1jdalom \u2013 mint t\u00fcnet, vagy \u00e9ppen t\u00fcnetegy\u00fcttes \u2013 egy gyakori, \u00e1m v\u00e1ltozatos gy\u00f6ker\u0171 probl\u00e9ma: urol\u00f3giai, n\u0151gy\u00f3gy\u00e1szati, neurol\u00f3giai, seb\u00e9szeti, pszichol\u00f3giai, szoci\u00e1lis \u00e9s sz\u00e1mos egy\u00e9b faktor \u00e9s diszfunkci\u00f3 egy\u00fcttes jelenl\u00e9te j\u00e1tszhat k\u00f6zre a panaszok megjelen\u00e9s\u00e9ben.<\/p>\n<p style=\"text-align: justify\">Az eddigiekben a kivizsg\u00e1l\u00e1s \u00e9s ell\u00e1t\u00e1s \u00e1ltal\u00e1ban csak egy-egy szakember v\u00e9lem\u00e9nye szerint t\u00f6rt\u00e9nhetett, hiszen nem volt p\u00e1rbesz\u00e9d \u00e9s egy\u00fcttm\u0171k\u00f6d\u00e9s a k\u00fcl\u00f6nb\u00f6z\u0151 szakm\u00e1k k\u00e9pvisel\u0151i k\u00f6z\u00f6tt. Ennek eredm\u00e9nyek\u00e9nt a panaszos szem\u00e9ly hi\u00e1ba kereste fel k\u00fcl\u00f6nb\u00f6z\u0151 diszcipl\u00edn\u00e1k k\u00e9pvisel\u0151it, \u00f6sszehangolt v\u00e9lem\u00e9ny hi\u00e1ny\u00e1ban gyakran nem jutott a f\u00e1jdalm\u00e1t enyh\u00edteni k\u00e9pes megold\u00e1shoz.<\/p>\n<p style=\"text-align: justify\">A Kismedencei F\u00e1jdalom Munkacsoport azzal a c\u00e9llal j\u00f6tt l\u00e9tre, hogy megold\u00e1st tal\u00e1ljon a kr\u00f3nikus kismedencei f\u00e1jdalommal \u00e9l\u0151 szem\u00e9lyek sz\u00e1m\u00e1ra, de az eddigiekt\u0151l elt\u00e9r\u0151en, egy multi- \u00e9s interdiszciplin\u00e1ris egy\u00fcttm\u0171k\u00f6d\u00e9s keretein bel\u00fcl. A munkacsoport tagjai szak\u00e9rtelm\u00fcket \u00e9s tapasztalatukat \u00f6sszehangolva, k\u00f6z\u00f6sen d\u00f6ntenek a f\u00e1jdalommal \u00e9l\u0151 szem\u00e9lyek kivizsg\u00e1l\u00e1s\u00e1r\u00f3l \u00e9s a panaszok megold\u00e1s\u00e1nak lehet\u0151s\u00e9geir\u0151l.<\/p>\n<p><span style=\"font-size: 18pt\"><strong>Kit keressek fel el\u0151sz\u00f6r?<\/strong><\/span><br \/>\n&#8211; <strong>N\u0151gy\u00f3gy\u00e1szt<\/strong> \u2013 amennyiben saj\u00e1t megfigyel\u00e9se alapj\u00e1n a f\u00e1jdalom a nemi ciklus\u00e1val vagy szexu\u00e1lis egy\u00fcttl\u00e9ttel kapcsolatban jelentkezik, illetve ha a h\u00fcvely, a m\u00e9h vagy a petef\u00e9szkek ter\u00fclet\u00e9r\u0151l indul a f\u00e1jdalom.<br \/>\n&#8211; <strong>Proktol\u00f3gust<\/strong> \u2013 abban az esetben, ha f\u00e1jdalma a v\u00e9gbelet \u00e9s a g\u00e1tat \u00e9rinti, tov\u00e1bb\u00e1 ha panaszai a sz\u00e9klet\u00fcr\u00edt\u00e9ssel f\u00fcggenek \u00f6ssze.<br \/>\n&#8211; <strong>Reumatol\u00f3gust\/fizioterapeut\u00e1t<\/strong> \u2013 ha f\u00e1jdalma jellemz\u0151en mozg\u00e1ssal, testhelyzet\u00e9nek v\u00e1ltoztat\u00e1s\u00e1val, illetve terhel\u00e9sre fokoz\u00f3dik.<br \/>\n&#8211; <strong>Neurol\u00f3gust<\/strong> \u2013 amennyiben m\u00e1r ismert valamilyen ideggy\u00f3gy\u00e1szati probl\u00e9ma, vagy a f\u00e1jdalom mellett olyan k\u00eds\u00e9r\u0151 t\u00fcnetek jelentkeznek, mint a zsibbad\u00e1s, a t\u0171sz\u00far\u00e1sk\u00e9nt \u00e9rz\u00e9kelt, esetleg enyhe \u00e9rint\u00e9sre is megjelen\u0151 f\u00e1jdalom, vagy \u00e9ppen \u00e9rz\u00e9ketlens\u00e9g.<br \/>\n&#8211; <strong>Gasztroenterol\u00f3gust\/dietetikust<\/strong> \u2013 em\u00e9szt\u00e9si zavarok, t\u00e1pl\u00e1lkoz\u00e1ssal kapcsolatos f\u00e1jdalmak eset\u00e9n.<br \/>\n&#8211; <strong>Urol\u00f3gust<\/strong> \u2013 ha f\u00e1jdalmai jellemz\u0151en vizelet\u00fcr\u00edt\u00e9ssel vagy vizelettart\u00e1ssal \u00e1llnak kapcsolatban, valamint ha az urol\u00f3giai szervek (h\u00fagycs\u0151, h\u00fagyh\u00f3lyag, prosztata, her\u00e9k \u00e9s h\u00edmvessz\u0151) ter\u00fclet\u00e9n tapasztalja a f\u00e1jdalmat.<br \/>\n&#8211; <strong>B\u0151rgy\u00f3gy\u00e1szt<\/strong> \u2013 ha f\u00e1jdalma a h\u00fagycs\u0151re \u00e9s a kismedenc\u00e9re korl\u00e1toz\u00f3dik, esetleg h\u00fagycs\u00f6v\u00e9b\u0151l\/h\u00fcvely\u00e9b\u0151l foly\u00e1st \u00e9szlel.<\/p>\n<p><strong>T\u00f6bbet szeretne tudni f\u00e1jdalm\u00e1r\u00f3l \u00e9s a megold\u00e1sr\u00f3l? Kattintson!\u00a0<\/strong><\/p>\n<p><a href=\"https:\/\/semmelweis.hu\/urologia\/files\/2025\/11\/Miert-faj-tajekoztato.pdf\">Mi\u00e9rt f\u00e1j? T\u00e1j\u00e9koztat\u00f3<\/a><\/p>\n<p style=\"text-align: justify\">Ezen a weboldalon megtal\u00e1lhat\u00f3 a munkacsoport \u00e1ltal \u00f6ssze\u00e1ll\u00edtott, f\u00e9rfi\/n\u0151i kismedencei f\u00e1jdalom k\u00e9rd\u0151\u00edv, f\u00e1jdalomnapl\u00f3 \u00e9s ter\u00e1pi\u00e1s t\u00e9rk\u00e9p, a munkacsoport m\u0171k\u00f6d\u00e9si szab\u00e1lyzata, valamint az egyes tagok profilja, el\u00e9rhet\u0151s\u00e9geikkel egy\u00fctt.<\/p>\n<p style=\"text-align: justify\"><a href=\"https:\/\/semmelweis.hu\/urologia\/betegellatas\/rendelesek\/\">Tov\u00e1bb a Szakrendel\u00e9sekhez \u2192<\/a><\/p>\n<p><strong>A munkacsoport tagjai:<\/strong><\/p>\n<p><a href=\"https:\/\/semmelweis.hu\/urologia\/files\/2025\/12\/BEMUTATKOZAS-Banvolgyi-Andras.pdf\">Dr. B\u00e1nv\u00f6lgyi Andr\u00e1s PhD \u2013 B\u0151rgy\u00f3gy\u00e1szat<\/a><br \/>\n<a href=\"https:\/\/semmelweis.hu\/urologia\/files\/2025\/03\/BEMUTATKOZAS-Balazs-Ivett.pdf\">Bal\u00e1zs Ivett &#8211; Fizioter\u00e1pia<\/a><br \/>\nDr. Bujt\u00e1s Gerg\u0151 M\u00e1rk &#8211; N\u0151gy\u00f3gy\u00e1szat<br \/>\n<a href=\"https:\/\/semmelweis.hu\/urologia\/files\/2025\/03\/BEMUTATKOZAS-Demeter-Rebeka.pdf\">Demeter Rebeka &#8211; Fizioter\u00e1pia<\/a><br \/>\n<a href=\"https:\/\/semmelweis.hu\/urologia\/files\/2024\/03\/BEMUTATKOZAS-Gati-Tamas.pdf\">Dr. G\u00e1ti Tam\u00e1s PhD &#8211; Reumatol\u00f3gia<\/a><br \/>\n<a href=\"https:\/\/semmelweis.hu\/urologia\/files\/2025\/03\/BEMUTATKOZAS-Guttengeber-A.pdf\">Guttengeber Anna &#8211; Klinikai pszichol\u00f3gia<\/a>\u00a0<br \/>\nDr. Kelemen Andrea \u2013 Neurol\u00f3gia<br \/>\nDr. Lask\u00f3i Bal\u00e1zs \u2013 Aneszteziol\u00f3gia<br \/>\nDr. Nyilas N\u00f3ra- Radiol\u00f3gia<br \/>\nDr. \u00d3nody P\u00e9ter \u2013 Proktol\u00f3gia<br \/>\n<a href=\"https:\/\/semmelweis.hu\/urologia\/files\/2025\/06\/BEMUTATKOZAS-Pinter-Eva.pdf\">Pint\u00e9r \u00c9va &#8211; Klinikai pszichol\u00f3gia<\/a><br \/>\n<a href=\"https:\/\/semmelweis.hu\/urologia\/files\/2024\/03\/BEMUTATKOZAS-Romics-Miklos.pdf\">Dr. Romics Mikl\u00f3s PhD \u2013 Urol\u00f3gia<\/a>\u00a0<br \/>\n<a href=\"https:\/\/semmelweis.hu\/urologia\/files\/2024\/08\/BEMUTATKOZAS-Saftics-Katalin.pdf\">Dr. Saftics Katalin &#8211; Neurol\u00f3gia<\/a><br \/>\nDr. Sallai Imre &#8211; Ortop\u00e9dia<br \/>\n<a href=\"https:\/\/semmelweis.hu\/urologia\/files\/2026\/01\/Bemutatkozas-Sik-Pal-Botond.pdf\">Dr. S\u00edk P\u00e1l Botond &#8211; N\u0151gy\u00f3gy\u00e1szat<\/a><br \/>\n<a href=\"https:\/\/semmelweis.hu\/urologia\/files\/2024\/03\/BEMUTATKOZAS-Turtoczki-Kolos.pdf\">Dr. Turt\u00f3czki Kolos \u2013 Radiol\u00f3gia<\/a><\/p>\n<p>&nbsp;<\/p>\n<p><strong>Let\u00f6lthet\u0151 dokumentumok:<\/strong><\/p>\n<p><a href=\"https:\/\/semmelweis.hu\/urologia\/files\/2024\/03\/KFM-FAJDALOMNAPLO.pdf\">KFM &#8211; F\u00c1JDALOMNAPL\u00d3<\/a><\/p>\n<p><a href=\"https:\/\/semmelweis.hu\/urologia\/files\/2024\/03\/KFM-TERAPIAS-TERKEP.pdf\">KFM &#8211; TER\u00c1PI\u00c1S T\u00c9RK\u00c9P<\/a><\/p>\n<p><strong>K\u00e9rd\u0151\u00edvek:<\/strong><\/p>\n<p><a href=\"https:\/\/forms.office.com\/pages\/responsepage.aspx?id=uJCuuvE5TUOrpmTr1YljVyJzSgySwL5OkZOJW4K8SDZUNkQ0Qk5MMTk5NkJNNEE3TVBPSk5JTVQ1NC4u\">K\u00e9rd\u0151\u00edv n\u0151knek<\/a><\/p>\n<p><a href=\"https:\/\/forms.office.com\/pages\/responsepage.aspx?id=uJCuuvE5TUOrpmTr1YljVyJzSgySwL5OkZOJW4K8SDZUMjJBTkRKR09JWk9PVERBMTRUTzc1V1czSS4u\">K\u00e9rd\u0151\u00edv f\u00e9rfiaknak<\/a><\/p>\n<p><a href=\"https:\/\/forms.office.com\/e\/NcHgmpny0D?origin=lprLink\">Centr\u00e1lis szenzitiz\u00e1ci\u00f3s k\u00e9rd\u0151\u00edv<\/a><\/p>\n<p><em>A k\u00e9rd\u0151\u00edv kit\u00f6lt\u00e9se nem min\u0151s\u00fcl orvosi vizsg\u00e1latnak vagy id\u0151pont foglal\u00e1snak!<br \/>\n<strong>A Kismedencei F\u00e1jdalom Munkacsoport csak azt k\u00f6vet\u0151en tudja elind\u00edtani az \u00d6n kivizsg\u00e1l\u00e1s\u00e1t, hogy \u00d6nt a munkacsoport valamelyik koll\u00e9g\u00e1ja megvizsg\u00e1lja.\u00a0 <br \/>\nK\u00e9rj\u00fck, a k\u00e9rd\u0151\u00edv kit\u00f6lt\u00e9se mellett k\u00e9rjen id\u0151pontot a list\u00e1ban tal\u00e1lhat\u00f3 koll\u00e9g\u00e1ink egyik\u00e9nek rendel\u00e9s\u00e9re.<\/strong><br \/>\n<\/em><\/p>\n<p><strong>T\u00e1j\u00e9koztat\u00f3:<\/strong><\/p>\n<p><a href=\"https:\/\/semmelweis.hu\/kepalkotas\/betegeknek\/reszlegek\/mr-laboratorium\/\">T\u00e1j\u00e9koztat\u00f3 MR vizsg\u00e1latokr\u00f3l<\/a><\/p>\n<p>&nbsp;<\/p>\n<p style=\"text-align: justify\">Munkacsoportunk m\u0171k\u00f6d\u00e9si szab\u00e1lyzata az al\u00e1bbi linken \u00e9rhet\u0151 el:<\/p>\n<p style=\"text-align: justify\"><a href=\"https:\/\/semmelweis.hu\/urologia\/files\/2024\/01\/Mukodesi-szabalyzat-Fajdalom-munkacsoport.pdf\" target=\"_blank\" rel=\"noopener\">M\u0171k\u00f6d\u00e9si szab\u00e1lyzat F\u00e1jdalom munkacsoport<\/a><\/p>\n","protected":false},"excerpt":{"rendered":"<p>A Kismedencei F\u00e1jdalom Munkacsoport a kr\u00f3nikus, sokszor kimutathat\u00f3 fizik\u00e1lis elt\u00e9r\u00e9s n\u00e9lk\u00fcl fenn\u00e1ll\u00f3 alhasi \u00e9s medencei panaszok, f\u00e1jdalmak vizsg\u00e1lat\u00e1ra ker\u00fclt megalap\u00edt\u00e1sra. A munkacsoport sz\u00e1mos diszcipl\u00edn\u00e1t (n\u0151gy\u00f3gy\u00e1szat, seb\u00e9szet, urol\u00f3gia, neurol\u00f3gia, pszichol\u00f3gia, stb.) foglal mag\u00e1ba. Klinik\u00e1nkon a munkacsoport urol\u00f3gus szakorvosa v\u00e1rja a panaszos szem\u00e9lyeket, a munkacsoport tov\u00e1bbi szakembereit pedig a tagok nev\u00e9re kattintva megny\u00edl\u00f3 profilon kereszt\u00fcl \u00e9rhetik el!\u00a0 &hellip;<\/p>\n","protected":false},"author":102082,"featured_media":0,"parent":12,"menu_order":2,"comment_status":"closed","ping_status":"closed","template":"","meta":{"_acf_changed":false,"footnotes":""},"categories":[],"tags":[],"class_list":["post-3894","page","type-page","status-publish","hentry"],"acf":[],"_links":{"self":[{"href":"https:\/\/semmelweis.hu\/urologia\/wp-json\/wp\/v2\/pages\/3894","targetHints":{"allow":["GET"]}}],"collection":[{"href":"https:\/\/semmelweis.hu\/urologia\/wp-json\/wp\/v2\/pages"}],"about":[{"href":"https:\/\/semmelweis.hu\/urologia\/wp-json\/wp\/v2\/types\/page"}],"author":[{"embeddable":true,"href":"https:\/\/semmelweis.hu\/urologia\/wp-json\/wp\/v2\/users\/102082"}],"replies":[{"embeddable":true,"href":"https:\/\/semmelweis.hu\/urologia\/wp-json\/wp\/v2\/comments?post=3894"}],"version-history":[{"count":11,"href":"https:\/\/semmelweis.hu\/urologia\/wp-json\/wp\/v2\/pages\/3894\/revisions"}],"predecessor-version":[{"id":4782,"href":"https:\/\/semmelweis.hu\/urologia\/wp-json\/wp\/v2\/pages\/3894\/revisions\/4782"}],"up":[{"embeddable":true,"href":"https:\/\/semmelweis.hu\/urologia\/wp-json\/wp\/v2\/pages\/12"}],"wp:attachment":[{"href":"https:\/\/semmelweis.hu\/urologia\/wp-json\/wp\/v2\/media?parent=3894"}],"wp:term":[{"taxonomy":"category","embeddable":true,"href":"https:\/\/semmelweis.hu\/urologia\/wp-json\/wp\/v2\/categories?post=3894"},{"taxonomy":"post_tag","embeddable":true,"href":"https:\/\/semmelweis.hu\/urologia\/wp-json\/wp\/v2\/tags?post=3894"}],"curies":[{"name":"wp","href":"https:\/\/api.w.org\/{rel}","templated":true}]}}