{"id":3886,"date":"2022-08-11T10:07:28","date_gmt":"2022-08-11T08:07:28","guid":{"rendered":"https:\/\/semmelweis.hu\/urologia\/?page_id=3886"},"modified":"2022-09-07T10:00:09","modified_gmt":"2022-09-07T08:00:09","slug":"galeria-2019","status":"publish","type":"page","link":"https:\/\/semmelweis.hu\/urologia\/altalanos-informaciok\/galeria\/galeria-2019\/","title":{"rendered":"Gal\u00e9ria 2019"},"content":{"rendered":"<p>Csoportk\u00e9p a Klinika orvosair\u00f3l<\/p>\n<p><img loading=\"lazy\" decoding=\"async\" class=\"alignnone size-medium wp-image-3885\" src=\"https:\/\/semmelweis.hu\/urologia\/files\/2022\/08\/urologia_2019-csoportkep-300x167.jpg\" alt=\"\" width=\"300\" height=\"167\" srcset=\"https:\/\/semmelweis.hu\/urologia\/files\/2022\/08\/urologia_2019-csoportkep-300x167.jpg 300w, https:\/\/semmelweis.hu\/urologia\/files\/2022\/08\/urologia_2019-csoportkep-1024x570.jpg 1024w, https:\/\/semmelweis.hu\/urologia\/files\/2022\/08\/urologia_2019-csoportkep-768x427.jpg 768w, https:\/\/semmelweis.hu\/urologia\/files\/2022\/08\/urologia_2019-csoportkep-539x300.jpg 539w, https:\/\/semmelweis.hu\/urologia\/files\/2022\/08\/urologia_2019-csoportkep-1536x855.jpg 1536w, https:\/\/semmelweis.hu\/urologia\/files\/2022\/08\/urologia_2019-csoportkep-2048x1140.jpg 2048w\" sizes=\"auto, (max-width: 300px) 100vw, 300px\" \/><\/p>\n","protected":false},"excerpt":{"rendered":"<p>Csoportk\u00e9p a Klinika orvosair\u00f3l<\/p>\n","protected":false},"author":102082,"featured_media":0,"parent":1170,"menu_order":17,"comment_status":"closed","ping_status":"closed","template":"","meta":{"_acf_changed":false,"footnotes":""},"categories":[],"tags":[],"class_list":["post-3886","page","type-page","status-publish","hentry"],"acf":[],"_links":{"self":[{"href":"https:\/\/semmelweis.hu\/urologia\/wp-json\/wp\/v2\/pages\/3886","targetHints":{"allow":["GET"]}}],"collection":[{"href":"https:\/\/semmelweis.hu\/urologia\/wp-json\/wp\/v2\/pages"}],"about":[{"href":"https:\/\/semmelweis.hu\/urologia\/wp-json\/wp\/v2\/types\/page"}],"author":[{"embeddable":true,"href":"https:\/\/semmelweis.hu\/urologia\/wp-json\/wp\/v2\/users\/102082"}],"replies":[{"embeddable":true,"href":"https:\/\/semmelweis.hu\/urologia\/wp-json\/wp\/v2\/comments?post=3886"}],"version-history":[{"count":2,"href":"https:\/\/semmelweis.hu\/urologia\/wp-json\/wp\/v2\/pages\/3886\/revisions"}],"predecessor-version":[{"id":3888,"href":"https:\/\/semmelweis.hu\/urologia\/wp-json\/wp\/v2\/pages\/3886\/revisions\/3888"}],"up":[{"embeddable":true,"href":"https:\/\/semmelweis.hu\/urologia\/wp-json\/wp\/v2\/pages\/1170"}],"wp:attachment":[{"href":"https:\/\/semmelweis.hu\/urologia\/wp-json\/wp\/v2\/media?parent=3886"}],"wp:term":[{"taxonomy":"category","embeddable":true,"href":"https:\/\/semmelweis.hu\/urologia\/wp-json\/wp\/v2\/categories?post=3886"},{"taxonomy":"post_tag","embeddable":true,"href":"https:\/\/semmelweis.hu\/urologia\/wp-json\/wp\/v2\/tags?post=3886"}],"curies":[{"name":"wp","href":"https:\/\/api.w.org\/{rel}","templated":true}]}}