{"id":3837,"date":"2022-08-03T11:19:22","date_gmt":"2022-08-03T09:19:22","guid":{"rendered":"https:\/\/semmelweis.hu\/urologia\/?page_id=3837"},"modified":"2022-09-07T10:00:29","modified_gmt":"2022-09-07T08:00:29","slug":"galeria-2022","status":"publish","type":"page","link":"https:\/\/semmelweis.hu\/urologia\/altalanos-informaciok\/galeria\/galeria-2022\/","title":{"rendered":"Gal\u00e9ria 2022"},"content":{"rendered":"<p>Magyar Uroonkol\u00f3giai T\u00e1rsas\u00e1g XII. Kongresszusa 2022. 05.20.<\/p>\n<p><img loading=\"lazy\" decoding=\"async\" class=\"wp-image-3825 size-medium alignleft\" src=\"https:\/\/semmelweis.hu\/urologia\/files\/2022\/08\/DSC_0132-MUOT-2022-300x200.jpg\" alt=\"\" width=\"300\" height=\"200\" srcset=\"https:\/\/semmelweis.hu\/urologia\/files\/2022\/08\/DSC_0132-MUOT-2022-300x200.jpg 300w, https:\/\/semmelweis.hu\/urologia\/files\/2022\/08\/DSC_0132-MUOT-2022-1024x683.jpg 1024w, https:\/\/semmelweis.hu\/urologia\/files\/2022\/08\/DSC_0132-MUOT-2022-768x512.jpg 768w, https:\/\/semmelweis.hu\/urologia\/files\/2022\/08\/DSC_0132-MUOT-2022-450x300.jpg 450w, https:\/\/semmelweis.hu\/urologia\/files\/2022\/08\/DSC_0132-MUOT-2022-1536x1025.jpg 1536w, https:\/\/semmelweis.hu\/urologia\/files\/2022\/08\/DSC_0132-MUOT-2022-2048x1367.jpg 2048w\" sizes=\"auto, (max-width: 300px) 100vw, 300px\" \/><img loading=\"lazy\" decoding=\"async\" class=\"size-medium wp-image-3823 alignnone\" src=\"https:\/\/semmelweis.hu\/urologia\/files\/2022\/08\/DSC_0038-MUOT-2022-300x200.jpg\" alt=\"\" width=\"300\" height=\"200\" data-wp-editing=\"1\" srcset=\"https:\/\/semmelweis.hu\/urologia\/files\/2022\/08\/DSC_0038-MUOT-2022-300x200.jpg 300w, https:\/\/semmelweis.hu\/urologia\/files\/2022\/08\/DSC_0038-MUOT-2022-1024x683.jpg 1024w, https:\/\/semmelweis.hu\/urologia\/files\/2022\/08\/DSC_0038-MUOT-2022-768x512.jpg 768w, https:\/\/semmelweis.hu\/urologia\/files\/2022\/08\/DSC_0038-MUOT-2022-450x300.jpg 450w, https:\/\/semmelweis.hu\/urologia\/files\/2022\/08\/DSC_0038-MUOT-2022-1536x1025.jpg 1536w, https:\/\/semmelweis.hu\/urologia\/files\/2022\/08\/DSC_0038-MUOT-2022-2048x1366.jpg 2048w\" sizes=\"auto, (max-width: 300px) 100vw, 300px\" \/><img loading=\"lazy\" decoding=\"async\" class=\"alignnone wp-image-3824 size-large\" src=\"https:\/\/semmelweis.hu\/urologia\/files\/2022\/08\/DSC_0125-MUOT-2022-1024x468.jpg\" alt=\"\" width=\"690\" height=\"315\" srcset=\"https:\/\/semmelweis.hu\/urologia\/files\/2022\/08\/DSC_0125-MUOT-2022-1024x468.jpg 1024w, https:\/\/semmelweis.hu\/urologia\/files\/2022\/08\/DSC_0125-MUOT-2022-300x137.jpg 300w, https:\/\/semmelweis.hu\/urologia\/files\/2022\/08\/DSC_0125-MUOT-2022-768x351.jpg 768w, https:\/\/semmelweis.hu\/urologia\/files\/2022\/08\/DSC_0125-MUOT-2022-580x265.jpg 580w, https:\/\/semmelweis.hu\/urologia\/files\/2022\/08\/DSC_0125-MUOT-2022-1536x701.jpg 1536w, https:\/\/semmelweis.hu\/urologia\/files\/2022\/08\/DSC_0125-MUOT-2022-2048x935.jpg 2048w\" sizes=\"auto, (max-width: 690px) 100vw, 690px\" \/>\u00a0<\/p>\n","protected":false},"excerpt":{"rendered":"<p>Magyar Uroonkol\u00f3giai T\u00e1rsas\u00e1g XII. Kongresszusa 2022. 05.20.<br \/>\n\u00a0<\/p>\n","protected":false},"author":102082,"featured_media":0,"parent":1170,"menu_order":14,"comment_status":"closed","ping_status":"closed","template":"","meta":{"_acf_changed":false,"footnotes":""},"categories":[],"tags":[],"class_list":["post-3837","page","type-page","status-publish","hentry"],"acf":[],"_links":{"self":[{"href":"https:\/\/semmelweis.hu\/urologia\/wp-json\/wp\/v2\/pages\/3837","targetHints":{"allow":["GET"]}}],"collection":[{"href":"https:\/\/semmelweis.hu\/urologia\/wp-json\/wp\/v2\/pages"}],"about":[{"href":"https:\/\/semmelweis.hu\/urologia\/wp-json\/wp\/v2\/types\/page"}],"author":[{"embeddable":true,"href":"https:\/\/semmelweis.hu\/urologia\/wp-json\/wp\/v2\/users\/102082"}],"replies":[{"embeddable":true,"href":"https:\/\/semmelweis.hu\/urologia\/wp-json\/wp\/v2\/comments?post=3837"}],"version-history":[{"count":3,"href":"https:\/\/semmelweis.hu\/urologia\/wp-json\/wp\/v2\/pages\/3837\/revisions"}],"predecessor-version":[{"id":3840,"href":"https:\/\/semmelweis.hu\/urologia\/wp-json\/wp\/v2\/pages\/3837\/revisions\/3840"}],"up":[{"embeddable":true,"href":"https:\/\/semmelweis.hu\/urologia\/wp-json\/wp\/v2\/pages\/1170"}],"wp:attachment":[{"href":"https:\/\/semmelweis.hu\/urologia\/wp-json\/wp\/v2\/media?parent=3837"}],"wp:term":[{"taxonomy":"category","embeddable":true,"href":"https:\/\/semmelweis.hu\/urologia\/wp-json\/wp\/v2\/categories?post=3837"},{"taxonomy":"post_tag","embeddable":true,"href":"https:\/\/semmelweis.hu\/urologia\/wp-json\/wp\/v2\/tags?post=3837"}],"curies":[{"name":"wp","href":"https:\/\/api.w.org\/{rel}","templated":true}]}}