{"id":3835,"date":"2022-08-03T11:22:48","date_gmt":"2022-08-03T09:22:48","guid":{"rendered":"https:\/\/semmelweis.hu\/urologia\/?page_id=3835"},"modified":"2022-09-07T10:00:15","modified_gmt":"2022-09-07T08:00:15","slug":"galeria-2020","status":"publish","type":"page","link":"https:\/\/semmelweis.hu\/urologia\/altalanos-informaciok\/galeria\/galeria-2020\/","title":{"rendered":"Gal\u00e9ria 2020"},"content":{"rendered":"<p>Prof. Kelemen Zsolt b\u00facs\u00faztat\u00f3 2020.02.01.<\/p>\n<p><img loading=\"lazy\" decoding=\"async\" class=\"alignnone wp-image-3817 size-medium\" src=\"https:\/\/semmelweis.hu\/urologia\/files\/2022\/08\/Bucsuztato-17-300x95.jpg\" alt=\"\" width=\"300\" height=\"95\" srcset=\"https:\/\/semmelweis.hu\/urologia\/files\/2022\/08\/Bucsuztato-17-300x95.jpg 300w, https:\/\/semmelweis.hu\/urologia\/files\/2022\/08\/Bucsuztato-17-1024x325.jpg 1024w, https:\/\/semmelweis.hu\/urologia\/files\/2022\/08\/Bucsuztato-17-768x244.jpg 768w, https:\/\/semmelweis.hu\/urologia\/files\/2022\/08\/Bucsuztato-17-580x184.jpg 580w, https:\/\/semmelweis.hu\/urologia\/files\/2022\/08\/Bucsuztato-17-1536x487.jpg 1536w, https:\/\/semmelweis.hu\/urologia\/files\/2022\/08\/Bucsuztato-17-2048x650.jpg 2048w\" sizes=\"auto, (max-width: 300px) 100vw, 300px\" \/><\/p>\n<p>&nbsp;<\/p>\n<p>100 \u00e9ves az Urol\u00f3giai Klinika: Szent Liborius szobor felavat\u00e1sa 2020. 05.22.<\/p>\n<p><img loading=\"lazy\" decoding=\"async\" class=\"alignnone wp-image-3847 size-medium\" src=\"https:\/\/semmelweis.hu\/urologia\/files\/2022\/08\/100-eves-az-Urologiai-Klinika-300x191.jpg\" alt=\"\" width=\"300\" height=\"191\" \/><img loading=\"lazy\" decoding=\"async\" class=\"alignnone wp-image-3822 size-medium\" src=\"https:\/\/semmelweis.hu\/urologia\/files\/2022\/08\/DSC_9351_Urologia_szoboravato_2020-300x200.jpg\" alt=\"\" width=\"300\" height=\"200\" srcset=\"https:\/\/semmelweis.hu\/urologia\/files\/2022\/08\/DSC_9351_Urologia_szoboravato_2020-300x200.jpg 300w, https:\/\/semmelweis.hu\/urologia\/files\/2022\/08\/DSC_9351_Urologia_szoboravato_2020-1024x683.jpg 1024w, https:\/\/semmelweis.hu\/urologia\/files\/2022\/08\/DSC_9351_Urologia_szoboravato_2020-768x512.jpg 768w, https:\/\/semmelweis.hu\/urologia\/files\/2022\/08\/DSC_9351_Urologia_szoboravato_2020-450x300.jpg 450w, https:\/\/semmelweis.hu\/urologia\/files\/2022\/08\/DSC_9351_Urologia_szoboravato_2020-1536x1024.jpg 1536w, https:\/\/semmelweis.hu\/urologia\/files\/2022\/08\/DSC_9351_Urologia_szoboravato_2020-2048x1365.jpg 2048w\" sizes=\"auto, (max-width: 300px) 100vw, 300px\" \/><\/p>\n<p>\u00a0<img loading=\"lazy\" decoding=\"async\" class=\"wp-image-3821 size-thumbnail alignleft\" src=\"https:\/\/semmelweis.hu\/urologia\/files\/2022\/08\/DSC_9189_Urologia_szoboravato_2020-150x150.jpg\" alt=\"\" width=\"150\" height=\"150\" srcset=\"https:\/\/semmelweis.hu\/urologia\/files\/2022\/08\/DSC_9189_Urologia_szoboravato_2020-150x150.jpg 150w, https:\/\/semmelweis.hu\/urologia\/files\/2022\/08\/DSC_9189_Urologia_szoboravato_2020-90x90.jpg 90w\" sizes=\"auto, (max-width: 150px) 100vw, 150px\" \/><img loading=\"lazy\" decoding=\"async\" class=\"wp-image-3820 size-thumbnail alignleft\" src=\"https:\/\/semmelweis.hu\/urologia\/files\/2022\/08\/DSC_9036_Urologia_szoboravato_2020-150x150.jpg\" alt=\"\" width=\"150\" height=\"150\" srcset=\"https:\/\/semmelweis.hu\/urologia\/files\/2022\/08\/DSC_9036_Urologia_szoboravato_2020-150x150.jpg 150w, https:\/\/semmelweis.hu\/urologia\/files\/2022\/08\/DSC_9036_Urologia_szoboravato_2020-90x90.jpg 90w\" sizes=\"auto, (max-width: 150px) 100vw, 150px\" \/><\/p>\n<p>&nbsp;<\/p>\n<p>&nbsp;<\/p>\n<p>&nbsp;<\/p>\n<p>&nbsp;<\/p>\n<p>Tabl\u00f3k\u00e9p 2020<\/p>\n<p><img loading=\"lazy\" decoding=\"async\" class=\"alignnone size-medium wp-image-3889\" src=\"https:\/\/semmelweis.hu\/urologia\/files\/2022\/08\/tablo20200915_vegleges_page-0001-300x210.jpg\" alt=\"\" width=\"300\" height=\"210\" srcset=\"https:\/\/semmelweis.hu\/urologia\/files\/2022\/08\/tablo20200915_vegleges_page-0001-300x210.jpg 300w, https:\/\/semmelweis.hu\/urologia\/files\/2022\/08\/tablo20200915_vegleges_page-0001-1024x717.jpg 1024w, https:\/\/semmelweis.hu\/urologia\/files\/2022\/08\/tablo20200915_vegleges_page-0001-768x538.jpg 768w, https:\/\/semmelweis.hu\/urologia\/files\/2022\/08\/tablo20200915_vegleges_page-0001-429x300.jpg 429w, https:\/\/semmelweis.hu\/urologia\/files\/2022\/08\/tablo20200915_vegleges_page-0001-1536x1075.jpg 1536w, https:\/\/semmelweis.hu\/urologia\/files\/2022\/08\/tablo20200915_vegleges_page-0001-2048x1434.jpg 2048w\" sizes=\"auto, (max-width: 300px) 100vw, 300px\" \/><\/p>\n","protected":false},"excerpt":{"rendered":"<p>Prof. Kelemen Zsolt b\u00facs\u00faztat\u00f3 2020.02.01.<\/p>\n<p>&nbsp;<br \/>\n100 \u00e9ves az Urol\u00f3giai Klinika: Szent Liborius szobor felavat\u00e1sa 2020. 05.22.<\/p>\n<p>\u00a0<br \/>\n&nbsp;<br \/>\n&nbsp;<br \/>\n&nbsp;<br \/>\n&nbsp;<br \/>\nTabl\u00f3k\u00e9p 2020<\/p>\n","protected":false},"author":102082,"featured_media":0,"parent":1170,"menu_order":16,"comment_status":"closed","ping_status":"closed","template":"","meta":{"_acf_changed":false,"footnotes":""},"categories":[],"tags":[],"class_list":["post-3835","page","type-page","status-publish","hentry"],"acf":[],"_links":{"self":[{"href":"https:\/\/semmelweis.hu\/urologia\/wp-json\/wp\/v2\/pages\/3835","targetHints":{"allow":["GET"]}}],"collection":[{"href":"https:\/\/semmelweis.hu\/urologia\/wp-json\/wp\/v2\/pages"}],"about":[{"href":"https:\/\/semmelweis.hu\/urologia\/wp-json\/wp\/v2\/types\/page"}],"author":[{"embeddable":true,"href":"https:\/\/semmelweis.hu\/urologia\/wp-json\/wp\/v2\/users\/102082"}],"replies":[{"embeddable":true,"href":"https:\/\/semmelweis.hu\/urologia\/wp-json\/wp\/v2\/comments?post=3835"}],"version-history":[{"count":9,"href":"https:\/\/semmelweis.hu\/urologia\/wp-json\/wp\/v2\/pages\/3835\/revisions"}],"predecessor-version":[{"id":3891,"href":"https:\/\/semmelweis.hu\/urologia\/wp-json\/wp\/v2\/pages\/3835\/revisions\/3891"}],"up":[{"embeddable":true,"href":"https:\/\/semmelweis.hu\/urologia\/wp-json\/wp\/v2\/pages\/1170"}],"wp:attachment":[{"href":"https:\/\/semmelweis.hu\/urologia\/wp-json\/wp\/v2\/media?parent=3835"}],"wp:term":[{"taxonomy":"category","embeddable":true,"href":"https:\/\/semmelweis.hu\/urologia\/wp-json\/wp\/v2\/categories?post=3835"},{"taxonomy":"post_tag","embeddable":true,"href":"https:\/\/semmelweis.hu\/urologia\/wp-json\/wp\/v2\/tags?post=3835"}],"curies":[{"name":"wp","href":"https:\/\/api.w.org\/{rel}","templated":true}]}}