{"id":368,"date":"2014-03-11T12:24:36","date_gmt":"2014-03-11T11:24:36","guid":{"rendered":"http:\/\/semmelweis.hu\/urologia\/?page_id=368"},"modified":"2023-05-23T13:51:48","modified_gmt":"2023-05-23T11:51:48","slug":"rekonstrukcios-genitalis-sebeszet","status":"publish","type":"page","link":"https:\/\/semmelweis.hu\/urologia\/kutatasi-teruletek\/rekonstrukcios-genitalis-sebeszet\/","title":{"rendered":"Rekonstrukci\u00f3s genit\u00e1lis seb\u00e9szet"},"content":{"rendered":"<p>1. A rekonstrukci\u00f3s seb\u00e9szeti munkacsoport a p\u00e9niszg\u00f6rb\u00fcletek k\u00f3roki t\u00e9nyez\u0151inek \u00e9s a kezel\u00e9si lehet\u0151s\u00e9geinek vizsg\u00e1lat\u00e1t v\u00e9gzi.<br \/>\n2. A h\u00fagycs\u0151sz\u0171k\u00fcletek patomechanikai jellegzetess\u00e9geit tanulm\u00e1nyozz\u00e1k k\u00fcl\u00f6n\u00f6s tekintettel a Lichen sclerosus et athrophicus jelent\u0151s\u00e9g\u00e9re.<br \/>\n3. A h\u00fagycs\u0151 p\u00f3tl\u00e1s\u00e1nak m\u00f3dszereit kutatj\u00e1k, ezen bel\u00fcl k\u00fcl\u00f6nb\u00f6z\u0151 saj\u00e1t sz\u00f6vetek felhaszn\u00e1l\u00e1s\u00e1nak lehet\u0151s\u00e9geit.<br \/>\n4. Vizsg\u00e1lj\u00e1k a k\u00fcls\u0151 nemi szerveken lezajl\u00f3, k\u00fcl\u00f6nb\u00f6z\u0151 eredet\u0171, heveny \u00e9s id\u00fclt nekrotikus folyamatok seb\u00e9szeti ter\u00e1pi\u00e1j\u00e1nak lehet\u0151s\u00e9geit \u00e9s a betegek hossz\u00fa t\u00e1v\u00fa k\u00f6vet\u00e9s\u00e9t v\u00e9gzik.<br \/>\n5. A p\u00e9nisz-seb\u00e9szet mereved\u00e9si panaszokra gyakorolt hat\u00e1sa is a vizsg\u00e1lat t\u00e1rgy\u00e1t k\u00e9pezi a klinika Androl\u00f3giai Centrum\u00e1val k\u00f6z\u00f6s kutat\u00e1sk\u00e9nt.<\/p>\n","protected":false},"excerpt":{"rendered":"<p>1. A rekonstrukci\u00f3s seb\u00e9szeti munkacsoport a p\u00e9niszg\u00f6rb\u00fcletek k\u00f3roki t\u00e9nyez\u0151inek \u00e9s a kezel\u00e9si lehet\u0151s\u00e9geinek vizsg\u00e1lat\u00e1t v\u00e9gzi. 2. A h\u00fagycs\u0151sz\u0171k\u00fcletek patomechanikai jellegzetess\u00e9geit tanulm\u00e1nyozz\u00e1k k\u00fcl\u00f6n\u00f6s tekintettel a Lichen sclerosus et athrophicus jelent\u0151s\u00e9g\u00e9re. 3. A h\u00fagycs\u0151 p\u00f3tl\u00e1s\u00e1nak m\u00f3dszereit kutatj\u00e1k, ezen bel\u00fcl k\u00fcl\u00f6nb\u00f6z\u0151 saj\u00e1t sz\u00f6vetek felhaszn\u00e1l\u00e1s\u00e1nak lehet\u0151s\u00e9geit. 4. Vizsg\u00e1lj\u00e1k a k\u00fcls\u0151 nemi szerveken lezajl\u00f3, k\u00fcl\u00f6nb\u00f6z\u0151 eredet\u0171, heveny \u00e9s id\u00fclt nekrotikus &hellip;<\/p>\n","protected":false},"author":316,"featured_media":0,"parent":13,"menu_order":1,"comment_status":"open","ping_status":"closed","template":"","meta":{"_acf_changed":false,"footnotes":""},"categories":[],"tags":[],"class_list":["post-368","page","type-page","status-publish","hentry"],"acf":[],"_links":{"self":[{"href":"https:\/\/semmelweis.hu\/urologia\/wp-json\/wp\/v2\/pages\/368","targetHints":{"allow":["GET"]}}],"collection":[{"href":"https:\/\/semmelweis.hu\/urologia\/wp-json\/wp\/v2\/pages"}],"about":[{"href":"https:\/\/semmelweis.hu\/urologia\/wp-json\/wp\/v2\/types\/page"}],"author":[{"embeddable":true,"href":"https:\/\/semmelweis.hu\/urologia\/wp-json\/wp\/v2\/users\/316"}],"replies":[{"embeddable":true,"href":"https:\/\/semmelweis.hu\/urologia\/wp-json\/wp\/v2\/comments?post=368"}],"version-history":[{"count":6,"href":"https:\/\/semmelweis.hu\/urologia\/wp-json\/wp\/v2\/pages\/368\/revisions"}],"predecessor-version":[{"id":4321,"href":"https:\/\/semmelweis.hu\/urologia\/wp-json\/wp\/v2\/pages\/368\/revisions\/4321"}],"up":[{"embeddable":true,"href":"https:\/\/semmelweis.hu\/urologia\/wp-json\/wp\/v2\/pages\/13"}],"wp:attachment":[{"href":"https:\/\/semmelweis.hu\/urologia\/wp-json\/wp\/v2\/media?parent=368"}],"wp:term":[{"taxonomy":"category","embeddable":true,"href":"https:\/\/semmelweis.hu\/urologia\/wp-json\/wp\/v2\/categories?post=368"},{"taxonomy":"post_tag","embeddable":true,"href":"https:\/\/semmelweis.hu\/urologia\/wp-json\/wp\/v2\/tags?post=368"}],"curies":[{"name":"wp","href":"https:\/\/api.w.org\/{rel}","templated":true}]}}