{"id":3647,"date":"2020-09-14T10:16:56","date_gmt":"2020-09-14T08:16:56","guid":{"rendered":"https:\/\/semmelweis.hu\/urologia\/?page_id=3647"},"modified":"2023-05-28T07:55:18","modified_gmt":"2023-05-28T05:55:18","slug":"german-practice","status":"publish","type":"page","link":"https:\/\/semmelweis.hu\/urologia\/en\/for-students\/german-practice\/","title":{"rendered":"German practice"},"content":{"rendered":"<div class=\"keretes w-100\">\n<p>Liebe Studentinnen und Studenten!<\/p>\n<p>Wir freuen uns, Sie in der Abteilung f\u00fcr Urologie begr\u00fc\u00dfen zu d\u00fcrfen und hoffen, dass Ihnen Ihr neues Fach, die Urologie, Spa\u00df macht.<\/p>\n<p>Zum Abschluss des Semesters m\u00fcssen Sie eine 10-min\u00fctige Pr\u00e4sentation halten. Sie m\u00fcssen eine Krankheit\/ein Thema w\u00e4hlen, was Sie durch einen Fallbericht vorstellen. Weiters auf dem letzten Dia m\u00fcssen Sie mindestens zwei Fragen mit 4 Antwortm\u00f6glichkeiten an Ihre Studienkollegen stellen (simple choice).<\/p>\n<p>Sie m\u00fcssen die Pr\u00e4sentation am 2. Montag der \u00dcbung vortragen, und Ihr Lehrer\/in wird Ihre \u00dcbung (1-5) benoten, welche eigentlich die Voraussetzung f\u00fcr die Pr\u00fcfung ist.<\/p>\n<\/div>\n<ol>\n<li>Stenosen in den Harnwegen<\/li>\n<li>Urologischer Notfall<\/li>\n<li>Postrenale Niereninsuffizienz<\/li>\n<li>Harnableitungen<\/li>\n<li>H\u00e4maturie<\/li>\n<li>Pyelonephritis<\/li>\n<li>Zystitis und Harnr\u00f6hrenentz\u00fcndung<\/li>\n<li>Entz\u00fcndungen der Prostata und der m\u00e4nnlichen Genitalien<\/li>\n<li>Urolithiasis (Steine im Harnweg)<\/li>\n<li>BPH<\/li>\n<li>Harninkontinenz, Urodynamik<\/li>\n<li>Urogenitale Prolapsbeschwerden<\/li>\n<li>Impotenz<\/li>\n<li>M\u00e4nnliche Infertilit\u00e4t<\/li>\n<li>Entwicklungsst\u00f6rungen der Harnwegen<\/li>\n<li><em>Nierentumoren<\/em><\/li>\n<li><em>Tumoren des Pyelons und des Harnleiters<\/em><\/li>\n<li><em>Oberfl\u00e4chlicher Blasenkrebs<\/em><\/li>\n<li><em>Muskelinvasiver Blasenkrebs<\/em><\/li>\n<li><em>Prostatakrebs, chirurgische Therapie<\/em><\/li>\n<li><em>Behandlung von fortgeschrittenem Prostatakrebs<\/em><\/li>\n<li><em>Tumoren des Penis<\/em><\/li>\n<li><em>Hodentumoren<\/em><\/li>\n<\/ol>\n<p><strong>Zusammenfassung<\/strong><\/p>\n<ul>\n<li>10-min\u00fctige Pr\u00e4sentation (mit Dias)<\/li>\n<li>Fallbericht + Themenzusammenfassung<\/li>\n<li>2 Fragen mit 4 Antwortm\u00f6glichkeiten (simple choice)<\/li>\n<\/ul>\n","protected":false},"excerpt":{"rendered":"<p>Liebe Studentinnen und Studenten! Wir freuen uns, Sie in der Abteilung f\u00fcr Urologie begr\u00fc\u00dfen zu d\u00fcrfen und hoffen, dass Ihnen Ihr neues Fach, die Urologie, Spa\u00df macht. Zum Abschluss des Semesters m\u00fcssen Sie eine 10-min\u00fctige Pr\u00e4sentation halten. Sie m\u00fcssen eine Krankheit\/ein Thema w\u00e4hlen, was Sie durch einen Fallbericht vorstellen. Weiters auf dem letzten Dia m\u00fcssen &hellip;<\/p>\n","protected":false},"author":101433,"featured_media":0,"parent":1821,"menu_order":7,"comment_status":"closed","ping_status":"closed","template":"","meta":{"_acf_changed":false,"footnotes":""},"categories":[],"tags":[],"class_list":["post-3647","page","type-page","status-publish","hentry"],"acf":[],"_links":{"self":[{"href":"https:\/\/semmelweis.hu\/urologia\/wp-json\/wp\/v2\/pages\/3647","targetHints":{"allow":["GET"]}}],"collection":[{"href":"https:\/\/semmelweis.hu\/urologia\/wp-json\/wp\/v2\/pages"}],"about":[{"href":"https:\/\/semmelweis.hu\/urologia\/wp-json\/wp\/v2\/types\/page"}],"author":[{"embeddable":true,"href":"https:\/\/semmelweis.hu\/urologia\/wp-json\/wp\/v2\/users\/101433"}],"replies":[{"embeddable":true,"href":"https:\/\/semmelweis.hu\/urologia\/wp-json\/wp\/v2\/comments?post=3647"}],"version-history":[{"count":2,"href":"https:\/\/semmelweis.hu\/urologia\/wp-json\/wp\/v2\/pages\/3647\/revisions"}],"predecessor-version":[{"id":4491,"href":"https:\/\/semmelweis.hu\/urologia\/wp-json\/wp\/v2\/pages\/3647\/revisions\/4491"}],"up":[{"embeddable":true,"href":"https:\/\/semmelweis.hu\/urologia\/wp-json\/wp\/v2\/pages\/1821"}],"wp:attachment":[{"href":"https:\/\/semmelweis.hu\/urologia\/wp-json\/wp\/v2\/media?parent=3647"}],"wp:term":[{"taxonomy":"category","embeddable":true,"href":"https:\/\/semmelweis.hu\/urologia\/wp-json\/wp\/v2\/categories?post=3647"},{"taxonomy":"post_tag","embeddable":true,"href":"https:\/\/semmelweis.hu\/urologia\/wp-json\/wp\/v2\/tags?post=3647"}],"curies":[{"name":"wp","href":"https:\/\/api.w.org\/{rel}","templated":true}]}}