{"id":333,"date":"2014-03-11T09:34:52","date_gmt":"2014-03-11T09:34:52","guid":{"rendered":"http:\/\/semmelweis.hu\/urologia\/?page_id=333"},"modified":"2025-12-01T10:43:54","modified_gmt":"2025-12-01T09:43:54","slug":"a-klinika-orvosai","status":"publish","type":"page","link":"https:\/\/semmelweis.hu\/urologia\/altalanos-informaciok\/a-klinika-orvosai\/","title":{"rendered":"A klinika orvosai"},"content":{"rendered":"<p><strong>Szakmai \u00e9letrajz<\/strong><br \/>\n<a href=\"https:\/\/semmelweis.hu\/urologia\/nyirady-peter\/\" rel=\"noopener noreferrer\">Prof. Dr. Nyir\u00e1dy P\u00e9ter<\/a> egyetemi tan\u00e1r &#8211; igazgat\u00f3<br \/>\n<a href=\"https:\/\/semmelweis.hu\/urologia\/keszthelyi-attila\/\">Dr. Keszthelyi Attila<\/a> egyetemi docens &#8211; \u00e1ltal\u00e1nos klinikaigazgat\u00f3-helyettes<br \/>\n<a href=\"https:\/\/semmelweis.hu\/urologia\/majoros-attila\/\" target=\"_blank\" rel=\"noopener noreferrer\">Dr. Majoros Attila<\/a> habilit\u00e1lt egyetemi docens<br \/>\n<a href=\"https:\/\/semmelweis.hu\/urologia\/riesz-peter\/\" target=\"_blank\" rel=\"noopener noreferrer\">Dr. Riesz P\u00e9ter<\/a> habilit\u00e1lt egyetemi docens<br \/>\n<a href=\"https:\/\/semmelweis.hu\/urologia\/kopa-zsolt\/\" target=\"_blank\" rel=\"noopener noreferrer\">Dr. Kopa Zsolt<\/a> egyetemi docens<br \/>\n<a href=\"https:\/\/semmelweis.hu\/urologia\/szucs-miklos\/\">Dr. Sz\u0171cs Mikl\u00f3s<\/a> klinikai f\u0151orvos<br \/>\n<a href=\"https:\/\/semmelweis.hu\/urologia\/banfi-gergely\/\" target=\"_blank\" rel=\"noopener noreferrer\">Dr. B\u00e1nfi Gergely<\/a> egyetemi adjunktus<br \/>\n<a href=\"https:\/\/semmelweis.hu\/urologia\/horvath-andras\/\" target=\"_blank\" rel=\"noopener noreferrer\">Dr. Horv\u00e1th Andr\u00e1s<\/a> egyetemi adjunktus<br \/>\n<a href=\"https:\/\/semmelweis.hu\/urologia\/hu\/szendroi-attila\/\" target=\"_blank\" rel=\"noopener noreferrer\">Dr. Szendr\u0151i Attila <\/a>egyetemi adjunktus<br \/>\n<a href=\"https:\/\/semmelweis.hu\/urologia\/romics-miklos\/\" target=\"_blank\" rel=\"noopener noreferrer\">Dr. Romics Mikl\u00f3s<\/a> egyetemi adjunktus<br \/>\n<a href=\"https:\/\/semmelweis.hu\/urologia\/altalanos-informaciok\/a-klinika-orvosai\/becsi-aron\/\" target=\"_blank\" rel=\"noopener noreferrer\">Dr. B\u00e9csi \u00c1ron<\/a> klinikai szakorvos<br \/>\n<a href=\"https:\/\/semmelweis.hu\/urologia\/altalanos-informaciok\/a-klinika-orvosai\/4224-2\/\">Dr. Fazekas Tam\u00e1s <\/a>klinikai szakorvos<br \/>\n<a href=\"https:\/\/semmelweis.hu\/urologia\/huttl-andras\/\" target=\"_blank\" rel=\"noopener noreferrer\">Dr. H\u00fcttl Andr\u00e1s<\/a> klinikai szakorvos<br \/>\n<a href=\"https:\/\/semmelweis.hu\/urologia\/altalanos-informaciok\/a-klinika-orvosai\/juhasz-daniel\/\">Dr. Juh\u00e1sz D\u00e1niel <\/a>klinikai szakorvos<br \/>\n<a href=\"https:\/\/semmelweis.hu\/urologia\/kovacs-petra-terezia\/\">Dr. Kov\u00e1cs Petra Ter\u00e9zia<\/a> klinikai szakorvos<br \/>\n<a href=\"https:\/\/semmelweis.hu\/urologia\/kubik-andras\/\">Dr. Kubik Andr\u00e1s<\/a> klinikai szakorvos<br \/>\n<a href=\"mailto:molnar.peter1@med.semmelweis-univ.hu\">Dr. Moln\u00e1r P\u00e9ter J\u00f3zsef<\/a> klinikai szakorvos<br \/>\n<a href=\"https:\/\/semmelweis.hu\/urologia\/altalanos-informaciok\/a-klinika-orvosai\/modos-orsolya\/\">Dr. M\u00f3dos Orsolya<\/a> klinikai szakorvos<br \/>\n<a href=\"https:\/\/semmelweis.hu\/urologia\/szalontai-janos\/\" target=\"_blank\" rel=\"noopener noreferrer\">Dr. Szalontai J\u00e1nos<\/a> klinikai szakorvos<br \/>\n<a href=\"https:\/\/semmelweis.hu\/urologia\/szell-tamas\/\" target=\"_blank\" rel=\"noopener noreferrer\">Dr. Sz\u00e9ll Tam\u00e1s<\/a> klinikai szakorvos<br \/>\n<a href=\"https:\/\/semmelweis.hu\/urologia\/vargha-judit\/\" target=\"_blank\" rel=\"noopener noreferrer\">Dr. Vargha Judit<\/a> klinikai szakorvos<\/p>\n<p><em><span style=\"text-decoration: underline\">Rezidensek<br \/>\n<\/span><\/em>Dr. \u00c1cs J\u00falia<br \/>\nDr. Bacs\u00f3 D\u00e1niel<br \/>\n<span style=\"font-size: 1rem\">Dr. D\u00e9r B\u00e1lint<br \/>\n<\/span><a href=\"mailto:kocsmar.ildiko@med.semmelweis-univ.hu\">Dr. Kocsm\u00e1r Ildik\u00f3<\/a><br \/>\n<a href=\"mailto:nagy.noemi_dalma@med.semmelweis-univ.hu\">Dr. Nagy No\u00e9mi Dalma<\/a><br \/>\nDr. So\u00f3s \u00c1ron<br \/>\nDr. Szab\u00f3 Anett<br \/>\n<a href=\"mailto:szeles.adam@med.semmelweis-univ.hu\">Dr. Sz\u00e9les \u00c1d\u00e1m<\/a><\/p>\n<p><span style=\"text-decoration: underline\"><em>\u00d6nk\u00e9ntes seg\u00edt\u0151 orvosok<br \/>\n<\/em><\/span><a href=\"https:\/\/semmelweis.hu\/urologia\/panovics-jozsef\/\" target=\"_blank\" rel=\"noopener noreferrer\">Dr. P\u00e1novics J\u00f3zsef<\/a> ny. egyetemi docens<br \/>\n<a href=\"https:\/\/semmelweis.hu\/urologia\/hamvas-antal\/\" target=\"_blank\" rel=\"noopener noreferrer\">Dr. Hamvas Antal<\/a> ny. egyetemi docens<\/p>\n<p>&nbsp;<\/p>\n","protected":false},"excerpt":{"rendered":"<p>Szakmai \u00e9letrajz <a href=\"https:\/\/semmelweis.hu\/urologia\/nyirady-peter\/\" rel=\"noopener noreferrer\">Prof. Dr. Nyir\u00e1dy P\u00e9ter<\/a> egyetemi tan\u00e1r &#8211; igazgat\u00f3 <a href=\"https:\/\/semmelweis.hu\/urologia\/keszthelyi-attila\/\">Dr. Keszthelyi Attila<\/a> egyetemi docens &#8211; \u00e1ltal\u00e1nos klinikaigazgat\u00f3-helyettes <a href=\"https:\/\/semmelweis.hu\/urologia\/majoros-attila\/\" target=\"_blank\" rel=\"noopener noreferrer\">Dr. Majoros Attila<\/a> habilit\u00e1lt egyetemi docens <a href=\"https:\/\/semmelweis.hu\/urologia\/riesz-peter\/\" target=\"_blank\" rel=\"noopener noreferrer\">Dr. Riesz P\u00e9ter<\/a> habilit\u00e1lt egyetemi docens <a href=\"https:\/\/semmelweis.hu\/urologia\/kopa-zsolt\/\" target=\"_blank\" rel=\"noopener noreferrer\">Dr. Kopa Zsolt<\/a> egyetemi docens <a href=\"https:\/\/semmelweis.hu\/urologia\/szucs-miklos\/\">Dr. Sz\u0171cs Mikl\u00f3s<\/a> klinikai f\u0151orvos <a href=\"https:\/\/semmelweis.hu\/urologia\/banfi-gergely\/\" target=\"_blank\" rel=\"noopener noreferrer\">Dr. B\u00e1nfi Gergely<\/a> egyetemi adjunktus <a href=\"https:\/\/semmelweis.hu\/urologia\/horvath-andras\/\" target=\"_blank\" rel=\"noopener noreferrer\">Dr. Horv\u00e1th Andr\u00e1s<\/a> egyetemi adjunktus <a href=\"https:\/\/semmelweis.hu\/urologia\/hu\/szendroi-attila\/\" target=\"_blank\" rel=\"noopener noreferrer\">Dr. Szendr\u0151i Attila <\/a> egyetemi adjunktus <a href=\"https:\/\/semmelweis.hu\/urologia\/romics-miklos\/\" target=\"_blank\" rel=\"noopener noreferrer\">Dr. Romics Mikl\u00f3s<\/a> egyetemi adjunktus <a href=\"https:\/\/semmelweis.hu\/urologia\/altalanos-informaciok\/a-klinika-orvosai\/becsi-aron\/\" target=\"_blank\" rel=\"noopener noreferrer\">Dr. B\u00e9csi \u00c1ron<\/a> klinikai szakorvos <a href=\"https:\/\/semmelweis.hu\/urologia\/altalanos-informaciok\/a-klinika-orvosai\/4224-2\/\">Dr. Fazekas Tam\u00e1s <\/a> klinikai szakorvos <a href=\"https:\/\/semmelweis.hu\/urologia\/huttl-andras\/\" target=\"_blank\" rel=\"noopener noreferrer\">Dr. H\u00fcttl Andr\u00e1s<\/a> klinikai szakorvos <a href=\"https:\/\/semmelweis.hu\/urologia\/altalanos-informaciok\/a-klinika-orvosai\/juhasz-daniel\/\">Dr. Juh\u00e1sz D\u00e1niel <\/a> klinikai szakorvos <a href=\"https:\/\/semmelweis.hu\/urologia\/kovacs-petra-terezia\/\">Dr. Kov\u00e1cs Petra Ter\u00e9zia<\/a> klinikai szakorvos <a href=\"https:\/\/semmelweis.hu\/urologia\/kubik-andras\/\">Dr. Kubik Andr\u00e1s<\/a> klinikai szakorvos <a href=\"mailto:molnar.peter1@med.semmelweis-univ.hu\">Dr. Moln\u00e1r P\u00e9ter J\u00f3zsef<\/a> klinikai szakorvos <a href=\"https:\/\/semmelweis.hu\/urologia\/altalanos-informaciok\/a-klinika-orvosai\/modos-orsolya\/\">Dr. M\u00f3dos Orsolya<\/a> klinikai szakorvos <a href=\"https:\/\/semmelweis.hu\/urologia\/szalontai-janos\/\" target=\"_blank\" rel=\"noopener noreferrer\">Dr. Szalontai J\u00e1nos<\/a> klinikai szakorvos <a href=\"https:\/\/semmelweis.hu\/urologia\/szell-tamas\/\" target=\"_blank\" rel=\"noopener noreferrer\">Dr. Sz\u00e9ll Tam\u00e1s<\/a> klinikai szakorvos <a href=\"https:\/\/semmelweis.hu\/urologia\/vargha-judit\/\" target=\"_blank\" rel=\"noopener noreferrer\">Dr. Vargha Judit<\/a> klinikai szakorvos Rezidensek Dr. \u00c1cs J\u00falia &hellip;<\/p>\n","protected":false},"author":316,"featured_media":0,"parent":10,"menu_order":2,"comment_status":"closed","ping_status":"closed","template":"","meta":{"_acf_changed":false,"footnotes":""},"categories":[],"tags":[],"class_list":["post-333","page","type-page","status-publish","hentry"],"acf":[],"_links":{"self":[{"href":"https:\/\/semmelweis.hu\/urologia\/wp-json\/wp\/v2\/pages\/333","targetHints":{"allow":["GET"]}}],"collection":[{"href":"https:\/\/semmelweis.hu\/urologia\/wp-json\/wp\/v2\/pages"}],"about":[{"href":"https:\/\/semmelweis.hu\/urologia\/wp-json\/wp\/v2\/types\/page"}],"author":[{"embeddable":true,"href":"https:\/\/semmelweis.hu\/urologia\/wp-json\/wp\/v2\/users\/316"}],"replies":[{"embeddable":true,"href":"https:\/\/semmelweis.hu\/urologia\/wp-json\/wp\/v2\/comments?post=333"}],"version-history":[{"count":12,"href":"https:\/\/semmelweis.hu\/urologia\/wp-json\/wp\/v2\/pages\/333\/revisions"}],"predecessor-version":[{"id":4755,"href":"https:\/\/semmelweis.hu\/urologia\/wp-json\/wp\/v2\/pages\/333\/revisions\/4755"}],"up":[{"embeddable":true,"href":"https:\/\/semmelweis.hu\/urologia\/wp-json\/wp\/v2\/pages\/10"}],"wp:attachment":[{"href":"https:\/\/semmelweis.hu\/urologia\/wp-json\/wp\/v2\/media?parent=333"}],"wp:term":[{"taxonomy":"category","embeddable":true,"href":"https:\/\/semmelweis.hu\/urologia\/wp-json\/wp\/v2\/categories?post=333"},{"taxonomy":"post_tag","embeddable":true,"href":"https:\/\/semmelweis.hu\/urologia\/wp-json\/wp\/v2\/tags?post=333"}],"curies":[{"name":"wp","href":"https:\/\/api.w.org\/{rel}","templated":true}]}}