{"id":321,"date":"2014-03-11T09:11:26","date_gmt":"2014-03-11T08:11:26","guid":{"rendered":"http:\/\/semmelweis.hu\/urologia\/?page_id=321"},"modified":"2023-05-28T07:30:45","modified_gmt":"2023-05-28T05:30:45","slug":"terites-elleneben-vegzett-beavatkozasok","status":"publish","type":"page","link":"https:\/\/semmelweis.hu\/urologia\/betegellatas\/terites-elleneben-vegzett-beavatkozasok\/","title":{"rendered":"T\u00e9r\u00edt\u00e9si d\u00edjak"},"content":{"rendered":"<p style=\"text-align: left;\"><span style=\"font-size: 18pt;\">Magyar t\u00e1rsadalombiztos\u00edt\u00e1si azonos\u00edt\u00f3 jellel (TAJ) nem rendelkez\u0151k sz\u00e1m\u00e1ra ill. a v\u00e1r\u00f3lista kiv\u00e1r\u00e1sa n\u00e9lk\u00fcl, soron k\u00edv\u00fcl k\u00e9rt beavatkoz\u00e1sok eset\u00e9n a Semmelweis Eg\u00e9szs\u00e9g\u00fcgyi Kft. \u00e1rai szerint az al\u00e1bbi vizsg\u00e1latokra \u00e9s m\u0171t\u00e9tekre van lehet\u0151s\u00e9g.<\/span><\/p>\n<div class=\"keretes w-100\">\n<h5>ID\u0150PONT-EGYEZTET\u00c9S:<\/h5>\n<p style=\"text-align: left;\"><strong>Semmelweis Eg\u00e9szs\u00e9g\u00fcgyi Kft.<\/strong><\/p>\n<p style=\"text-align: left;\"><strong>Weboldal:<\/strong> <a href=\"https:\/\/semmelweiskft.hu\/\" target=\"_blank\" rel=\"noopener\">https:\/\/semmelweiskft.hu\/<\/a><\/p>\n<p style=\"text-align: left;\"><strong>Telefon:<\/strong> <a href=\"tel:+36206632666\">+36 20 663 2666<\/a><\/p>\n<\/div>\n","protected":false},"excerpt":{"rendered":"<p>Magyar t\u00e1rsadalombiztos\u00edt\u00e1si azonos\u00edt\u00f3 jellel (TAJ) nem rendelkez\u0151k sz\u00e1m\u00e1ra ill. a v\u00e1r\u00f3lista kiv\u00e1r\u00e1sa n\u00e9lk\u00fcl, soron k\u00edv\u00fcl k\u00e9rt beavatkoz\u00e1sok eset\u00e9n a Semmelweis Eg\u00e9szs\u00e9g\u00fcgyi Kft. \u00e1rai szerint az al\u00e1bbi vizsg\u00e1latokra \u00e9s m\u0171t\u00e9tekre van lehet\u0151s\u00e9g.<\/p>\n<p>ID\u0150PONT-EGYEZTET\u00c9S:<br \/>\nSemmelweis Eg\u00e9szs\u00e9g\u00fcgyi Kft.<br \/>\nWeboldal: <a href=\"https:\/\/semmelweiskft.hu\/\" target=\"_blank\" rel=\"noopener\">https:\/\/semmelweiskft.hu\/<\/a><br \/>\nTelefon: <a href=\"tel:+36206632666\">+36 20 663 2666<\/a><\/p>\n","protected":false},"author":316,"featured_media":0,"parent":2028,"menu_order":9,"comment_status":"open","ping_status":"closed","template":"","meta":{"_acf_changed":false,"footnotes":""},"categories":[],"tags":[],"class_list":["post-321","page","type-page","status-publish","hentry"],"acf":[],"_links":{"self":[{"href":"https:\/\/semmelweis.hu\/urologia\/wp-json\/wp\/v2\/pages\/321","targetHints":{"allow":["GET"]}}],"collection":[{"href":"https:\/\/semmelweis.hu\/urologia\/wp-json\/wp\/v2\/pages"}],"about":[{"href":"https:\/\/semmelweis.hu\/urologia\/wp-json\/wp\/v2\/types\/page"}],"author":[{"embeddable":true,"href":"https:\/\/semmelweis.hu\/urologia\/wp-json\/wp\/v2\/users\/316"}],"replies":[{"embeddable":true,"href":"https:\/\/semmelweis.hu\/urologia\/wp-json\/wp\/v2\/comments?post=321"}],"version-history":[{"count":10,"href":"https:\/\/semmelweis.hu\/urologia\/wp-json\/wp\/v2\/pages\/321\/revisions"}],"predecessor-version":[{"id":4469,"href":"https:\/\/semmelweis.hu\/urologia\/wp-json\/wp\/v2\/pages\/321\/revisions\/4469"}],"up":[{"embeddable":true,"href":"https:\/\/semmelweis.hu\/urologia\/wp-json\/wp\/v2\/pages\/2028"}],"wp:attachment":[{"href":"https:\/\/semmelweis.hu\/urologia\/wp-json\/wp\/v2\/media?parent=321"}],"wp:term":[{"taxonomy":"category","embeddable":true,"href":"https:\/\/semmelweis.hu\/urologia\/wp-json\/wp\/v2\/categories?post=321"},{"taxonomy":"post_tag","embeddable":true,"href":"https:\/\/semmelweis.hu\/urologia\/wp-json\/wp\/v2\/tags?post=321"}],"curies":[{"name":"wp","href":"https:\/\/api.w.org\/{rel}","templated":true}]}}