{"id":312,"date":"2014-03-11T09:05:13","date_gmt":"2014-03-11T09:05:13","guid":{"rendered":"http:\/\/semmelweis.hu\/urologia\/?page_id=312"},"modified":"2023-05-28T06:50:22","modified_gmt":"2023-05-28T04:50:22","slug":"vesekozuzas-eswl","status":"publish","type":"page","link":"https:\/\/semmelweis.hu\/urologia\/altalanos-informaciok\/szakmai-profilok\/vesekozuzas-eswl\/","title":{"rendered":"K\u0151z\u00faz\u00f3 kezel\u00e9s &#8211; ESWL"},"content":{"rendered":"<p style=\"text-align: left;\"><strong>A h\u00fagy\u00fati k\u00f6vess\u00e9g (urolithiasis) az egyik leggyakoribb urol\u00f3giai betegs\u00e9g. A k\u00f6vek elhelyezked\u00e9s\u00e9t\u0151l, m\u00e9ret\u00e9t\u0151l, k\u00e9miai \u00f6sszet\u00e9tel\u00e9t\u0151l, sz\u00e1m\u00e1t\u00f3l, kem\u00e9nys\u00e9g\u00e9t\u0151l f\u00fcgg\u0151en k\u00fcl\u00f6nb\u00f6znek a panaszok, a t\u00fcnetek, a betegs\u00e9g diagnosztik\u00e1ja, a ter\u00e1pia, a megel\u0151z\u00e9s \u00e9s a gondoz\u00e1s. A kezel\u00e9sre a kezel\u0151orvos \u00e1ltal k\u00e9rt id\u0151pontban ker\u00fcl sor, melyet a kezel\u0151orvos egyeztet a beteggel.\u00a0<\/strong><\/p>\n<p><a href=\"https:\/\/semmelweis.hu\/urologia\/betegellatas\/rendelesek\/\">Tov\u00e1bb a Szakrendel\u00e9sekhez \u2192<\/a><\/p>\n<p style=\"text-align: left;\">A vese \u00e9s vesevezet\u00e9k k\u00f6veinek testen k\u00edv\u00fcl gerjesztett l\u00f6k\u00e9shull\u00e1mmal (ESWL) t\u00f6rt\u00e9n\u0151 kezel\u00e9se az elm\u00falt \u00e9vtizedek egyik legjelent\u0151sebb v\u00edvm\u00e1nya. A m\u00f3dszer l\u00e9nyege, hogy k\u00fcl\u00f6nb\u00f6z\u0151 \u00faton el\u0151\u00e1ll\u00edtott nagy energi\u00e1j\u00fa l\u00f6k\u00e9shull\u00e1mot ultrahang, vagy r\u00f6ntgen c\u00e9lz\u00e1s seg\u00edts\u00e9g\u00e9vel a kezelni k\u00edv\u00e1nt k\u0151re f\u00f3kusz\u00e1ljuk. A k\u0151ben a l\u00f6k\u00e9shull\u00e1m hat\u00e1s\u00e1ra reped\u00e9sek j\u00f6nnek l\u00e9tre, ami v\u00e9g\u00fcl a k\u0151 feldarabol\u00f3d\u00e1s\u00e1hoz vezet. ESWL kezel\u00e9s leghat\u00e9konyabban a puh\u00e1bb (Ca-oxal\u00e1t dihidr\u00e1t, Ca-foszf\u00e1t) k\u00f6vek eset\u00e9ben v\u00e9gezhet\u0151. A k\u0151darabk\u00e1k spont\u00e1n, term\u00e9szetes \u00faton, a vesevezet\u00e9ken, majd azt k\u00f6vet\u0151en a h\u00fagycs\u00f6v\u00f6n kereszt\u00fcl t\u00e1voznak a szervezetb\u0151l.<\/p>\n<p style=\"text-align: left;\"><a href=\"https:\/\/semmelweis.hu\/urologia\/files\/2014\/04\/ESWL.jpg\"><img loading=\"lazy\" decoding=\"async\" class=\"wp-image-640 alignright\" src=\"https:\/\/semmelweis.hu\/urologia\/files\/2014\/04\/ESWL.jpg\" alt=\"ESWL\" width=\"280\" height=\"389\" srcset=\"https:\/\/semmelweis.hu\/urologia\/files\/2014\/04\/ESWL.jpg 614w, https:\/\/semmelweis.hu\/urologia\/files\/2014\/04\/ESWL-216x300.jpg 216w\" sizes=\"auto, (max-width: 280px) 100vw, 280px\" \/><\/a>Az Urol\u00f3giai Klinik\u00e1n <strong>t\u00f6bbnyire egy alkalommal, p\u00e9ntekenk\u00e9nt v\u00e9gz\u00fcnk ESWL kezel\u00e9seket<\/strong>.<\/p>\n<p style=\"text-align: left;\">Feln\u0151ttek \u00e9s gyermekek kezel\u00e9s\u00e9re egyar\u00e1nt van lehet\u0151s\u00e9g. A k\u0151betegek mintegy 80-90%-\u00e1n\u00e1l alkalmazhat\u00f3 az ESWL kezel\u00e9s. A k\u00f6zel 20 perces beavatkoz\u00e1s t\u00f6bbnyire f\u00e1jdalommentes, az esetek nagy sz\u00e1zal\u00e9k\u00e1ban semmilyen \u00e9rz\u00e9stelen\u00edt\u00e9st nem ig\u00e9nyel. Amennyiben sz\u00fcks\u00e9ges gerinck\u00f6zeli \u00e9rz\u00e9stelen\u00edt\u00e9sre vagy spin\u00e1lis \u00e9rz\u00e9stelen\u00edt\u00e9sre is van lehet\u0151s\u00e9g\u00fcnk.\u00a0 Az elj\u00e1r\u00e1s gyermekekben is sikerrel alkalmazhat\u00f3, n\u00e1luk altat\u00e1sban v\u00e9gezz\u00fck a kezel\u00e9st.<\/p>\n<p style=\"text-align: left;\">A betegek h\u00e1ton fekv\u0151 poz\u00edci\u00f3ban az ESWL kezel\u0151asztalon fekszenek, \u00e9s a k\u00e9sz\u00fcl\u00e9k egy rugalmas p\u00e1rnaszer\u0171 r\u00e9sze \u00e9rintkezik a hasfallal, melyen kereszt\u00fcl a l\u00f6k\u00e9shull\u00e1mok bejutnak a szervezetbe. Az ESWL kezel\u00e9s tov\u00e1bbi el\u0151nye a rendk\u00edv\u00fcl r\u00f6vid k\u00f3rh\u00e1zi tart\u00f3zkod\u00e1s, hiszen a betegek \u00e1ltal\u00e1ban a beavatkoz\u00e1s napj\u00e1n hazabocs\u00e1that\u00f3k. A kezel\u00e9st k\u00f6vet\u0151 hetekben fontos a megfelel\u0151 k\u0151hajt\u00e1s alkalmaz\u00e1sa (b\u0151 folyad\u00e9kbevitel, No-Spa, Rowatinex szed\u00e9se), majd k\u00e9t h\u00e9t eltelt\u00e9vel r\u00f6ntgen \u00e9s ultrahang vizsg\u00e1lattal ellen\u0151rizz\u00fck a beavatkoz\u00e1s hat\u00e9konys\u00e1g\u00e1t. Az \u00fcr\u00edtett k\u00f6vek \u00f6sszet\u00e9tel\u00e9t laborat\u00f3riumunkban hat\u00e1rozzuk meg. Az esetlegesen fell\u00e9p\u0151 sz\u00f6v\u0151dm\u00e9nyek ell\u00e1t\u00e1sa is a Klinik\u00e1n t\u00f6rt\u00e9nik.<\/p>\n<p style=\"text-align: left;\">Az ESWL kezel\u00e9s el\u0151tti kivizsg\u00e1l\u00e1st k\u00f6vet\u0151en a kezel\u00e9sre val\u00f3 alkalmass\u00e1got Klinik\u00e1nk urol\u00f3gus szakorvosa \u00e1llap\u00edtja meg, melyet k\u00f6vet\u0151en a d\u00f6nt\u00e9s az int\u00e9zeti megbesz\u00e9l\u00e9sen sz\u00fcletik. K\u00e9tes esetben, amikor a k\u00f6vess\u00e9g diagn\u00f3zisa nem egy\u00e9rtelm\u0171 alacsony sug\u00e1rterhel\u00e9ssel j\u00e1r\u00f3 (\u201elow dose\u201d) CT vizsg\u00e1latot v\u00e9gz\u00fcnk, mellyel egy\u00e9rtelm\u0171en tudjuk igazolni a k\u00f6vess\u00e9g fenn\u00e1ll\u00e1s\u00e1t, illetve a k\u0151 \u00f6sszet\u00e9tel\u00e9re is k\u00f6vetkeztethet\u00fcnk.<\/p>\n<p style=\"text-align: left;\"><strong>A kezel\u00e9s el\u0151tt sz\u00fcks\u00e9ges vizsg\u00e1latok:<\/strong> nat\u00edv r\u00f6ntgen, intrav\u00e9n\u00e1s pyelographia, labor vizsg\u00e1lat (T v\u00e9rk\u00e9p, INR, N\u00e1trium, K\u00e1lium, Creatinin), vizelet vizsg\u00e1lat. A beavatkoz\u00e1s el\u0151tt felt\u00e9tlen\u00fcl sz\u00fcks\u00e9ges az esetlegesen szedett v\u00e9rhig\u00edt\u00f3 gy\u00f3gyszerek abbahagy\u00e1sa.<\/p>\n<p style=\"text-align: left;\"><strong>A munkacsoport\u00a0 vezet\u0151je:<\/strong> Dr. Szendr\u0151i Attila<\/p>\n<p style=\"text-align: left;\">\u00a0<\/p>\n","protected":false},"excerpt":{"rendered":"<p>A h\u00fagy\u00fati k\u00f6vess\u00e9g (urolithiasis) az egyik leggyakoribb urol\u00f3giai betegs\u00e9g. A k\u00f6vek elhelyezked\u00e9s\u00e9t\u0151l, m\u00e9ret\u00e9t\u0151l, k\u00e9miai \u00f6sszet\u00e9tel\u00e9t\u0151l, sz\u00e1m\u00e1t\u00f3l, kem\u00e9nys\u00e9g\u00e9t\u0151l f\u00fcgg\u0151en k\u00fcl\u00f6nb\u00f6znek a panaszok, a t\u00fcnetek, a betegs\u00e9g diagnosztik\u00e1ja, a ter\u00e1pia, a megel\u0151z\u00e9s \u00e9s a gondoz\u00e1s. A kezel\u00e9sre a kezel\u0151orvos \u00e1ltal k\u00e9rt id\u0151pontban ker\u00fcl sor, melyet a kezel\u0151orvos egyeztet a beteggel.\u00a0 <a href=\"https:\/\/semmelweis.hu\/urologia\/betegellatas\/rendelesek\/\">Tov\u00e1bb a Szakrendel\u00e9sekhez \u2192<\/a> A vese \u00e9s vesevezet\u00e9k k\u00f6veinek testen k\u00edv\u00fcl &hellip;<\/p>\n","protected":false},"author":316,"featured_media":0,"parent":12,"menu_order":4,"comment_status":"open","ping_status":"open","template":"","meta":{"_acf_changed":false,"footnotes":""},"categories":[],"tags":[],"class_list":["post-312","page","type-page","status-publish","hentry"],"acf":[],"_links":{"self":[{"href":"https:\/\/semmelweis.hu\/urologia\/wp-json\/wp\/v2\/pages\/312","targetHints":{"allow":["GET"]}}],"collection":[{"href":"https:\/\/semmelweis.hu\/urologia\/wp-json\/wp\/v2\/pages"}],"about":[{"href":"https:\/\/semmelweis.hu\/urologia\/wp-json\/wp\/v2\/types\/page"}],"author":[{"embeddable":true,"href":"https:\/\/semmelweis.hu\/urologia\/wp-json\/wp\/v2\/users\/316"}],"replies":[{"embeddable":true,"href":"https:\/\/semmelweis.hu\/urologia\/wp-json\/wp\/v2\/comments?post=312"}],"version-history":[{"count":12,"href":"https:\/\/semmelweis.hu\/urologia\/wp-json\/wp\/v2\/pages\/312\/revisions"}],"predecessor-version":[{"id":4450,"href":"https:\/\/semmelweis.hu\/urologia\/wp-json\/wp\/v2\/pages\/312\/revisions\/4450"}],"up":[{"embeddable":true,"href":"https:\/\/semmelweis.hu\/urologia\/wp-json\/wp\/v2\/pages\/12"}],"wp:attachment":[{"href":"https:\/\/semmelweis.hu\/urologia\/wp-json\/wp\/v2\/media?parent=312"}],"wp:term":[{"taxonomy":"category","embeddable":true,"href":"https:\/\/semmelweis.hu\/urologia\/wp-json\/wp\/v2\/categories?post=312"},{"taxonomy":"post_tag","embeddable":true,"href":"https:\/\/semmelweis.hu\/urologia\/wp-json\/wp\/v2\/tags?post=312"}],"curies":[{"name":"wp","href":"https:\/\/api.w.org\/{rel}","templated":true}]}}