{"id":309,"date":"2014-03-11T09:04:17","date_gmt":"2014-03-11T09:04:17","guid":{"rendered":"http:\/\/semmelweis.hu\/urologia\/?page_id=309"},"modified":"2023-05-26T12:06:44","modified_gmt":"2023-05-26T10:06:44","slug":"genitalis-rekonstrukcios-sebeszet-hugycso-rendellenessegek-muteti-ellatasa-es-a-ferfi-nemi-szervek-sebeszete","status":"publish","type":"page","link":"https:\/\/semmelweis.hu\/urologia\/altalanos-informaciok\/szakmai-profilok\/genitalis-rekonstrukcios-sebeszet-hugycso-rendellenessegek-muteti-ellatasa-es-a-ferfi-nemi-szervek-sebeszete\/","title":{"rendered":"A f\u00e9rfi nemi szervek \u00e9s a h\u00fagycs\u0151 helyre\u00e1ll\u00edt\u00f3 seb\u00e9szete"},"content":{"rendered":"<div class=\"responsive-tabs\">\n<h2 class=\"tabtitle\">\u00c1ltal\u00e1nos<\/h2>\n<div class=\"tabcontent\">\n\n<h3>A f\u00e9rfi nemi szervek \u00e9s a h\u00fagycs\u0151 helyre\u00e1ll\u00edt\u00f3 seb\u00e9szete<\/h3>\n<p style=\"text-align: left;\"><strong>Dr. Kelemen Zsolt \u00e1ltal l\u00e9trehozott munkacsoport t\u00f6bb \u00e9vtizedes tapasztalatai birtok\u00e1ban v\u00e9gezz\u00fck a rekonstrukci\u00f3s genitalis seb\u00e9szet nemzetk\u00f6zileg ismert \u00e9s alkalmazott korszer\u0171 m\u0171t\u00e9teit, orsz\u00e1gosan kiemelt feladatk\u00e9nt. A munkacsoportunkhoz a klinika \u00e1ltal\u00e1nos urol\u00f3giai szakambulanci\u00e1j\u00e1n lehet jelentkezni ell\u00e1t\u00e1sra.\u00a0<\/strong><\/p>\n<p><a href=\"https:\/\/semmelweis.hu\/urologia\/betegellatas\/rendelesek\/\">Tov\u00e1bb a Szakrendel\u00e9sekhez \u2192<\/a><\/p>\n<p>A h\u00edmvessz\u0151 \u00e9s a h\u00fagycs\u0151 serd\u00fcl\u0151kor ut\u00e1n is fenn\u00e1ll\u00f3 k\u00fcl\u00f6nb\u00f6z\u0151 velesz\u00fcletett vagy szerzett betegs\u00e9gei eset\u00e9n v\u00e9gz\u00fcnk helyre\u00e1ll\u00edt\u00f3 <strong>plasztikai seb\u00e9szeti m\u0171t\u00e9teket<\/strong> az al\u00e1bbiakban felsorolt esetekben.<\/p>\n<ul>\n<li style=\"text-align: left;\">A h\u00fagycs\u0151ny\u00edl\u00e1s \u00e9s a fityma rendelleness\u00e9ge: epi- \u00e9s hypospadiasis, fitymasz\u0171k\u00fclet (phimosis), lichen sclerosus.<\/li>\n<li style=\"text-align: left;\">H\u00fagycs\u0151 sz\u0171k\u00fclet (strictura urethrae)<\/li>\n<li style=\"text-align: left;\">H\u00fagycs\u0151 sipoly (fistula urethrae)<\/li>\n<li style=\"text-align: left;\">A h\u00edmvessz\u0151 g\u00f6rb\u00fclete, torzulata (induratio penis plastica &#8211; Peyronie k\u00f3r)<\/li>\n<li style=\"text-align: left;\">A f\u00e9rfi k\u00fcls\u0151 nemiszervek s\u00e9r\u00fcl\u00e9se (strangulatio, fractura penis)<\/li>\n<li style=\"text-align: left;\">Saj\u00e1t- vagy idegenkez\u0171 beavatkoz\u00e1sok (vazelin befecskendez\u00e9s) ut\u00e1n kialakult alaki elv\u00e1ltoz\u00e1sok<\/li>\n<li style=\"text-align: left;\">S\u00falyos sz\u00f6vetk\u00e1rosod\u00e1ssal, b\u0151rhi\u00e1nnyal j\u00e1r\u00f3 gyullad\u00e1sos folyamatok (Fournier gangrena)<\/li>\n<li style=\"text-align: left;\">A k\u00f6z\u00f6s\u00fcl\u00e9st zavar\u00f3 k\u00fcllemi kifog\u00e1sok.<\/li>\n<\/ul>\n<p style=\"text-align: left;\">A h\u00edmvessz\u0151 \u00f6sszetett m\u0171k\u00f6d\u00e9s\u00e9nek teljes helyre\u00e1ll\u00edt\u00e1s\u00e1ra t\u00f6reksz\u00fcnk, a k\u00fcllemi szempontokat is figyelembe v\u00e9ve. H\u00fagycs\u0151sz\u0171k\u00fcletek, sipolyok fenn\u00e1ll\u00e1sakor az egyszer\u0171 bels\u0151 h\u00fagycs\u0151metsz\u00e9st\u0151l (urethrotomia interna) kezdve a s\u00falyosan k\u00e1rosodott h\u00fagycs\u0151szakasz kimetsz\u00e9s\u00e9n \u00e9s a v\u00e9gek \u00f6sszesz\u00e1jaztat\u00e1s\u00e1n \u00e1t a hi\u00e1nyz\u00f3 h\u00fagycs\u0151szakasz b\u0151rlebennyel, sz\u00e1jny\u00e1lkah\u00e1rty\u00e1val t\u00f6rt\u00e9n\u0151 p\u00f3tl\u00e1s\u00e1ig egy vagy t\u00f6bb l\u00e9pcs\u0151ben k\u00e9pezz\u00fck ki a h\u00fagycs\u00f6vet, \u00edgy a term\u00e9szetes \u00faton t\u00f6rt\u00e9n\u0151 vizel\u00e9st biztos\u00edtjuk. Ide tartozik a medencet\u00f6r\u00e9ssel j\u00e1r\u00f3 h\u00fagycs\u0151szakad\u00e1s helyre\u00e1ll\u00edt\u00f3 m\u0171t\u00e9te is.<\/p>\n<p style=\"text-align: left;\">A munkacsoport tagjai: <a href=\"https:\/\/semmelweis.hu\/urologia\/nyirady-peter\/\">Prof. Dr. Nyir\u00e1dy P\u00e9ter<\/a>, Dr. B\u00e1nfi Gergely, Dr. Sz\u00e9ll Tam\u00e1s<\/p>\n\n<\/div><h2 class=\"tabtitle\">K\u00f6zlem\u00e9nyek<\/h2>\n<div class=\"tabcontent\">\n\n<h3 class=\"entry-title\">T\u00e9m\u00e1ban megjelent k\u00f6zlem\u00e9nyek<\/h3>\n<p style=\"text-align: left;\">1. Kelemen Zs., Don\u00e1th A., P\u00e1novics J., Pajor L.:\u00a0 Az induratio penis plastica seb\u00e9szi gy\u00f3gy\u00edt\u00e1sa sz\u00f6vetp\u00f3tl\u00e1ssal. Orvosi Hetilap 123, 2099-2105, 1982.<br \/>\n2. Kelemen Zs., Don\u00e1th A., K\u00e1lm\u00e1n J., P\u00e1novics J.: A penisb\u0151r p\u00f3tl\u00e1s\u00e1nak lehet\u0151s\u00e9gei. Magyar Urol\u00f3gia 4, 255-260. 1992.<br \/>\n3. Kelemen Zs., Lipt\u00e1k J., Pajor L., K\u00e1lm\u00e1n J.: Monoszimptom\u00e1s penis-g\u00f6rb\u00fcletek seb\u00e9szete. Magyar Urol\u00f3gia 5, 63-69. 1993.<br \/>\n4. Kelemen Zs., Pajor L., N\u00e1das Gy., Barab\u00e1s J.: H\u00fagycs\u0151p\u00f3tl\u00e1s sz\u00e1jny\u00e1lkah\u00e1rty\u00e1val. Magyar Urol\u00f3gia 7. 365-368. 1995.<br \/>\n5. Kelemen Zs.:\u00a0 A n\u0151i \u00e9s f\u00e9rfi h\u00fagycs\u0151 sipolyainak z\u00e1r\u00e1sa. Magyar Urol\u00f3gia 8, 99-105, 1996.<br \/>\n6. Kelemen Zs., Sz\u0171cs M., Majoros A., Romics I.:\u00a0 Az induratio penis plastica seb\u00e9szi kezel\u00e9se. Magy Androl\u00f3gia 4, 49-54. 1999.<br \/>\n7. Kelemen Zs., Jo\u00f3s L., K\u00e1rp\u00e1ti S., K\u00e1lm\u00e1n J., Fazakas Zs., Sz\u00e9kely E., Pajor L., Romics I.: A h\u00edmvessz\u0151 \u00e9s a herezacsk\u00f3 s\u00falyos sz\u00f6vetelhal\u00e1sos folyamatai Orvosi Hetilap 142, 1049-1054. 2001.<br \/>\n8. Kelemen Zs., Rusz A., Nyir\u00e1dy P., Fekete F., B\u00e1nfi G., Romics I.: A h\u00edmvessz\u0151 velesz\u00fcletett, egyed\u00fcli t\u00fcnetk\u00e9nt jelentkez\u0151 g\u00f6rb\u00fclet\u00e9nek m\u0171t\u00e9tei Magyar Urol\u00f3gia 17(3): 127-136. 2005.<br \/>\n9. Kelemen Zs., Nyir\u00e1dy P., Lov\u00e1sz S., Keszthelyi A., Szab\u00f3 K.: H\u00fagycs\u0151sz\u0171k\u00fclet megsz\u00fcntet\u00e9se nyeles b\u0151rlebennyel Magyar Urol\u00f3gia 17(4): 197-210. 2005.<br \/>\n10. Kelemen Zs., Nyir\u00e1dy P., N\u00e9meth Zs., Jo\u00f3s L., Keszthelyi A., B\u00e1nfi G., Barab\u00e1s J.: H\u00edmvessz\u0151re h\u00fazott f\u00e9mgy\u0171r\u0171 s\u00falyos k\u00f6vetkezm\u00e9nyei Magyar Urol\u00f3gia 17(4): 229-233. 2005.<br \/>\n11. Nyir\u00e1dy P., B\u00e1nfi G., Kelemen Zs.: A f\u00e9rfi kett\u0151s h\u00fagycs\u0151 vizsg\u00e1lata \u00e9s kezel\u00e9se feln\u0151ttkorban. Magyar Urol\u00f3gia 18(1): 1-8. 2006.<br \/>\n12. Kelemen Zs., Nyir\u00e1dy P., Jo\u00f3s L., Borka K.: A h\u00edmvessz\u0151 vastag\u00edt\u00e1sa vazelinnal \u2013 k\u00f6vetkezm\u00e9nyek \u00e9s azok ell\u00e1t\u00e1sa Magyar Urol\u00f3gia 18(1): 16-27. 2006.<br \/>\n13. Kelemen Zs., Nyir\u00e1dy P., B\u00e1nfi G., P\u00e9nzes E., Barab\u00e1s J.: H\u00fagycs\u0151sz\u0171k\u00fclet megsz\u00fcntet\u00e9se sz\u00e1jny\u00e1lkah\u00e1rtya be\u00fcltet\u00e9s\u00e9vel Magyar Urol\u00f3gia 18(1): 37-46. 2006.<br \/>\n14. Nyir\u00e1dy, P., Borka, K., B\u00e1nfi, G., Kelemen, Zs.: Lichen sclerosus az urol\u00f3giai gyakorlatban Orvosi Hetilap. 147(44):2125-2130 2006<br \/>\n15. B\u00e1nfi G., Nyir\u00e1dy P., Riesz P., Kelemen Zs.: H\u00fagycs\u0151s\u00e9r\u00fcl\u00e9ssel t\u00e1rsul\u00f3 p\u00e9niszfrakt\u00fara Magyar Urol\u00f3gia 19(1):70-74. 2007.<br \/>\n16. Kelemen Zs., B\u00e1nfi G., Mavrogenis S., Kiss J., Nyir\u00e1dy P.: Medencet\u00f6r\u00e9s okozta h\u00fagycs\u0151sz\u0171k\u00fclet megel\u0151z\u00e9s\u00e9nek \u00e9s kezel\u00e9s\u00e9nek lehet\u0151s\u00e9gei Magyar Urol\u00f3gia 19(1): 25-34. 2007.<br \/>\n17. Kelemen Zs.: H\u00fagycs\u0151sz\u0171k\u00fcletek. Orvosi Hetilap. 149(12): 559-60. 2008.<br \/>\n18. Kelemen Zs., S\u00e1fr\u00e1ny Gy., M\u00e9sz\u00e1ros G., J\u00f3svay J., Mavrogenis S., Sterlik G., B\u00e1nfi<br \/>\nG., Nyir\u00e1dy P., Jo\u00f3s L., Romics I.: Els\u0151dleges ell\u00e1t\u00e1s \u00e9s helyre\u00e1ll\u00edt\u00f3 m\u0171t\u00e9tek Fournier-gangr\u00e9n\u00e1s esetben Magyar Urol\u00f3gia 20(4): 195-210. 2008.<br \/>\n19. Nyir\u00e1dy P., Perovic S., Kelemen Zs., B\u00e1nfi G., Keszthelyi A., Romics I.: Az epispadiasis feln\u0151ttkori kezel\u00e9se Magyar Urol\u00f3gia 20(4): 211-218. 2008<br \/>\n20. Kelemen Zs.: A h\u00edmvessz\u0151 g\u00f6rb\u00fcletei, torzulatai, sz\u00f6vethi\u00e1nyos \u00e1llapotai Orvosi Hetilap. 150(22): 1023-1029. 2009<br \/>\n21. Kelemen Zs., Nyir\u00e1dy P., B\u00e1nfi G.: A f\u00e9rfi h\u00fagycs\u0151 sz\u0171k\u00fclete &#8211; Szakmai ir\u00e1nyelvek Magyar Urol\u00f3gia 2011.2. 82-101.<\/p>\n<\/div><\/div>\n<p style=\"text-align: left;\">\u00a0<\/p>\n","protected":false},"excerpt":{"rendered":"<p>A f\u00e9rfi nemi szervek \u00e9s a h\u00fagycs\u0151 helyre\u00e1ll\u00edt\u00f3 seb\u00e9szete Dr. Kelemen Zsolt \u00e1ltal l\u00e9trehozott munkacsoport t\u00f6bb \u00e9vtizedes tapasztalatai birtok\u00e1ban v\u00e9gezz\u00fck a rekonstrukci\u00f3s genitalis seb\u00e9szet nemzetk\u00f6zileg ismert \u00e9s alkalmazott korszer\u0171 m\u0171t\u00e9teit, orsz\u00e1gosan kiemelt feladatk\u00e9nt. A munkacsoportunkhoz a klinika \u00e1ltal\u00e1nos urol\u00f3giai szakambulanci\u00e1j\u00e1n lehet jelentkezni ell\u00e1t\u00e1sra.\u00a0 <a href=\"https:\/\/semmelweis.hu\/urologia\/betegellatas\/rendelesek\/\">Tov\u00e1bb a Szakrendel\u00e9sekhez \u2192<\/a> A h\u00edmvessz\u0151 \u00e9s a h\u00fagycs\u0151 serd\u00fcl\u0151kor ut\u00e1n is fenn\u00e1ll\u00f3 k\u00fcl\u00f6nb\u00f6z\u0151 velesz\u00fcletett vagy &hellip;<\/p>\n","protected":false},"author":316,"featured_media":0,"parent":12,"menu_order":4,"comment_status":"open","ping_status":"open","template":"","meta":{"_acf_changed":false,"footnotes":""},"categories":[],"tags":[],"class_list":["post-309","page","type-page","status-publish","hentry"],"acf":[],"_links":{"self":[{"href":"https:\/\/semmelweis.hu\/urologia\/wp-json\/wp\/v2\/pages\/309","targetHints":{"allow":["GET"]}}],"collection":[{"href":"https:\/\/semmelweis.hu\/urologia\/wp-json\/wp\/v2\/pages"}],"about":[{"href":"https:\/\/semmelweis.hu\/urologia\/wp-json\/wp\/v2\/types\/page"}],"author":[{"embeddable":true,"href":"https:\/\/semmelweis.hu\/urologia\/wp-json\/wp\/v2\/users\/316"}],"replies":[{"embeddable":true,"href":"https:\/\/semmelweis.hu\/urologia\/wp-json\/wp\/v2\/comments?post=309"}],"version-history":[{"count":11,"href":"https:\/\/semmelweis.hu\/urologia\/wp-json\/wp\/v2\/pages\/309\/revisions"}],"predecessor-version":[{"id":4395,"href":"https:\/\/semmelweis.hu\/urologia\/wp-json\/wp\/v2\/pages\/309\/revisions\/4395"}],"up":[{"embeddable":true,"href":"https:\/\/semmelweis.hu\/urologia\/wp-json\/wp\/v2\/pages\/12"}],"wp:attachment":[{"href":"https:\/\/semmelweis.hu\/urologia\/wp-json\/wp\/v2\/media?parent=309"}],"wp:term":[{"taxonomy":"category","embeddable":true,"href":"https:\/\/semmelweis.hu\/urologia\/wp-json\/wp\/v2\/categories?post=309"},{"taxonomy":"post_tag","embeddable":true,"href":"https:\/\/semmelweis.hu\/urologia\/wp-json\/wp\/v2\/tags?post=309"}],"curies":[{"name":"wp","href":"https:\/\/api.w.org\/{rel}","templated":true}]}}