{"id":300,"date":"2014-03-11T08:59:13","date_gmt":"2014-03-11T08:59:13","guid":{"rendered":"http:\/\/semmelweis.hu\/urologia\/?page_id=300"},"modified":"2023-05-26T12:04:40","modified_gmt":"2023-05-26T10:04:40","slug":"uro-onkologia-urologiai-daganatos-betegsegek-szurese-kivizsgalasa-kezelese","status":"publish","type":"page","link":"https:\/\/semmelweis.hu\/urologia\/altalanos-informaciok\/szakmai-profilok\/uro-onkologia-urologiai-daganatos-betegsegek-szurese-kivizsgalasa-kezelese\/","title":{"rendered":"Uroonkol\u00f3gia &#8211; Urol\u00f3giai daganatos betegs\u00e9gek sz\u0171r\u00e9se, kivizsg\u00e1l\u00e1sa, kezel\u00e9se"},"content":{"rendered":"<p style=\"text-align: left;\"><strong>Az urol\u00f3giai daganatok sz\u00e1ma vil\u00e1gszerte, \u00edgy haz\u00e1nkban is n\u00f6vekszik. Int\u00e9zet\u00fcnk egyik f\u0151 profilja az urol\u00f3giai daganatok kezel\u00e9se. Munkacsoportunk az \u00e1ltal\u00e1nos urologiai szakrendel\u00e9sr\u0151l hozz\u00e1nk ir\u00e1ny\u00edtott urol\u00f3giai daganatos betegs\u00e9gek kivizsg\u00e1l\u00e1s\u00e1t \u00e9s kezel\u00e9s\u00e9t (seb\u00e9szi \u00e9s kemoter\u00e1pi\u00e1s ell\u00e1t\u00e1s) v\u00e9gzi.\u00a0<\/strong><\/p>\n<p style=\"text-align: left;\"><a href=\"https:\/\/semmelweis.hu\/urologia\/betegellatas\/rendelesek\/\">Tov\u00e1bb a Szakrendel\u00e9sekhez \u2192<\/a><\/p>\n<p style=\"text-align: left;\">A radik\u00e1lis m\u0171t\u00e9teket k\u00fcl\u00f6n team v\u00e9gzi Prof. Dr. Nyir\u00e1dy P\u00e9ter ir\u00e1ny\u00edt\u00e1s\u00e1val.\u00a0A radik\u00e1lis nephrectomi\u00e1k (=veseelt\u00e1vol\u00edt\u00e1s), cystectomi\u00e1k (=h\u00f3lyagelt\u00e1vol\u00edt\u00e1s), radik\u00e1lis prostatectomi\u00e1k (=prosztataelt\u00e1vol\u00edt\u00e1s), retroperitonealis lymphadenectomi\u00e1k mellett nagy sz\u00e1mban t\u00f6rt\u00e9nnek kisebb m\u0171t\u00e9tek \u00e9s daganatgyan\u00fa miatti mintav\u00e9telek (=biopszia) is.<\/p>\n<p style=\"text-align: left;\">A hat\u00e9konyabb kezel\u00e9s \u00e9s a betegs\u00e9g kor\u00e1bbi felismer\u00e9s\u00e9nek eredm\u00e9nyek\u00e9ppen egyre t\u00f6bb beteg r\u00e9szes\u00fcl a seb\u00e9szeti beavatkoz\u00e1sokat kieg\u00e9sz\u00edt\u0151 kemoter\u00e1pi\u00e1s kezel\u00e9sben. A sz\u00fcks\u00e9gess\u00e9 v\u00e1l\u00f3 lok\u00e1lis citosztatikus kezel\u00e9seket \u00e9s a gyakran alkalmazott hormonter\u00e1pi\u00e1t urol\u00f3gus szakorvosok v\u00e9gzik, a sziszt\u00e9m\u00e1s kemoter\u00e1pi\u00e1s kezel\u00e9s azonban speci\u00e1lis gyakorlatot ig\u00e9nyel.\u00a0<\/p>\n<p style=\"text-align: left;\">1999-ben uroonkol\u00f3giai oszt\u00e1lyunkon k\u00fcl\u00f6n r\u00e9szleget hoztunk l\u00e9tre az urol\u00f3giai daganatok gy\u00f3gyszeres kezel\u00e9s\u00e9re. 2008 elej\u00e9t\u0151l r\u00e9szleg\u00fcnk \u00f6n\u00e1ll\u00f3 oszt\u00e1lly\u00e1 alakult, amely a Semmelweis Egyetemen bel\u00fcl elnyerte az \u201eUroonkol\u00f3giai Centrum\u201d min\u0151s\u00edt\u00e9st. A heredaganatok kiv\u00e9tel\u00e9vel az \u00f6sszes uroonkol\u00f3giai sziszt\u00e9m\u00e1s kemoter\u00e1pi\u00e1s kezel\u00e9st elv\u00e9gezz\u00fck. A kezel\u00e9sek rendszeresen v\u00e9gzett onkoteam d\u00f6nt\u00e9s alapj\u00e1n t\u00f6rt\u00e9nnek.<\/p>\n<p style=\"text-align: left;\">Ehhez megfelel\u0151 sz\u00e1m\u00fa \u00e9s tapasztalat\u00fa klinikai onkol\u00f3gus szakorvos, szakavatott n\u0151v\u00e9r \u00e9s az el\u0151\u00edrt technikai h\u00e1tt\u00e9r (k\u00fcl\u00f6n\u00e1ll\u00f3 helys\u00e9gek, lamin\u00e1l box stb.) sz\u00fcks\u00e9ges. A felsoroltakat \u00c1NTSZ-el\u0151\u00edr\u00e1s szigor\u00faan szab\u00e1lyozza \u00e9s ellen\u0151rzi. 2006-ban haz\u00e1nkban egyed\u00fcl a Semmelweis Egyetem Urol\u00f3giai Klinik\u00e1j\u00e1t tal\u00e1lt\u00e1k alkalmasnak arra, hogy urol\u00f3giai oszt\u00e1lyon sziszt\u00e9m\u00e1s kemoter\u00e1pi\u00e1s kezel\u00e9seket is v\u00e9gezzen.<\/p>\n<p style=\"text-align: left;\">Az elm\u00falt 10 \u00e9vben k\u00f6zel 1000 beteg sziszt\u00e9m\u00e1s kemoter\u00e1pi\u00e1s kezel\u00e9s\u00e9t v\u00e9gezt\u00fck el. Eseteink a klinik\u00e1nkon \u00e9s m\u00e1s int\u00e9zetekben kezelt betegek k\u00f6z\u00fcl ker\u00fclnek ki, sz\u00e1muk \u00e9vr\u0151l \u00e9vre n\u00f6vekszik. Jelenleg m\u00e1r 3, urol\u00f3giai \u00e9s klinikai onkol\u00f3giai szakvizsg\u00e1val rendelkez\u0151 orvos l\u00e1tja el a betegeket.<\/p>\n<p style=\"text-align: left;\">Egyetemi k\u00f6telezetts\u00e9geink mellett klinik\u00e1nk v\u00e9gzi el a legnagyobb hazai onkol\u00f3giai centrum, az Orsz\u00e1gos Onkol\u00f3giai Int\u00e9zet urol\u00f3giai konz\u00edliumait is. Heti rendszeress\u00e9ggel v\u00e9gzett rendel\u00e9seink sor\u00e1n legt\u00f6bbsz\u00f6r a m\u00e1s eredet\u0171 daganatok urol\u00f3giai k\u00f6vetkezm\u00e9nyeinek ell\u00e1t\u00e1sa a f\u0151 feladatunk. Ezzel \u00e9s m\u00e1s hazai \u00e9s k\u00fclf\u00f6ldi onkol\u00f3giai centrummal t\u00f6bb kutat\u00e1si programon dolgozunk.<\/p>\n<p style=\"text-align: left;\"><strong>A munkacsoport tagjai:<\/strong> Dr. Sz\u0171cs Mikl\u00f3s PhD, Dr. Riesz P\u00e9ter PhD, Dr. Horv\u00e1th Andr\u00e1s PhD, Dr. Szendr\u0151i Attila PhD, Dr. Szalontai J\u00e1nos<\/p>\n","protected":false},"excerpt":{"rendered":"<p>Az urol\u00f3giai daganatok sz\u00e1ma vil\u00e1gszerte, \u00edgy haz\u00e1nkban is n\u00f6vekszik. Int\u00e9zet\u00fcnk egyik f\u0151 profilja az urol\u00f3giai daganatok kezel\u00e9se. Munkacsoportunk az \u00e1ltal\u00e1nos urologiai szakrendel\u00e9sr\u0151l hozz\u00e1nk ir\u00e1ny\u00edtott urol\u00f3giai daganatos betegs\u00e9gek kivizsg\u00e1l\u00e1s\u00e1t \u00e9s kezel\u00e9s\u00e9t (seb\u00e9szi \u00e9s kemoter\u00e1pi\u00e1s ell\u00e1t\u00e1s) v\u00e9gzi.\u00a0 <a href=\"https:\/\/semmelweis.hu\/urologia\/betegellatas\/rendelesek\/\">Tov\u00e1bb a Szakrendel\u00e9sekhez \u2192<\/a> A radik\u00e1lis m\u0171t\u00e9teket k\u00fcl\u00f6n team v\u00e9gzi Prof. Dr. Nyir\u00e1dy P\u00e9ter ir\u00e1ny\u00edt\u00e1s\u00e1val.\u00a0A radik\u00e1lis nephrectomi\u00e1k (=veseelt\u00e1vol\u00edt\u00e1s), cystectomi\u00e1k (=h\u00f3lyagelt\u00e1vol\u00edt\u00e1s), radik\u00e1lis prostatectomi\u00e1k (=prosztataelt\u00e1vol\u00edt\u00e1s), retroperitonealis &hellip;<\/p>\n","protected":false},"author":316,"featured_media":0,"parent":12,"menu_order":1,"comment_status":"open","ping_status":"open","template":"","meta":{"_acf_changed":false,"footnotes":""},"categories":[],"tags":[],"class_list":["post-300","page","type-page","status-publish","hentry"],"acf":[],"_links":{"self":[{"href":"https:\/\/semmelweis.hu\/urologia\/wp-json\/wp\/v2\/pages\/300","targetHints":{"allow":["GET"]}}],"collection":[{"href":"https:\/\/semmelweis.hu\/urologia\/wp-json\/wp\/v2\/pages"}],"about":[{"href":"https:\/\/semmelweis.hu\/urologia\/wp-json\/wp\/v2\/types\/page"}],"author":[{"embeddable":true,"href":"https:\/\/semmelweis.hu\/urologia\/wp-json\/wp\/v2\/users\/316"}],"replies":[{"embeddable":true,"href":"https:\/\/semmelweis.hu\/urologia\/wp-json\/wp\/v2\/comments?post=300"}],"version-history":[{"count":11,"href":"https:\/\/semmelweis.hu\/urologia\/wp-json\/wp\/v2\/pages\/300\/revisions"}],"predecessor-version":[{"id":4392,"href":"https:\/\/semmelweis.hu\/urologia\/wp-json\/wp\/v2\/pages\/300\/revisions\/4392"}],"up":[{"embeddable":true,"href":"https:\/\/semmelweis.hu\/urologia\/wp-json\/wp\/v2\/pages\/12"}],"wp:attachment":[{"href":"https:\/\/semmelweis.hu\/urologia\/wp-json\/wp\/v2\/media?parent=300"}],"wp:term":[{"taxonomy":"category","embeddable":true,"href":"https:\/\/semmelweis.hu\/urologia\/wp-json\/wp\/v2\/categories?post=300"},{"taxonomy":"post_tag","embeddable":true,"href":"https:\/\/semmelweis.hu\/urologia\/wp-json\/wp\/v2\/tags?post=300"}],"curies":[{"name":"wp","href":"https:\/\/api.w.org\/{rel}","templated":true}]}}