{"id":2969,"date":"2018-05-14T11:05:21","date_gmt":"2018-05-14T09:05:21","guid":{"rendered":"http:\/\/semmelweis.hu\/urologia\/?page_id=2969"},"modified":"2022-09-07T10:00:01","modified_gmt":"2022-09-07T08:00:01","slug":"galeria-2018","status":"publish","type":"page","link":"https:\/\/semmelweis.hu\/urologia\/altalanos-informaciok\/galeria\/galeria-2018\/","title":{"rendered":"Gal\u00e9ria 2018"},"content":{"rendered":"<p><strong>ESEM\u00c9NYEK<\/strong><\/p>\n<p><strong>10 000 L\u00c9P\u00c9S <br \/>\n<\/strong><strong>A Magyar Uroonkol\u00f3gusok T\u00e1rsas\u00e1ga IX. Kongresszusa alkalm\u00e1b\u00f3l tal\u00e1lkoz\u00f3 \u00e9s s\u00e9ta a Margitszigeten\u00a0 a <\/strong><strong>Magyar R\u00e1kellenes Liga \u00e9s a Gy\u00f3gyulj Vel\u00fcnk Egyes\u00fclettel<br \/>\n<\/strong><\/p>\n\r\n        [slb_exclude]\r\n        <div class=\"row galeria-wrapper mx-0 h-auto\">\r\n            <div class=\"col-9 pl-0 pr-2\">\r\n            <span class=\"gallery-item frame\">\r\n\t\t\t\t<div class=\"galeria-left-img\"><a href=\"https:\/\/semmelweis.hu\/urologia\/files\/2018\/05\/23-gyogyulj-velunk-margitsziget-180525-A40A5901.jpg\"><img src=https:\/\/semmelweis.hu\/urologia\/files\/2018\/05\/23-gyogyulj-velunk-margitsziget-180525-A40A5901.jpg  \r\n                            alt=\"Kapit\u00e1ny Zsuzsanna, Kalotay G\u00e1bor, Prof. Nyir\u00e1dy P\u00e9ter, Rozv\u00e1nyi Bal\u00e1zs, Dr. Sz\u0171cs Mikl\u00f3s, betegek \u00e9s hozz\u00e1tartoz\u00f3k\" \r\n                            class=\"attachment-sote-gallery-big size-sote-gallery-big\" \r\n                            srcset=\"https:\/\/semmelweis.hu\/urologia\/files\/2018\/05\/23-gyogyulj-velunk-margitsziget-180525-A40A5901-300x210.jpg 300w, https:\/\/semmelweis.hu\/urologia\/files\/2018\/05\/23-gyogyulj-velunk-margitsziget-180525-A40A5901-768x538.jpg 768w, https:\/\/semmelweis.hu\/urologia\/files\/2018\/05\/23-gyogyulj-velunk-margitsziget-180525-A40A5901-1024x717.jpg 1024w, https:\/\/semmelweis.hu\/urologia\/files\/2018\/05\/23-gyogyulj-velunk-margitsziget-180525-A40A5901-428x300.jpg 428w\" ><\/a><\/div>\r\n            <\/span>\r\n\r\n            <\/div>\r\n\r\n\t\t\t<div class=\"col-3 pl-0 pr-0\">\r\n\t\t\t\t<div class=\"galeria-right-img d-flex justify-content-between flex-column h-100 w-100 px-0 mx-0 \">\r\n                <div class=\"galeria-box\">\r\n\t\t\t\t\t<h3 class=\"galeria-title\">Gal\u00e9ria<\/h3>\r\n\t\t\t\t\t<div class=\"galeria-subtitle\">\r\n\r\n\t\t\t\t\t\t<div class=\"galeria-page-counter\"><span>5<\/span>k\u00e9p<\/div>\r\n                    <\/div> <\/div>\r\n                    <span class=\"gallery-item frame d-none d-md-flex\">\r\n\t\t\t\t\t<div class=\"galeria-small-img mt-0\"><a href=\"https:\/\/semmelweis.hu\/urologia\/files\/2018\/05\/21-gyogyulj-velunk-margitsziget-180525-A40A5871.jpg\"><img src=https:\/\/semmelweis.hu\/urologia\/files\/2018\/05\/21-gyogyulj-velunk-margitsziget-180525-A40A5871.jpg \r\n                                alt=\"Prof. Nyir\u00e1dy P\u00e9ter, Rozv\u00e1nyi Bal\u00e1zs, Dr. Sz\u0171cs Mikl\u00f3s\"  \r\n                                class=\"attachment-sote-gallery-small size-sote-gallery-small\" \r\n                                srcset=\"https:\/\/semmelweis.hu\/urologia\/files\/2018\/05\/21-gyogyulj-velunk-margitsziget-180525-A40A5871-300x200.jpg 300w, https:\/\/semmelweis.hu\/urologia\/files\/2018\/05\/21-gyogyulj-velunk-margitsziget-180525-A40A5871-768x512.jpg 768w, https:\/\/semmelweis.hu\/urologia\/files\/2018\/05\/21-gyogyulj-velunk-margitsziget-180525-A40A5871-1024x683.jpg 1024w, https:\/\/semmelweis.hu\/urologia\/files\/2018\/05\/21-gyogyulj-velunk-margitsziget-180525-A40A5871-450x300.jpg 450w\" ><\/a><\/div>\r\n                    <\/span>\r\n                    <span class=\"gallery-item frame d-none d-md-flex\">\r\n\t\t\t\t\t<div class=\"galeria-small-img mt-0\"><a href=\"https:\/\/semmelweis.hu\/urologia\/files\/2018\/05\/07-gyogyulj-velunk-margitsziget-180525-A40A5743.jpg\"><img src=https:\/\/semmelweis.hu\/urologia\/files\/2018\/05\/07-gyogyulj-velunk-margitsziget-180525-A40A5743.jpg \r\n                                alt=\"Prof. Nyir\u00e1dy P\u00e9ter - Kalotay G\u00e1bor \" \r\n                                class=\"attachment-sote-gallery-small size-sote-gallery-small\" \r\n                                srcset=\"https:\/\/semmelweis.hu\/urologia\/files\/2018\/05\/07-gyogyulj-velunk-margitsziget-180525-A40A5743-300x200.jpg 300w, https:\/\/semmelweis.hu\/urologia\/files\/2018\/05\/07-gyogyulj-velunk-margitsziget-180525-A40A5743-768x512.jpg 768w, https:\/\/semmelweis.hu\/urologia\/files\/2018\/05\/07-gyogyulj-velunk-margitsziget-180525-A40A5743-1024x683.jpg 1024w, https:\/\/semmelweis.hu\/urologia\/files\/2018\/05\/07-gyogyulj-velunk-margitsziget-180525-A40A5743-450x300.jpg 450w\" ><\/a><\/div>\r\n                    <\/span>\r\n\r\n                <\/div>\r\n\r\n            <\/div>\r\n\r\n            <span class=\"gallery-item\"><div class=\"hidden\"><a href=\"https:\/\/semmelweis.hu\/urologia\/files\/2018\/05\/06-gyogyulj-velunk-margitsziget-180525-A40A5750.jpg\">\r\n        <img src=https:\/\/semmelweis.hu\/urologia\/files\/2018\/05\/06-gyogyulj-velunk-margitsziget-180525-A40A5750.jpg alt=\"Rozv\u00e1nyi Bal\u00e1zs - Dr. Sz\u0171cs Mikl\u00f3s\" class=\"attachment-sote-gallery-big size-sote-gallery-big\" srcset=\"https:\/\/semmelweis.hu\/urologia\/files\/2018\/05\/06-gyogyulj-velunk-margitsziget-180525-A40A5750-300x200.jpg 300w, https:\/\/semmelweis.hu\/urologia\/files\/2018\/05\/06-gyogyulj-velunk-margitsziget-180525-A40A5750-768x512.jpg 768w, https:\/\/semmelweis.hu\/urologia\/files\/2018\/05\/06-gyogyulj-velunk-margitsziget-180525-A40A5750-1024x683.jpg 1024w, https:\/\/semmelweis.hu\/urologia\/files\/2018\/05\/06-gyogyulj-velunk-margitsziget-180525-A40A5750-450x300.jpg 450w\" >\r\n        <\/a><\/div><\/span><span class=\"gallery-item\"><div class=\"hidden\"><a href=\"https:\/\/semmelweis.hu\/urologia\/files\/2018\/05\/12-gyogyulj-velunk-margitsziget-180525-A40A5785.jpg\">\r\n        <img src=https:\/\/semmelweis.hu\/urologia\/files\/2018\/05\/12-gyogyulj-velunk-margitsziget-180525-A40A5785.jpg alt=\"Hallgat\u00f3s\u00e1g\" class=\"attachment-sote-gallery-big size-sote-gallery-big\" srcset=\"https:\/\/semmelweis.hu\/urologia\/files\/2018\/05\/12-gyogyulj-velunk-margitsziget-180525-A40A5785-300x200.jpg 300w, https:\/\/semmelweis.hu\/urologia\/files\/2018\/05\/12-gyogyulj-velunk-margitsziget-180525-A40A5785-768x512.jpg 768w, https:\/\/semmelweis.hu\/urologia\/files\/2018\/05\/12-gyogyulj-velunk-margitsziget-180525-A40A5785-1024x683.jpg 1024w, https:\/\/semmelweis.hu\/urologia\/files\/2018\/05\/12-gyogyulj-velunk-margitsziget-180525-A40A5785-450x300.jpg 450w\" >\r\n        <\/a><\/div><\/span>\r\n            <\/div>\r\n\r\n            [\/slb_exclude]\r\n\t\n<p><strong>Ultrabalaton fut\u00e1s<\/strong> &#8211; Semmelweis Egyetem Urol\u00f3giai Klinika &#8211; 2018.05.12.<\/p>\n\r\n        [slb_exclude]\r\n        <div class=\"row galeria-wrapper mx-0 h-auto\">\r\n            <div class=\"col-9 pl-0 pr-2\">\r\n            <span class=\"gallery-item frame\">\r\n\t\t\t\t<div class=\"galeria-left-img\"><a href=\"https:\/\/semmelweis.hu\/urologia\/files\/2018\/05\/SEUrol_Csapat_indulas.jpg\"><img src=https:\/\/semmelweis.hu\/urologia\/files\/2018\/05\/SEUrol_Csapat_indulas.jpg  \r\n                            alt=\"A csapat indul\u00e1skor\" \r\n                            class=\"attachment-sote-gallery-big size-sote-gallery-big\" \r\n                            srcset=\"https:\/\/semmelweis.hu\/urologia\/files\/2018\/05\/SEUrol_Csapat_indulas-300x225.jpg 300w, https:\/\/semmelweis.hu\/urologia\/files\/2018\/05\/SEUrol_Csapat_indulas-768x576.jpg 768w, https:\/\/semmelweis.hu\/urologia\/files\/2018\/05\/SEUrol_Csapat_indulas-1024x768.jpg 1024w, https:\/\/semmelweis.hu\/urologia\/files\/2018\/05\/SEUrol_Csapat_indulas-400x300.jpg 400w\" ><\/a><\/div>\r\n            <\/span>\r\n\r\n            <\/div>\r\n\r\n\t\t\t<div class=\"col-3 pl-0 pr-0\">\r\n\t\t\t\t<div class=\"galeria-right-img d-flex justify-content-between flex-column h-100 w-100 px-0 mx-0 \">\r\n                <div class=\"galeria-box\">\r\n\t\t\t\t\t<h3 class=\"galeria-title\">Gal\u00e9ria<\/h3>\r\n\t\t\t\t\t<div class=\"galeria-subtitle\">\r\n\r\n\t\t\t\t\t\t<div class=\"galeria-page-counter\"><span>5<\/span>k\u00e9p<\/div>\r\n                    <\/div> <\/div>\r\n                    <span class=\"gallery-item frame d-none d-md-flex\">\r\n\t\t\t\t\t<div class=\"galeria-small-img mt-0\"><a href=\"https:\/\/semmelweis.hu\/urologia\/files\/2018\/05\/SEUrol_Csapat_erkezes.jpg\"><img src=https:\/\/semmelweis.hu\/urologia\/files\/2018\/05\/SEUrol_Csapat_erkezes.jpg \r\n                                alt=\"A csapat \u00e9rkez\u00e9skor\"  \r\n                                class=\"attachment-sote-gallery-small size-sote-gallery-small\" \r\n                                srcset=\"https:\/\/semmelweis.hu\/urologia\/files\/2018\/05\/SEUrol_Csapat_erkezes-300x225.jpg 300w, https:\/\/semmelweis.hu\/urologia\/files\/2018\/05\/SEUrol_Csapat_erkezes-400x300.jpg 400w, https:\/\/semmelweis.hu\/urologia\/files\/2018\/05\/SEUrol_Csapat_erkezes.jpg 640w\" ><\/a><\/div>\r\n                    <\/span>\r\n                    <span class=\"gallery-item frame d-none d-md-flex\">\r\n\t\t\t\t\t<div class=\"galeria-small-img mt-0\"><a href=\"https:\/\/semmelweis.hu\/urologia\/files\/2018\/05\/IMG-7675-e1526279739286.jpg\"><img src=https:\/\/semmelweis.hu\/urologia\/files\/2018\/05\/IMG-7675-e1526279739286.jpg \r\n                                alt=\"Dr. Szendr\u0151i Attila\" \r\n                                class=\"attachment-sote-gallery-small size-sote-gallery-small\" \r\n                                srcset=\"https:\/\/semmelweis.hu\/urologia\/files\/2018\/05\/IMG-7675-e1526279739286-225x300.jpg 225w, https:\/\/semmelweis.hu\/urologia\/files\/2018\/05\/IMG-7675-e1526279739286-768x1024.jpg 768w\" ><\/a><\/div>\r\n                    <\/span>\r\n\r\n                <\/div>\r\n\r\n            <\/div>\r\n\r\n            <span class=\"gallery-item\"><div class=\"hidden\"><a href=\"https:\/\/semmelweis.hu\/urologia\/files\/2018\/05\/IMG-7681.jpg\">\r\n        <img src=https:\/\/semmelweis.hu\/urologia\/files\/2018\/05\/IMG-7681.jpg alt=\"Dr. Szendr\u0151i Attila \u00e9s Dr. Riesz P\u00e9ter\" class=\"attachment-sote-gallery-big size-sote-gallery-big\" srcset=\"https:\/\/semmelweis.hu\/urologia\/files\/2018\/05\/IMG-7681-300x225.jpg 300w, https:\/\/semmelweis.hu\/urologia\/files\/2018\/05\/IMG-7681-768x576.jpg 768w, https:\/\/semmelweis.hu\/urologia\/files\/2018\/05\/IMG-7681-1024x768.jpg 1024w, https:\/\/semmelweis.hu\/urologia\/files\/2018\/05\/IMG-7681-400x300.jpg 400w\" >\r\n        <\/a><\/div><\/span><span class=\"gallery-item\"><div class=\"hidden\"><a href=\"https:\/\/semmelweis.hu\/urologia\/files\/2018\/05\/NyiradyPeter_cut.jpg\">\r\n        <img src=https:\/\/semmelweis.hu\/urologia\/files\/2018\/05\/NyiradyPeter_cut.jpg alt=\"Prof. Dr. Nyir\u00e1dy P\u00e9ter\" class=\"attachment-sote-gallery-big size-sote-gallery-big\" srcset=\"https:\/\/semmelweis.hu\/urologia\/files\/2018\/05\/NyiradyPeter_cut-300x265.jpg 300w, https:\/\/semmelweis.hu\/urologia\/files\/2018\/05\/NyiradyPeter_cut-768x679.jpg 768w, https:\/\/semmelweis.hu\/urologia\/files\/2018\/05\/NyiradyPeter_cut-1024x905.jpg 1024w, https:\/\/semmelweis.hu\/urologia\/files\/2018\/05\/NyiradyPeter_cut-340x300.jpg 340w\" >\r\n        <\/a><\/div><\/span>\r\n            <\/div>\r\n\r\n            [\/slb_exclude]\r\n\t\n<p><strong>Prof. Hein Van Poppel<\/strong> MD., PhD., FEBU, Professor Urology Leuven, Belgium,\u00a0 Adjunct Secretary General EAU<br \/>\n<strong> EAU Visiting professzori l\u00e1togat\u00e1sa<\/strong> -2018.05.7-8.<\/p>\n\r\n        [slb_exclude]\r\n        <div class=\"row galeria-wrapper mx-0 h-auto\">\r\n            <div class=\"col-9 pl-0 pr-2\">\r\n            <span class=\"gallery-item frame\">\r\n\t\t\t\t<div class=\"galeria-left-img\"><a href=\"https:\/\/semmelweis.hu\/urologia\/files\/2018\/05\/IMGP3382-e1526280648855.jpg\"><img src=https:\/\/semmelweis.hu\/urologia\/files\/2018\/05\/IMGP3382-e1526280648855.jpg  \r\n                            alt=\"Prof. Hein Van Poppel \u00e9s Prof. Nyir\u00e1dy P\u00e9ter\" \r\n                            class=\"attachment-sote-gallery-big size-sote-gallery-big\" \r\n                            srcset=\"https:\/\/semmelweis.hu\/urologia\/files\/2018\/05\/IMGP3382-e1526280648855-225x300.jpg 225w, https:\/\/semmelweis.hu\/urologia\/files\/2018\/05\/IMGP3382-e1526280648855-768x1024.jpg 768w\" ><\/a><\/div>\r\n            <\/span>\r\n\r\n            <\/div>\r\n\r\n\t\t\t<div class=\"col-3 pl-0 pr-0\">\r\n\t\t\t\t<div class=\"galeria-right-img d-flex justify-content-between flex-column h-100 w-100 px-0 mx-0 \">\r\n                <div class=\"galeria-box\">\r\n\t\t\t\t\t<h3 class=\"galeria-title\">Gal\u00e9ria<\/h3>\r\n\t\t\t\t\t<div class=\"galeria-subtitle\">\r\n\r\n\t\t\t\t\t\t<div class=\"galeria-page-counter\"><span>5<\/span>k\u00e9p<\/div>\r\n                    <\/div> <\/div>\r\n                    <span class=\"gallery-item frame d-none d-md-flex\">\r\n\t\t\t\t\t<div class=\"galeria-small-img mt-0\"><a href=\"https:\/\/semmelweis.hu\/urologia\/files\/2018\/05\/IMGP3386-e1526281916169.jpg\"><img src=https:\/\/semmelweis.hu\/urologia\/files\/2018\/05\/IMGP3386-e1526281916169.jpg \r\n                                alt=\"Prof. Hein Van Poppel EUSP Visiting Professor \u00e9s az Urol\u00f3giai Klinika orvosai\"  \r\n                                class=\"attachment-sote-gallery-small size-sote-gallery-small\" \r\n                                srcset=\"https:\/\/semmelweis.hu\/urologia\/files\/2018\/05\/IMGP3386-e1526281916169.jpg 300w, https:\/\/semmelweis.hu\/urologia\/files\/2018\/05\/IMGP3386-768x576.jpg 768w, https:\/\/semmelweis.hu\/urologia\/files\/2018\/05\/IMGP3386-1024x768.jpg 1024w, https:\/\/semmelweis.hu\/urologia\/files\/2018\/05\/IMGP3386-400x300.jpg 400w\" ><\/a><\/div>\r\n                    <\/span>\r\n                    <span class=\"gallery-item frame d-none d-md-flex\">\r\n\t\t\t\t\t<div class=\"galeria-small-img mt-0\"><a href=\"https:\/\/semmelweis.hu\/urologia\/files\/2018\/05\/IMGP3388.jpg\"><img src=https:\/\/semmelweis.hu\/urologia\/files\/2018\/05\/IMGP3388.jpg \r\n                                alt=\"Prof. Poppel m\u0171t\u00e9tet v\u00e9gez\" \r\n                                class=\"attachment-sote-gallery-small size-sote-gallery-small\" \r\n                                srcset=\"https:\/\/semmelweis.hu\/urologia\/files\/2018\/05\/IMGP3388-300x225.jpg 300w, https:\/\/semmelweis.hu\/urologia\/files\/2018\/05\/IMGP3388-768x576.jpg 768w, https:\/\/semmelweis.hu\/urologia\/files\/2018\/05\/IMGP3388-1024x768.jpg 1024w, https:\/\/semmelweis.hu\/urologia\/files\/2018\/05\/IMGP3388-400x300.jpg 400w\" ><\/a><\/div>\r\n                    <\/span>\r\n\r\n                <\/div>\r\n\r\n            <\/div>\r\n\r\n            <span class=\"gallery-item\"><div class=\"hidden\"><a href=\"https:\/\/semmelweis.hu\/urologia\/files\/2018\/05\/IMGP3405.jpg\">\r\n        <img src=https:\/\/semmelweis.hu\/urologia\/files\/2018\/05\/IMGP3405.jpg alt=\"Prof. Poppel n\u00e9met medikus hallgat\u00f3knak el\u0151ad\u00e1st tart\" class=\"attachment-sote-gallery-big size-sote-gallery-big\" srcset=\"https:\/\/semmelweis.hu\/urologia\/files\/2018\/05\/IMGP3405-300x225.jpg 300w, https:\/\/semmelweis.hu\/urologia\/files\/2018\/05\/IMGP3405-768x576.jpg 768w, https:\/\/semmelweis.hu\/urologia\/files\/2018\/05\/IMGP3405-1024x768.jpg 1024w, https:\/\/semmelweis.hu\/urologia\/files\/2018\/05\/IMGP3405-400x300.jpg 400w\" >\r\n        <\/a><\/div><\/span><span class=\"gallery-item\"><div class=\"hidden\"><a href=\"https:\/\/semmelweis.hu\/urologia\/files\/2018\/05\/DSC_0419.jpg\">\r\n        <img src=https:\/\/semmelweis.hu\/urologia\/files\/2018\/05\/DSC_0419.jpg alt=\"Prof. Nyir\u00e1dy P\u00e9ter, Prof. Poppel, Prof. Romics Imre, Dr. Keszthelyi Attila\" class=\"attachment-sote-gallery-big size-sote-gallery-big\" srcset=\"https:\/\/semmelweis.hu\/urologia\/files\/2018\/05\/DSC_0419-300x200.jpg 300w, https:\/\/semmelweis.hu\/urologia\/files\/2018\/05\/DSC_0419-768x512.jpg 768w, https:\/\/semmelweis.hu\/urologia\/files\/2018\/05\/DSC_0419-1024x683.jpg 1024w, https:\/\/semmelweis.hu\/urologia\/files\/2018\/05\/DSC_0419-450x300.jpg 450w\" >\r\n        <\/a><\/div><\/span>\r\n            <\/div>\r\n\r\n            [\/slb_exclude]\r\n\t\n<p><strong>KONGRESSZUSOK<\/strong><\/p>\n<p><strong> 31. F\u00fcv\u00e9szkerti Urol\u00f3gus Napok &#8211; <\/strong>2018.02.16-17.<strong><br \/>\n<\/strong><\/p>\n\r\n        [slb_exclude]\r\n        <div class=\"row galeria-wrapper mx-0 h-auto\">\r\n            <div class=\"col-9 pl-0 pr-2\">\r\n            <span class=\"gallery-item frame\">\r\n\t\t\t\t<div class=\"galeria-left-img\"><a href=\"https:\/\/semmelweis.hu\/urologia\/files\/2018\/05\/NyiradyP_Bagheri-Fariborz.jpg\"><img src=https:\/\/semmelweis.hu\/urologia\/files\/2018\/05\/NyiradyP_Bagheri-Fariborz.jpg  \r\n                            alt=\"Prof. Nyir\u00e1dy P\u00e9ter \u00e9s Dr. Bagheri Fariborz\" \r\n                            class=\"attachment-sote-gallery-big size-sote-gallery-big\" \r\n                            srcset=\"https:\/\/semmelweis.hu\/urologia\/files\/2018\/05\/NyiradyP_Bagheri-Fariborz-200x300.jpg 200w, https:\/\/semmelweis.hu\/urologia\/files\/2018\/05\/NyiradyP_Bagheri-Fariborz-768x1155.jpg 768w, https:\/\/semmelweis.hu\/urologia\/files\/2018\/05\/NyiradyP_Bagheri-Fariborz-681x1024.jpg 681w\" ><\/a><\/div>\r\n            <\/span>\r\n\r\n            <\/div>\r\n\r\n\t\t\t<div class=\"col-3 pl-0 pr-0\">\r\n\t\t\t\t<div class=\"galeria-right-img d-flex justify-content-between flex-column h-100 w-100 px-0 mx-0 \">\r\n                <div class=\"galeria-box\">\r\n\t\t\t\t\t<h3 class=\"galeria-title\">Gal\u00e9ria<\/h3>\r\n\t\t\t\t\t<div class=\"galeria-subtitle\">\r\n\r\n\t\t\t\t\t\t<div class=\"galeria-page-counter\"><span>4<\/span>k\u00e9p<\/div>\r\n                    <\/div> <\/div>\r\n                    <span class=\"gallery-item frame d-none d-md-flex\">\r\n\t\t\t\t\t<div class=\"galeria-small-img mt-0\"><a href=\"https:\/\/semmelweis.hu\/urologia\/files\/2018\/05\/Hans-Christoph-Klingler_Nyirady.jpg\"><img src=https:\/\/semmelweis.hu\/urologia\/files\/2018\/05\/Hans-Christoph-Klingler_Nyirady.jpg \r\n                                alt=\"Prof. Nyir\u00e1dy P\u00e9ter \u00e9s Hans Christoph Klingler\"  \r\n                                class=\"attachment-sote-gallery-small size-sote-gallery-small\" \r\n                                srcset=\"https:\/\/semmelweis.hu\/urologia\/files\/2018\/05\/Hans-Christoph-Klingler_Nyirady-199x300.jpg 199w, https:\/\/semmelweis.hu\/urologia\/files\/2018\/05\/Hans-Christoph-Klingler_Nyirady-768x1155.jpg 768w, https:\/\/semmelweis.hu\/urologia\/files\/2018\/05\/Hans-Christoph-Klingler_Nyirady-681x1024.jpg 681w\" ><\/a><\/div>\r\n                    <\/span>\r\n                    <span class=\"gallery-item frame d-none d-md-flex\">\r\n\t\t\t\t\t<div class=\"galeria-small-img mt-0\"><a href=\"https:\/\/semmelweis.hu\/urologia\/files\/2018\/05\/Peter-Rehder.jpg\"><img src=https:\/\/semmelweis.hu\/urologia\/files\/2018\/05\/Peter-Rehder.jpg \r\n                                alt=\"Dr. Peter Rehder megh\u00edvott el\u0151ad\u00f3\" \r\n                                class=\"attachment-sote-gallery-small size-sote-gallery-small\" \r\n                                srcset=\"https:\/\/semmelweis.hu\/urologia\/files\/2018\/05\/Peter-Rehder-199x300.jpg 199w, https:\/\/semmelweis.hu\/urologia\/files\/2018\/05\/Peter-Rehder-768x1157.jpg 768w, https:\/\/semmelweis.hu\/urologia\/files\/2018\/05\/Peter-Rehder-680x1024.jpg 680w\" ><\/a><\/div>\r\n                    <\/span>\r\n\r\n                <\/div>\r\n\r\n            <\/div>\r\n\r\n            <span class=\"gallery-item\"><div class=\"hidden\"><a href=\"https:\/\/semmelweis.hu\/urologia\/files\/2018\/05\/Kar\u00e1csonyJ\u00e1nos_zen\u00e9sz_Nyir\u00e1dy.jpg\">\r\n        <img src=https:\/\/semmelweis.hu\/urologia\/files\/2018\/05\/Kar\u00e1csonyJ\u00e1nos_zen\u00e9sz_Nyir\u00e1dy.jpg alt=\"Meglepet\u00e9s vend\u00e9g: Kar\u00e1csony J\u00e1nos \u00e9s Prof. Nyir\u00e1dy P\u00e9ter \" class=\"attachment-sote-gallery-big size-sote-gallery-big\" srcset=\"https:\/\/semmelweis.hu\/urologia\/files\/2018\/05\/Kar\u00e1csonyJ\u00e1nos_zen\u00e9sz_Nyir\u00e1dy-300x200.jpg 300w, https:\/\/semmelweis.hu\/urologia\/files\/2018\/05\/Kar\u00e1csonyJ\u00e1nos_zen\u00e9sz_Nyir\u00e1dy-768x512.jpg 768w, https:\/\/semmelweis.hu\/urologia\/files\/2018\/05\/Kar\u00e1csonyJ\u00e1nos_zen\u00e9sz_Nyir\u00e1dy-1024x683.jpg 1024w, https:\/\/semmelweis.hu\/urologia\/files\/2018\/05\/Kar\u00e1csonyJ\u00e1nos_zen\u00e9sz_Nyir\u00e1dy-450x300.jpg 450w\" >\r\n        <\/a><\/div><\/span>\r\n            <\/div>\r\n\r\n            [\/slb_exclude]\r\n\t\n<p><strong>KIT\u00dcNTET\u00c9SEK<\/strong><\/p>\n\r\n        [slb_exclude]\r\n        <div class=\"row galeria-wrapper mx-0 h-auto\">\r\n            <div class=\"col-9 pl-0 pr-2\">\r\n            <span class=\"gallery-item frame\">\r\n\t\t\t\t<div class=\"galeria-left-img\"><a href=\"https:\/\/semmelweis.hu\/urologia\/files\/2018\/05\/DekaniDicseret_NagyLajosGy\u00f6rgyn\u00e9.jpg\"><img src=https:\/\/semmelweis.hu\/urologia\/files\/2018\/05\/DekaniDicseret_NagyLajosGy\u00f6rgyn\u00e9.jpg  \r\n                            alt=\"Nagy Lajos Gy\u00f6rgyn\u00e9 - D\u00e9k\u00e1ni dics\u00e9ret\" \r\n                            class=\"attachment-sote-gallery-big size-sote-gallery-big\" \r\n                            srcset=\"https:\/\/semmelweis.hu\/urologia\/files\/2018\/05\/DekaniDicseret_NagyLajosGy\u00f6rgyn\u00e9-300x205.jpg 300w, https:\/\/semmelweis.hu\/urologia\/files\/2018\/05\/DekaniDicseret_NagyLajosGy\u00f6rgyn\u00e9-439x300.jpg 439w, https:\/\/semmelweis.hu\/urologia\/files\/2018\/05\/DekaniDicseret_NagyLajosGy\u00f6rgyn\u00e9-175x120.jpg 175w, https:\/\/semmelweis.hu\/urologia\/files\/2018\/05\/DekaniDicseret_NagyLajosGy\u00f6rgyn\u00e9.jpg 656w\" ><\/a><\/div>\r\n            <\/span>\r\n\r\n            <\/div>\r\n\r\n\t\t\t<div class=\"col-3 pl-0 pr-0\">\r\n\t\t\t\t<div class=\"galeria-right-img d-flex justify-content-between flex-column h-100 w-100 px-0 mx-0 \">\r\n                <div class=\"galeria-box\">\r\n\t\t\t\t\t<h3 class=\"galeria-title\">Gal\u00e9ria<\/h3>\r\n\t\t\t\t\t<div class=\"galeria-subtitle\">\r\n\r\n\t\t\t\t\t\t<div class=\"galeria-page-counter\"><span>2<\/span>k\u00e9p<\/div>\r\n                    <\/div> <\/div>\r\n                    <span class=\"gallery-item frame d-none d-md-flex\">\r\n\t\t\t\t\t<div class=\"galeria-small-img mt-0\"><a href=\"https:\/\/semmelweis.hu\/urologia\/files\/2018\/05\/DekaniDicseret_TothneBujakMaria.jpg\"><img src=https:\/\/semmelweis.hu\/urologia\/files\/2018\/05\/DekaniDicseret_TothneBujakMaria.jpg \r\n                                alt=\"T\u00f3thn\u00e9 Bujak M\u00e1ria - D\u00e9k\u00e1ni dics\u00e9ret\"  \r\n                                class=\"attachment-sote-gallery-small size-sote-gallery-small\" \r\n                                srcset=\"https:\/\/semmelweis.hu\/urologia\/files\/2018\/05\/DekaniDicseret_TothneBujakMaria-300x200.jpg 300w, https:\/\/semmelweis.hu\/urologia\/files\/2018\/05\/DekaniDicseret_TothneBujakMaria-768x512.jpg 768w, https:\/\/semmelweis.hu\/urologia\/files\/2018\/05\/DekaniDicseret_TothneBujakMaria-450x300.jpg 450w, https:\/\/semmelweis.hu\/urologia\/files\/2018\/05\/DekaniDicseret_TothneBujakMaria.jpg 950w\" ><\/a><\/div>\r\n                    <\/span>\r\n                    <span class=\"gallery-item frame d-none d-md-flex\">\r\n\t\t\t\t\t<div class=\"galeria-small-img mt-0\"><img src=https:\/\/semmelweis.hu\/urologia\/wp-content\/themes\/se18\/dist\/images\/100x100.svg \r\n                                alt=\"\" \r\n                                class=\"attachment-sote-gallery-small size-sote-gallery-small\" \r\n                                srcset=\"\" ><\/div>\r\n                    <\/span>\r\n\r\n                <\/div>\r\n\r\n            <\/div>\r\n\r\n            \r\n            <\/div>\r\n\r\n            [\/slb_exclude]\r\n\t\n","protected":false},"excerpt":{"rendered":"<p>ESEM\u00c9NYEK 10 000 L\u00c9P\u00c9S A Magyar Uroonkol\u00f3gusok T\u00e1rsas\u00e1ga IX. Kongresszusa alkalm\u00e1b\u00f3l tal\u00e1lkoz\u00f3 \u00e9s s\u00e9ta a Margitszigeten\u00a0 a Magyar R\u00e1kellenes Liga \u00e9s a Gy\u00f3gyulj Vel\u00fcnk Egyes\u00fclettel Ultrabalaton fut\u00e1s &#8211; Semmelweis Egyetem Urol\u00f3giai Klinika &#8211; 2018.05.12. Prof. Hein Van Poppel MD., PhD., FEBU, Professor Urology Leuven, Belgium,\u00a0 Adjunct Secretary General EAU EAU Visiting professzori l\u00e1togat\u00e1sa -2018.05.7-8. KONGRESSZUSOK &hellip;<\/p>\n","protected":false},"author":316,"featured_media":0,"parent":1170,"menu_order":18,"comment_status":"closed","ping_status":"closed","template":"onecolumn-page.php","meta":{"_acf_changed":false,"footnotes":""},"categories":[],"tags":[],"class_list":["post-2969","page","type-page","status-publish","hentry"],"acf":[],"_links":{"self":[{"href":"https:\/\/semmelweis.hu\/urologia\/wp-json\/wp\/v2\/pages\/2969","targetHints":{"allow":["GET"]}}],"collection":[{"href":"https:\/\/semmelweis.hu\/urologia\/wp-json\/wp\/v2\/pages"}],"about":[{"href":"https:\/\/semmelweis.hu\/urologia\/wp-json\/wp\/v2\/types\/page"}],"author":[{"embeddable":true,"href":"https:\/\/semmelweis.hu\/urologia\/wp-json\/wp\/v2\/users\/316"}],"replies":[{"embeddable":true,"href":"https:\/\/semmelweis.hu\/urologia\/wp-json\/wp\/v2\/comments?post=2969"}],"version-history":[{"count":9,"href":"https:\/\/semmelweis.hu\/urologia\/wp-json\/wp\/v2\/pages\/2969\/revisions"}],"predecessor-version":[{"id":3012,"href":"https:\/\/semmelweis.hu\/urologia\/wp-json\/wp\/v2\/pages\/2969\/revisions\/3012"}],"up":[{"embeddable":true,"href":"https:\/\/semmelweis.hu\/urologia\/wp-json\/wp\/v2\/pages\/1170"}],"wp:attachment":[{"href":"https:\/\/semmelweis.hu\/urologia\/wp-json\/wp\/v2\/media?parent=2969"}],"wp:term":[{"taxonomy":"category","embeddable":true,"href":"https:\/\/semmelweis.hu\/urologia\/wp-json\/wp\/v2\/categories?post=2969"},{"taxonomy":"post_tag","embeddable":true,"href":"https:\/\/semmelweis.hu\/urologia\/wp-json\/wp\/v2\/tags?post=2969"}],"curies":[{"name":"wp","href":"https:\/\/api.w.org\/{rel}","templated":true}]}}