{"id":2896,"date":"2018-02-14T11:01:59","date_gmt":"2018-02-14T10:01:59","guid":{"rendered":"http:\/\/semmelweis.hu\/urologia\/?page_id=2896"},"modified":"2025-12-22T09:45:16","modified_gmt":"2025-12-22T08:45:16","slug":"klinika-munka","status":"publish","type":"page","link":"https:\/\/semmelweis.hu\/urologia\/oktatas\/gradualis-kepzes\/klinika-munka\/","title":{"rendered":"Klinika munka"},"content":{"rendered":"<p>A felvett<strong>\u00a0Klinikai munka t\u00e1rgy\u00a0<\/strong>teljes\u00edt\u00e9s\u00e9re \u00e9rkez\u0151 hallgat\u00f3ink az adott oktat\u00e1si nyelv\u0171 tanulm\u00e1nyi felel\u0151ssel egyeztetett munkanap reggel\u00e9n 7:40 \u00f3rakor jelentkezzenek a\u00a0<strong>Klinika k\u00f6nyvt\u00e1r\u00e1nak el\u0151ter\u00e9ben!<\/strong>\u00a0<br \/>\nAmennyiben van r\u00e1 lehet\u0151s\u00e9g\u00fck, saj\u00e1t orvosi k\u00f6penyt \u00e9s l\u00e1bbelit hozzanak magukkal!<\/p>\n<p>&nbsp;<\/p>\n<p style=\"text-align: left\">Klinikai munka teljes\u00edt\u00e9si felt\u00e9telei:<\/p>\n<p style=\"text-align: left\"><strong>1 kredit pont<\/strong> <br \/>\n&#8211; heti rendszeress\u00e9ggel legal\u00e1bb 2-3 \u00f3r\u00e1t kitev\u0151 eredm\u00e9nyes klinikai munka<br \/>\n&#8211; elsaj\u00e1t\u00edtott k\u00e9szs\u00e9gek igazol\u00e1sa<\/p>\n<p style=\"text-align: left\"><strong>2 kredit pont<\/strong><br \/>\n&#8211; heti rendszeress\u00e9ggel legal\u00e1bb 2-3 \u00f3r\u00e1t kitev\u0151 eredm\u00e9nyes klinikai munka<br \/>\n&#8211; elsaj\u00e1t\u00edtott k\u00e9szs\u00e9gek igazol\u00e1sa<br \/>\n&#8211; a klinikai munka \u00e9rt\u00e9kelhet\u0151 publik\u00e1ci\u00f3ban, egy\u00e9b tev\u00e9kenys\u00e9gben (pl. esettanulm\u00e1ny, konferencia-r\u00e9szv\u00e9tel)<\/p>\n<p style=\"text-align: left\">A Klinikai munka kreditpontjait az <a href=\"https:\/\/semmelweis.hu\/urologia\/files\/2025\/12\/Igazolas-klinikai-munkarol.docx\">Igazol\u00e1s klinikai munk\u00e1r\u00f3l<\/a>\u00a0lead\u00e1s\u00e1t k\u00f6vet\u0151en \u00edrjuk j\u00f3v\u00e1.<\/p>\n<p>&nbsp;<\/p>\n<p>&nbsp;<\/p>\n<p>&nbsp;<\/p>\n","protected":false},"excerpt":{"rendered":"<p>A felvett\u00a0Klinikai munka t\u00e1rgy\u00a0teljes\u00edt\u00e9s\u00e9re \u00e9rkez\u0151 hallgat\u00f3ink az adott oktat\u00e1si nyelv\u0171 tanulm\u00e1nyi felel\u0151ssel egyeztetett munkanap reggel\u00e9n 7:40 \u00f3rakor jelentkezzenek a\u00a0Klinika k\u00f6nyvt\u00e1r\u00e1nak el\u0151ter\u00e9ben!\u00a0 Amennyiben van r\u00e1 lehet\u0151s\u00e9g\u00fck, saj\u00e1t orvosi k\u00f6penyt \u00e9s l\u00e1bbelit hozzanak magukkal! &nbsp; Klinikai munka teljes\u00edt\u00e9si felt\u00e9telei: 1 kredit pont &#8211; heti rendszeress\u00e9ggel legal\u00e1bb 2-3 \u00f3r\u00e1t kitev\u0151 eredm\u00e9nyes klinikai munka &#8211; elsaj\u00e1t\u00edtott k\u00e9szs\u00e9gek igazol\u00e1sa 2 &hellip;<\/p>\n","protected":false},"author":316,"featured_media":0,"parent":280,"menu_order":6,"comment_status":"closed","ping_status":"closed","template":"","meta":{"_acf_changed":false,"footnotes":""},"categories":[],"tags":[],"class_list":["post-2896","page","type-page","status-publish","hentry"],"acf":[],"_links":{"self":[{"href":"https:\/\/semmelweis.hu\/urologia\/wp-json\/wp\/v2\/pages\/2896","targetHints":{"allow":["GET"]}}],"collection":[{"href":"https:\/\/semmelweis.hu\/urologia\/wp-json\/wp\/v2\/pages"}],"about":[{"href":"https:\/\/semmelweis.hu\/urologia\/wp-json\/wp\/v2\/types\/page"}],"author":[{"embeddable":true,"href":"https:\/\/semmelweis.hu\/urologia\/wp-json\/wp\/v2\/users\/316"}],"replies":[{"embeddable":true,"href":"https:\/\/semmelweis.hu\/urologia\/wp-json\/wp\/v2\/comments?post=2896"}],"version-history":[{"count":9,"href":"https:\/\/semmelweis.hu\/urologia\/wp-json\/wp\/v2\/pages\/2896\/revisions"}],"predecessor-version":[{"id":4764,"href":"https:\/\/semmelweis.hu\/urologia\/wp-json\/wp\/v2\/pages\/2896\/revisions\/4764"}],"up":[{"embeddable":true,"href":"https:\/\/semmelweis.hu\/urologia\/wp-json\/wp\/v2\/pages\/280"}],"wp:attachment":[{"href":"https:\/\/semmelweis.hu\/urologia\/wp-json\/wp\/v2\/media?parent=2896"}],"wp:term":[{"taxonomy":"category","embeddable":true,"href":"https:\/\/semmelweis.hu\/urologia\/wp-json\/wp\/v2\/categories?post=2896"},{"taxonomy":"post_tag","embeddable":true,"href":"https:\/\/semmelweis.hu\/urologia\/wp-json\/wp\/v2\/tags?post=2896"}],"curies":[{"name":"wp","href":"https:\/\/api.w.org\/{rel}","templated":true}]}}