{"id":288,"date":"2014-03-11T07:46:43","date_gmt":"2014-03-11T07:46:43","guid":{"rendered":"http:\/\/semmelweis.hu\/urologia\/?page_id=288"},"modified":"2023-05-28T07:39:40","modified_gmt":"2023-05-28T05:39:40","slug":"szigorlati-tetelsor","status":"publish","type":"page","link":"https:\/\/semmelweis.hu\/urologia\/oktatas\/gradualis-kepzes\/szigorlati-tetelsor\/","title":{"rendered":"Szigorlati t\u00e9telsor"},"content":{"rendered":"<p><strong>\u00c1LTAL\u00c1NOS UROL\u00d3GIAI T\u00c9TELEK<\/strong><\/p>\n<p>1. F\u0151bb m\u0171t\u00e9ti behatol\u00e1sok \u00e9s t\u00edpusok az urol\u00f3gi\u00e1ban<br \/>\n2. A vese, az ureter \u00e9s a h\u00f3lyag fejl\u0151d\u00e9si rendelleness\u00e9gei<br \/>\n3. A h\u00fagycs\u0151 \u00e9s a k\u00fcls\u0151 nemi szervek fejl\u0151d\u00e9si rendelleness\u00e9gei<br \/>\n4. A vese, az ureter \u00e9s a h\u00f3lyag s\u00e9r\u00fcl\u00e9sei<br \/>\n5. A h\u00fagycs\u0151 \u00e9s a k\u00fcls\u0151 nemi szervek s\u00e9r\u00fcl\u00e9sei, korai \u00e9s k\u00e9s\u0151i k\u00f6vetkezm\u00e9nyei<br \/>\n6. H\u00fagy\u00fati sz\u0171k\u00fcletek \u00e9s sipolyok<br \/>\n7. Akut has differenci\u00e1ldiagnosztik\u00e1ja (k\u00fcl\u00f6n\u00f6s tekintettel az urol\u00f3giai k\u00f3rk\u00e9pekre)<br \/>\n8. Urol\u00f3giai s\u00fcrg\u0151ss\u00e9gi ell\u00e1t\u00e1s<br \/>\n9. Vizeletcsepeg\u00e9s, urodinamika<br \/>\n10. A f\u00e1jdalmas \u00e9s neh\u00e9zvizel\u00e9s<br \/>\n11. Akut \u00e9s kr\u00f3nikus veseel\u00e9gtelens\u00e9g<br \/>\n12. A vese \u00e9s az ur\u00e9ter ultrahang-, r\u00f6ntgen- \u00e9s izot\u00f3pos vizsg\u00e1lata<br \/>\n13. K\u00e9palkot\u00f3 elj\u00e1r\u00e1sok a h\u00fagyh\u00f3lyag, prosztata \u00e9s a k\u00fcls\u0151 nemi szervek vizsg\u00e1lat\u00e1ban<br \/>\n14. A vese \u00e9s k\u00f6rnyezet\u00e9nek specifikus \u00e9s nem specifikus gyullad\u00e1sos folyamatai<br \/>\n15. A h\u00f3lyag \u00e9s a h\u00fagycs\u0151 gyullad\u00e1sos folyamatai<br \/>\n16. A prosztata \u00e9s a k\u00fcls\u0151 nemi szervek gyullad\u00e1sai<br \/>\n17. A vesek\u00f6vek keletkez\u00e9se, fajt\u00e1i, megel\u0151z\u00e9se \u00e9s diagnosztik\u00e1ja<br \/>\n18. A h\u00fagy\u00fati k\u00f6vek diagnosztik\u00e1ja \u00e9s ter\u00e1pi\u00e1ja<br \/>\n19. A k\u00fcls\u0151 nemi szervek betegs\u00e9gei, diagnosztik\u00e1ja \u00e9s ter\u00e1pi\u00e1ja<br \/>\n20. A j\u00f3indulat\u00fa prosztata megnagyobbod\u00e1s t\u00fcnetei, kivizsg\u00e1l\u00e1sa \u00e9s differenci\u00e1ldiagnosztik\u00e1ja<br \/>\n21. A j\u00f3indulat\u00fa prosztatamegnagyobbod\u00e1s konzervat\u00edv \u00e9s seb\u00e9szi kezel\u00e9se<br \/>\n22. A f\u00e9rfi nemz\u0151k\u00e9pess\u00e9g\u00e9nek zavarai<br \/>\n23. A f\u00e9rfi szexu\u00e1lis zavarai<br \/>\n24. Gyermekurol\u00f3gia<\/p>\n<p><strong>ONKOL\u00d3GIAI T\u00c9TELEK<\/strong><br \/>\n1. Daganatellenes gy\u00f3gyszercsoportok az urol\u00f3gi\u00e1ban<br \/>\n2. A vese daganatai<br \/>\n3. A vesemedence \u00e9s h\u00fagyvezet\u00e9k daganatai<br \/>\n4. A h\u00fagyh\u00f3lyag fel\u00fcletes daganata<br \/>\n5. A h\u00fagyh\u00f3lyag izominfiltrat\u00edv daganata<br \/>\n6. A prosztatar\u00e1k el\u0151fordul\u00e1sa, t\u00fcnetei, k\u00f3rism\u00e9z\u00e9se<br \/>\n7. A szervre lokaliz\u00e1lt prosztatar\u00e1k kezel\u00e9se<br \/>\n8. Az el\u0151rehaladott prosztatar\u00e1k kezel\u00e9se<br \/>\n9. A h\u00edmvessz\u0151 daganatai<br \/>\n10. A here daganatai<br \/>\n11. V\u00e9rvizel\u00e9s kivizsg\u00e1l\u00e1sa \u00e9s differenci\u00e1ldiagnosztik\u00e1ja<\/p>\n<p>&nbsp;<\/p>\n<p>&nbsp;<\/p>\n<p>&nbsp;<\/p>\n","protected":false},"excerpt":{"rendered":"<p>\u00c1LTAL\u00c1NOS UROL\u00d3GIAI T\u00c9TELEK 1. F\u0151bb m\u0171t\u00e9ti behatol\u00e1sok \u00e9s t\u00edpusok az urol\u00f3gi\u00e1ban 2. A vese, az ureter \u00e9s a h\u00f3lyag fejl\u0151d\u00e9si rendelleness\u00e9gei 3. A h\u00fagycs\u0151 \u00e9s a k\u00fcls\u0151 nemi szervek fejl\u0151d\u00e9si rendelleness\u00e9gei 4. A vese, az ureter \u00e9s a h\u00f3lyag s\u00e9r\u00fcl\u00e9sei 5. A h\u00fagycs\u0151 \u00e9s a k\u00fcls\u0151 nemi szervek s\u00e9r\u00fcl\u00e9sei, korai \u00e9s k\u00e9s\u0151i k\u00f6vetkezm\u00e9nyei 6. H\u00fagy\u00fati &hellip;<\/p>\n","protected":false},"author":316,"featured_media":0,"parent":280,"menu_order":4,"comment_status":"closed","ping_status":"closed","template":"","meta":{"_acf_changed":false,"footnotes":""},"categories":[],"tags":[],"class_list":["post-288","page","type-page","status-publish","hentry"],"acf":[],"_links":{"self":[{"href":"https:\/\/semmelweis.hu\/urologia\/wp-json\/wp\/v2\/pages\/288","targetHints":{"allow":["GET"]}}],"collection":[{"href":"https:\/\/semmelweis.hu\/urologia\/wp-json\/wp\/v2\/pages"}],"about":[{"href":"https:\/\/semmelweis.hu\/urologia\/wp-json\/wp\/v2\/types\/page"}],"author":[{"embeddable":true,"href":"https:\/\/semmelweis.hu\/urologia\/wp-json\/wp\/v2\/users\/316"}],"replies":[{"embeddable":true,"href":"https:\/\/semmelweis.hu\/urologia\/wp-json\/wp\/v2\/comments?post=288"}],"version-history":[{"count":11,"href":"https:\/\/semmelweis.hu\/urologia\/wp-json\/wp\/v2\/pages\/288\/revisions"}],"predecessor-version":[{"id":4474,"href":"https:\/\/semmelweis.hu\/urologia\/wp-json\/wp\/v2\/pages\/288\/revisions\/4474"}],"up":[{"embeddable":true,"href":"https:\/\/semmelweis.hu\/urologia\/wp-json\/wp\/v2\/pages\/280"}],"wp:attachment":[{"href":"https:\/\/semmelweis.hu\/urologia\/wp-json\/wp\/v2\/media?parent=288"}],"wp:term":[{"taxonomy":"category","embeddable":true,"href":"https:\/\/semmelweis.hu\/urologia\/wp-json\/wp\/v2\/categories?post=288"},{"taxonomy":"post_tag","embeddable":true,"href":"https:\/\/semmelweis.hu\/urologia\/wp-json\/wp\/v2\/tags?post=288"}],"curies":[{"name":"wp","href":"https:\/\/api.w.org\/{rel}","templated":true}]}}