{"id":284,"date":"2014-03-11T07:43:51","date_gmt":"2014-03-11T07:43:51","guid":{"rendered":"http:\/\/semmelweis.hu\/urologia\/?page_id=284"},"modified":"2023-05-02T12:56:57","modified_gmt":"2023-05-02T10:56:57","slug":"szakorvoskepzes-urologia-es-andrologia","status":"publish","type":"page","link":"https:\/\/semmelweis.hu\/urologia\/oktatas\/szakorvoskepzes-urologia-es-andrologia\/","title":{"rendered":"Szakorvosk\u00e9pz\u00e9s"},"content":{"rendered":"<p style=\"text-align: left\">A postgradu\u00e1lis k\u00e9pz\u00e9sen bel\u00fcl a klinika s\u00falyponti szerepet t\u00f6lt be az urol\u00f3giai \u00e9s az androl\u00f3giai szakorvosk\u00e9pz\u00e9sben. Mind elm\u00e9leti, mind gyakorlati tanfolyamokkal r\u00e9szt vesz a szakorvosi felk\u00e9sz\u00edt\u0151 programban, melyben \u00e9vente egy alkalommal, novemberben 3-4 napos tov\u00e1bbk\u00e9pz\u00e9seket rendez a szakorvosjel\u00f6ltek sz\u00e1m\u00e1ra. Klinik\u00e1nk az al\u00e1bbi t\u00e9m\u00e1kban biztos\u00edtja a rezidensek, szakorvosjel\u00f6ltek tov\u00e1bbk\u00e9pz\u00e9s\u00e9t: vesetumor, vizelettart\u00e1si \u00e9s \u00fcr\u00edt\u00e9si zavarok, urogynekol\u00f3gia, androl\u00f3gia, uroonkol\u00f3gia.<\/p>\n<p style=\"text-align: left\">A szakvizsg\u00e1t megel\u0151z\u0151en minden urol\u00f3gus \u00e9s n\u0151gy\u00f3gy\u00e1sz-szakorvosjel\u00f6ltnek, illetve minden szakorvosnak, aki nem urol\u00f3giai szakvizsg\u00e1ra \u00e9p\u00edti az androl\u00f3giai szakvizsg\u00e1t, az anyaint\u00e9zet akredit\u00e1ci\u00f3j\u00e1t\u00f3l f\u00fcgg\u0151en 1-12 h\u00f3napos urol\u00f3giai klinikai gyakorlatot kell elt\u00f6ltenie. \u00cdgy r\u00e9szesei lehetnek a mindennapi klinikai betegell\u00e1t\u00e1snak, speci\u00e1lis m\u0171t\u00e9tekben vehetnek r\u00e9szt.<\/p>\n<p style=\"text-align: left\">Az urol\u00f3giai szakvizsg\u00e1k lebonyol\u00edt\u00e1s\u00e1ban is akt\u00edv szerepet j\u00e1tszik int\u00e9zet\u00fcnk. A klinika jelenlegi \u00e9s kor\u00e1bbi igazgat\u00f3i, Nyir\u00e1dy P\u00e9ter \u00e9s Romics Imre professzorok, Keszthelyi Attila \u00e9s Majoros Attila docensek rendszeresen r\u00e9szt vesznek a szakvizsg\u00e1ztat\u00e1sban, illetve az Eur\u00f3pai Urol\u00f3gus T\u00e1rsas\u00e1g \u00e1ltal akkredit\u00e1lt eur\u00f3pai urol\u00f3giai szakvizsg\u00e1k hazai vizsg\u00e1ztat\u00f3ik\u00e9nt is k\u00f6zrem\u0171k\u00f6dnek.<br \/>\nA klinik\u00e1n m\u0171k\u00f6dik a Semmelweis Egyetem androl\u00f3giai szakk\u00e9pz\u00e9st ir\u00e1ny\u00edt\u00f3 Androl\u00f3giai Szakmai Gr\u00e9miuma, Dr. Kopa Zsolt docens vezet\u00e9s\u00e9vel. Az androl\u00f3giai szakvizsg\u00e1ztat\u00e1sban Dr. Kopa Zsolt docens \u00e9s Dr. Riesz P\u00e9ter adjunktus urak vesznek rendszeresen r\u00e9szt.<\/p>\n<p style=\"text-align: left\"><span style=\"font-size: 12pt\">Jelenleg a szakorvosk\u00e9pz\u00e9s curriculum reformja zajlik. Akik k\u00e9pz\u00e9s\u00fcket a \u00a022\/2012<br \/>\n(IX.14.) EMMI rendelet alapj\u00e1n kezdt\u00e9k, azok a 60 h\u00f3napos urol\u00f3giai szakk\u00e9pz\u00e9st az al\u00e1bbi k\u00e9pz\u00e9si program szerint v\u00e9gzik.<\/span><\/p>\n<p style=\"text-align: left\"><em>24 h\u00f3 t\u00f6rzsk\u00e9pz\u00e9si program:<\/em><\/p>\n<ol style=\"text-align: left\">\n<li><em>a) <\/em>6 h\u00f3 s\u00fcrg\u0151ss\u00e9gi gyakorlat<\/li>\n<li><em>b) <\/em>1 h\u00f3 t\u00f6rzsk\u00e9pz\u00e9si tanfolyamok<\/li>\n<li><em>c) 7 <\/em>h\u00f3 \u00e1ltal\u00e1nos seb\u00e9szeti gyakorlat<\/li>\n<li><em>d) <\/em>3 h\u00f3 urol\u00f3giai ambulancia<\/li>\n<li><em>e) <\/em>1 h\u00f3 n\u0151gy\u00f3gy\u00e1szati urol\u00f3gia<\/li>\n<li><em>f) <\/em>3 h\u00f3 gyermekurol\u00f3gia<\/li>\n<li><em>g) <\/em>2 h\u00f3 androl\u00f3gia<\/li>\n<li><em>h) <\/em>1 h\u00f3 seb\u00e9szeti skill tr\u00e9ning<\/li>\n<\/ol>\n<p style=\"text-align: left\"><em>36 h\u00f3 szakgyakorlati k\u00e9pz\u00e9s<\/em><\/p>\n<ol style=\"text-align: left\">\n<li><em>a) <\/em>urol\u00f3giai oszt\u00e1lyos gyakorlat, ebben:<\/li>\n<li><em>aa) <\/em>ultrahang alapismeretek tanfolyam<\/li>\n<li><em>ab) <\/em>1 h\u00f3 urol\u00f3giai ultrahang gyakorlat<\/li>\n<li><em>b) <\/em>megadott sz\u00e1m\u00fa \u00e9s t\u00edpus\u00fa m\u0171t\u00e9t<\/li>\n<\/ol>\n<p style=\"text-align: left\">Szakvizsg\u00e1ra bocs\u00e1t\u00e1s egy\u00e9b felt\u00e9telei:<\/p>\n<p style=\"text-align: left\">Szakvizsga-felk\u00e9sz\u00edt\u0151 program sikeres teljes\u00edt\u00e9se (\u00e9vente 4&#215;3 nap elm\u00e9leti \u00e9s gyakorlati k\u00e9pz\u00e9s a teljes urol\u00f3giai tananyagot fel\u00f6lel\u0151en, forg\u00f3 rendszerben).<\/p>\n<p style=\"text-align: left\">Az \u00faj urol\u00f3giai szakk\u00e9pz\u00e9si programban 12 h\u00f3nap t\u00f6rzsk\u00e9pz\u00e9st (3 h\u00f3nap seb\u00e9szet, 2 h\u00f3nap SBO, 3 h\u00f3nap urol. ambulancia, 1 h\u00f3nap androl\u00f3gia, 1 h\u00f3nap gyermek urol\u00f3gia, 1 h\u00f3nap n\u0151gy\u00f3gy\u00e1szati urol\u00f3gia, 1 h\u00f3nap uroonkol\u00f3gia) k\u00f6vet\u0151en 48 h\u00f3nap urol\u00f3giai szakgyakorlati k\u00e9pz\u00e9st kell a szakorvosjel\u00f6ltnek elv\u00e9geznie \u00e9s a k\u00e9pz\u00e9si id\u0151 alatt 5 r\u00e9szvizsga sor\u00e1n kell szakmai fejl\u0151d\u00e9s\u00e9t igazolnia.<\/p>\n<p style=\"text-align: left\">\u00a0<\/p>\n","protected":false},"excerpt":{"rendered":"<p>A postgradu\u00e1lis k\u00e9pz\u00e9sen bel\u00fcl a klinika s\u00falyponti szerepet t\u00f6lt be az urol\u00f3giai \u00e9s az androl\u00f3giai szakorvosk\u00e9pz\u00e9sben. Mind elm\u00e9leti, mind gyakorlati tanfolyamokkal r\u00e9szt vesz a szakorvosi felk\u00e9sz\u00edt\u0151 programban, melyben \u00e9vente egy alkalommal, novemberben 3-4 napos tov\u00e1bbk\u00e9pz\u00e9seket rendez a szakorvosjel\u00f6ltek sz\u00e1m\u00e1ra. Klinik\u00e1nk az al\u00e1bbi t\u00e9m\u00e1kban biztos\u00edtja a rezidensek, szakorvosjel\u00f6ltek tov\u00e1bbk\u00e9pz\u00e9s\u00e9t: vesetumor, vizelettart\u00e1si \u00e9s \u00fcr\u00edt\u00e9si zavarok, urogynekol\u00f3gia, androl\u00f3gia, &hellip;<\/p>\n","protected":false},"author":316,"featured_media":0,"parent":276,"menu_order":4,"comment_status":"open","ping_status":"open","template":"","meta":{"_acf_changed":false,"footnotes":""},"categories":[],"tags":[],"class_list":["post-284","page","type-page","status-publish","hentry"],"acf":[],"_links":{"self":[{"href":"https:\/\/semmelweis.hu\/urologia\/wp-json\/wp\/v2\/pages\/284","targetHints":{"allow":["GET"]}}],"collection":[{"href":"https:\/\/semmelweis.hu\/urologia\/wp-json\/wp\/v2\/pages"}],"about":[{"href":"https:\/\/semmelweis.hu\/urologia\/wp-json\/wp\/v2\/types\/page"}],"author":[{"embeddable":true,"href":"https:\/\/semmelweis.hu\/urologia\/wp-json\/wp\/v2\/users\/316"}],"replies":[{"embeddable":true,"href":"https:\/\/semmelweis.hu\/urologia\/wp-json\/wp\/v2\/comments?post=284"}],"version-history":[{"count":11,"href":"https:\/\/semmelweis.hu\/urologia\/wp-json\/wp\/v2\/pages\/284\/revisions"}],"predecessor-version":[{"id":4314,"href":"https:\/\/semmelweis.hu\/urologia\/wp-json\/wp\/v2\/pages\/284\/revisions\/4314"}],"up":[{"embeddable":true,"href":"https:\/\/semmelweis.hu\/urologia\/wp-json\/wp\/v2\/pages\/276"}],"wp:attachment":[{"href":"https:\/\/semmelweis.hu\/urologia\/wp-json\/wp\/v2\/media?parent=284"}],"wp:term":[{"taxonomy":"category","embeddable":true,"href":"https:\/\/semmelweis.hu\/urologia\/wp-json\/wp\/v2\/categories?post=284"},{"taxonomy":"post_tag","embeddable":true,"href":"https:\/\/semmelweis.hu\/urologia\/wp-json\/wp\/v2\/tags?post=284"}],"curies":[{"name":"wp","href":"https:\/\/api.w.org\/{rel}","templated":true}]}}