{"id":280,"date":"2014-03-11T07:41:46","date_gmt":"2014-03-11T07:41:46","guid":{"rendered":"http:\/\/semmelweis.hu\/urologia\/?page_id=280"},"modified":"2024-06-12T12:13:00","modified_gmt":"2024-06-12T10:13:00","slug":"gradualis-kepzes","status":"publish","type":"page","link":"https:\/\/semmelweis.hu\/urologia\/oktatas\/gradualis-kepzes\/","title":{"rendered":"Gradu\u00e1lis k\u00e9pz\u00e9s"},"content":{"rendered":"<p style=\"text-align: justify\">A Semmelweis Egyetem Urol\u00f3giai Klinik\u00e1j\u00e1n <strong>a gradu\u00e1lis k\u00e9pz\u00e9s keret\u00e9n bel\u00fcl az V. \u00e9ves orvostanhallgat\u00f3k oktat\u00e1sa f\u00e9l\u00e9ves szemeszterekben t\u00f6rt\u00e9nik<\/strong>, blokkos\u00edtott oktat\u00e1s sor\u00e1n, 5 \u00e9s f\u00e9l napos, napi 8 \u00f3r\u00e1s id\u0151tartamban. Az urol\u00f3giai oktat\u00e1s c\u00e9lja olyan vez\u00e9rfonal ny\u00fajt\u00e1sa, amely el\u0151seg\u00edti a tant\u00e1rgy elsaj\u00e1t\u00edt\u00e1s\u00e1t, valamint \u00e1ttekint\u00e9st ad a leg\u00fajabb eredm\u00e9nyekr\u0151l, amelyeket a tank\u00f6nyv jelleg\u00e9n\u00e9l fogva nem tartalmazhat.<\/p>\n<p style=\"text-align: justify\">A honlapunkon tal\u00e1lhat\u00f3 <a href=\"https:\/\/semmelweis.hu\/urologia\/oktatas\/gradualis-kepzes\/elmelet\/\">el\u0151ad\u00e1sok<\/a> t\u00f6bbs\u00e9g\u00e9t az int\u00e9zetvezet\u0151 professzor tartja, illetve az egyes r\u00e9szter\u00fcletek klinik\u00e1n dolgoz\u00f3 specialist\u00e1i \u00e9s megh\u00edvott el\u0151ad\u00f3i (pl. gyermekurol\u00f3gia).<\/p>\n<p style=\"text-align: justify\">Az orvostanhallgat\u00f3k urol\u00f3giai k\u00e9pz\u00e9s\u00e9nek fontos elem\u00e9t a <strong>szakmai <a href=\"https:\/\/semmelweis.hu\/urologia\/oktatas\/gradualis-kepzes\/gyakorlat\/\">gyakorlato<\/a><\/strong>k k\u00e9pezik. Az oktat\u00e1s 10-12 f\u0151s csoportokban t\u00f6rt\u00e9nik. Ennek sor\u00e1n a hallgat\u00f3k elsaj\u00e1t\u00edtj\u00e1k a betegvizsg\u00e1latot, megismerkednek a vizsg\u00e1l\u00f3 elj\u00e1r\u00e1sokkal, az egyes k\u00f3rk\u00e9pek diagnosztik\u00e1j\u00e1val, valamint a konzervat\u00edv gy\u00f3gy\u00edt\u00e1s, a ny\u00edlt vagy endoszk\u00f3pos m\u0171t\u00e9tek lehet\u0151s\u00e9geivel. K\u00fcl\u00f6n hangs\u00falyt fektet\u00fcnk az eszk\u00f6z\u00f6s vizsg\u00e1latok bemutat\u00e1s\u00e1ra, az endoszk\u00f3pos m\u0171szerek megismertet\u00e9s\u00e9re. A lehet\u0151s\u00e9gekhez m\u00e9rten azon vagyunk, hogy a hallgat\u00f3k elsaj\u00e1t\u00edthass\u00e1k a kat\u00e9terez\u00e9st. \u00d6sszevont gyakorlatok keret\u00e9ben r\u00e9szletesen mutatjuk be az androl\u00f3gia t\u00e9mak\u00f6r\u00e9t, az urol\u00f3giai m\u0171t\u00e9ttant, az urodinamikai vizsg\u00e1l\u00f3 m\u00f3dszereket, valamint az uroradiol\u00f3giai diagnosztikai elj\u00e1r\u00e1sokat.<\/p>\n<p style=\"text-align: justify\">\u00c9rdekl\u0151d\u0151 hallgat\u00f3k sz\u00e1m\u00e1ra lehet\u0151s\u00e9g van (el\u0151zetes egyeztet\u00e9s ut\u00e1n) m\u0171t\u00e9tekn\u00e9l t\u00f6rt\u00e9n\u0151 assziszt\u00e1l\u00e1sra.<\/p>\n<p style=\"text-align: justify\">A szemesztert sz\u00f3beli kollokvium z\u00e1rja le. Az oktat\u00e1st magyar, angol \u00e9s n\u00e9met nyelven v\u00e9gezz\u00fck. A magyar \u00e9vfolyamon szemeszterenk\u00e9nt kb. 200 di\u00e1kot, az angol \u00e9vfolyamon kb. 100-150 hallgat\u00f3t, a n\u00e9met \u00e9vfolyamon 80-100 hallgat\u00f3t oktatunk. Az angol \u00e9s a n\u00e9met \u00e9vfolyamon a II. \u00e9ves orvostanhallgat\u00f3k r\u00e9sz\u00e9re is tartunk gyakorlatokat a \u201ebevezet\u00e9s a klinikumba\u201d tant\u00e1rgy keret\u00e9n bel\u00fcl. A 2021\/22-es tan\u00e9v 2. f\u00e9l\u00e9v\u00e9t\u0151l a Csal\u00e1dorvosi Tansz\u00e9k k\u00e9pz\u00e9si modulj\u00e1ban 4 alkalommal tartunk 1-1 \u00f3r\u00e1s el\u0151ad\u00e1sokat negyed\u00e9ves orvostanhallgat\u00f3knak &#8220;Urol\u00f3gia a h\u00e1ziorvosi gyakorlatban&#8221; c\u00edmmel. Az orvostanhallgat\u00f3k oktat\u00e1s\u00e1ban a klinika valamennyi orvosmunkat\u00e1rsa r\u00e9szt vesz.<\/p>\n<div class=\"keretes w-100\">\n<p><strong>A gradu\u00e1lis k\u00e9pz\u00e9s tanulm\u00e1nyi felel\u0151sei:<\/strong>\u00a0<\/p>\n<ul>\n<li><em>Magyar nyelv\u0171 k\u00e9pz\u00e9s:<\/em> dr. B\u00e1nfi Gergely egyetemi adjunktus<\/li>\n<li><em>Angol nyelv\u0171 k\u00e9pz\u00e9s:<\/em> dr. Horv\u00e1th Andr\u00e1s egyetemi adjunktus<\/li>\n<li><em>N\u00e9met nyelv\u0171 k\u00e9pz\u00e9s<\/em>: dr. Majoros Attila egyetemi docens<\/li>\n<\/ul>\n<p><strong>Tanulm\u00e1nyi \u00fcgyekben a kapcsolatfelv\u00e9tel m\u00f3dja emailen<\/strong>:\u00a0 <a href=\"mailto:studentoffice.urol@semmelweis.hu\">studentoffice.urol@semmelweis.hu<\/a><\/p>\n<p style=\"text-align: justify\">A klinika lehet\u0151s\u00e9get biztos\u00edt az urol\u00f3gia ir\u00e1nt kiemelten \u00e9rdekl\u0151d\u0151 hallgat\u00f3k sz\u00e1m\u00e1ra <strong>el\u0151re meghirdetett t\u00e9mak\u00f6r\u00f6kben <a href=\"https:\/\/semmelweis.hu\/urologia\/oktatas\/gradualis-kepzes\/szakdolgozat-temak\/\">szakdolgozat<\/a> <\/strong>meg\u00edr\u00e1s\u00e1ra. A szakdolgozatot az opponensi b\u00edr\u00e1lat ut\u00e1n az eln\u00f6kb\u0151l, b\u00edr\u00e1l\u00f3b\u00f3l \u00e9s konzulensb\u0151l \u00e1ll\u00f3 bizotts\u00e1g el\u0151tt kell megv\u00e9deni. Az \u00e9rv\u00e9nyben l\u00e9v\u0151 szakdolgozat c\u00edmlista klinik\u00e1nkon hozz\u00e1f\u00e9rhet\u0151.<\/p>\n<\/div>\n<p style=\"text-align: justify\">Klinik\u00e1nk t\u00e1mogatja a <a href=\"https:\/\/semmelweis.hu\/urologia\/oktatas\/meghirdetett-tdk-temak\/\"><strong>tudom\u00e1nyos di\u00e1kk\u00f6r\u00f6s tev\u00e9keny<\/strong><\/a>s\u00e9get is: az \u00e9rdekl\u0151d\u0151 hallgat\u00f3k bekapcsol\u00f3dhatnak a klinik\u00e1n foly\u00f3 elm\u00e9leti \u00e9s tudom\u00e1nyos munk\u00e1ba. R\u00e9szt vesznek a klinikai rutinmunk\u00e1ban, m\u0171t\u00e9ti asszisztenci\u00e1ban \u00e9s eredm\u00e9nyeikr\u0151l TDK-konferenci\u00e1n, rektori p\u00e1ly\u00e1zaton, kongresszuson el\u0151ad\u00e1s illetve poszter form\u00e1j\u00e1ban adhatnak sz\u00e1mot.<\/p>\n<p><strong>El\u00e9rhet\u0151 seg\u00e9dtananyag:<\/strong> <a href=\"http:\/\/itc.semmelweis.hu\" target=\"_blank\" rel=\"noopener noreferrer\">http:\/\/itc.semmelweis.hu<\/a> <br \/>\n<strong>Hallgat\u00f3i v\u00e9lem\u00e9ny:<\/strong> <a href=\"https:\/\/semmelweis.hu\/urologia\/files\/2014\/12\/Hallgatoi_velemeny.pdf\" target=\"_blank\" rel=\"noopener noreferrer\">El\u00e9gedetts\u00e9gi k\u00e9rd\u0151\u00edv let\u00f6lthet\u0151 form\u00e1tumban<\/a><\/p>\n","protected":false},"excerpt":{"rendered":"<p>A Semmelweis Egyetem Urol\u00f3giai Klinik\u00e1j\u00e1n a gradu\u00e1lis k\u00e9pz\u00e9s keret\u00e9n bel\u00fcl az V. \u00e9ves orvostanhallgat\u00f3k oktat\u00e1sa f\u00e9l\u00e9ves szemeszterekben t\u00f6rt\u00e9nik, blokkos\u00edtott oktat\u00e1s sor\u00e1n, 5 \u00e9s f\u00e9l napos, napi 8 \u00f3r\u00e1s id\u0151tartamban. Az urol\u00f3giai oktat\u00e1s c\u00e9lja olyan vez\u00e9rfonal ny\u00fajt\u00e1sa, amely el\u0151seg\u00edti a tant\u00e1rgy elsaj\u00e1t\u00edt\u00e1s\u00e1t, valamint \u00e1ttekint\u00e9st ad a leg\u00fajabb eredm\u00e9nyekr\u0151l, amelyeket a tank\u00f6nyv jelleg\u00e9n\u00e9l fogva nem tartalmazhat. A &hellip;<\/p>\n","protected":false},"author":316,"featured_media":0,"parent":276,"menu_order":1,"comment_status":"closed","ping_status":"closed","template":"","meta":{"_acf_changed":false,"footnotes":""},"categories":[],"tags":[],"class_list":["post-280","page","type-page","status-publish","hentry"],"acf":[],"_links":{"self":[{"href":"https:\/\/semmelweis.hu\/urologia\/wp-json\/wp\/v2\/pages\/280","targetHints":{"allow":["GET"]}}],"collection":[{"href":"https:\/\/semmelweis.hu\/urologia\/wp-json\/wp\/v2\/pages"}],"about":[{"href":"https:\/\/semmelweis.hu\/urologia\/wp-json\/wp\/v2\/types\/page"}],"author":[{"embeddable":true,"href":"https:\/\/semmelweis.hu\/urologia\/wp-json\/wp\/v2\/users\/316"}],"replies":[{"embeddable":true,"href":"https:\/\/semmelweis.hu\/urologia\/wp-json\/wp\/v2\/comments?post=280"}],"version-history":[{"count":12,"href":"https:\/\/semmelweis.hu\/urologia\/wp-json\/wp\/v2\/pages\/280\/revisions"}],"predecessor-version":[{"id":4660,"href":"https:\/\/semmelweis.hu\/urologia\/wp-json\/wp\/v2\/pages\/280\/revisions\/4660"}],"up":[{"embeddable":true,"href":"https:\/\/semmelweis.hu\/urologia\/wp-json\/wp\/v2\/pages\/276"}],"wp:attachment":[{"href":"https:\/\/semmelweis.hu\/urologia\/wp-json\/wp\/v2\/media?parent=280"}],"wp:term":[{"taxonomy":"category","embeddable":true,"href":"https:\/\/semmelweis.hu\/urologia\/wp-json\/wp\/v2\/categories?post=280"},{"taxonomy":"post_tag","embeddable":true,"href":"https:\/\/semmelweis.hu\/urologia\/wp-json\/wp\/v2\/tags?post=280"}],"curies":[{"name":"wp","href":"https:\/\/api.w.org\/{rel}","templated":true}]}}