{"id":276,"date":"2014-03-11T07:38:37","date_gmt":"2014-03-11T06:38:37","guid":{"rendered":"http:\/\/semmelweis.hu\/urologia\/?page_id=276"},"modified":"2024-06-12T12:11:56","modified_gmt":"2024-06-12T10:11:56","slug":"oktatas","status":"publish","type":"page","link":"https:\/\/semmelweis.hu\/urologia\/oktatas\/","title":{"rendered":"Oktat\u00e1s"},"content":{"rendered":"<p><strong>A tanulm\u00e1nyi iroda nyitvatart\u00e1sa:<\/strong><\/p>\n<p>H\u00e9tf\u0151t\u0151l cs\u00fct\u00f6rt\u00f6kig: 9:00-15:00<br \/>\nP\u00e9nteken: 9:00-13:00<\/p>\n<p><strong>Urol\u00f3giai Klinika K\u00f6nyvt\u00e1r<\/strong> <br \/>\n1082 Budapest, \u00dcll\u0151i \u00fat 78\/B\u00a0<\/p>\n<p><strong>Telefon:<\/strong> <a href=\"tel:+3614591500\">+36-1-459-1500<\/a> \/51109<br \/>\n<strong>E-mail:<\/strong> <a href=\"mailto:studentoffice.urol@semmelweis.hu\">studentoffice.urol@semmelweis.hu<\/a><\/p>\n<h4><strong>T\u00e9mak\u00f6r\u00f6k<\/strong><\/h4>\n<ul>\n<li><a href=\"https:\/\/semmelweis.hu\/urologia\/oktatas\/gradualis-kepzes\/\">Gradu\u00e1lis k\u00e9pz\u00e9s<\/a>\n<ul>\n<li><a href=\"https:\/\/semmelweis.hu\/urologia\/oktatas\/gradualis-kepzes\/elmelet\/\">Elm\u00e9let<\/a><\/li>\n<li><a href=\"https:\/\/semmelweis.hu\/urologia\/oktatas\/gradualis-kepzes\/gyakorlat\/\">Gyakorlat<\/a><\/li>\n<li><a href=\"https:\/\/semmelweis.hu\/urologia\/oktatas\/gradualis-kepzes\/klinika-munka\/\">Klinika munka<\/a><\/li>\n<\/ul>\n<\/li>\n<li><a href=\"https:\/\/semmelweis.hu\/urologia\/oktatas\/szakdolgozat-temak\/\">Szakdolgozat<\/a><\/li>\n<li><a href=\"https:\/\/semmelweis.hu\/urologia\/oktatas\/szigorlati-tetelsor\/\">Szigorlati t\u00e9telsor<\/a><\/li>\n<li><a href=\"https:\/\/semmelweis.hu\/urologia\/oktatas\/meghirdetett-tdk-temak\/\">TDK<\/a><\/li>\n<li><a href=\"https:\/\/semmelweis.hu\/urologia\/oktatas\/posztgradualis-kepzes\/\">Posztgradu\u00e1lis k\u00e9pz\u00e9s<\/a><\/li>\n<li><a href=\"https:\/\/semmelweis.hu\/urologia\/oktatas\/szakorvoskepzes-urologia-es-andrologia\/\">Szakorvosk\u00e9pz\u00e9s<\/a><\/li>\n<li><a href=\"https:\/\/semmelweis.hu\/urologia\/oktatas\/palyazat\/\">P\u00e1ly\u00e1zat<\/a><\/li>\n<li><a href=\"https:\/\/semmelweis.hu\/urologia\/oktatas\/doktori-kepzes\/\">Doktori k\u00e9pz\u00e9s<\/a><\/li>\n<li><a href=\"https:\/\/semmelweis.hu\/urologia\/oktatas\/ajanlott-irodalom\/\">Aj\u00e1nlott irodalom<\/a><\/li>\n<\/ul>\n<p>&nbsp;<\/p>\n<p>&nbsp;<\/p>\n<p>&nbsp;<\/p>\n","protected":false},"excerpt":{"rendered":"<p>A tanulm\u00e1nyi iroda nyitvatart\u00e1sa:<br \/>\nH\u00e9tf\u0151t\u0151l cs\u00fct\u00f6rt\u00f6kig: 9:00-15:00<br \/>\nP\u00e9nteken: 9:00-13:00<br \/>\nUrol\u00f3giai Klinika K\u00f6nyvt\u00e1r<br \/>\n1082 Budapest, \u00dcll\u0151i \u00fat 78\/B\u00a0<br \/>\nTelefon: <a href=\"tel:+3614591500\">+36-1-459-1500<\/a> \/51109<br \/>\nE-mail: <a href=\"mailto:studentoffice.urol@semmelweis.hu\">studentoffice.urol@semmelweis.hu<\/a><br \/>\nT\u00e9mak\u00f6r\u00f6k<\/p>\n<p><a href=\"https:\/\/semmelweis.hu\/urologia\/oktatas\/gradualis-kepzes\/\">Gradu\u00e1lis k\u00e9pz\u00e9s<\/a><\/p>\n<p><a href=\"https:\/\/semmelweis.hu\/urologia\/oktatas\/gradualis-kepzes\/elmelet\/\">Elm\u00e9let<\/a><br \/>\n<a href=\"https:\/\/semmelweis.hu\/urologia\/oktatas\/gradualis-kepzes\/gyakorlat\/\">Gyakorlat<\/a><br \/>\n<a href=\"https:\/\/semmelweis.hu\/urologia\/oktatas\/gradualis-kepzes\/klinika-munka\/\">Klinika munka<\/a><\/p>\n<p><a href=\"https:\/\/semmelweis.hu\/urologia\/oktatas\/szakdolgozat-temak\/\">Szakdolgozat<\/a><br \/>\n<a href=\"https:\/\/semmelweis.hu\/urologia\/oktatas\/szigorlati-tetelsor\/\">Szigorlati t\u00e9telsor<\/a><br \/>\n<a href=\"https:\/\/semmelweis.hu\/urologia\/oktatas\/meghirdetett-tdk-temak\/\">TDK<\/a><br \/>\n<a href=\"https:\/\/semmelweis.hu\/urologia\/oktatas\/posztgradualis-kepzes\/\">Posztgradu\u00e1lis k\u00e9pz\u00e9s<\/a><br \/>\n<a href=\"https:\/\/semmelweis.hu\/urologia\/oktatas\/szakorvoskepzes-urologia-es-andrologia\/\">Szakorvosk\u00e9pz\u00e9s<\/a><br \/>\n<a href=\"https:\/\/semmelweis.hu\/urologia\/oktatas\/palyazat\/\">P\u00e1ly\u00e1zat<\/a><br \/>\n<a href=\"https:\/\/semmelweis.hu\/urologia\/oktatas\/doktori-kepzes\/\">Doktori k\u00e9pz\u00e9s<\/a><br \/>\n<a href=\"https:\/\/semmelweis.hu\/urologia\/oktatas\/ajanlott-irodalom\/\">Aj\u00e1nlott irodalom<\/a><\/p>\n<p>&nbsp;<br \/>\n&nbsp;<br \/>\n&nbsp;<\/p>\n","protected":false},"author":316,"featured_media":0,"parent":0,"menu_order":2,"comment_status":"closed","ping_status":"closed","template":"","meta":{"_acf_changed":false,"footnotes":""},"categories":[],"tags":[],"class_list":["post-276","page","type-page","status-publish","hentry"],"acf":[],"_links":{"self":[{"href":"https:\/\/semmelweis.hu\/urologia\/wp-json\/wp\/v2\/pages\/276","targetHints":{"allow":["GET"]}}],"collection":[{"href":"https:\/\/semmelweis.hu\/urologia\/wp-json\/wp\/v2\/pages"}],"about":[{"href":"https:\/\/semmelweis.hu\/urologia\/wp-json\/wp\/v2\/types\/page"}],"author":[{"embeddable":true,"href":"https:\/\/semmelweis.hu\/urologia\/wp-json\/wp\/v2\/users\/316"}],"replies":[{"embeddable":true,"href":"https:\/\/semmelweis.hu\/urologia\/wp-json\/wp\/v2\/comments?post=276"}],"version-history":[{"count":11,"href":"https:\/\/semmelweis.hu\/urologia\/wp-json\/wp\/v2\/pages\/276\/revisions"}],"predecessor-version":[{"id":4659,"href":"https:\/\/semmelweis.hu\/urologia\/wp-json\/wp\/v2\/pages\/276\/revisions\/4659"}],"wp:attachment":[{"href":"https:\/\/semmelweis.hu\/urologia\/wp-json\/wp\/v2\/media?parent=276"}],"wp:term":[{"taxonomy":"category","embeddable":true,"href":"https:\/\/semmelweis.hu\/urologia\/wp-json\/wp\/v2\/categories?post=276"},{"taxonomy":"post_tag","embeddable":true,"href":"https:\/\/semmelweis.hu\/urologia\/wp-json\/wp\/v2\/tags?post=276"}],"curies":[{"name":"wp","href":"https:\/\/api.w.org\/{rel}","templated":true}]}}