{"id":2752,"date":"2017-09-22T09:12:20","date_gmt":"2017-09-22T07:12:20","guid":{"rendered":"http:\/\/semmelweis.hu\/urologia\/?page_id=2752"},"modified":"2017-09-22T12:30:13","modified_gmt":"2017-09-22T10:30:13","slug":"modos-orsolya","status":"publish","type":"page","link":"https:\/\/semmelweis.hu\/urologia\/altalanos-informaciok\/a-klinika-orvosai\/modos-orsolya\/","title":{"rendered":"M\u00f3dos Orsolya"},"content":{"rendered":"<p><strong>Tanulm\u00e1nyok:<a href=\"https:\/\/semmelweis.hu\/urologia\/files\/2017\/09\/ModosOrsolyaportre_cut.jpg\"><img loading=\"lazy\" decoding=\"async\" class=\"alignright size-medium wp-image-2759\" src=\"https:\/\/semmelweis.hu\/urologia\/files\/2017\/09\/ModosOrsolyaportre_cut-220x300.jpg\" alt=\"\" width=\"220\" height=\"300\" srcset=\"https:\/\/semmelweis.hu\/urologia\/files\/2017\/09\/ModosOrsolyaportre_cut-220x300.jpg 220w, https:\/\/semmelweis.hu\/urologia\/files\/2017\/09\/ModosOrsolyaportre_cut-768x1047.jpg 768w, https:\/\/semmelweis.hu\/urologia\/files\/2017\/09\/ModosOrsolyaportre_cut-751x1024.jpg 751w\" sizes=\"auto, (max-width: 220px) 100vw, 220px\" \/><\/a><\/strong><br \/>\n 2003 &#8211; 2007: R\u00e9vai Mikl\u00f3s Gimn\u00e1zium \u00e9s Koll\u00e9gium, Gy\u0151r<br \/>\n 2007 &#8211; 2014: Semmelweis Egyetem, \u00c1ltal\u00e1nos Orvostudom\u00e1nyi Kar, \u00e1ltal\u00e1nos orvos<br \/>\n 2014 &#8211; 2017: Semmelweis Egyetem, Doktori Iskola, Klinikai orvostudom\u00e1nyok<br \/>\n Urol\u00f3giai program<\/p>\n<p><strong>Egyetemi tudom\u00e1nyos tev\u00e9kenys\u00e9g:<\/strong><br \/>\n Tudom\u00e1nyos Di\u00e1kk\u00f6ri Munka:<br \/>\n 2010. szeptember \u2013 2013. m\u00e1jus: Semmelweis Egyetem Urol\u00f3giai Klinika<br \/>\n TDK vezet\u0151: Dr. Keszthelyi Attila<\/p>\n<p><strong>Szakmai tapasztalatok:<\/strong><br \/>\n 2015. janu\u00e1r: University Duisburg-Essen, Essen, N\u00e9metorsz\u00e1g<br \/>\n (Ph.D. munka)<br \/>\n 2009. febru\u00e1r &#8211; 2009. szeptember: Semmelweis Egyetem Urol\u00f3giai Klinika, Budapest<br \/>\n (seg\u00e9d\u00e1pol\u00f3)<\/p>\n<p><strong>Tudom\u00e1nyos \u00e9rdekl\u0151d\u00e9s: <\/strong>onkol\u00f3gia<\/p>\n<p><strong>El\u0151ad\u00e1sok:<\/strong><br \/>\n Keszthelyi A., Kubik A., Mik\u00f3 M., M\u00f3dos O., Majoros A, Nyir\u00e1dy P.<br \/>\n Radik\u00e1lis cystectomia kock\u00e1zati faktorainak vizsg\u00e1lata<br \/>\n A Magyar Urol\u00f3gusok T\u00e1rsas\u00e1g\u00e1nak 2013. \u00e9vi Kongresszusa, Eger, 2013. okt\u00f3ber 24\u201326.<\/p>\n<p>Kubik A., Keszthelyi A., Mik\u00f3 M., M\u00f3dos O., Majoros A., Nyir\u00e1dy P.<br \/>\n Analysis of risk factors for complications of radical cystectomy<br \/>\n EAU 13th Central European Meeting (CEM), 4-6 October 2013, Prague, Czech Republic<br \/>\n Poster session<\/p>\n<p>O. Modos, T. Szarvas, H. Reis, C. Niedworok, H. R\u00fcbben, A. Szendr\u00f6i, AM. Szasz, P. Hollosi, K. Baghy, I. Kovalszky, K. Okon, T. Golabek, P. Chlosta, SF. Shariat, B. Peyronnet, R. Mathieu, P. Nyir\u00e1dy<br \/>\n Mutation analysis of EGFR signal transduction pathway in urachal carcinoma<br \/>\n EAU 15th Central European Meeting (CEM), 2-4 October 2015, Budapest, Hungary<br \/>\n Poster session \u2013 Second Berlin Chemie Award<\/p>\n<p>H. Reis, C. Niedworok, O. Modos, A. Szendr\u0151i, A. M. Szasz, P. Hollosi, K. Baghy, I. Kovalszky, M. Panitz, A.-C. Reis, K. Okon, T. Golabek, P. Chlosta, B. Peyronnet, R. Mathieu, F. vom Dorp, P. Nyir\u00e1dy, K.W. Schmid, S.F. Shariat, H. R\u00fcbben, T. Szarvas<br \/>\n New molecular aspects, biomarker insights and PDL1 analysis in urachal cancer (UrC)<br \/>\n Poster session<\/p>\n<p>O. Modos, T. Szarvas, H. Reis, C. Niedworok, H. R\u00fcbben, A. Szendr\u00f6i, AM. Szasz, P. Hollosi, K. Baghy, I. Kovalszky, K. Okon, T. Golabek, P. Chlosta, SF. Shariat, B. Peyronnet, R. Mathieu, P. Nyir\u00e1dy<br \/>\n Mutation analysis of EGFR signal transduction pathway in urachal carcinoma<br \/>\n Annual EAU Congress, 11-15 March 2016, Munich, N\u00e9metorsz\u00e1g<br \/>\n Best Posters Session<\/p>\n<p>M\u00f3dos O, Szarvas T, Reis H, Niedworok C, R\u00fcbben H, Szendr\u0151i A, Sz\u00e1sz AM, Holl\u00f3si P, Baghy K, Kovalszky I, Okon C, Golabek T, Chlosta P, Shariat SF, Peyronnet B, Mathieu R, Nyir\u00e1dy P<br \/>\n Az EGFR jel\u00e1tviteli \u00fatvonal mut\u00e1ci\u00f3inak vizsg\u00e1lata urachus carcin\u00f3m\u00e1s mint\u00e1kon<br \/>\n 29. F\u0171v\u00e9szkerti Urol\u00f3gus Napok \u2013 Urofarsang 2016, 2016. febru\u00e1r 19-20. Budapest<br \/>\n Orsolya M\u00f3dos, Tibor Szarvas, Attila Szendr\u0151i, D\u00e1vid Keresztes, Christian Niedworok, Herbert R\u00fcbben, Kurt Werner Schmid, Henning Reis, P\u00e9ter Nyir\u00e1dy<br \/>\n Az urachus carcinoma kemoter\u00e1pi\u00e1s \u00e9s c\u00e9lzott kezel\u00e9s\u00e9nek lehet\u0151s\u00e9gei<br \/>\n Fiatal Onkol\u00f3gusok Szekci\u00f3j\u00e1nak V. Konferenci\u00e1ja, 2016.09.09. Budapest, Orsz\u00e1gos Onkol\u00f3giai Int\u00e9zet<\/p>\n<p><strong>P\u00e1ly\u00e1zatok:<\/strong><br \/>\n Az MMP-7 szerepe a h\u00fagyh\u00f3lyagr\u00e1k kemoter\u00e1pia elleni rezisztenci\u00e1j\u00e1nak kialakul\u00e1s\u00e1ban (2015) \u2013 d\u00edjnyertes p\u00e1ly\u00e1zat, Magyar Urol\u00f3gus T\u00e1rsas\u00e1g b\u00edr\u00e1lata alapj\u00e1n<\/p>\n<p>\n <strong>Idegennyelv-ismeret:<\/strong><br \/>\n angol fels\u0151fok\u00fa, C t\u00edpus\u00fa nyelvvizsga, n\u00e9met k\u00f6z\u00e9pfok\u00fa, C t\u00edpus\u00fa nyelvvizsga<\/p>\n<p><strong>Egy\u00e9b tev\u00e9kenys\u00e9g:<\/strong><br \/>\n 2009- Semmelweis Egyetem Medikus Zenekar (Budapest)<br \/>\n 2001-2007: Liszt Ferenc Zeneiskola Zenekara (Gy\u0151r)<\/p>\n","protected":false},"excerpt":{"rendered":"<p>Tanulm\u00e1nyok: <a href=\"https:\/\/semmelweis.hu\/urologia\/files\/2017\/09\/ModosOrsolyaportre_cut.jpg\"><\/a> 2003 &#8211; 2007: R\u00e9vai Mikl\u00f3s Gimn\u00e1zium \u00e9s Koll\u00e9gium, Gy\u0151r 2007 &#8211; 2014: Semmelweis Egyetem, \u00c1ltal\u00e1nos Orvostudom\u00e1nyi Kar, \u00e1ltal\u00e1nos orvos 2014 &#8211; 2017: Semmelweis Egyetem, Doktori Iskola, Klinikai orvostudom\u00e1nyok Urol\u00f3giai program Egyetemi tudom\u00e1nyos tev\u00e9kenys\u00e9g: Tudom\u00e1nyos Di\u00e1kk\u00f6ri Munka: 2010. szeptember \u2013 2013. m\u00e1jus: Semmelweis Egyetem Urol\u00f3giai Klinika TDK vezet\u0151: Dr. Keszthelyi Attila Szakmai tapasztalatok: 2015. janu\u00e1r: &hellip;<\/p>\n","protected":false},"author":316,"featured_media":0,"parent":333,"menu_order":0,"comment_status":"closed","ping_status":"closed","template":"onecolumn-page.php","meta":{"_acf_changed":false,"footnotes":""},"categories":[],"tags":[],"class_list":["post-2752","page","type-page","status-publish","hentry"],"acf":[],"_links":{"self":[{"href":"https:\/\/semmelweis.hu\/urologia\/wp-json\/wp\/v2\/pages\/2752","targetHints":{"allow":["GET"]}}],"collection":[{"href":"https:\/\/semmelweis.hu\/urologia\/wp-json\/wp\/v2\/pages"}],"about":[{"href":"https:\/\/semmelweis.hu\/urologia\/wp-json\/wp\/v2\/types\/page"}],"author":[{"embeddable":true,"href":"https:\/\/semmelweis.hu\/urologia\/wp-json\/wp\/v2\/users\/316"}],"replies":[{"embeddable":true,"href":"https:\/\/semmelweis.hu\/urologia\/wp-json\/wp\/v2\/comments?post=2752"}],"version-history":[{"count":5,"href":"https:\/\/semmelweis.hu\/urologia\/wp-json\/wp\/v2\/pages\/2752\/revisions"}],"predecessor-version":[{"id":2764,"href":"https:\/\/semmelweis.hu\/urologia\/wp-json\/wp\/v2\/pages\/2752\/revisions\/2764"}],"up":[{"embeddable":true,"href":"https:\/\/semmelweis.hu\/urologia\/wp-json\/wp\/v2\/pages\/333"}],"wp:attachment":[{"href":"https:\/\/semmelweis.hu\/urologia\/wp-json\/wp\/v2\/media?parent=2752"}],"wp:term":[{"taxonomy":"category","embeddable":true,"href":"https:\/\/semmelweis.hu\/urologia\/wp-json\/wp\/v2\/categories?post=2752"},{"taxonomy":"post_tag","embeddable":true,"href":"https:\/\/semmelweis.hu\/urologia\/wp-json\/wp\/v2\/tags?post=2752"}],"curies":[{"name":"wp","href":"https:\/\/api.w.org\/{rel}","templated":true}]}}