{"id":2745,"date":"2017-09-22T08:48:28","date_gmt":"2017-09-22T06:48:28","guid":{"rendered":"http:\/\/semmelweis.hu\/urologia\/?page_id=2745"},"modified":"2017-09-25T13:21:13","modified_gmt":"2017-09-25T11:21:13","slug":"juhasz-daniel","status":"publish","type":"page","link":"https:\/\/semmelweis.hu\/urologia\/altalanos-informaciok\/a-klinika-orvosai\/juhasz-daniel\/","title":{"rendered":"Juh\u00e1sz D\u00e1niel"},"content":{"rendered":"<p>TANULM\u00c1NYOK <a href=\"https:\/\/semmelweis.hu\/urologia\/files\/2017\/09\/JuhaszDaniel_portre.jpg\"><img loading=\"lazy\" decoding=\"async\" class=\"alignright size-medium wp-image-2744\" src=\"https:\/\/semmelweis.hu\/urologia\/files\/2017\/09\/JuhaszDaniel_portre-200x300.jpg\" alt=\"\" width=\"200\" height=\"300\" srcset=\"https:\/\/semmelweis.hu\/urologia\/files\/2017\/09\/JuhaszDaniel_portre-200x300.jpg 200w, https:\/\/semmelweis.hu\/urologia\/files\/2017\/09\/JuhaszDaniel_portre-768x1152.jpg 768w, https:\/\/semmelweis.hu\/urologia\/files\/2017\/09\/JuhaszDaniel_portre-682x1024.jpg 682w, https:\/\/semmelweis.hu\/urologia\/files\/2017\/09\/JuhaszDaniel_portre.jpg 1333w\" sizes=\"auto, (max-width: 200px) 100vw, 200px\" \/><\/a><br \/>\n Budai K\u00f6z\u00e9piskola T\u00e1ncsics Mih\u00e1ly Angol K\u00e9ttannyelv\u0171 Gimn\u00e1zium, Budapest<br \/>\n Semmelweis Egyetem \u00c1ltal\u00e1nos Orvostudom\u00e1nyi Kar, Budapest<\/p>\n<p>SZAKMAI TAPASZTALAT<br \/>\n Egy h\u00f3napos gyakorlatok:<br \/>\n 2011. \u00c1pol\u00e1stan ny\u00e1ri gyakorlat, Semmelweis Egyetem II. sz. Sz\u00fcl\u00e9szeti \u00e9s N\u0151gy\u00f3gy\u00e1szati Klinika<br \/>\n 2014. Belgy\u00f3gy\u00e1szat ny\u00e1ri gyakorlat, Semmelweis Egyetem II. sz. Belgy\u00f3gy\u00e1szati Klinika<br \/>\n 2015. Seb\u00e9szet ny\u00e1ri gyakorlat, Bajcsy-Zsilinszky K\u00f3rh\u00e1z \u00e9s Rendel\u0151int\u00e9zet \u00c1ltal\u00e1nos Seb\u00e9szeti Oszt\u00e1ly<\/p>\n<p>NYELVVIZSGA:<br \/>\n angol fels\u0151fok, n\u00e9met, spanyol alapfok<\/p>\n","protected":false},"excerpt":{"rendered":"<p>TANULM\u00c1NYOK <a href=\"https:\/\/semmelweis.hu\/urologia\/files\/2017\/09\/JuhaszDaniel_portre.jpg\"><\/a> Budai K\u00f6z\u00e9piskola T\u00e1ncsics Mih\u00e1ly Angol K\u00e9ttannyelv\u0171 Gimn\u00e1zium, Budapest Semmelweis Egyetem \u00c1ltal\u00e1nos Orvostudom\u00e1nyi Kar, Budapest SZAKMAI TAPASZTALAT Egy h\u00f3napos gyakorlatok: 2011. \u00c1pol\u00e1stan ny\u00e1ri gyakorlat, Semmelweis Egyetem II. sz. Sz\u00fcl\u00e9szeti \u00e9s N\u0151gy\u00f3gy\u00e1szati Klinika 2014. Belgy\u00f3gy\u00e1szat ny\u00e1ri gyakorlat, Semmelweis Egyetem II. sz. Belgy\u00f3gy\u00e1szati Klinika 2015. Seb\u00e9szet ny\u00e1ri gyakorlat, Bajcsy-Zsilinszky K\u00f3rh\u00e1z \u00e9s Rendel\u0151int\u00e9zet \u00c1ltal\u00e1nos Seb\u00e9szeti Oszt\u00e1ly NYELVVIZSGA: angol &hellip;<\/p>\n","protected":false},"author":316,"featured_media":0,"parent":333,"menu_order":0,"comment_status":"closed","ping_status":"closed","template":"onecolumn-page.php","meta":{"_acf_changed":false,"footnotes":""},"categories":[],"tags":[],"class_list":["post-2745","page","type-page","status-publish","hentry"],"acf":[],"_links":{"self":[{"href":"https:\/\/semmelweis.hu\/urologia\/wp-json\/wp\/v2\/pages\/2745","targetHints":{"allow":["GET"]}}],"collection":[{"href":"https:\/\/semmelweis.hu\/urologia\/wp-json\/wp\/v2\/pages"}],"about":[{"href":"https:\/\/semmelweis.hu\/urologia\/wp-json\/wp\/v2\/types\/page"}],"author":[{"embeddable":true,"href":"https:\/\/semmelweis.hu\/urologia\/wp-json\/wp\/v2\/users\/316"}],"replies":[{"embeddable":true,"href":"https:\/\/semmelweis.hu\/urologia\/wp-json\/wp\/v2\/comments?post=2745"}],"version-history":[{"count":6,"href":"https:\/\/semmelweis.hu\/urologia\/wp-json\/wp\/v2\/pages\/2745\/revisions"}],"predecessor-version":[{"id":2765,"href":"https:\/\/semmelweis.hu\/urologia\/wp-json\/wp\/v2\/pages\/2745\/revisions\/2765"}],"up":[{"embeddable":true,"href":"https:\/\/semmelweis.hu\/urologia\/wp-json\/wp\/v2\/pages\/333"}],"wp:attachment":[{"href":"https:\/\/semmelweis.hu\/urologia\/wp-json\/wp\/v2\/media?parent=2745"}],"wp:term":[{"taxonomy":"category","embeddable":true,"href":"https:\/\/semmelweis.hu\/urologia\/wp-json\/wp\/v2\/categories?post=2745"},{"taxonomy":"post_tag","embeddable":true,"href":"https:\/\/semmelweis.hu\/urologia\/wp-json\/wp\/v2\/tags?post=2745"}],"curies":[{"name":"wp","href":"https:\/\/api.w.org\/{rel}","templated":true}]}}