{"id":2726,"date":"2017-09-18T15:24:40","date_gmt":"2017-09-18T13:24:40","guid":{"rendered":"http:\/\/semmelweis.hu\/urologia\/?page_id=2726"},"modified":"2022-05-10T14:34:12","modified_gmt":"2022-05-10T12:34:12","slug":"kovacs-petra-terezia","status":"publish","type":"page","link":"https:\/\/semmelweis.hu\/urologia\/altalanos-informaciok\/a-klinika-orvosai\/kovacs-petra-terezia\/","title":{"rendered":"Kov\u00e1cs Petra Ter\u00e9zia"},"content":{"rendered":"<p><a href=\"https:\/\/semmelweis.hu\/urologia\/files\/2017\/09\/Kov\u00e1csPetraTer\u00e9zia.jpeg\"><img loading=\"lazy\" decoding=\"async\" class=\"alignright size-medium wp-image-2729\" src=\"https:\/\/semmelweis.hu\/urologia\/files\/2017\/09\/Kov\u00e1csPetraTer\u00e9zia-200x300.jpeg\" alt=\"\" width=\"200\" height=\"300\" srcset=\"https:\/\/semmelweis.hu\/urologia\/files\/2017\/09\/Kov\u00e1csPetraTer\u00e9zia-200x300.jpeg 200w, https:\/\/semmelweis.hu\/urologia\/files\/2017\/09\/Kov\u00e1csPetraTer\u00e9zia.jpeg 667w\" sizes=\"auto, (max-width: 200px) 100vw, 200px\" \/><\/a><strong>Tanulm\u00e1nyok:<\/strong><br \/>\n 2003-2011: Berzsenyi D\u00e1niel Evang\u00e9likus Gimn\u00e1zium \u00e9s L\u00edceum, Sopron<br \/>\n 2011-2017: Semmelweis Egyetem, \u00c1ltal\u00e1nos Orvostudom\u00e1nyi Kar, summa cum laude<\/p>\n<p><strong>Szakmai tapasztalat:<\/strong><br \/>\n 2012. j\u00fal.: \u00c1pol\u00e1stan gyakorlat (Urol\u00f3giai oszt\u00e1ly), Soproni Erzs\u00e9bet Oktat\u00f3 K\u00f3rh\u00e1z<br \/>\n 2014. j\u00fal.: Belgy\u00f3gy\u00e1szat gyakorlat, Soproni Erzs\u00e9bet Oktat\u00f3 K\u00f3rh\u00e1z<br \/>\n 2015. j\u00fal.: Seb\u00e9szet gyakorlat, Soproni Erzs\u00e9bet Oktat\u00f3 K\u00f3rh\u00e1z<br \/>\n 2015. okt.-2016. febr.: Szervkiv\u00e9teli koordin\u00e1tor, OVSZ, Szervkoordin\u00e1ci\u00f3s Iroda<br \/>\n 2016\/2017: Elmegy\u00f3gy\u00e1szat, gyermekgy\u00f3gy\u00e1szat, ideggy\u00f3gy\u00e1szat, seb\u00e9szet hatod\u00e9ves gyakorlatok, Budapest<br \/>\n N\u0151gy\u00f3gy\u00e1szat, belgy\u00f3gy\u00e1szat hatod\u00e9ves gyakorlatok, Landesklinikum Wiener Neustadt, Ausztria<\/p>\n<p><strong>K\u00fclf\u00f6ldi tapasztalatok:<\/strong><br \/>\n 2016.okt.-2016.nov.: N\u0151gy\u00f3gy\u00e1szat gyakorlat, Landesklinikum Wiener Neustadt, Ausztria<br \/>\n 2017.febr.-2017.\u00e1pr.: Belgy\u00f3gy\u00e1szat gyakorlat, Landesklinikum Wiener Neustadt, Ausztria<\/p>\n<p><strong>Tudom\u00e1nyos tev\u00e9kenys\u00e9g:<br \/>\n <\/strong>2016-2017: TDK munka: \u201eA magyar orvostanhallgat\u00f3k elv\u00e1ndorl\u00e1si v\u00e1gy\u00e1t befoly\u00e1sol\u00f3 t\u00e9nyez\u0151k\u201d, N\u00e9peg\u00e9szs\u00e9gtani Int\u00e9zet, Semmelweis Egyetem<br \/>\n 2017. febr. 8-10.: TDK konferencia, III. helyezett, K\u00f6zeg\u00e9szs\u00e9gtan, epidemiol\u00f3gia, orvosi t\u00f6rt\u00e9nelem szekci\u00f3<br \/>\n 2016\/2017: Szakdolgozat: \u201eA fels\u0151\u00fcregrendszeri \u00e9s h\u00fagyh\u00f3lyag daganatok egy\u00fcttes el\u0151fordul\u00e1sa\u201d Urol\u00f3giai Klinika, Semmelweis Egyetem<\/p>\n<p><strong>Nyelvismeret:<br \/>\n <\/strong>Angol: k\u00f6z\u00e9pfok\u00fa \u201eC\u201d t\u00edpus\u00fa nyelvvizsga, 2008<br \/>\n N\u00e9met: k\u00f6z\u00e9pfok\u00fa \u201eC\u201d t\u00edpus\u00fa nyelvvizsga, 2009<br \/>\n Francia: alap t\u00e1rsalg\u00e1si szint<\/p>\n","protected":false},"excerpt":{"rendered":"<p><a href=\"https:\/\/semmelweis.hu\/urologia\/files\/2017\/09\/Kov\u00e1csPetraTer\u00e9zia.jpeg\"><\/a> Tanulm\u00e1nyok: 2003-2011: Berzsenyi D\u00e1niel Evang\u00e9likus Gimn\u00e1zium \u00e9s L\u00edceum, Sopron 2011-2017: Semmelweis Egyetem, \u00c1ltal\u00e1nos Orvostudom\u00e1nyi Kar, summa cum laude Szakmai tapasztalat: 2012. j\u00fal.: \u00c1pol\u00e1stan gyakorlat (Urol\u00f3giai oszt\u00e1ly), Soproni Erzs\u00e9bet Oktat\u00f3 K\u00f3rh\u00e1z 2014. j\u00fal.: Belgy\u00f3gy\u00e1szat gyakorlat, Soproni Erzs\u00e9bet Oktat\u00f3 K\u00f3rh\u00e1z 2015. j\u00fal.: Seb\u00e9szet gyakorlat, Soproni Erzs\u00e9bet Oktat\u00f3 K\u00f3rh\u00e1z 2015. okt.-2016. febr.: Szervkiv\u00e9teli koordin\u00e1tor, OVSZ, Szervkoordin\u00e1ci\u00f3s Iroda 2016\/2017: &hellip;<\/p>\n","protected":false},"author":316,"featured_media":0,"parent":333,"menu_order":0,"comment_status":"closed","ping_status":"closed","template":"onecolumn-page.php","meta":{"_acf_changed":false,"footnotes":""},"categories":[],"tags":[],"class_list":["post-2726","page","type-page","status-publish","hentry"],"acf":[],"_links":{"self":[{"href":"https:\/\/semmelweis.hu\/urologia\/wp-json\/wp\/v2\/pages\/2726","targetHints":{"allow":["GET"]}}],"collection":[{"href":"https:\/\/semmelweis.hu\/urologia\/wp-json\/wp\/v2\/pages"}],"about":[{"href":"https:\/\/semmelweis.hu\/urologia\/wp-json\/wp\/v2\/types\/page"}],"author":[{"embeddable":true,"href":"https:\/\/semmelweis.hu\/urologia\/wp-json\/wp\/v2\/users\/316"}],"replies":[{"embeddable":true,"href":"https:\/\/semmelweis.hu\/urologia\/wp-json\/wp\/v2\/comments?post=2726"}],"version-history":[{"count":7,"href":"https:\/\/semmelweis.hu\/urologia\/wp-json\/wp\/v2\/pages\/2726\/revisions"}],"predecessor-version":[{"id":2803,"href":"https:\/\/semmelweis.hu\/urologia\/wp-json\/wp\/v2\/pages\/2726\/revisions\/2803"}],"up":[{"embeddable":true,"href":"https:\/\/semmelweis.hu\/urologia\/wp-json\/wp\/v2\/pages\/333"}],"wp:attachment":[{"href":"https:\/\/semmelweis.hu\/urologia\/wp-json\/wp\/v2\/media?parent=2726"}],"wp:term":[{"taxonomy":"category","embeddable":true,"href":"https:\/\/semmelweis.hu\/urologia\/wp-json\/wp\/v2\/categories?post=2726"},{"taxonomy":"post_tag","embeddable":true,"href":"https:\/\/semmelweis.hu\/urologia\/wp-json\/wp\/v2\/tags?post=2726"}],"curies":[{"name":"wp","href":"https:\/\/api.w.org\/{rel}","templated":true}]}}