{"id":2716,"date":"2017-08-07T07:43:10","date_gmt":"2017-08-07T05:43:10","guid":{"rendered":"http:\/\/semmelweis.hu\/urologia\/?page_id=2716"},"modified":"2022-08-31T10:46:30","modified_gmt":"2022-08-31T08:46:30","slug":"szalontai-janos","status":"publish","type":"page","link":"https:\/\/semmelweis.hu\/urologia\/altalanos-informaciok\/a-klinika-orvosai\/szalontai-janos\/","title":{"rendered":"Szalontai J\u00e1nos"},"content":{"rendered":"<p><a href=\"https:\/\/semmelweis.hu\/urologia\/files\/2017\/08\/DSC_0171.jpg\"><img loading=\"lazy\" decoding=\"async\" class=\"alignright size-medium wp-image-2715\" src=\"https:\/\/semmelweis.hu\/urologia\/files\/2017\/08\/DSC_0171-200x300.jpg\" alt=\"\" width=\"200\" height=\"300\" srcset=\"https:\/\/semmelweis.hu\/urologia\/files\/2017\/08\/DSC_0171-200x300.jpg 200w, https:\/\/semmelweis.hu\/urologia\/files\/2017\/08\/DSC_0171-768x1151.jpg 768w, https:\/\/semmelweis.hu\/urologia\/files\/2017\/08\/DSC_0171-683x1024.jpg 683w\" sizes=\"auto, (max-width: 200px) 100vw, 200px\" \/><\/a>1987-ben sz\u00fcletett Veszpr\u00e9mben, a Lovassy L\u00e1szl\u00f3 Gimn\u00e1zium angol tagozat\u00e1n \u00e9retts\u00e9gizett. A P\u00e9csi Tudom\u00e1nyegyetem \u00c1ltal\u00e1nos Orvostudom\u00e1nyi Kar\u00e1n szerzett orvosdoktori diplom\u00e1t 2013-ban. Egyetemi tanulm\u00e1nyai alatta a Biofizika Int\u00e9zetben \u00e9s az Orvosi Mikrobiol\u00f3giai \u00e9s Immunit\u00e1stani Int\u00e9zetben v\u00e9gzett tudom\u00e1nyos di\u00e1kk\u00f6ri munk\u00e1t. A veszpr\u00e9mi Csolnoky Ferenc K\u00f3rh\u00e1z Urol\u00f3giai Oszt\u00e1ly\u00e1n dolgozott 2013. augusztus 1-t\u0151l 2017. \u00e1prilis 30-ig. Ezen id\u0151pont \u00f3ta a Semmelweis Egyetem Urol\u00f3giai Klinik\u00e1j\u00e1nak orvosa.<\/p>\n<p><strong>Beoszt\u00e1s:<\/strong> klinikai szakorvos.<\/p>\n<p><strong>Nyelvtud\u00e1s:<\/strong> angol fels\u0151fok\u00fa \u00e9s n\u00e9met k\u00f6z\u00e9pfok\u00fa C t\u00edpus\u00fa nyelvvizsga.<\/p>\n<p><strong>Tudom\u00e1nyos \u00e9rdekl\u0151d\u00e9s<\/strong>: uroonkol\u00f3gia, daganatseb\u00e9szet, laparoscopia.<\/p>\n","protected":false},"excerpt":{"rendered":"<p><a href=\"https:\/\/semmelweis.hu\/urologia\/files\/2017\/08\/DSC_0171.jpg\"><\/a> 1987-ben sz\u00fcletett Veszpr\u00e9mben, a Lovassy L\u00e1szl\u00f3 Gimn\u00e1zium angol tagozat\u00e1n \u00e9retts\u00e9gizett. A P\u00e9csi Tudom\u00e1nyegyetem \u00c1ltal\u00e1nos Orvostudom\u00e1nyi Kar\u00e1n szerzett orvosdoktori diplom\u00e1t 2013-ban. Egyetemi tanulm\u00e1nyai alatta a Biofizika Int\u00e9zetben \u00e9s az Orvosi Mikrobiol\u00f3giai \u00e9s Immunit\u00e1stani Int\u00e9zetben v\u00e9gzett tudom\u00e1nyos di\u00e1kk\u00f6ri munk\u00e1t. A veszpr\u00e9mi Csolnoky Ferenc K\u00f3rh\u00e1z Urol\u00f3giai Oszt\u00e1ly\u00e1n dolgozott 2013. augusztus 1-t\u0151l 2017. \u00e1prilis 30-ig. Ezen id\u0151pont \u00f3ta a &hellip;<\/p>\n","protected":false},"author":316,"featured_media":0,"parent":333,"menu_order":0,"comment_status":"closed","ping_status":"closed","template":"onecolumn-page.php","meta":{"_acf_changed":false,"footnotes":""},"categories":[],"tags":[],"class_list":["post-2716","page","type-page","status-publish","hentry"],"acf":[],"_links":{"self":[{"href":"https:\/\/semmelweis.hu\/urologia\/wp-json\/wp\/v2\/pages\/2716","targetHints":{"allow":["GET"]}}],"collection":[{"href":"https:\/\/semmelweis.hu\/urologia\/wp-json\/wp\/v2\/pages"}],"about":[{"href":"https:\/\/semmelweis.hu\/urologia\/wp-json\/wp\/v2\/types\/page"}],"author":[{"embeddable":true,"href":"https:\/\/semmelweis.hu\/urologia\/wp-json\/wp\/v2\/users\/316"}],"replies":[{"embeddable":true,"href":"https:\/\/semmelweis.hu\/urologia\/wp-json\/wp\/v2\/comments?post=2716"}],"version-history":[{"count":4,"href":"https:\/\/semmelweis.hu\/urologia\/wp-json\/wp\/v2\/pages\/2716\/revisions"}],"predecessor-version":[{"id":4104,"href":"https:\/\/semmelweis.hu\/urologia\/wp-json\/wp\/v2\/pages\/2716\/revisions\/4104"}],"up":[{"embeddable":true,"href":"https:\/\/semmelweis.hu\/urologia\/wp-json\/wp\/v2\/pages\/333"}],"wp:attachment":[{"href":"https:\/\/semmelweis.hu\/urologia\/wp-json\/wp\/v2\/media?parent=2716"}],"wp:term":[{"taxonomy":"category","embeddable":true,"href":"https:\/\/semmelweis.hu\/urologia\/wp-json\/wp\/v2\/categories?post=2716"},{"taxonomy":"post_tag","embeddable":true,"href":"https:\/\/semmelweis.hu\/urologia\/wp-json\/wp\/v2\/tags?post=2716"}],"curies":[{"name":"wp","href":"https:\/\/api.w.org\/{rel}","templated":true}]}}