{"id":265,"date":"2014-03-10T13:33:43","date_gmt":"2014-03-10T13:33:43","guid":{"rendered":"http:\/\/semmelweis.hu\/urologia\/?page_id=265"},"modified":"2025-09-26T12:30:45","modified_gmt":"2025-09-26T10:30:45","slug":"kapcsolat","status":"publish","type":"page","link":"https:\/\/semmelweis.hu\/urologia\/kapcsolat\/","title":{"rendered":"Kapcsolat"},"content":{"rendered":"<p><strong>Urol\u00f3giai Klinika<\/strong>\u00a0<br \/>\n1082 Budapest, VIII. \u00dcll\u0151i \u00fat 78\/b.<br \/>\nLevelez\u00e9si c\u00edm: 1085 Budapest \u00dcll\u0151i \u00fat 26.; 1428 Bp. Pf. 2.<\/p>\n<p><strong>Szakrendel\u00e9sre bejelentkez\u00e9s:<br \/>\n<\/strong>Telefon: 06-1-459-1500\/51134<br \/>\nh\u00e9tf\u0151t\u0151l cs\u00fct\u00f6rt\u00f6kig 13.00-15.00\u00a0<br \/>\np\u00e9nteken 12.00-14.00\u00a0<br \/>\n<a href=\"mailto:betegfelvetel.urologia@med.semmelweis-univ.hu\"><br \/>\n<\/a><strong>Androl\u00f3giai szakrendel\u00e9s<\/strong><br \/>\nTelefon: 06-20-825-9989\u00a0<br \/>\nh\u00e9tf\u0151t\u0151l p\u00e9ntekig 7.00-14.00<\/p>\n<p><strong>A klinika telefonos el\u00e9rhet\u0151s\u00e9ge:\u00a0<br \/>\n<\/strong>06-1-459-1500<br \/>\nPorta: 51135 mell\u00e9k<\/p>\n<p>\n<!-- iframe plugin v.4.9 wordpress.org\/plugins\/iframe\/ -->\n<iframe loading=\"lazy\" src=\"https:\/\/maps.google.com\/maps?f=q&#038;source=s_q&#038;hl=hu&#038;geocode=&#038;q=Budapest+%C3%9Cll%C5%91i+%C3%BAt+78.B&#038;aq=&#038;sll=47.482472,19.080001&#038;sspn=0.007889,0.01929&#038;ie=UTF8&#038;hq=&#038;hnear=1082+Budapest,+VIII.+ker%C3%BClet,+%C3%9Cll%C5%91i+%C3%BAt+78b,+Magyarorsz%C3%A1g&#038;ll=47.482467,19.07999&#038;spn=0.007889,0.01929&#038;t=m&#038;z=14&#038;output=embed\" width=\"100%\" height=\"400\" scrolling=\"yes\" class=\"iframe-class\" frameborder=\"0\"><\/iframe>\n<br \/>\n<small><a href=\"https:\/\/maps.google.com\/maps?f=q&amp;source=embed&amp;hl=hu&amp;geocode=&amp;q=Budapest+%C3%9Cll%C5%91i+%C3%BAt+78.B&amp;aq=&amp;sll=47.482472,19.080001&amp;sspn=0.007889,0.01929&amp;ie=UTF8&amp;hq=&amp;hnear=1082+Budapest,+VIII.+ker%C3%BClet,+%C3%9Cll%C5%91i+%C3%BAt+78b,+Magyarorsz%C3%A1g&amp;ll=47.482467,19.07999&amp;spn=0.007889,0.01929&amp;t=m&amp;z=14\">Nagyobb t\u00e9rk\u00e9pre v\u00e1lt\u00e1s<\/a><\/small><\/p>\n<p><strong>Megk\u00f6zel\u00edt\u00e9s t\u00f6megk\u00f6zleked\u00e9ssel<\/strong><br \/>\nA Klinik\u00e1k metr\u00f3meg\u00e1ll\u00f3nak nevet ad\u00f3 \u00e9p\u00fcletegy\u00fcttes ter\u00fclet\u00e9re t\u00f6bb kapun is bejuthatunk. Az \u00f6sszes kapun\u00e1l tal\u00e1lhat\u00f3 nagy t\u00e9rk\u00e9pen (l\u00e1sd lejjebb) t\u00e1j\u00e9koz\u00f3dhatunk az \u00fatic\u00e9lunkr\u00f3l \u00e9s a saj\u00e1t helyzet\u00fcnkr\u0151l. Az egyik bej\u00e1rat, a X. kapu, amelyhez az \u00dcll\u0151i \u00faton a Nagyv\u00e1rad t\u00e9r fel\u00e9 haladva a Kor\u00e1nyi S\u00e1ndor utc\u00e1ba kell \u00a0balra kanyarodni. Kb. 10 m\u00e9ter.\u00a0 A Klinik\u00e1k metr\u00f3meg\u00e1ll\u00f3t\u00f3l kb. 5 perc s\u00e9ta.<\/p>\n<p><strong>Megk\u00f6zel\u00edt\u00e9s aut\u00f3val<\/strong><br \/>\nAz \u00dcll\u0151i \u00fatr\u00f3l b\u00e1rmelyik ir\u00e1nyb\u00f3l be lehet hajtani a Kor\u00e1nyi S\u00e1ndor utc\u00e1ba, ahol fizet\u0151s parkol\u00e1si lehet\u0151s\u00e9g van.<\/p>\n<hr \/>\n<p><strong>Helysz\u00ednrajz: az Urol\u00f3giai Klinika \u00e9p\u00fclete s\u00e1rga sz\u00ednnel jel\u00f6lve<\/strong><\/p>\n<p><a href=\"https:\/\/semmelweis.hu\/urologia\/files\/2016\/06\/Bejarat_Koranyi_Sandor_ut.jpg\"><img loading=\"lazy\" decoding=\"async\" class=\"aligncenter wp-image-2384 size-large\" src=\"https:\/\/semmelweis.hu\/urologia\/files\/2016\/06\/Bejarat_Koranyi_Sandor_ut-1024x675.jpg\" alt=\"Bejarat_Koranyi_Sandor_ut\" width=\"940\" height=\"620\" srcset=\"https:\/\/semmelweis.hu\/urologia\/files\/2016\/06\/Bejarat_Koranyi_Sandor_ut-1024x675.jpg 1024w, https:\/\/semmelweis.hu\/urologia\/files\/2016\/06\/Bejarat_Koranyi_Sandor_ut-300x198.jpg 300w, https:\/\/semmelweis.hu\/urologia\/files\/2016\/06\/Bejarat_Koranyi_Sandor_ut-768x506.jpg 768w, https:\/\/semmelweis.hu\/urologia\/files\/2016\/06\/Bejarat_Koranyi_Sandor_ut-455x300.jpg 455w\" sizes=\"auto, (max-width: 940px) 100vw, 940px\" \/><\/a><\/p>\n<p>&nbsp;<\/p>\n","protected":false},"excerpt":{"rendered":"<p>Urol\u00f3giai Klinika\u00a0 1082 Budapest, VIII. \u00dcll\u0151i \u00fat 78\/b. Levelez\u00e9si c\u00edm: 1085 Budapest \u00dcll\u0151i \u00fat 26.; 1428 Bp. Pf. 2. Szakrendel\u00e9sre bejelentkez\u00e9s: Telefon: 06-1-459-1500\/51134 h\u00e9tf\u0151t\u0151l cs\u00fct\u00f6rt\u00f6kig 13.00-15.00\u00a0 p\u00e9nteken 12.00-14.00\u00a0 <a href=\"mailto:betegfelvetel.urologia@med.semmelweis-univ.hu\"> <\/a>Androl\u00f3giai szakrendel\u00e9s Telefon: 06-20-825-9989\u00a0 h\u00e9tf\u0151t\u0151l p\u00e9ntekig 7.00-14.00 A klinika telefonos el\u00e9rhet\u0151s\u00e9ge:\u00a0 06-1-459-1500 Porta: 51135 mell\u00e9k <a href=\"https:\/\/maps.google.com\/maps?f=q&amp;source=embed&amp;hl=hu&amp;geocode=&amp;q=Budapest+%C3%9Cll%C5%91i+%C3%BAt+78.B&amp;aq=&amp;sll=47.482472,19.080001&amp;sspn=0.007889,0.01929&amp;ie=UTF8&amp;hq=&amp;hnear=1082+Budapest,+VIII.+ker%C3%BClet,+%C3%9Cll%C5%91i+%C3%BAt+78b,+Magyarorsz%C3%A1g&amp;ll=47.482467,19.07999&amp;spn=0.007889,0.01929&amp;t=m&amp;z=14\">Nagyobb t\u00e9rk\u00e9pre v\u00e1lt\u00e1s<\/a> Megk\u00f6zel\u00edt\u00e9s t\u00f6megk\u00f6zleked\u00e9ssel A Klinik\u00e1k metr\u00f3meg\u00e1ll\u00f3nak nevet ad\u00f3 \u00e9p\u00fcletegy\u00fcttes ter\u00fclet\u00e9re t\u00f6bb &hellip;<\/p>\n","protected":false},"author":316,"featured_media":0,"parent":0,"menu_order":8,"comment_status":"closed","ping_status":"closed","template":"","meta":{"_acf_changed":false,"footnotes":""},"categories":[],"tags":[],"class_list":["post-265","page","type-page","status-publish","hentry"],"acf":[],"_links":{"self":[{"href":"https:\/\/semmelweis.hu\/urologia\/wp-json\/wp\/v2\/pages\/265","targetHints":{"allow":["GET"]}}],"collection":[{"href":"https:\/\/semmelweis.hu\/urologia\/wp-json\/wp\/v2\/pages"}],"about":[{"href":"https:\/\/semmelweis.hu\/urologia\/wp-json\/wp\/v2\/types\/page"}],"author":[{"embeddable":true,"href":"https:\/\/semmelweis.hu\/urologia\/wp-json\/wp\/v2\/users\/316"}],"replies":[{"embeddable":true,"href":"https:\/\/semmelweis.hu\/urologia\/wp-json\/wp\/v2\/comments?post=265"}],"version-history":[{"count":13,"href":"https:\/\/semmelweis.hu\/urologia\/wp-json\/wp\/v2\/pages\/265\/revisions"}],"predecessor-version":[{"id":4732,"href":"https:\/\/semmelweis.hu\/urologia\/wp-json\/wp\/v2\/pages\/265\/revisions\/4732"}],"wp:attachment":[{"href":"https:\/\/semmelweis.hu\/urologia\/wp-json\/wp\/v2\/media?parent=265"}],"wp:term":[{"taxonomy":"category","embeddable":true,"href":"https:\/\/semmelweis.hu\/urologia\/wp-json\/wp\/v2\/categories?post=265"},{"taxonomy":"post_tag","embeddable":true,"href":"https:\/\/semmelweis.hu\/urologia\/wp-json\/wp\/v2\/tags?post=265"}],"curies":[{"name":"wp","href":"https:\/\/api.w.org\/{rel}","templated":true}]}}