{"id":2357,"date":"2016-05-26T13:20:12","date_gmt":"2016-05-26T11:20:12","guid":{"rendered":"http:\/\/semmelweis.hu\/urologia\/?page_id=2357"},"modified":"2023-05-28T07:08:26","modified_gmt":"2023-05-28T05:08:26","slug":"prosztataszuro-vizsgalat","status":"publish","type":"page","link":"https:\/\/semmelweis.hu\/urologia\/betegellatas\/prosztataszuro-vizsgalat\/","title":{"rendered":"A prosztatasz\u0171r\u00e9s fontoss\u00e1ga"},"content":{"rendered":"<div class=\"keretes w-100\">\n<p style=\"text-align: left;\">Haz\u00e1nkban a f\u00e9rfiak daganat miatti elhal\u00e1loz\u00e1s\u00e1nak <strong>negyedik leggyakoribb oka a prosztatar\u00e1k<\/strong>. M\u00e1s daganatokhoz hasonl\u00f3an nem egyik napr\u00f3l a m\u00e1sikra keletkezik. \u00c9vek telhetnek el addig, am\u00edg od\u00e1ig fejl\u0151dik, hogy panaszokat, t\u00fcneteket okoz. <strong>Az idej\u00e9ben felismert<\/strong> prosztatar\u00e1k gy\u00f3gy\u00edthat\u00f3, vagy legal\u00e1bbis visszaszor\u00edthat\u00f3.<\/p>\n<\/div>\n<p style=\"text-align: left;\">A prosztatar\u00e1k korai, idej\u00e9ben t\u00f6rt\u00e9n\u0151 felismer\u00e9se \u00e9rdek\u00e9ben ez\u00e9rt aj\u00e1nlatos minden\u00a0<strong>45 \u00e9vesn\u00e9l<\/strong> id\u0151sebb f\u00e9rfi prosztatavizsg\u00e1lata az al\u00e1bbi k\u00e9t m\u00f3don:<\/p>\n<ul style=\"text-align: left;\">\n<li>PSA-vizsg\u00e1lat (=v\u00e9rv\u00e9tel, amellyel a<strong><span style=\"color: #000000;\"> p<\/span><\/strong>rosztata-<span style=\"color: #000000;\"><strong>s<\/strong><\/span>pecifikus <strong><span style=\"color: #000000;\">a<\/span><\/strong>ntig\u00e9n (<strong>PSA<\/strong>) szintj\u00e9t meghat\u00e1rozz\u00e1k)<\/li>\n<li>Rekt\u00e1lis digit\u00e1lis vizsg\u00e1lat=a prosztata v\u00e9gb\u00e9len \u00e1t t\u00f6rt\u00e9n\u0151 vizsg\u00e1lata, amely\u00a0<strong>egyszer\u0171, r\u00f6vid \u00e9s f\u00e1jdalmatlan<\/strong> vizsg\u00e1lat<\/li>\n<\/ul>\n<p style=\"text-align: left;\">Az Urol\u00f3giai Klinik\u00e1n rendszeresen v\u00e9gz\u00fcnk ingyenes sz\u0171r\u0151vizsg\u00e1latot, amelyre beutal\u00f3 nem sz\u00fcks\u00e9ges, csak el\u0151zetes regisztr\u00e1ci\u00f3. K\u00e9rj\u00fck TAJ-k\u00e1rty\u00e1j\u00e1t, szem\u00e9lyi igazolv\u00e1ny\u00e1t, lakc\u00edmk\u00e1rty\u00e1j\u00e1t felt\u00e9tlen\u00fcl hozza mag\u00e1val.\u00a0<\/p>\n<p style=\"text-align: left;\">Az <a href=\"https:\/\/semmelweis.hu\/urologia\/betegellatas\/rendelesek\/\">Urol\u00f3giai Klinika szakrendel\u00e9seire<\/a> el\u0151zetes telefonos bejelentkez\u00e9s sz\u00fcks\u00e9ges.<\/p>\n<h2>Mi\u00e9rt fontos a rendszeres prosztata vizsg\u00e1lat? <strong><br \/>\n<\/strong><span style=\"font-size: 14pt;\">Prof. Nyir\u00e1dy P\u00e9ter, klinik\u00e1nk igazgat\u00f3ja r\u00f6vid vide\u00f3kban ismerteti<\/span><strong><br \/>\n<\/strong><\/h2>\n<h3 class=\"style-scope ytd-watch-metadata\">Prosztatar\u00e1k Prevenci\u00f3<\/h3>\n<p><iframe loading=\"lazy\" title=\"Prosztatar\u00e1k Prevenci\u00f3 I. - Movember Hungary\" width=\"753\" height=\"424\" src=\"https:\/\/www.youtube.com\/embed\/Mc5IhVII-9w?feature=oembed\" frameborder=\"0\" allow=\"accelerometer; autoplay; clipboard-write; encrypted-media; gyroscope; picture-in-picture; web-share\" allowfullscreen><\/iframe><\/p>\n<h3>Kinek \u00e9s milyen gyakran \u00e9rdemes elmennie sz\u0171r\u0151vizsg\u00e1latra?<\/h3>\n<p><iframe loading=\"lazy\" title=\"Prevenci\u00f3 II. - Kinek \u00e9s milyen gyakran \u00e9rdemes elmennie sz\u0171r\u0151vizsg\u00e1latra?\" width=\"753\" height=\"424\" src=\"https:\/\/www.youtube.com\/embed\/dIZio3jjs54?feature=oembed\" frameborder=\"0\" allow=\"accelerometer; autoplay; clipboard-write; encrypted-media; gyroscope; picture-in-picture; web-share\" allowfullscreen><\/iframe><\/p>\n<h3 class=\"style-scope ytd-watch-metadata\">A prosztatar\u00e1kot \u00e1tlagosan hogyan \u00e9s milyen hat\u00e9konys\u00e1ggal lehet gy\u00f3gy\u00edtani?<\/h3>\n<p><iframe loading=\"lazy\" title=\"Prevenci\u00f3 III. - A prosztatar\u00e1kot \u00e1tlagosan hogyan \u00e9s milyen hat\u00e9konys\u00e1ggal lehet gy\u00f3gy\u00edtani?\" width=\"753\" height=\"424\" src=\"https:\/\/www.youtube.com\/embed\/xffuguKcdjs?feature=oembed\" frameborder=\"0\" allow=\"accelerometer; autoplay; clipboard-write; encrypted-media; gyroscope; picture-in-picture; web-share\" allowfullscreen><\/iframe><\/p>\n<h3 class=\"style-scope ytd-watch-metadata\">F\u00e9rfi Eg\u00e9szs\u00e9g &#8211; Prosztata<\/h3>\n<p><iframe loading=\"lazy\" title=\"Prevenci\u00f3 IV. - F\u00e9rfi Eg\u00e9szs\u00e9g - Prosztata\" width=\"753\" height=\"424\" src=\"https:\/\/www.youtube.com\/embed\/5HL7FJ1uTxQ?feature=oembed\" frameborder=\"0\" allow=\"accelerometer; autoplay; clipboard-write; encrypted-media; gyroscope; picture-in-picture; web-share\" allowfullscreen><\/iframe><\/p>\n<h3 class=\"style-scope ytd-watch-metadata\">Mit tehet egy f\u00e9rfi az eg\u00e9szs\u00e9g\u00e9rt?<\/h3>\n<p><iframe loading=\"lazy\" title=\"Prevenci\u00f3 V. - Mit tehet egy f\u00e9rfi az eg\u00e9szs\u00e9g\u00e9rt?\" width=\"753\" height=\"424\" src=\"https:\/\/www.youtube.com\/embed\/uPsd4nXGgwQ?feature=oembed\" frameborder=\"0\" allow=\"accelerometer; autoplay; clipboard-write; encrypted-media; gyroscope; picture-in-picture; web-share\" allowfullscreen><\/iframe><\/p>\n","protected":false},"excerpt":{"rendered":"<p>Haz\u00e1nkban a f\u00e9rfiak daganat miatti elhal\u00e1loz\u00e1s\u00e1nak negyedik leggyakoribb oka a prosztatar\u00e1k. M\u00e1s daganatokhoz hasonl\u00f3an nem egyik napr\u00f3l a m\u00e1sikra keletkezik. \u00c9vek telhetnek el addig, am\u00edg od\u00e1ig fejl\u0151dik, hogy panaszokat, t\u00fcneteket okoz. Az idej\u00e9ben felismert prosztatar\u00e1k gy\u00f3gy\u00edthat\u00f3, vagy legal\u00e1bbis visszaszor\u00edthat\u00f3. A prosztatar\u00e1k korai, idej\u00e9ben t\u00f6rt\u00e9n\u0151 felismer\u00e9se \u00e9rdek\u00e9ben ez\u00e9rt aj\u00e1nlatos minden\u00a045 \u00e9vesn\u00e9l id\u0151sebb f\u00e9rfi prosztatavizsg\u00e1lata az al\u00e1bbi &hellip;<\/p>\n","protected":false},"author":12,"featured_media":0,"parent":2028,"menu_order":3,"comment_status":"closed","ping_status":"closed","template":"","meta":{"_acf_changed":false,"footnotes":""},"categories":[],"tags":[],"class_list":["post-2357","page","type-page","status-publish","hentry"],"acf":[],"_links":{"self":[{"href":"https:\/\/semmelweis.hu\/urologia\/wp-json\/wp\/v2\/pages\/2357","targetHints":{"allow":["GET"]}}],"collection":[{"href":"https:\/\/semmelweis.hu\/urologia\/wp-json\/wp\/v2\/pages"}],"about":[{"href":"https:\/\/semmelweis.hu\/urologia\/wp-json\/wp\/v2\/types\/page"}],"author":[{"embeddable":true,"href":"https:\/\/semmelweis.hu\/urologia\/wp-json\/wp\/v2\/users\/12"}],"replies":[{"embeddable":true,"href":"https:\/\/semmelweis.hu\/urologia\/wp-json\/wp\/v2\/comments?post=2357"}],"version-history":[{"count":12,"href":"https:\/\/semmelweis.hu\/urologia\/wp-json\/wp\/v2\/pages\/2357\/revisions"}],"predecessor-version":[{"id":4456,"href":"https:\/\/semmelweis.hu\/urologia\/wp-json\/wp\/v2\/pages\/2357\/revisions\/4456"}],"up":[{"embeddable":true,"href":"https:\/\/semmelweis.hu\/urologia\/wp-json\/wp\/v2\/pages\/2028"}],"wp:attachment":[{"href":"https:\/\/semmelweis.hu\/urologia\/wp-json\/wp\/v2\/media?parent=2357"}],"wp:term":[{"taxonomy":"category","embeddable":true,"href":"https:\/\/semmelweis.hu\/urologia\/wp-json\/wp\/v2\/categories?post=2357"},{"taxonomy":"post_tag","embeddable":true,"href":"https:\/\/semmelweis.hu\/urologia\/wp-json\/wp\/v2\/tags?post=2357"}],"curies":[{"name":"wp","href":"https:\/\/api.w.org\/{rel}","templated":true}]}}