{"id":2133,"date":"2015-12-07T11:54:22","date_gmt":"2015-12-07T10:54:22","guid":{"rendered":"http:\/\/semmelweis.hu\/urologia\/?page_id=2133"},"modified":"2023-05-26T12:25:45","modified_gmt":"2023-05-26T10:25:45","slug":"tajekoztato-spermavizsgalatrol","status":"publish","type":"page","link":"https:\/\/semmelweis.hu\/urologia\/betegellatas\/tajekoztato-spermavizsgalatrol\/","title":{"rendered":"T\u00e1j\u00e9koztat\u00f3 spermavizsg\u00e1latr\u00f3l"},"content":{"rendered":"<h4 style=\"text-align: justify;\"><strong>T\u00e1j\u00e9koztat\u00f3 spermavizsg\u00e1latr\u00f3l<\/strong><\/h4>\n<ol style=\"text-align: justify;\">\n<li>A spermavizsg\u00e1lat sor\u00e1n a nemz\u0151k\u00e9pess\u00e9g klasszikus param\u00e9tereit hat\u00e1rozzuk meg, az Eg\u00e9szs\u00e9g\u00fcgyi Vil\u00e1gszervezet (WHO) el\u0151\u00edr\u00e1sai alapj\u00e1n. A vizsg\u00e1lat igen \u00f6sszetett, sok id\u0151t \u00e9s energi\u00e1t kell r\u00e1ford\u00edtani, \u00edgy nagyon fontos, hogy az el\u0151k\u00e9sz\u00fcletek is megfelel\u0151en t\u00f6rt\u00e9njenek! Az ond\u00f3minta lead\u00e1s\u00e1t el\u0151\u00edr\u00e1saink szerint <strong>3-5 napos ond\u00f3t\u00e1voz\u00e1si sz\u00fcnet kell, megel\u0151zze! 3 napn\u00e1l kevesebb \u00e9s 5 napn\u00e1l t\u00f6bb id\u0151 sem megfelel\u0151, csak a 3,4,5 nap<\/strong>! Az ond\u00f3vizsg\u00e1lat eredm\u00e9nye csak akkor \u00e9rt\u00e9kelhet\u0151 megfelel\u0151en, ha az utols\u00f3 ond\u00f3t\u00e1voz\u00e1s h\u00e1rom-\u00f6t nappal a mintaad\u00e1s el\u0151tt t\u00f6rt\u00e9nt. Amennyiben ez nem \u00edgy van, a vizsg\u00e1lat el\u0151tt k\u00e9rj\u00fck, jelezze!<\/li>\n<\/ol>\n<ol start=\"2\">\n<li style=\"text-align: justify;\">A mintaad\u00e1s az Urol\u00f3giai Klinika Androl\u00f3giai Centrum\u00e1nak erre a c\u00e9lra kialak\u00edtott, k\u00e9nyelmes \u00e9s tiszta helyis\u00e9g\u00e9ben t\u00f6rt\u00e9nik, \u00f6nkiel\u00e9g\u00edt\u00e9s \u00fatj\u00e1n. Amennyiben a mint\u00e1t hozni k\u00edv\u00e1nja, k\u00e9rj\u00fck, ebben az esetben k\u00f6zvetlen\u00fcl a vizsg\u00e1latra val\u00f3 indul\u00e1s el\u0151tt \u00f6nkiel\u00e9g\u00edt\u00e9ssel vegye le az ond\u00f3j\u00e1t, fogja fel gy\u00f3gyszert\u00e1rban kaphat\u00f3, steril ed\u00e9nybe! Testmelegen, bels\u0151 zsebben sz\u00e1ll\u00edtva hozza mag\u00e1val! A lev\u00e9telt\u0151l sz\u00e1m\u00edtott legk\u00e9s\u0151bb 1 \u00f3r\u00e1n bel\u00fcl a mint\u00e1t le kell adnia vizsg\u00e1latra!<\/li>\n<li style=\"text-align: justify;\">A telefonon el\u0151re megbesz\u00e9lt id\u0151pontban, az Urol\u00f3giai Klinika alagsor\u00e1ban az <strong>\u201eAmbul\u00e1ns betegfelv\u00e9tel\u201d<\/strong> ablakn\u00e1l, irataival k\u00e9rj\u00fck, jelentkezzen be, majd ezut\u00e1n a szint\u00e9n az alagsorban tal\u00e1lhat\u00f3 <a href=\"https:\/\/semmelweis.hu\/urologia\/altalanos-informaciok\/szakmai-profilok\/andrologiai-centrum\/\"><strong>androl\u00f3giai szakrendel\u00e9sen<\/strong><\/a> sz\u00f3l\u00edtjuk.<\/li>\n<li style=\"text-align: justify;\">Kor\u00e1bbi leleteit minden alkalommal hozza mag\u00e1val!<\/li>\n<li style=\"text-align: justify;\">Az ond\u00f3vizsg\u00e1lat t\u00f6bb \u00f3r\u00e1t vesz ig\u00e9nybe. Lelet\u00e9t k\u00e9s\u0151bb, egy megbesz\u00e9lt id\u0151pontban kapja meg.<\/li>\n<li style=\"text-align: justify;\">Bejelentkez\u00e9s telefonon, h\u00e9tf\u0151t\u0151l-p\u00e9ntekig 7.00-14.00 \u00f3ra k\u00f6z\u00f6tt a\u00a0<a href=\"tel:+36208259989\">+36 20 8259989<\/a>\u00a0 sz\u00e1mon lehets\u00e9ges.<\/li>\n<\/ol>\n","protected":false},"excerpt":{"rendered":"<p>T\u00e1j\u00e9koztat\u00f3 spermavizsg\u00e1latr\u00f3l A spermavizsg\u00e1lat sor\u00e1n a nemz\u0151k\u00e9pess\u00e9g klasszikus param\u00e9tereit hat\u00e1rozzuk meg, az Eg\u00e9szs\u00e9g\u00fcgyi Vil\u00e1gszervezet (WHO) el\u0151\u00edr\u00e1sai alapj\u00e1n. A vizsg\u00e1lat igen \u00f6sszetett, sok id\u0151t \u00e9s energi\u00e1t kell r\u00e1ford\u00edtani, \u00edgy nagyon fontos, hogy az el\u0151k\u00e9sz\u00fcletek is megfelel\u0151en t\u00f6rt\u00e9njenek! Az ond\u00f3minta lead\u00e1s\u00e1t el\u0151\u00edr\u00e1saink szerint 3-5 napos ond\u00f3t\u00e1voz\u00e1si sz\u00fcnet kell, megel\u0151zze! 3 napn\u00e1l kevesebb \u00e9s 5 napn\u00e1l t\u00f6bb id\u0151 &hellip;<\/p>\n","protected":false},"author":316,"featured_media":0,"parent":2028,"menu_order":4,"comment_status":"closed","ping_status":"closed","template":"","meta":{"_acf_changed":false,"footnotes":""},"categories":[],"tags":[],"class_list":["post-2133","page","type-page","status-publish","hentry"],"acf":[],"_links":{"self":[{"href":"https:\/\/semmelweis.hu\/urologia\/wp-json\/wp\/v2\/pages\/2133","targetHints":{"allow":["GET"]}}],"collection":[{"href":"https:\/\/semmelweis.hu\/urologia\/wp-json\/wp\/v2\/pages"}],"about":[{"href":"https:\/\/semmelweis.hu\/urologia\/wp-json\/wp\/v2\/types\/page"}],"author":[{"embeddable":true,"href":"https:\/\/semmelweis.hu\/urologia\/wp-json\/wp\/v2\/users\/316"}],"replies":[{"embeddable":true,"href":"https:\/\/semmelweis.hu\/urologia\/wp-json\/wp\/v2\/comments?post=2133"}],"version-history":[{"count":7,"href":"https:\/\/semmelweis.hu\/urologia\/wp-json\/wp\/v2\/pages\/2133\/revisions"}],"predecessor-version":[{"id":4402,"href":"https:\/\/semmelweis.hu\/urologia\/wp-json\/wp\/v2\/pages\/2133\/revisions\/4402"}],"up":[{"embeddable":true,"href":"https:\/\/semmelweis.hu\/urologia\/wp-json\/wp\/v2\/pages\/2028"}],"wp:attachment":[{"href":"https:\/\/semmelweis.hu\/urologia\/wp-json\/wp\/v2\/media?parent=2133"}],"wp:term":[{"taxonomy":"category","embeddable":true,"href":"https:\/\/semmelweis.hu\/urologia\/wp-json\/wp\/v2\/categories?post=2133"},{"taxonomy":"post_tag","embeddable":true,"href":"https:\/\/semmelweis.hu\/urologia\/wp-json\/wp\/v2\/tags?post=2133"}],"curies":[{"name":"wp","href":"https:\/\/api.w.org\/{rel}","templated":true}]}}