{"id":2028,"date":"2015-10-27T11:01:20","date_gmt":"2015-10-27T10:01:20","guid":{"rendered":"http:\/\/semmelweis.hu\/urologia\/?page_id=2028"},"modified":"2026-01-06T12:38:50","modified_gmt":"2026-01-06T11:38:50","slug":"betegellatas","status":"publish","type":"page","link":"https:\/\/semmelweis.hu\/urologia\/betegellatas\/","title":{"rendered":"Betegell\u00e1t\u00e1s"},"content":{"rendered":"<p>A Semmelweis Egyetem Urol\u00f3giai Klinik\u00e1j\u00e1nak\u00a0 \u00e9s Uroonkol\u00f3giai Centrum\u00e1nak feladata a min\u0151s\u00e9gi betegell\u00e1t\u00e1s. Az orvosok, eg\u00e9szs\u00e9g\u00fcgyi dolgoz\u00f3k \u00e9s a betegek hat\u00e9kony kommunik\u00e1ci\u00f3ja is elengedhetetlen felt\u00e9tele a gy\u00f3gyul\u00e1snak, ez\u00e9rt ha Klinik\u00e1nk szolg\u00e1ltat\u00e1sait k\u00edv\u00e1nja ig\u00e9nybe venni, k\u00e9rj\u00fck olvassa el r\u00e9szletes betegt\u00e1j\u00e9koztat\u00f3nkat, melyet a Klinika orvosai \u00e1ll\u00edtottak \u00f6ssze.<\/p>\n<div class=\"keretes w-100\">\n<p>Az Urol\u00f3giai Klinika r\u00e9szletes <a href=\"https:\/\/semmelweis.hu\/urologia\/files\/2026\/01\/Betegtajekoztato-Hazirend.pdf\">betegt\u00e1j\u00e9koztat\u00f3 h\u00e1zirendj\u00e9t let\u00f6ltheti pdf form\u00e1tumban.<\/a><\/p>\n<\/div>\n<h4><strong>T\u00e9mak\u00f6r\u00f6k<\/strong><\/h4>\n<ul>\n<li>\n<h6><a href=\"https:\/\/semmelweis.hu\/urologia\/betegellatas\/rendelesek\/\">Szakrendel\u00e9sek<\/a><\/h6>\n<\/li>\n<li>\n<h6><a href=\"https:\/\/semmelweis.hu\/urologia\/betegellatas\/fekvobetegeknek\/\">Fekv\u0151betegeknek<\/a><\/h6>\n<\/li>\n<li>\n<h6><a href=\"https:\/\/semmelweis.hu\/urologia\/betegellatas\/prosztataszuro-vizsgalat\/\">A prosztatasz\u0171r\u00e9s fontoss\u00e1ga<\/a><\/h6>\n<\/li>\n<li>\n<h6><a href=\"https:\/\/semmelweis.hu\/urologia\/betegellatas\/gyogytorna-prosztatadaganatos-betegek-reszere-videok\/\">Prosztatadaganatos betegek r\u00e9sz\u00e9re gy\u00f3gytorna vide\u00f3k<\/a><\/h6>\n<\/li>\n<li>\n<h6><a href=\"https:\/\/semmelweis.hu\/urologia\/betegellatas\/latogatasi-rend\/\">L\u00e1togat\u00e1si rend<\/a><\/h6>\n<\/li>\n<li>\n<h6><a href=\"https:\/\/semmelweis.hu\/urologia\/betegellatas\/tajekoztato-spermavizsgalatrol\/\">T\u00e1j\u00e9koztat\u00f3 spermavizsg\u00e1latr\u00f3l<\/a><\/h6>\n<\/li>\n<li>\n<h6><a href=\"https:\/\/semmelweis.hu\/urologia\/betegellatas\/etrendi-ajanlasok\/\">\u00c9trendi aj\u00e1nl\u00e1sok vesek\u00f6ves betegeknek<\/a><\/h6>\n<\/li>\n<li>\n<h6><a href=\"https:\/\/semmelweis.hu\/urologia\/betegellatas\/betegsegenciklopedia\/\">Betegs\u00e9genciklop\u00e9dia<\/a><\/h6>\n<\/li>\n<li>\n<h6><a href=\"https:\/\/semmelweis.hu\/urologia\/betegellatas\/urologiai-betegsegek\/\">Hasznos forr\u00e1sok betegeknek<\/a><\/h6>\n<\/li>\n<li>\n<h6><a href=\"https:\/\/semmelweis.hu\/urologia\/betegellatas\/klinikai-vizsgalatok\/\">Klinikai vizsg\u00e1latok<\/a><\/h6>\n<\/li>\n<li>\n<h6><a href=\"https:\/\/semmelweis.hu\/urologia\/betegellatas\/terites-elleneben-vegzett-beavatkozasok\/\">T\u00e9r\u00edt\u00e9si d\u00edjak<\/a><\/h6>\n<\/li>\n<li>\n<h6><a href=\"https:\/\/semmelweis.hu\/urologia\/betegellatas\/betegjogi-kepviselo\/\">Betegjogi k\u00e9pvisel\u0151<\/a><\/h6>\n<\/li>\n<\/ul>\n","protected":false},"excerpt":{"rendered":"<p>A Semmelweis Egyetem Urol\u00f3giai Klinik\u00e1j\u00e1nak\u00a0 \u00e9s Uroonkol\u00f3giai Centrum\u00e1nak feladata a min\u0151s\u00e9gi betegell\u00e1t\u00e1s. Az orvosok, eg\u00e9szs\u00e9g\u00fcgyi dolgoz\u00f3k \u00e9s a betegek hat\u00e9kony kommunik\u00e1ci\u00f3ja is elengedhetetlen felt\u00e9tele a gy\u00f3gyul\u00e1snak, ez\u00e9rt ha Klinik\u00e1nk szolg\u00e1ltat\u00e1sait k\u00edv\u00e1nja ig\u00e9nybe venni, k\u00e9rj\u00fck olvassa el r\u00e9szletes betegt\u00e1j\u00e9koztat\u00f3nkat, melyet a Klinika orvosai \u00e1ll\u00edtottak \u00f6ssze. Az Urol\u00f3giai Klinika r\u00e9szletes <a href=\"https:\/\/semmelweis.hu\/urologia\/files\/2026\/01\/Betegtajekoztato-Hazirend.pdf\">betegt\u00e1j\u00e9koztat\u00f3 h\u00e1zirendj\u00e9t let\u00f6ltheti pdf form\u00e1tumban.<\/a> T\u00e9mak\u00f6r\u00f6k <a href=\"https:\/\/semmelweis.hu\/urologia\/betegellatas\/rendelesek\/\">Szakrendel\u00e9sek<\/a> <a href=\"https:\/\/semmelweis.hu\/urologia\/betegellatas\/fekvobetegeknek\/\">Fekv\u0151betegeknek<\/a> <a href=\"https:\/\/semmelweis.hu\/urologia\/betegellatas\/prosztataszuro-vizsgalat\/\">A prosztatasz\u0171r\u00e9s fontoss\u00e1ga<\/a> <a href=\"https:\/\/semmelweis.hu\/urologia\/betegellatas\/gyogytorna-prosztatadaganatos-betegek-reszere-videok\/\">Prosztatadaganatos betegek r\u00e9sz\u00e9re gy\u00f3gytorna vide\u00f3k<\/a> <a href=\"https:\/\/semmelweis.hu\/urologia\/betegellatas\/latogatasi-rend\/\">L\u00e1togat\u00e1si rend<\/a> <a href=\"https:\/\/semmelweis.hu\/urologia\/betegellatas\/tajekoztato-spermavizsgalatrol\/\">T\u00e1j\u00e9koztat\u00f3 spermavizsg\u00e1latr\u00f3l<\/a> <a href=\"https:\/\/semmelweis.hu\/urologia\/betegellatas\/etrendi-ajanlasok\/\">\u00c9trendi aj\u00e1nl\u00e1sok vesek\u00f6ves betegeknek<\/a> <a href=\"https:\/\/semmelweis.hu\/urologia\/betegellatas\/betegsegenciklopedia\/\">Betegs\u00e9genciklop\u00e9dia<\/a> <a href=\"https:\/\/semmelweis.hu\/urologia\/betegellatas\/urologiai-betegsegek\/\">Hasznos forr\u00e1sok betegeknek<\/a> <a href=\"https:\/\/semmelweis.hu\/urologia\/betegellatas\/klinikai-vizsgalatok\/\">Klinikai vizsg\u00e1latok<\/a> <a href=\"https:\/\/semmelweis.hu\/urologia\/betegellatas\/terites-elleneben-vegzett-beavatkozasok\/\">T\u00e9r\u00edt\u00e9si d\u00edjak<\/a> &hellip;<\/p>\n","protected":false},"author":101433,"featured_media":0,"parent":0,"menu_order":1,"comment_status":"closed","ping_status":"closed","template":"","meta":{"_acf_changed":false,"footnotes":""},"categories":[],"tags":[],"class_list":["post-2028","page","type-page","status-publish","hentry"],"acf":[],"_links":{"self":[{"href":"https:\/\/semmelweis.hu\/urologia\/wp-json\/wp\/v2\/pages\/2028","targetHints":{"allow":["GET"]}}],"collection":[{"href":"https:\/\/semmelweis.hu\/urologia\/wp-json\/wp\/v2\/pages"}],"about":[{"href":"https:\/\/semmelweis.hu\/urologia\/wp-json\/wp\/v2\/types\/page"}],"author":[{"embeddable":true,"href":"https:\/\/semmelweis.hu\/urologia\/wp-json\/wp\/v2\/users\/101433"}],"replies":[{"embeddable":true,"href":"https:\/\/semmelweis.hu\/urologia\/wp-json\/wp\/v2\/comments?post=2028"}],"version-history":[{"count":11,"href":"https:\/\/semmelweis.hu\/urologia\/wp-json\/wp\/v2\/pages\/2028\/revisions"}],"predecessor-version":[{"id":4773,"href":"https:\/\/semmelweis.hu\/urologia\/wp-json\/wp\/v2\/pages\/2028\/revisions\/4773"}],"wp:attachment":[{"href":"https:\/\/semmelweis.hu\/urologia\/wp-json\/wp\/v2\/media?parent=2028"}],"wp:term":[{"taxonomy":"category","embeddable":true,"href":"https:\/\/semmelweis.hu\/urologia\/wp-json\/wp\/v2\/categories?post=2028"},{"taxonomy":"post_tag","embeddable":true,"href":"https:\/\/semmelweis.hu\/urologia\/wp-json\/wp\/v2\/tags?post=2028"}],"curies":[{"name":"wp","href":"https:\/\/api.w.org\/{rel}","templated":true}]}}