{"id":2002,"date":"2015-10-26T13:48:19","date_gmt":"2015-10-26T12:48:19","guid":{"rendered":"http:\/\/semmelweis.hu\/urologia\/?page_id=2002"},"modified":"2023-05-30T10:09:17","modified_gmt":"2023-05-30T08:09:17","slug":"andras-huttl","status":"publish","type":"page","link":"https:\/\/semmelweis.hu\/urologia\/en\/about-us\/doctors-of-the-department\/andras-huttl\/","title":{"rendered":"Andr\u00e1s H\u00fcttl"},"content":{"rendered":"<p><a href=\"https:\/\/semmelweis.hu\/urologia\/files\/2015\/07\/HuttlA.jpg\"><img loading=\"lazy\" decoding=\"async\" class=\"alignright size-medium wp-image-1682\" src=\"https:\/\/semmelweis.hu\/urologia\/files\/2015\/07\/HuttlA-200x300.jpg\" alt=\"HuttlA\" width=\"200\" height=\"300\" srcset=\"https:\/\/semmelweis.hu\/urologia\/files\/2015\/07\/HuttlA-200x300.jpg 200w, https:\/\/semmelweis.hu\/urologia\/files\/2015\/07\/HuttlA-683x1024.jpg 683w, https:\/\/semmelweis.hu\/urologia\/files\/2015\/07\/HuttlA.jpg 800w\" sizes=\"auto, (max-width: 200px) 100vw, 200px\" \/><\/a><strong>Professional data<\/strong><br \/>\nSemmelweis University, Budapest, Department of Urology<strong><br \/>\n<\/strong>Position: Resident of Urology<\/p>\n<p><strong>Personal data<\/strong><br \/>\nDate of Birth: 22 March, 1984<br \/>\nPlace of Birth: Budapest, Hungary<\/p>\n<p><strong>Education<\/strong><br \/>\nToldy Ferenc High School 1998-2003, Student President in 2002<br \/>\nBard College 2003-2007, B.A., Biology major<br \/>\nSemmelweis University of Budapest, Class of 2014, General Medicine<br \/>\nUniversity of California, Davis School of Medicine 2014, April-May<\/p>\n<p><strong>Language skills<\/strong><br \/>\nEnglish \u2013 advanced language exam at ELTE Idegennyelvi Tov\u00e1bbk\u00e9pz\u0151 K\u00f6zpont, ORIGO examination system, (The Association of Language Testers in Europe)<br \/>\nGerman-beginner<\/p>\n<p><strong>Teaching Experience<\/strong><br \/>\nSemmelweis Egyetem-Humania, from 2013, August<br \/>\nSemmelweis Egyetem-Roma Mentor Program, 2013, January<\/p>\n<p><strong>Research Experience<\/strong><br \/>\nStanford University student volunteer researcher- Mark Krasnow Laboratory 2002<br \/>\nBard College-Eel Migration Project with Catherine O\u2019Reilly, 2006<br \/>\nBard College Senior Project \u2013 Salamander behavior study with Professor Bill Maple, Professor Emeritus John Ferguson, 2007<br \/>\nSemmelweis University \u2013 Subclavian artery stenting and PTA study with Edit D\u00f3sa, 2011 to present<\/p>\n<p><strong>Work Experience<\/strong><br \/>\nBard College campus jobs<br \/>\nMentoring of Roma Students<\/p>\n","protected":false},"excerpt":{"rendered":"<p><a href=\"https:\/\/semmelweis.hu\/urologia\/files\/2015\/07\/HuttlA.jpg\"><\/a> Professional data Semmelweis University, Budapest, Department of Urology Position: Resident of Urology Personal data Date of Birth: 22 March, 1984 Place of Birth: Budapest, Hungary Education Toldy Ferenc High School 1998-2003, Student President in 2002 Bard College 2003-2007, B.A., Biology major Semmelweis University of Budapest, Class of 2014, General Medicine University of California, Davis School &hellip;<\/p>\n","protected":false},"author":316,"featured_media":0,"parent":1836,"menu_order":0,"comment_status":"closed","ping_status":"closed","template":"","meta":{"_acf_changed":false,"footnotes":""},"categories":[],"tags":[],"class_list":["post-2002","page","type-page","status-publish","hentry"],"acf":[],"_links":{"self":[{"href":"https:\/\/semmelweis.hu\/urologia\/wp-json\/wp\/v2\/pages\/2002","targetHints":{"allow":["GET"]}}],"collection":[{"href":"https:\/\/semmelweis.hu\/urologia\/wp-json\/wp\/v2\/pages"}],"about":[{"href":"https:\/\/semmelweis.hu\/urologia\/wp-json\/wp\/v2\/types\/page"}],"author":[{"embeddable":true,"href":"https:\/\/semmelweis.hu\/urologia\/wp-json\/wp\/v2\/users\/316"}],"replies":[{"embeddable":true,"href":"https:\/\/semmelweis.hu\/urologia\/wp-json\/wp\/v2\/comments?post=2002"}],"version-history":[{"count":6,"href":"https:\/\/semmelweis.hu\/urologia\/wp-json\/wp\/v2\/pages\/2002\/revisions"}],"predecessor-version":[{"id":2008,"href":"https:\/\/semmelweis.hu\/urologia\/wp-json\/wp\/v2\/pages\/2002\/revisions\/2008"}],"up":[{"embeddable":true,"href":"https:\/\/semmelweis.hu\/urologia\/wp-json\/wp\/v2\/pages\/1836"}],"wp:attachment":[{"href":"https:\/\/semmelweis.hu\/urologia\/wp-json\/wp\/v2\/media?parent=2002"}],"wp:term":[{"taxonomy":"category","embeddable":true,"href":"https:\/\/semmelweis.hu\/urologia\/wp-json\/wp\/v2\/categories?post=2002"},{"taxonomy":"post_tag","embeddable":true,"href":"https:\/\/semmelweis.hu\/urologia\/wp-json\/wp\/v2\/tags?post=2002"}],"curies":[{"name":"wp","href":"https:\/\/api.w.org\/{rel}","templated":true}]}}