{"id":1998,"date":"2015-10-26T13:28:31","date_gmt":"2015-10-26T12:28:31","guid":{"rendered":"http:\/\/semmelweis.hu\/urologia\/?page_id=1998"},"modified":"2020-09-11T15:38:49","modified_gmt":"2020-09-11T13:38:49","slug":"elmelet","status":"publish","type":"page","link":"https:\/\/semmelweis.hu\/urologia\/oktatas\/gradualis-kepzes\/elmelet\/","title":{"rendered":"Elm\u00e9let"},"content":{"rendered":"<p><strong>El\u0151ad\u00e1sok pdf-jei<\/strong><strong><br \/>\n<img loading=\"lazy\" decoding=\"async\" class=\"size-medium wp-image-3447 alignright\" src=\"https:\/\/semmelweis.hu\/urologia\/files\/2020\/03\/tank\u00f6nyvaj\u00e1nl\u00e1sjpg-222x300.jpg\" alt=\"\" width=\"222\" height=\"300\" srcset=\"https:\/\/semmelweis.hu\/urologia\/files\/2020\/03\/tank\u00f6nyvaj\u00e1nl\u00e1sjpg-222x300.jpg 222w, https:\/\/semmelweis.hu\/urologia\/files\/2020\/03\/tank\u00f6nyvaj\u00e1nl\u00e1sjpg.jpg 370w\" sizes=\"auto, (max-width: 222px) 100vw, 222px\" \/><\/strong><\/p>\n<p><a href=\"https:\/\/semmelweis.hu\/urologia\/files\/2019\/10\/Vesek\u00f6vek-klinikuma.pdf\">Vesek\u00f6vek klinikuma<\/a><\/p>\n<p><a href=\"https:\/\/semmelweis.hu\/urologia\/files\/2019\/10\/Urol\u00f3giai-traumatol\u00f3gia.pdf\">Urol\u00f3giai traumatol\u00f3gia<\/a><\/p>\n<p><a href=\"https:\/\/semmelweis.hu\/urologia\/files\/2019\/10\/Urol\u00f3giai-endoszk\u00f3pos-diagnosztika.pdf\">Urol\u00f3giai endoszk\u00f3pos diagnosztika<\/a><\/p>\n<p><a href=\"https:\/\/semmelweis.hu\/urologia\/files\/2020\/03\/Prosztatar\u00e1k-med.-ea.-2020-converted.pdf\">Prosztatar\u00e1k med. ea.-2020-converted<\/a><\/p>\n<p><a href=\"https:\/\/semmelweis.hu\/urologia\/files\/2019\/10\/H\u00f3lyagtumor.pdf\">H\u00f3lyagtumor<\/a><\/p>\n<p><a href=\"https:\/\/semmelweis.hu\/urologia\/files\/2019\/10\/Inkontinencia.pdf\">Inkontinencia<\/a><\/p>\n<p><a href=\"https:\/\/semmelweis.hu\/urologia\/files\/2019\/10\/Fejl\u0151d\u00e9si-rendelleness\u00e9gek.pdf\">Fejl\u0151d\u00e9si rendelleness\u00e9gek<\/a><\/p>\n<p><a href=\"https:\/\/semmelweis.hu\/urologia\/files\/2019\/10\/Gyermekurol\u00f3gia.pdf\">Gyermekurol\u00f3gia<\/a><\/p>\n<p><a href=\"https:\/\/semmelweis.hu\/urologia\/files\/2019\/10\/BPH-2019.pdf\">BPH 2019<\/a><\/p>\n<p><a href=\"https:\/\/semmelweis.hu\/urologia\/files\/2019\/10\/Vesetumorok.pdf\">Vesetumorok<\/a><\/p>\n<p><a href=\"https:\/\/semmelweis.hu\/urologia\/files\/2019\/10\/Az-urol\u00f3gia-t\u00f6rt\u00e9nete-vizsg\u00e1l\u00f3-elj\u00e1r\u00e1sok-vegl.pdf\">Az urol\u00f3gia t\u00f6rt\u00e9nete, vizsg\u00e1l\u00f3 elj\u00e1r\u00e1sok vegl<\/a><\/p>\n<p>&nbsp;<\/p>\n","protected":false},"excerpt":{"rendered":"<p>El\u0151ad\u00e1sok pdf-jei<\/p>\n<p><a href=\"https:\/\/semmelweis.hu\/urologia\/files\/2019\/10\/Vesek\u00f6vek-klinikuma.pdf\">Vesek\u00f6vek klinikuma<\/a><br \/>\n<a href=\"https:\/\/semmelweis.hu\/urologia\/files\/2019\/10\/Urol\u00f3giai-traumatol\u00f3gia.pdf\">Urol\u00f3giai traumatol\u00f3gia<\/a><br \/>\n<a href=\"https:\/\/semmelweis.hu\/urologia\/files\/2019\/10\/Urol\u00f3giai-endoszk\u00f3pos-diagnosztika.pdf\">Urol\u00f3giai endoszk\u00f3pos diagnosztika<\/a><br \/>\n<a href=\"https:\/\/semmelweis.hu\/urologia\/files\/2020\/03\/Prosztatar\u00e1k-med.-ea.-2020-converted.pdf\">Prosztatar\u00e1k med. ea.-2020-converted<\/a><br \/>\n<a href=\"https:\/\/semmelweis.hu\/urologia\/files\/2019\/10\/H\u00f3lyagtumor.pdf\">H\u00f3lyagtumor<\/a><br \/>\n<a href=\"https:\/\/semmelweis.hu\/urologia\/files\/2019\/10\/Inkontinencia.pdf\">Inkontinencia<\/a><br \/>\n<a href=\"https:\/\/semmelweis.hu\/urologia\/files\/2019\/10\/Fejl\u0151d\u00e9si-rendelleness\u00e9gek.pdf\">Fejl\u0151d\u00e9si rendelleness\u00e9gek<\/a><br \/>\n<a href=\"https:\/\/semmelweis.hu\/urologia\/files\/2019\/10\/Gyermekurol\u00f3gia.pdf\">Gyermekurol\u00f3gia<\/a><br \/>\n<a href=\"https:\/\/semmelweis.hu\/urologia\/files\/2019\/10\/BPH-2019.pdf\">BPH 2019<\/a><br \/>\n<a href=\"https:\/\/semmelweis.hu\/urologia\/files\/2019\/10\/Vesetumorok.pdf\">Vesetumorok<\/a><br \/>\n<a href=\"https:\/\/semmelweis.hu\/urologia\/files\/2019\/10\/Az-urol\u00f3gia-t\u00f6rt\u00e9nete-vizsg\u00e1l\u00f3-elj\u00e1r\u00e1sok-vegl.pdf\">Az urol\u00f3gia t\u00f6rt\u00e9nete, vizsg\u00e1l\u00f3 elj\u00e1r\u00e1sok vegl<\/a><br \/>\n&nbsp;<\/p>\n","protected":false},"author":316,"featured_media":0,"parent":280,"menu_order":1,"comment_status":"closed","ping_status":"closed","template":"","meta":{"_acf_changed":false,"footnotes":""},"categories":[],"tags":[],"class_list":["post-1998","page","type-page","status-publish","hentry"],"acf":[],"_links":{"self":[{"href":"https:\/\/semmelweis.hu\/urologia\/wp-json\/wp\/v2\/pages\/1998","targetHints":{"allow":["GET"]}}],"collection":[{"href":"https:\/\/semmelweis.hu\/urologia\/wp-json\/wp\/v2\/pages"}],"about":[{"href":"https:\/\/semmelweis.hu\/urologia\/wp-json\/wp\/v2\/types\/page"}],"author":[{"embeddable":true,"href":"https:\/\/semmelweis.hu\/urologia\/wp-json\/wp\/v2\/users\/316"}],"replies":[{"embeddable":true,"href":"https:\/\/semmelweis.hu\/urologia\/wp-json\/wp\/v2\/comments?post=1998"}],"version-history":[{"count":10,"href":"https:\/\/semmelweis.hu\/urologia\/wp-json\/wp\/v2\/pages\/1998\/revisions"}],"predecessor-version":[{"id":3637,"href":"https:\/\/semmelweis.hu\/urologia\/wp-json\/wp\/v2\/pages\/1998\/revisions\/3637"}],"up":[{"embeddable":true,"href":"https:\/\/semmelweis.hu\/urologia\/wp-json\/wp\/v2\/pages\/280"}],"wp:attachment":[{"href":"https:\/\/semmelweis.hu\/urologia\/wp-json\/wp\/v2\/media?parent=1998"}],"wp:term":[{"taxonomy":"category","embeddable":true,"href":"https:\/\/semmelweis.hu\/urologia\/wp-json\/wp\/v2\/categories?post=1998"},{"taxonomy":"post_tag","embeddable":true,"href":"https:\/\/semmelweis.hu\/urologia\/wp-json\/wp\/v2\/tags?post=1998"}],"curies":[{"name":"wp","href":"https:\/\/api.w.org\/{rel}","templated":true}]}}