{"id":1993,"date":"2015-10-26T13:17:51","date_gmt":"2015-10-26T12:17:51","guid":{"rendered":"http:\/\/semmelweis.hu\/urologia\/?page_id=1993"},"modified":"2026-03-12T14:54:12","modified_gmt":"2026-03-12T13:54:12","slug":"gyakorlat","status":"publish","type":"page","link":"https:\/\/semmelweis.hu\/urologia\/oktatas\/gradualis-kepzes\/gyakorlat\/","title":{"rendered":"Gyakorlat"},"content":{"rendered":"<p style=\"text-align: left\">Tisztelt Hallgat\u00f3nk!<\/p>\n<p style=\"text-align: left\">\u00d6r\u00f6mmel \u00fcdv\u00f6z\u00f6lj\u00fck az Urol\u00f3giai Klinik\u00e1n gyakorlatot kezd\u0151k k\u00f6z\u00f6tt.<\/p>\n<p style=\"text-align: left\">A gyakorlatra az adott blokk els\u0151 napj\u00e1nak reggel\u00e9n v\u00e1rjuk. K\u00e9rj\u00fck, hogy a Klinika aul\u00e1j\u00e1ban, a Szent Liborius szoborn\u00e1l, a Semmelweis Egyetem Hallgat\u00f3ihoz m\u00e9lt\u00f3 fegyelmezett rendben \u00e9s \u00f6lt\u00f6zetben v\u00e1rj\u00e1k gyakorlatvezet\u0151j\u00fcket.<br \/>\nSaj\u00e1t orvosi k\u00f6penyt \u00e9s l\u00e1bbelit hozzanak magukkal!<\/p>\n<p>A <strong>6 hetes klinikai gyakorlat<\/strong>ra \u00e9rkez\u0151 hallgat\u00f3ink a gyakorlat 1. napj\u00e1nak reggel\u00e9n 08:00 \u00f3rakor jelentkezzenek a <strong>Klinika k\u00f6nyvt\u00e1r\u00e1nak el\u0151ter\u00e9ben<\/strong> az oktat\u00e1sszervez\u0151 koll\u00e9g\u00e1n\u00e1l. <br \/>\nSaj\u00e1t orvosi k\u00f6penyt \u00e9s l\u00e1bbelit hozzanak magukkal!<\/p>\n<p>A felvett<strong> Klinikai munka t\u00e1rgy <\/strong>teljes\u00edt\u00e9s\u00e9re \u00e9rkez\u0151 hallgat\u00f3ink az adott oktat\u00e1si nyelv\u0171 tanulm\u00e1nyi felel\u0151ssel egyeztetett munkanap reggel\u00e9n 7:30 \u00f3rakor jelentkezzenek a <strong>Klinika k\u00f6nyvt\u00e1r\u00e1nak el\u0151ter\u00e9ben!<\/strong>\u00a0<br \/>\nSaj\u00e1t orvosi k\u00f6penyt \u00e9s l\u00e1bbelit hozzanak magukkal!<\/p>\n<p>&nbsp;<\/p>\n<p style=\"text-align: left\">Az urol\u00f3giai gyakorlat blokkos\u00edtott form\u00e1ban 3 h\u00e9tig tart az al\u00e1bbiak szerint<\/p>\n<p style=\"text-align: left\">1. h\u00e9t oktat\u00e1s: h\u00e9tf\u0151, kedd, cs\u00fct\u00f6rt\u00f6k, p\u00e9ntek 09-11.30 \u00e9s 12.30-16.00<\/p>\n<p style=\"text-align: left\">2. h\u00e9t oktat\u00e1s: h\u00e9tf\u0151 09-11.30 \u00e9s 12.30-16.00, kedd 09-11.30<\/p>\n<p style=\"text-align: left\">2. h\u00e9t \u00e9s 3. h\u00e9t: vizsga<\/p>\n<p>A vizsga id\u0151pontja el\u0151tt 5 perccel gy\u00fclekez\u0151 a k\u00f6nyvt\u00e1r el\u0151tt.\u00a0<\/p>\n<p>R\u00e9szletes \u00f3rarend a Semmelweis Egyetem honlapj\u00e1n a Tanulm\u00e1nyi T\u00e1j\u00e9koztat\u00f3ban megtal\u00e1lhat\u00f3.\u00a0<\/p>\n<p><a href=\"https:\/\/semmelweis.hu\/aok\/oktatas\/mintatanterv\/\">https:\/\/semmelweis.hu\/aok\/oktatas\/mintatanterv\/<\/a><\/p>\n<p>&nbsp;<\/p>\n<p><strong>Tematika<\/strong><\/p>\n<ol>\n<li>H\u00fagy\u00fati sz\u0171k\u00fcletek<\/li>\n<li>Urol\u00f3giai s\u00fcrg\u0151ss\u00e9gi ell\u00e1t\u00e1s<\/li>\n<li>Postrenalis veseel\u00e9gtelens\u00e9g<\/li>\n<li>Vizeletdevi\u00e1ci\u00f3k t\u00edpusai<\/li>\n<li>V\u00e9rvizel\u00e9s<\/li>\n<li>Pyelonephritis<\/li>\n<li>A h\u00f3lyag \u00e9s a h\u00fagycs\u0151 gyullad\u00e1sos folyamatai<\/li>\n<li>A prosztata \u00e9s a k\u00fcls\u0151 nemi szervek gyullad\u00e1sa<\/li>\n<li>H\u00fagy\u00fati k\u00f6vek<\/li>\n<li>BPH\/LUTS<\/li>\n<li>Vizelettart\u00e1si \u00e9s \u00fcr\u00edt\u00e9si zavarok, Urodinamika<\/li>\n<li>Urogenitalis prolapsusok<\/li>\n<li>A f\u00e9rfi szexu\u00e1lis zavarai<\/li>\n<li>A f\u00e9rfi nemz\u0151k\u00e9pess\u00e9g\u00e9nek zavarai<\/li>\n<li>Fejl\u0151d\u00e9si rendelleness\u00e9gek az urol\u00f3gi\u00e1ban<\/li>\n<li><em>A vese daganatai<\/em><\/li>\n<li><em>A vesemedence \u00e9s h\u00fagyvezet\u00e9k daganatai<\/em><\/li>\n<li><em>A h\u00fagyh\u00f3lyag fel\u00fcletes daganata<\/em><\/li>\n<li><em>A h\u00fagyh\u00f3lyag izominfiltrat\u00edv daganata<\/em><\/li>\n<li><em>A prosztatar\u00e1k m\u0171t\u00e9ti kezel\u00e9se<\/em><\/li>\n<li><em>Az el\u0151rehaladott prosztatar\u00e1k kezel\u00e9se<\/em><\/li>\n<li><em>A h\u00edmvessz\u0151 daganatai<\/em><\/li>\n<li><em>A here daganatai<\/em><\/li>\n<\/ol>\n<p style=\"text-align: left\">Az al\u00e1\u00edr\u00e1shoz 10 perces prezent\u00e1ci\u00f3t kell k\u00e9sz\u00edteni\u00fck, mely sor\u00e1n egy eset bemutat\u00e1sa kapcs\u00e1n \u00e1ltal\u00e1nosan ismertetik az adott betegs\u00e9g jellemz\u0151it, t\u00fcneteit, diagnosztik\u00e1j\u00e1t, kezel\u00e9si lehet\u0151s\u00e9geket. A diasor v\u00e9g\u00e9n minimum 2 tesztk\u00e9rd\u00e9st kell feltenni\u00fck az adott t\u00e9m\u00e1ban 4 lehets\u00e9ges v\u00e1lasszal (egyszeres v\u00e1laszt\u00e1s). K\u00e9rj\u00fck, hogy prezent\u00e1ci\u00f3jukat az al\u00e1bbi diamint\u00e1ra k\u00e9sz\u00edts\u00e9k.<\/p>\n<p><a href=\"https:\/\/semmelweis.hu\/urologia\/files\/2022\/10\/Diaminta.pptx\">Diaminta<\/a><\/p>\n<p style=\"text-align: left\">Az el\u0151ad\u00e1sokra a gyakorlat 2. h\u00e9tf\u0151j\u00e9n ker\u00fcl sor, gyakorlati jegyet kapnak r\u00e1 (1-5), mely a sikeres vizsga el\u0151felt\u00e9tele.<\/p>\n<p>\u00d6sszegezve:<\/p>\n<ul>\n<li>10 perces el\u0151ad\u00e1s (diasorral)<\/li>\n<li>esetbemutat\u00e1s + \u00e1ltal\u00e1nos ismertet\u00e9s<\/li>\n<li>2 tesztk\u00e9rd\u00e9s (egyszeres v\u00e1laszt\u00e1s)<\/li>\n<\/ul>\n<p style=\"text-align: left\">A vizsg\u00e1n a megadott t\u00e9telsorb\u00f3l 2 t\u00e9telt kell kih\u00fazni, melynek felt\u00e9tele az al\u00e1bbi &#8221; beugr\u00f3 &#8221; k\u00e9rd\u00e9sekb\u0151l \u00f6ssze\u00e1ll\u00edtott tesztsor.\u00a0<\/p>\n<p><strong>Az \u00e9rdemjegy kialak\u00edt\u00e1s\u00e1nak m\u00f3dja:<\/strong><\/p>\n<p>A blokk sor\u00e1n mutatott gyakorlati aktivit\u00e1s (10%) + sz\u00f3beli vizsga (90%) 2 szigorlati t\u00e9tel kifejt\u00e9s\u00e9vel. Ut\u00f3bbihoz a Klinika honlapj\u00e1n hozz\u00e1f\u00e9rhet\u0151, \u00fagynevezett beugr\u00f3 k\u00e9rd\u00e9ssorb\u00f3l 10 k\u00e9rd\u00e9sre adott, legal\u00e1bb 80 %-os helyess\u00e9g\u0171 v\u00e1laszad\u00e1s sz\u00fcks\u00e9ges, jeles oszt\u00e1lyzat csak 100%-os helyess\u00e9g\u0171 kit\u00f6lt\u00e9s eset\u00e9n adhat\u00f3.<\/p>\n<p><a href=\"https:\/\/semmelweis.hu\/urologia\/files\/2022\/10\/SE-urologia-kerdesek-megoldasok-1.pdf\">SE urologia k\u00e9rd\u00e9sek-megold\u00e1sok<\/a><\/p>\n<p><strong>Felk\u00e9sz\u00fcl\u00e9shez javasolt tananyag fellelhet\u0151:<\/strong><\/p>\n<p><img loading=\"lazy\" decoding=\"async\" class=\"aligncenter size-medium wp-image-4760\" src=\"https:\/\/semmelweis.hu\/urologia\/files\/2025\/12\/RRF-logo-400x108.jpg\" alt=\"\" width=\"400\" height=\"108\" \/><\/p>\n<p>A tananyag fejleszt\u00e9se az RRF-2.1.2-21-2022-00010 p\u00e1ly\u00e1zat keret\u00e9ben az Eur\u00f3pai Uni\u00f3 t\u00e1mogat\u00e1s\u00e1val val\u00f3sult meg.\u00a0<\/p>\n<p>&nbsp;<\/p>\n<p>Orvosk\u00e9pz\u00e9s &#8211; Urol\u00f3gia 2024. XCIX.3. (tartalmazza a sikeres szigorlathoz sz\u00fcks\u00e9ges teljes tananyag jegyzetszer\u0171 \u00f6sszes\u00edt\u00e9s\u00e9t)<img loading=\"lazy\" decoding=\"async\" class=\"aligncenter wp-image-4718 size-medium\" src=\"https:\/\/semmelweis.hu\/urologia\/files\/2025\/06\/Orvoskepzes-Urologia-2024.-XCIX.3-283x400.jpg\" alt=\"\" width=\"283\" height=\"400\" \/><img loading=\"lazy\" decoding=\"async\" class=\"wp-image-4719 size-medium alignright\" src=\"https:\/\/semmelweis.hu\/urologia\/files\/2025\/06\/Tankonyv-Nyirady-280x400.jpg\" alt=\"\" width=\"280\" height=\"400\" srcset=\"https:\/\/semmelweis.hu\/urologia\/files\/2025\/06\/Tankonyv-Nyirady-280x400.jpg 280w, https:\/\/semmelweis.hu\/urologia\/files\/2025\/06\/Tankonyv-Nyirady.jpg 645w\" sizes=\"auto, (max-width: 280px) 100vw, 280px\" \/><\/p>\n<p>Urol\u00f3gia &#8211; Semmelweis Kiad\u00f3 2019.<\/p>\n<p><em>F\u0151szerkeszt\u0151: Nyir\u00e1dy P\u00e9ter<\/em><\/p>\n<p><em>T\u00e1rsszerkeszt\u0151k: Bajory Zolt\u00e1n, Flask\u00f3 Tibor, Sz\u00e1nt\u00f3 \u00c1rp\u00e1d<\/em><\/p>\n<p><a href=\"mailto:studentoffice.urol@semmelweis.hu\">studentoffice.urol@semmelweis.hu<\/a>.<\/p>\n<p>&nbsp;<\/p>\n<p>&nbsp;<\/p>\n","protected":false},"excerpt":{"rendered":"<p>Tisztelt Hallgat\u00f3nk! \u00d6r\u00f6mmel \u00fcdv\u00f6z\u00f6lj\u00fck az Urol\u00f3giai Klinik\u00e1n gyakorlatot kezd\u0151k k\u00f6z\u00f6tt. A gyakorlatra az adott blokk els\u0151 napj\u00e1nak reggel\u00e9n v\u00e1rjuk. K\u00e9rj\u00fck, hogy a Klinika aul\u00e1j\u00e1ban, a Szent Liborius szoborn\u00e1l, a Semmelweis Egyetem Hallgat\u00f3ihoz m\u00e9lt\u00f3 fegyelmezett rendben \u00e9s \u00f6lt\u00f6zetben v\u00e1rj\u00e1k gyakorlatvezet\u0151j\u00fcket. Saj\u00e1t orvosi k\u00f6penyt \u00e9s l\u00e1bbelit hozzanak magukkal! A 6 hetes klinikai gyakorlatra \u00e9rkez\u0151 hallgat\u00f3ink a gyakorlat &hellip;<\/p>\n","protected":false},"author":316,"featured_media":0,"parent":280,"menu_order":2,"comment_status":"closed","ping_status":"closed","template":"","meta":{"_acf_changed":false,"footnotes":""},"categories":[],"tags":[],"class_list":["post-1993","page","type-page","status-publish","hentry"],"acf":[],"_links":{"self":[{"href":"https:\/\/semmelweis.hu\/urologia\/wp-json\/wp\/v2\/pages\/1993","targetHints":{"allow":["GET"]}}],"collection":[{"href":"https:\/\/semmelweis.hu\/urologia\/wp-json\/wp\/v2\/pages"}],"about":[{"href":"https:\/\/semmelweis.hu\/urologia\/wp-json\/wp\/v2\/types\/page"}],"author":[{"embeddable":true,"href":"https:\/\/semmelweis.hu\/urologia\/wp-json\/wp\/v2\/users\/316"}],"replies":[{"embeddable":true,"href":"https:\/\/semmelweis.hu\/urologia\/wp-json\/wp\/v2\/comments?post=1993"}],"version-history":[{"count":12,"href":"https:\/\/semmelweis.hu\/urologia\/wp-json\/wp\/v2\/pages\/1993\/revisions"}],"predecessor-version":[{"id":4785,"href":"https:\/\/semmelweis.hu\/urologia\/wp-json\/wp\/v2\/pages\/1993\/revisions\/4785"}],"up":[{"embeddable":true,"href":"https:\/\/semmelweis.hu\/urologia\/wp-json\/wp\/v2\/pages\/280"}],"wp:attachment":[{"href":"https:\/\/semmelweis.hu\/urologia\/wp-json\/wp\/v2\/media?parent=1993"}],"wp:term":[{"taxonomy":"category","embeddable":true,"href":"https:\/\/semmelweis.hu\/urologia\/wp-json\/wp\/v2\/categories?post=1993"},{"taxonomy":"post_tag","embeddable":true,"href":"https:\/\/semmelweis.hu\/urologia\/wp-json\/wp\/v2\/tags?post=1993"}],"curies":[{"name":"wp","href":"https:\/\/api.w.org\/{rel}","templated":true}]}}