{"id":1983,"date":"2015-10-26T07:29:08","date_gmt":"2015-10-26T06:29:08","guid":{"rendered":"http:\/\/semmelweis.hu\/urologia\/?page_id=1983"},"modified":"2023-05-30T10:09:01","modified_gmt":"2023-05-30T08:09:01","slug":"andras-horvath","status":"publish","type":"page","link":"https:\/\/semmelweis.hu\/urologia\/en\/about-us\/doctors-of-the-department\/andras-horvath\/","title":{"rendered":"Andr\u00e1s Horv\u00e1th"},"content":{"rendered":"<p><strong><a href=\"https:\/\/semmelweis.hu\/urologia\/files\/2015\/10\/Horv\u00e1th-A-2015.jpg\"><img loading=\"lazy\" decoding=\"async\" class=\"alignright size-medium wp-image-1985\" src=\"https:\/\/semmelweis.hu\/urologia\/files\/2015\/10\/Horv\u00e1th-A-2015-209x300.jpg\" alt=\"Horv\u00e1th A 2015\" width=\"209\" height=\"300\" srcset=\"https:\/\/semmelweis.hu\/urologia\/files\/2015\/10\/Horv\u00e1th-A-2015-209x300.jpg 209w, https:\/\/semmelweis.hu\/urologia\/files\/2015\/10\/Horv\u00e1th-A-2015-714x1024.jpg 714w\" sizes=\"auto, (max-width: 209px) 100vw, 209px\" \/><\/a>Professional data:<\/strong><br \/>\nSemmelweis University, Budapest, Department of Urology:<br \/>\nPosition: Adjunct senior lecturer<br \/>\nHead of ESWL treatment team<br \/>\nResponsible for English medical education<\/p>\n<p>University of Surrey, Guildford, UK, Faculty of Health and Medical Sciences: Position: Visiting Senior Lecturer in Urological Oncology (honorary appointment) \u2013 (10.2013.- 08.2016.)<\/p>\n<p><strong>Qualifications:<\/strong><br \/>\n1994: Certificate of final examination, Fazekas Mih\u00e1ly F\u0151v\u00e1rosi Gyakorl\u00f3 Gimn\u00e1zium \u2013 secondary school<br \/>\n1999: Paramedic education, Certificate of paramedic final examination<br \/>\n2000: Medical diploma, cum laude, Semmelweis University, Medical Faculty<br \/>\n2007: Fellow of the European Board of Urology, FEBU<br \/>\n2008: Specialist in Urology<br \/>\n2011: MD (postgraduate Doctorate of Medicine), Surrey University, Guildford, UK<br \/>\n2012: PhD, Semmelweis University<br \/>\n2015: Specialist in Clinical Oncology<\/p>\n<p><strong>Memberships:<\/strong><br \/>\nHungarian Urological Society<br \/>\nHungarian Urooncological Society<br \/>\nGeneral Medical Council (2008-2009), (reference number: 6168817)<br \/>\nEuropean Association of Urology<br \/>\nHungarian Medical Chamber<\/p>\n<p><strong>Language skills:<\/strong><br \/>\nEnglish \u2013 Medium level Hungarian state exam (1995)<br \/>\nRussian \u2013 Basic level Hungarian state exam (1990)<\/p>\n<p><strong>Interests:<\/strong><br \/>\nGeneral urology<br \/>\nPercutaneous and endoscopic surgical management of stone disease<br \/>\nUrooncology \u2013 chemotherapy and other adjuvant therapies<br \/>\nRadical cystectomy<\/p>\n<p><strong>Visit abroad:<\/strong><br \/>\n2008-2009: Research felow: Surrey University Guildford, Post Graduate Medical School, Theme: Gene therapy in the treatment of superficial bladder cancer<br \/>\n2008-2009: Specialist Registrar: Basingstoke and North Hampshire Hospital, Department of Urology<br \/>\n2008: Locum Specialist Registrar: Royal Surrey County Hospital Guildford, Department of Urology<\/p>\n<p><strong>Awards:<\/strong><br \/>\n1. European Association of Urology 24th Annual Congress, Stockholm 03.2009.: Best Poster Award in the Urothelial tumours: basic research session<br \/>\n2. F\u0171v\u00e9szkerti Urological Days 02.2010.: Best Poster Award<br \/>\n3. ESU-Weill Cornell Masterclass in Urology Salzburg, Austria 07.2010.: Second best case report presentation award<br \/>\n4. European Association of Urology 10th Central European Meeting, Bratislava, Slovakia, 10.2010. Richard Wolf second prize for Best Poster Presentation<br \/>\n5. Babics Antal Award (first prize), 11.2011.<\/p>\n<p><strong>Publication data<\/strong><br \/>\n<a href=\"https:\/\/vm.mtmt.hu\/search\/slist.php?AuthorID=10024669&amp;pr_on=1\" target=\"_blank\" rel=\"noopener\">List of publications<\/a><br \/>\nLectures: 35<br \/>\nPosters: 19<br \/>\nArticles Hungarian: 12<br \/>\nInternational: 6<br \/>\nImpact factor: 8,4<br \/>\nBook chapter: 1<\/p>\n","protected":false},"excerpt":{"rendered":"<p><a href=\"https:\/\/semmelweis.hu\/urologia\/files\/2015\/10\/Horv\u00e1th-A-2015.jpg\"><\/a> Professional data: Semmelweis University, Budapest, Department of Urology: Position: Adjunct senior lecturer Head of ESWL treatment team Responsible for English medical education University of Surrey, Guildford, UK, Faculty of Health and Medical Sciences: Position: Visiting Senior Lecturer in Urological Oncology (honorary appointment) \u2013 (10.2013.- 08.2016.) Qualifications: 1994: Certificate of final examination, Fazekas Mih\u00e1ly F\u0151v\u00e1rosi Gyakorl\u00f3 &hellip;<\/p>\n","protected":false},"author":316,"featured_media":0,"parent":1836,"menu_order":0,"comment_status":"closed","ping_status":"closed","template":"","meta":{"_acf_changed":false,"footnotes":""},"categories":[],"tags":[],"class_list":["post-1983","page","type-page","status-publish","hentry"],"acf":[],"_links":{"self":[{"href":"https:\/\/semmelweis.hu\/urologia\/wp-json\/wp\/v2\/pages\/1983","targetHints":{"allow":["GET"]}}],"collection":[{"href":"https:\/\/semmelweis.hu\/urologia\/wp-json\/wp\/v2\/pages"}],"about":[{"href":"https:\/\/semmelweis.hu\/urologia\/wp-json\/wp\/v2\/types\/page"}],"author":[{"embeddable":true,"href":"https:\/\/semmelweis.hu\/urologia\/wp-json\/wp\/v2\/users\/316"}],"replies":[{"embeddable":true,"href":"https:\/\/semmelweis.hu\/urologia\/wp-json\/wp\/v2\/comments?post=1983"}],"version-history":[{"count":7,"href":"https:\/\/semmelweis.hu\/urologia\/wp-json\/wp\/v2\/pages\/1983\/revisions"}],"predecessor-version":[{"id":4496,"href":"https:\/\/semmelweis.hu\/urologia\/wp-json\/wp\/v2\/pages\/1983\/revisions\/4496"}],"up":[{"embeddable":true,"href":"https:\/\/semmelweis.hu\/urologia\/wp-json\/wp\/v2\/pages\/1836"}],"wp:attachment":[{"href":"https:\/\/semmelweis.hu\/urologia\/wp-json\/wp\/v2\/media?parent=1983"}],"wp:term":[{"taxonomy":"category","embeddable":true,"href":"https:\/\/semmelweis.hu\/urologia\/wp-json\/wp\/v2\/categories?post=1983"},{"taxonomy":"post_tag","embeddable":true,"href":"https:\/\/semmelweis.hu\/urologia\/wp-json\/wp\/v2\/tags?post=1983"}],"curies":[{"name":"wp","href":"https:\/\/api.w.org\/{rel}","templated":true}]}}