{"id":1926,"date":"2015-10-12T11:59:02","date_gmt":"2015-10-12T09:59:02","guid":{"rendered":"http:\/\/semmelweis.hu\/urologia\/?page_id=1926"},"modified":"2015-10-12T11:59:02","modified_gmt":"2015-10-12T09:59:02","slug":"prof-imre-romics","status":"publish","type":"page","link":"https:\/\/semmelweis.hu\/urologia\/en\/about-us\/doctors-of-the-department\/prof-imre-romics\/","title":{"rendered":"Prof. Imre Romics"},"content":{"rendered":"<p><a href=\"https:\/\/semmelweis.hu\/urologia\/files\/2015\/07\/RomicsI.jpg\"><img loading=\"lazy\" decoding=\"async\" class=\"alignright size-medium wp-image-1712\" src=\"https:\/\/semmelweis.hu\/urologia\/files\/2015\/07\/RomicsI-200x300.jpg\" alt=\"RomicsI\" width=\"200\" height=\"300\" srcset=\"https:\/\/semmelweis.hu\/urologia\/files\/2015\/07\/RomicsI-200x300.jpg 200w, https:\/\/semmelweis.hu\/urologia\/files\/2015\/07\/RomicsI-683x1024.jpg 683w, https:\/\/semmelweis.hu\/urologia\/files\/2015\/07\/RomicsI.jpg 800w\" sizes=\"auto, (max-width: 200px) 100vw, 200px\" \/><\/a><br \/>\n<strong>Personal data:<\/strong><br \/>\nName: Prof. Imre Romics M.D., Ph.D., D.Sc.<br \/>\nAddress: T\u00e1rogat\u00f3 u. 52, H-1021- Budapest<br \/>\nDate and place of birth: 16 May 1947, \u00c9rd, Hungary<br \/>\nMarital Status: married with two children<\/p>\n<p><strong>Workplace:<\/strong> Dept. Urol. Semmelweis University, Budapest \u00dcll\u0151i \u00fat 78\/b. H-1082 Budapest<br \/>\nPhone: (36-1) 210-0330\/51345<br \/>\nFax: (36-1) 210-0305<br \/>\nE-mail:romics.imre@med.semmelweis-univ.hu<br \/>\nMobile: +36 20 825 8757<\/p>\n<p><strong>Professional data:<\/strong><br \/>\n\u2022 President of Board of Urology (1999-2004)<br \/>\n\u2022 National coordinator of qualification and postgraduate education (1999-)<br \/>\n\u2022 Member of the Scientific Qualification Committee of the Hungarian Academy of Science (1996-2001)<br \/>\n\u2022 Member of the General Assembly of Hungarian Academy of Science (2004-2010)<br \/>\n\u2022 Member of the Surgical Scientific Committee of Hungarian Academy of Science (2007-2010)<br \/>\n\u2022 Full member of the Association of Academic European Urologists (2005-)<br \/>\no president elect. (2010)<br \/>\n\u2022 Supervisor of Urology in County Kom\u00e1rom-Esztergom (2001-2005)<\/p>\n<p><strong>Education and professional career:<\/strong><br \/>\n1965-1971 Semmelweis Medical University, Budapest<br \/>\n1971 Graduation (M.D.)<br \/>\n1971-1974 Assistant professor, Institute of Pathophysiology, Semmelweis Univ. Budapest<br \/>\n1974-1989 Assistant professor, Dept Urology Semmelweis Univ. Budapest<br \/>\n1989-1992 Senior fellow, Dept. Urology Semmelweis Univ. Budapest<br \/>\n1992-1995 Associate Professor, Dept. Urology Semmelweis Univ. Budapest<br \/>\n1995-1997 Head of Urol. Dept. Nat. Inst. Rheumat. Physiotherapy, Budapest<br \/>\n1997-2012 Professor and chairman, Dept. Urology Semmelweis University<br \/>\n2012- Associate Professor, Dept. Urology Semmelweis Univ. Budapest<\/p>\n<p><strong>Experience abroad:<\/strong><br \/>\n1986-1988 Funktionsoberarzt, (Assistant) Dept. Urol. St. Agnes Hospital, Bocholt (West-Germany)<br \/>\n1991 Oberarzt, (Deputy Head) Dept. Urol. St. Agnes Hospital, Bocholt, (Germany)<\/p>\n<p><strong>Awards:<\/strong><br \/>\n\u2022 Award of Hung. Acad. Sciences (1999)<br \/>\n\u2022 First Prize \u201eBMA Medical Book Competition &#8211; Urology Category\u201d for J.Corcos, E.Schick (ed) \u201eNeurogenic Bladder\u201d titled book, 2004. (our chapter: Romics, Hamvas, Majoros: Complication related to neurogenic bladder dysfunction \u2013 II: reflux and renal insufficiency)<br \/>\n\u2022 Batthy\u00e1ny-Strattmann Award (2005) (Award of the Minister of Health)<br \/>\n\u2022 Charles Simonyi Award (2008)<br \/>\n\u2022 Gr\u00f3f Mik\u00f3 Imre Award (2010)<br \/>\n\u2022 Genersich Award (2011)<br \/>\n\u2022 Pro-Universit\u00e4te Award (Semmelweis University) (2011)<br \/>\n\u2022 Hungarian Order of Merit Officer\u2019s Cross (state award) (2012)<br \/>\n\u2022 Illy\u00e9s G\u00e9za Award (2012)<br \/>\n\u2022 Magyar \u00c9rdemrend Tisztikereszt (state order) (2012)<br \/>\n\u2022 Semmelweis Award (Semmelweis University) (2014)<br \/>\n\u2022 ESOU Achievement Award (2015)p<\/p>\n<p><strong>Visiting professor:<\/strong><br \/>\n1984 Visit at Urol. Dept. Univ. Bonn (Germany) (3 months)<br \/>\n1995 Helsinki (Finland) Urol. Dept. Univ. of Helsinki (2 weeks)<br \/>\n1999 Vienna (Austria) Urol. Dept. Univ. Clinic (1 week)<br \/>\n2000 Kosice (Slovakia) Urol. Dept. Univ. Safarik (1 week)<br \/>\n2003 Osijek (Croatia) J. Strossmayer University (1 week)<\/p>\n<p><strong>Scientific graduations:<\/strong><br \/>\n1985 Ph.D Hungarian Scientific Academy, Budapest<br \/>\n1995 D.Sc. Hungarian Scientific Academy, Budapest<\/p>\n<p>Teaching graduation: \u201eHabilitation\u201d (qualification for professorship), Budapest, 1994<br \/>\nProfessor &#8211; extraordinary, Budapest, 1996<\/p>\n<p><strong>Teaching experience:<\/strong><br \/>\n<em>Graduate<\/em>:<br \/>\n1969-1974 Pathophysiology in Hungarian<br \/>\n1974- Urology in Hungarian<br \/>\n1988- Urology in German<br \/>\n1994- Urology in English<\/p>\n<p><em>Postgraduate:<\/em><br \/>\n1991- Urology, Oncology, Ultrasound diagnostic<\/p>\n<p><em>Postgraduate courses:<\/em><br \/>\n1986 Urin cytology (D\u00fcren, German Urol. Soc.)<br \/>\n1987 Urodynamia (Aachen, German Urol. Soc.)<br \/>\n1987 Pediatric Urology (D\u00fcsseldorf, German Urol. Soc.)<\/p>\n<p><strong>Memberships:<\/strong><br \/>\nHungarian Urol. Ass. (1981-)<br \/>\n\u2022 member of Exec. Committee (1990-)<br \/>\n\u2022 president of Ultrasound Section(1999-)<br \/>\nHungarian Oncol. Soc. (1981-)<br \/>\n\u2022 secretary of Urooncol. Workshop(1989-1998)<br \/>\nHungarian Chemother. Soc. (1988-)<br \/>\nHungarian Gyn. Soc. (1999-)<br \/>\n\u2022 member of Exec. Comm. of Urogyn. Section (1999-)<br \/>\nKor\u00e1nyi Society (1992-)<br \/>\nHung. Ultrasound Soc. (1995-)<br \/>\nBoard member of the Hungarian Society of History of Medicine (2007-)<br \/>\nEuropean Association for Cancer Research (1983-1999)<br \/>\nGerman Urol. Soc. ordinary member (1987-)<br \/>\nGerman Urol. Soc. corresp. (honorary) member (2002-)<br \/>\nNational represent of the West-East Scholarship Committee of the German Urol. Soc. (2007-)<br \/>\nWest German Cancer Center (2003-)<br \/>\nUrol. Ass. of North-Rhine-Westphalen (1987-)<br \/>\nAmerican Urol. Ass. (international member) (1989-)<br \/>\nEORTC (European Org. of Research and Treat. of Cancer) (1996-2001)<br \/>\nEAU (European Association of Urology) (1990-)<br \/>\n\u2022 member of EUSP \uf07eScholarship Program Committee (1999-2004)<br \/>\n\u2022 member of Historical Committee (1999-)<br \/>\nGerman BPH society (2000-)<br \/>\nSIU (Soc. Int. d\u2019Urol) national representative (1995-)<br \/>\nUEMS (del. of the Nat. Ass. of theUnion Europ\u00e9enne des M\u00e9decins Sp\u00e9cialistes) (2000-)<br \/>\nNational Delegate of European Urological Association (2000-2005)<br \/>\nMember of International Society for Sexual and Impotence Research (2004-)<br \/>\nFull faculty and board member of ESU (European School of Urology) (2004-)<br \/>\nEuropean Association for Cancer Research (EACR) (2008-)<br \/>\nEuropean Board of Prostate Cancer (EBPC) (2009-)<br \/>\nNitze-Leiter Forschungsgesellschaft f\u00fcr Endoskopie (2014-)<\/p>\n<p><strong>Honorary memberships:<\/strong><br \/>\nHonoris Causa Professor of Univ. in Marosv\u00e1s\u00e1rhely (Tirgu Mures, Rom\u00e1nia (2007)<br \/>\nVereinigung der Mitteldeutschen Urologen e.V. korrespondierenden Mitglied (2000)<br \/>\nRomanian Urol. Soc. (2000-)<br \/>\nSlovakian Urol. Soc. (2002-)<br \/>\nCorresponding member of Slavonic Medical Society (1999)<br \/>\nCorresponding member of German Urol. Soc. (2002)<br \/>\nHonorary member of German Urol. Soc. (2009)<br \/>\nPolish Urological Association (honorary) member (2005-)<br \/>\nCzech Urological Association (honorary) member (2005-)<\/p>\n<p><strong>Editorial board:<\/strong><br \/>\nUroonkol\u00f3gia (editor) (2004-2015)<br \/>\nBritish Journal of Urology (member of editorial board) (2004-)<br \/>\nEAU Today(member of editorial board) (2004-)<br \/>\nThe Open Urology &amp; Nephrology (2007-) (USA)<br \/>\nInt. Urol. Nephrol. (1998-) (USA)<br \/>\nOpen Access Journal of Urology (2008-) (New Zealand) memb. of honor. edit. board<br \/>\nCa \u00e9s csont (Ca and bone) (1998-) (Hungary)<br \/>\nHippocrates (Hungary) (1999-)<br \/>\nCsal\u00e1dorvosi F\u00f3rum (GP Forum) (2000) (Hungary)<br \/>\nPraxis (2004-) (Hungary)<br \/>\nFocus Medicinae (2005-) (Hungary)<br \/>\nKlinick\u00e1 Urol\u00f3gia (Slovakia) (2005-)<br \/>\nRevista Romana de Urologie (2005-)<br \/>\nCanadian Journal of Urology (2006-)<br \/>\nCentral European Journal of Urology (CEJUrol) (Poland)(2009-)<br \/>\nOrvosi Hetilap (Hungary) (2006-)<br \/>\nLege Artis Medicinae (2006-)<br \/>\nMedicinski Vjesnik (2008-)<\/p>\n<p><strong>Publications:<\/strong><br \/>\n723 presentations in Hungarian, German, English<br \/>\n454 papers in home and internat. journals<br \/>\n99 chapters of books<br \/>\n21 books<\/p>\n<p>Impact factor: 166,562<\/p>\n","protected":false},"excerpt":{"rendered":"<p><a href=\"https:\/\/semmelweis.hu\/urologia\/files\/2015\/07\/RomicsI.jpg\"><\/a> Personal data: Name: Prof. Imre Romics M.D., Ph.D., D.Sc. Address: T\u00e1rogat\u00f3 u. 52, H-1021- Budapest Date and place of birth: 16 May 1947, \u00c9rd, Hungary Marital Status: married with two children Workplace: Dept. Urol. Semmelweis University, Budapest \u00dcll\u0151i \u00fat 78\/b. H-1082 Budapest Phone: (36-1) 210-0330\/51345 Fax: (36-1) 210-0305 E-mail:romics.imre@med.semmelweis-univ.hu Mobile: +36 20 825 8757 Professional &hellip;<\/p>\n","protected":false},"author":316,"featured_media":0,"parent":1836,"menu_order":0,"comment_status":"closed","ping_status":"closed","template":"onecolumn-page.php","meta":{"_acf_changed":false,"footnotes":""},"categories":[],"tags":[],"class_list":["post-1926","page","type-page","status-publish","hentry"],"acf":[],"_links":{"self":[{"href":"https:\/\/semmelweis.hu\/urologia\/wp-json\/wp\/v2\/pages\/1926","targetHints":{"allow":["GET"]}}],"collection":[{"href":"https:\/\/semmelweis.hu\/urologia\/wp-json\/wp\/v2\/pages"}],"about":[{"href":"https:\/\/semmelweis.hu\/urologia\/wp-json\/wp\/v2\/types\/page"}],"author":[{"embeddable":true,"href":"https:\/\/semmelweis.hu\/urologia\/wp-json\/wp\/v2\/users\/316"}],"replies":[{"embeddable":true,"href":"https:\/\/semmelweis.hu\/urologia\/wp-json\/wp\/v2\/comments?post=1926"}],"version-history":[{"count":2,"href":"https:\/\/semmelweis.hu\/urologia\/wp-json\/wp\/v2\/pages\/1926\/revisions"}],"predecessor-version":[{"id":1928,"href":"https:\/\/semmelweis.hu\/urologia\/wp-json\/wp\/v2\/pages\/1926\/revisions\/1928"}],"up":[{"embeddable":true,"href":"https:\/\/semmelweis.hu\/urologia\/wp-json\/wp\/v2\/pages\/1836"}],"wp:attachment":[{"href":"https:\/\/semmelweis.hu\/urologia\/wp-json\/wp\/v2\/media?parent=1926"}],"wp:term":[{"taxonomy":"category","embeddable":true,"href":"https:\/\/semmelweis.hu\/urologia\/wp-json\/wp\/v2\/categories?post=1926"},{"taxonomy":"post_tag","embeddable":true,"href":"https:\/\/semmelweis.hu\/urologia\/wp-json\/wp\/v2\/tags?post=1926"}],"curies":[{"name":"wp","href":"https:\/\/api.w.org\/{rel}","templated":true}]}}