{"id":1819,"date":"2015-09-15T10:43:44","date_gmt":"2015-09-15T08:43:44","guid":{"rendered":"http:\/\/semmelweis.hu\/urologia\/?page_id=1819"},"modified":"2023-05-30T10:08:02","modified_gmt":"2023-05-30T08:08:02","slug":"medical-attendence","status":"publish","type":"page","link":"https:\/\/semmelweis.hu\/urologia\/en\/medical-attendence\/","title":{"rendered":"Medical attendance"},"content":{"rendered":"<p>In lack of appointment only urgent cases will be delt with. <br \/>\nIn order to get an appointment call the following telephone numbers.<\/p>\n<h3>Main profiles of our outpatient departments<\/h3>\n<p><strong>General urology<br \/>\n<\/strong>In the basement on working days between 8.30-15.00 or based on appointment<\/p>\n<p><strong>Phone: +36-1-459-1500\/51134, +36 20 825-1134<br \/>\nfrom Monday to Thursday 12.00 a.m. 14.45 p.m.<br \/>\non Friday 12.00 a.m.- 13.45 a.m.\u00a0<\/strong><\/p>\n<p>All patients need to register first at the basement reception desk.<\/p>\n<p><strong>Urodynamics<br \/>\n<\/strong>In the basement based on appointment. A referral by a specialist (urologist, gynaecologist or nerve-specialist) has to be brought by the patient.<br \/>\nUrologists: Dr. Attila Majoros, Dr. Antal Hamvas, Dr. Attila Keszthelyi, Dr. Mikl\u00f3s Romics<\/p>\n<p><strong>Phone: +36 30 016-4073<br \/>\nfrom Monday to Friday 12.00 a.m. 13.00 p.m.<\/strong><br \/>\nAssistant: Krisztina K\u00e1pl\u00e1n Poszpiseln\u00e9<\/p>\n<p><strong>Andrology<\/strong><br \/>\nIn the basement based on appointment.<br \/>\nUrologists: Dr. Zsolt Kopa, Dr. P\u00e9ter Riesz<\/p>\n<p><strong>Phone: +36 20 825-9989<br \/>\nfrom Monday to Friday 07.00 a.m. 14.00 p.m.<\/strong><br \/>\nAssistant: Ildik\u00f3 Kedves Moln\u00e1rn\u00e9<\/p>\n<p>&nbsp;<\/p>\n<p>&nbsp;<\/p>\n","protected":false},"excerpt":{"rendered":"<p>In lack of appointment only urgent cases will be delt with. In order to get an appointment call the following telephone numbers. Main profiles of our outpatient departments General urology In the basement on working days between 8.30-15.00 or based on appointment Phone: +36-1-459-1500\/51134, +36 20 825-1134 from Monday to Thursday 12.00 a.m. 14.45 p.m. &hellip;<\/p>\n","protected":false},"author":316,"featured_media":0,"parent":0,"menu_order":2,"comment_status":"closed","ping_status":"closed","template":"","meta":{"_acf_changed":false,"footnotes":""},"categories":[],"tags":[],"class_list":["post-1819","page","type-page","status-publish","hentry"],"acf":[],"_links":{"self":[{"href":"https:\/\/semmelweis.hu\/urologia\/wp-json\/wp\/v2\/pages\/1819","targetHints":{"allow":["GET"]}}],"collection":[{"href":"https:\/\/semmelweis.hu\/urologia\/wp-json\/wp\/v2\/pages"}],"about":[{"href":"https:\/\/semmelweis.hu\/urologia\/wp-json\/wp\/v2\/types\/page"}],"author":[{"embeddable":true,"href":"https:\/\/semmelweis.hu\/urologia\/wp-json\/wp\/v2\/users\/316"}],"replies":[{"embeddable":true,"href":"https:\/\/semmelweis.hu\/urologia\/wp-json\/wp\/v2\/comments?post=1819"}],"version-history":[{"count":10,"href":"https:\/\/semmelweis.hu\/urologia\/wp-json\/wp\/v2\/pages\/1819\/revisions"}],"predecessor-version":[{"id":4482,"href":"https:\/\/semmelweis.hu\/urologia\/wp-json\/wp\/v2\/pages\/1819\/revisions\/4482"}],"wp:attachment":[{"href":"https:\/\/semmelweis.hu\/urologia\/wp-json\/wp\/v2\/media?parent=1819"}],"wp:term":[{"taxonomy":"category","embeddable":true,"href":"https:\/\/semmelweis.hu\/urologia\/wp-json\/wp\/v2\/categories?post=1819"},{"taxonomy":"post_tag","embeddable":true,"href":"https:\/\/semmelweis.hu\/urologia\/wp-json\/wp\/v2\/tags?post=1819"}],"curies":[{"name":"wp","href":"https:\/\/api.w.org\/{rel}","templated":true}]}}