{"id":1815,"date":"2015-09-15T10:11:46","date_gmt":"2015-09-15T08:11:46","guid":{"rendered":"http:\/\/semmelweis.hu\/urologia\/?page_id=1815"},"modified":"2023-05-30T10:07:44","modified_gmt":"2023-05-30T08:07:44","slug":"contact","status":"publish","type":"page","link":"https:\/\/semmelweis.hu\/urologia\/en\/contact\/","title":{"rendered":"Contact"},"content":{"rendered":"<p>Location: H-1082 Budapest \u00dcll\u0151i \u00fat 78\/b<br \/>\nPostal adress: H-1085 Budapest \u00dcll\u0151i \u00fat 26. ; 1428 Budapest Pf. 2.<br \/>\nPhone.: +36 1 459-1500\u00a0<br \/>\nFax: + 36 1 210-0305<\/p>\n<p><strong>Head of Department: Professor P\u00e9ter Nyir\u00e1dy<\/strong><br \/>\nSecretaries: Krisztina Walter, Anna Berkes<br \/>\nEmail: titkarsag.urologia@med.semmelweis-univ.hu<\/p>\n\n<!-- iframe plugin v.4.9 wordpress.org\/plugins\/iframe\/ -->\n<iframe loading=\"lazy\" src=\"https:\/\/maps.google.com\/maps?f=q&#038;source=s_q&#038;hl=hu&#038;geocode=&#038;q=Budapest+%C3%9Cll%C5%91i+%C3%BAt+78.B&#038;aq=&#038;sll=47.482472,19.080001&#038;sspn=0.007889,0.01929&#038;ie=UTF8&#038;hq=&#038;hnear=1082+Budapest,+VIII.+ker%C3%BClet,+%C3%9Cll%C5%91i+%C3%BAt+78b,+Magyarorsz%C3%A1g&#038;ll=47.482467,19.07999&#038;spn=0.007889,0.01929&#038;t=m&#038;z=14&#038;output=embed\" width=\"100%\" height=\"450\" scrolling=\"yes\" class=\"iframe-class\" frameborder=\"0\"><\/iframe>\n\n","protected":false},"excerpt":{"rendered":"<p>Location: H-1082 Budapest \u00dcll\u0151i \u00fat 78\/b<br \/>\nPostal adress: H-1085 Budapest \u00dcll\u0151i \u00fat 26. ; 1428 Budapest Pf. 2.<br \/>\nPhone.: +36 1 459-1500\u00a0<br \/>\nFax: + 36 1 210-0305<br \/>\nHead of Department: Professor P\u00e9ter Nyir\u00e1dy<br \/>\nSecretaries: Krisztina Walter, Anna Berkes<br \/>\nEmail: titkarsag.urologia@med.semmelweis-univ.hu<\/p>\n","protected":false},"author":316,"featured_media":0,"parent":0,"menu_order":8,"comment_status":"closed","ping_status":"closed","template":"","meta":{"_acf_changed":false,"footnotes":""},"categories":[],"tags":[],"class_list":["post-1815","page","type-page","status-publish","hentry"],"acf":[],"_links":{"self":[{"href":"https:\/\/semmelweis.hu\/urologia\/wp-json\/wp\/v2\/pages\/1815","targetHints":{"allow":["GET"]}}],"collection":[{"href":"https:\/\/semmelweis.hu\/urologia\/wp-json\/wp\/v2\/pages"}],"about":[{"href":"https:\/\/semmelweis.hu\/urologia\/wp-json\/wp\/v2\/types\/page"}],"author":[{"embeddable":true,"href":"https:\/\/semmelweis.hu\/urologia\/wp-json\/wp\/v2\/users\/316"}],"replies":[{"embeddable":true,"href":"https:\/\/semmelweis.hu\/urologia\/wp-json\/wp\/v2\/comments?post=1815"}],"version-history":[{"count":10,"href":"https:\/\/semmelweis.hu\/urologia\/wp-json\/wp\/v2\/pages\/1815\/revisions"}],"predecessor-version":[{"id":4281,"href":"https:\/\/semmelweis.hu\/urologia\/wp-json\/wp\/v2\/pages\/1815\/revisions\/4281"}],"wp:attachment":[{"href":"https:\/\/semmelweis.hu\/urologia\/wp-json\/wp\/v2\/media?parent=1815"}],"wp:term":[{"taxonomy":"category","embeddable":true,"href":"https:\/\/semmelweis.hu\/urologia\/wp-json\/wp\/v2\/categories?post=1815"},{"taxonomy":"post_tag","embeddable":true,"href":"https:\/\/semmelweis.hu\/urologia\/wp-json\/wp\/v2\/tags?post=1815"}],"curies":[{"name":"wp","href":"https:\/\/api.w.org\/{rel}","templated":true}]}}