{"id":1793,"date":"2015-08-19T14:27:55","date_gmt":"2015-08-19T12:27:55","guid":{"rendered":"http:\/\/semmelweis.hu\/urologia\/?page_id=1793"},"modified":"2023-05-28T07:47:11","modified_gmt":"2023-05-28T05:47:11","slug":"about-us","status":"publish","type":"page","link":"https:\/\/semmelweis.hu\/urologia\/en\/about-us\/","title":{"rendered":"About us"},"content":{"rendered":"<p>The Department of Urology, founded in 1920, was the first academic institute in Europe to become independent from surgery. The Department moved to its present building in 1936. Based on the 1922 guestbook, there were several American and Western European visitors at the Urological Department who came to study modern urology between the two world wars. The country\u2019s only urological museum, located within the Department, recalls this past.<\/p>\n<h4><strong>Profile<\/strong><\/h4>\n<p>The main fields of activity are: urogenital tumours and their chemotherapy, urogenital infection and inflammation, urinary stones, urinary incontinence, reconstructive surgery, congenital and acquired disorders of male sexual organs, male infertility, and erectile dysfunction.<\/p>\n<h4><strong>Education<\/strong><\/h4>\n<p>In addition to the teaching of urology to medical students in small groups in Hungarian, English, German, regular postgraduate courses on special issues are organised for residents, specialists and GPs. Twice yearly, a high level postgraduate teaching session is also organised at the Department, where outstanding personalities of European urology present as invited lecturers.<\/p>\n<p>The Department has been an EBU-certified clinic since 2008.<\/p>\n<h4><strong>Health Care<\/strong><\/h4>\n<p>As a result of thorough reconstruction in 1990, the Department has three wards with 59 beds for inpatients and five operating theatres. 40,000 patients are treated yearly at the outpatient department, where the following special units can be found: uro-oncology, urinary stone clinic, congenital abnormalities, inflammatory diseases of genito-urinary tract, management of voiding dysfunctions, andrology, and sexology. Extra-corporeal shock-wave lithotripsy (ESWL) is performed as well, both US and X-ray targeted.<\/p>\n<p>Almost all diagnostic and therapeutic procedures of urology are applied at the Department. A number of new methods were introduced to Hungarian practice by the Department. The diagnostic work is supported by four ultrasound machines, two with colour-doppler, transrectal probe and modern X-ray tables. Since 2008, the Department has been equipped with a magentic chair for the treatment of incontinence.<\/p>\n<h4><strong>Research<\/strong><\/h4>\n<p>The extensive scientific activity of the Department is reflected by the numerous publications in national and international journals and the number of textbooks, handbooks and chapter contributions made by the Department\u2019s staff. Most of the doctors are members of national and international societies and editorial boards. The largest urological library can also be found at the Department. In the research activity, a series of cooperations are performed with other departments of Semmelweis University, as well as with institutions of foreign universities.<\/p>\n[slb_exclude]<div data-carousel-extra='{\"blog_id\":61,\"permalink\":\"https:\\\/\\\/semmelweis.hu\\\/urologia\\\/en\\\/about-us\\\/\"}' class=\"tiled-gallery type-rectangular\" data-original-width=\"753\"><div class=\"gallery-row\" style=\"width: 748px; height: 303px;\"><div class=\"gallery-group images-2\" style=\"width: 293px; height: 307px;\"><div class=\"tiled-gallery-item tiled-gallery-item-large\"><a href=\"https:\/\/semmelweis.hu\/urologia\/files\/2014\/03\/urolbejaratk\u00f6zel.jpg\"><img loading=\"lazy\" decoding=\"async\" data-attachment-id=\"513\" data-orig-file=\"https:\/\/semmelweis.hu\/urologia\/files\/2014\/03\/urolbejaratk\u00f6zel.jpg\" data-orig-size=\"580,300\" data-comments-opened=\"1\" data-image-meta=\"{&quot;aperture&quot;:&quot;0&quot;,&quot;credit&quot;:&quot;&quot;,&quot;camera&quot;:&quot;&quot;,&quot;caption&quot;:&quot;&quot;,&quot;created_timestamp&quot;:&quot;0&quot;,&quot;copyright&quot;:&quot;&quot;,&quot;focal_length&quot;:&quot;0&quot;,&quot;iso&quot;:&quot;0&quot;,&quot;shutter_speed&quot;:&quot;0&quot;,&quot;title&quot;:&quot;&quot;}\" data-image-title=\"urolbejaratk\u00f6zel\" data-image-description=\"\" data-medium-file=\"https:\/\/semmelweis.hu\/urologia\/files\/2014\/03\/urolbejaratk\u00f6zel-300x155.jpg\" data-large-file=\"https:\/\/semmelweis.hu\/urologia\/files\/2014\/03\/urolbejaratk\u00f6zel.jpg\" src=\"https:\/\/semmelweis.hu\/urologia\/files\/2014\/03\/urolbejaratk\u00f6zel-289x150.jpg\" width=\"289\" height=\"150\" align=\"left\" title=\"\" \/><\/a><\/div><div class=\"tiled-gallery-item tiled-gallery-item-large\"><a href=\"https:\/\/semmelweis.hu\/urologia\/files\/2012\/02\/uro2.jpg\"><img loading=\"lazy\" decoding=\"async\" data-attachment-id=\"34\" data-orig-file=\"https:\/\/semmelweis.hu\/urologia\/files\/2012\/02\/uro2.jpg\" data-orig-size=\"580,300\" data-comments-opened=\"1\" data-image-meta=\"{&quot;aperture&quot;:&quot;0&quot;,&quot;credit&quot;:&quot;&quot;,&quot;camera&quot;:&quot;&quot;,&quot;caption&quot;:&quot;&quot;,&quot;created_timestamp&quot;:&quot;0&quot;,&quot;copyright&quot;:&quot;&quot;,&quot;focal_length&quot;:&quot;0&quot;,&quot;iso&quot;:&quot;0&quot;,&quot;shutter_speed&quot;:&quot;0&quot;,&quot;title&quot;:&quot;&quot;}\" data-image-title=\"uro2\" data-image-description=\"\" data-medium-file=\"https:\/\/semmelweis.hu\/urologia\/files\/2012\/02\/uro2-300x155.jpg\" data-large-file=\"https:\/\/semmelweis.hu\/urologia\/files\/2012\/02\/uro2.jpg\" src=\"https:\/\/semmelweis.hu\/urologia\/files\/2012\/02\/uro2-289x149.jpg\" width=\"289\" height=\"149\" align=\"left\" title=\"\" \/><\/a><\/div><\/div><div class=\"gallery-group images-1\" style=\"width: 455px; height: 307px;\"><div class=\"tiled-gallery-item tiled-gallery-item-large\"><a href=\"https:\/\/semmelweis.hu\/urologia\/files\/2014\/03\/urologia_3d.jpg\"><img loading=\"lazy\" decoding=\"async\" data-attachment-id=\"230\" data-orig-file=\"https:\/\/semmelweis.hu\/urologia\/files\/2014\/03\/urologia_3d.jpg\" data-orig-size=\"1186,798\" data-comments-opened=\"1\" data-image-meta=\"{&quot;aperture&quot;:&quot;0&quot;,&quot;credit&quot;:&quot;&quot;,&quot;camera&quot;:&quot;&quot;,&quot;caption&quot;:&quot;&quot;,&quot;created_timestamp&quot;:&quot;0&quot;,&quot;copyright&quot;:&quot;&quot;,&quot;focal_length&quot;:&quot;0&quot;,&quot;iso&quot;:&quot;0&quot;,&quot;shutter_speed&quot;:&quot;0&quot;,&quot;title&quot;:&quot;&quot;}\" data-image-title=\"urologia_3d\" data-image-description=\"\" data-medium-file=\"https:\/\/semmelweis.hu\/urologia\/files\/2014\/03\/urologia_3d-300x201.jpg\" data-large-file=\"https:\/\/semmelweis.hu\/urologia\/files\/2014\/03\/urologia_3d-1024x688.jpg\" src=\"https:\/\/semmelweis.hu\/urologia\/files\/2014\/03\/urologia_3d-451x303.jpg\" width=\"451\" height=\"303\" align=\"left\" title=\"\" \/><\/a><\/div><\/div><\/div><div class=\"gallery-row\" style=\"width: 748px; height: 220px;\"><div class=\"gallery-group images-1\" style=\"width: 430px; height: 224px;\"><div class=\"tiled-gallery-item tiled-gallery-item-large\"><a href=\"https:\/\/semmelweis.hu\/urologia\/files\/2012\/02\/uro1.jpg\"><img loading=\"lazy\" decoding=\"async\" data-attachment-id=\"33\" data-orig-file=\"https:\/\/semmelweis.hu\/urologia\/files\/2012\/02\/uro1.jpg\" data-orig-size=\"580,300\" data-comments-opened=\"1\" data-image-meta=\"{&quot;aperture&quot;:&quot;0&quot;,&quot;credit&quot;:&quot;&quot;,&quot;camera&quot;:&quot;&quot;,&quot;caption&quot;:&quot;&quot;,&quot;created_timestamp&quot;:&quot;0&quot;,&quot;copyright&quot;:&quot;&quot;,&quot;focal_length&quot;:&quot;0&quot;,&quot;iso&quot;:&quot;0&quot;,&quot;shutter_speed&quot;:&quot;0&quot;,&quot;title&quot;:&quot;&quot;}\" data-image-title=\"uro1\" data-image-description=\"\" data-medium-file=\"https:\/\/semmelweis.hu\/urologia\/files\/2012\/02\/uro1-300x155.jpg\" data-large-file=\"https:\/\/semmelweis.hu\/urologia\/files\/2012\/02\/uro1.jpg\" src=\"https:\/\/semmelweis.hu\/urologia\/files\/2012\/02\/uro1-426x220.jpg\" width=\"426\" height=\"220\" align=\"left\" title=\"\" \/><\/a><\/div><\/div><div class=\"gallery-group images-1\" style=\"width: 318px; height: 224px;\"><div class=\"tiled-gallery-item tiled-gallery-item-large\"><a href=\"https:\/\/semmelweis.hu\/urologia\/files\/2022\/08\/tablo20200915_vegleges_page-0001-scaled.jpg\"><img loading=\"lazy\" decoding=\"async\" data-attachment-id=\"3889\" data-orig-file=\"https:\/\/semmelweis.hu\/urologia\/files\/2022\/08\/tablo20200915_vegleges_page-0001-scaled.jpg\" data-orig-size=\"2560,1792\" data-comments-opened=\"0\" data-image-meta=\"{&quot;aperture&quot;:&quot;0&quot;,&quot;credit&quot;:&quot;&quot;,&quot;camera&quot;:&quot;&quot;,&quot;caption&quot;:&quot;&quot;,&quot;created_timestamp&quot;:&quot;0&quot;,&quot;copyright&quot;:&quot;&quot;,&quot;focal_length&quot;:&quot;0&quot;,&quot;iso&quot;:&quot;0&quot;,&quot;shutter_speed&quot;:&quot;0&quot;,&quot;title&quot;:&quot;&quot;,&quot;orientation&quot;:&quot;0&quot;}\" data-image-title=\"tabl\u00f320200915_vegleges_page-0001\" data-image-description=\"\" data-medium-file=\"https:\/\/semmelweis.hu\/urologia\/files\/2022\/08\/tablo20200915_vegleges_page-0001-300x210.jpg\" data-large-file=\"https:\/\/semmelweis.hu\/urologia\/files\/2022\/08\/tablo20200915_vegleges_page-0001-1024x717.jpg\" src=\"https:\/\/semmelweis.hu\/urologia\/files\/2022\/08\/tablo20200915_vegleges_page-0001-scaled-314x220.jpg\" width=\"314\" height=\"220\" align=\"left\" title=\"\" \/><\/a><\/div><\/div><\/div><div class=\"gallery-row\" style=\"width: 748px; height: 231px;\"><div class=\"gallery-group images-1\" style=\"width: 420px; height: 235px;\"><div class=\"tiled-gallery-item tiled-gallery-item-large\"><a href=\"https:\/\/semmelweis.hu\/urologia\/files\/2022\/08\/urologia_2019-csoportkep-scaled.jpg\"><img loading=\"lazy\" decoding=\"async\" data-attachment-id=\"3885\" data-orig-file=\"https:\/\/semmelweis.hu\/urologia\/files\/2022\/08\/urologia_2019-csoportkep-scaled.jpg\" data-orig-size=\"2560,1425\" data-comments-opened=\"0\" data-image-meta=\"{&quot;aperture&quot;:&quot;7.1&quot;,&quot;credit&quot;:&quot;&quot;,&quot;camera&quot;:&quot;NIKON D7200&quot;,&quot;caption&quot;:&quot;&quot;,&quot;created_timestamp&quot;:&quot;1560241982&quot;,&quot;copyright&quot;:&quot;&quot;,&quot;focal_length&quot;:&quot;30&quot;,&quot;iso&quot;:&quot;200&quot;,&quot;shutter_speed&quot;:&quot;0.003125&quot;,&quot;title&quot;:&quot;&quot;,&quot;orientation&quot;:&quot;1&quot;}\" data-image-title=\"urologia_2019 csoportkep\" data-image-description=\"\" data-medium-file=\"https:\/\/semmelweis.hu\/urologia\/files\/2022\/08\/urologia_2019-csoportkep-300x167.jpg\" data-large-file=\"https:\/\/semmelweis.hu\/urologia\/files\/2022\/08\/urologia_2019-csoportkep-1024x570.jpg\" src=\"https:\/\/semmelweis.hu\/urologia\/files\/2022\/08\/urologia_2019-csoportkep-scaled-416x231.jpg\" width=\"416\" height=\"231\" align=\"left\" title=\"\" \/><\/a><\/div><\/div><div class=\"gallery-group images-1\" style=\"width: 328px; height: 235px;\"><div class=\"tiled-gallery-item tiled-gallery-item-large\"><a href=\"https:\/\/semmelweis.hu\/urologia\/files\/2014\/12\/IMGP1230cut.jpg\"><img loading=\"lazy\" decoding=\"async\" data-attachment-id=\"1384\" data-orig-file=\"https:\/\/semmelweis.hu\/urologia\/files\/2014\/12\/IMGP1230cut.jpg\" data-orig-size=\"2560,1825\" data-comments-opened=\"1\" data-image-meta=\"{&quot;aperture&quot;:&quot;0&quot;,&quot;credit&quot;:&quot;&quot;,&quot;camera&quot;:&quot;&quot;,&quot;caption&quot;:&quot;&quot;,&quot;created_timestamp&quot;:&quot;0&quot;,&quot;copyright&quot;:&quot;&quot;,&quot;focal_length&quot;:&quot;0&quot;,&quot;iso&quot;:&quot;0&quot;,&quot;shutter_speed&quot;:&quot;0&quot;,&quot;title&quot;:&quot;&quot;,&quot;orientation&quot;:&quot;0&quot;}\" data-image-title=\"M\u0171t\u00e9t\" data-image-description=\"\" data-medium-file=\"https:\/\/semmelweis.hu\/urologia\/files\/2014\/12\/IMGP1230cut-300x213.jpg\" data-large-file=\"https:\/\/semmelweis.hu\/urologia\/files\/2014\/12\/IMGP1230cut-1024x730.jpg\" src=\"https:\/\/semmelweis.hu\/urologia\/files\/2014\/12\/IMGP1230cut-324x231.jpg\" width=\"324\" height=\"231\" align=\"left\" title=\"Balr\u00f3l: Prof. G.N. Thalmann, Prof. Nyir\u00e1dy P\u00e9ter, Dr. B\u00e9csi \u00c1ron\" \/><\/a><div class=\"tiled-gallery-caption\">Balr\u00f3l: Prof. G.N. Thalmann, Prof. Nyir\u00e1dy P\u00e9ter, Dr. B\u00e9csi \u00c1ron<\/div><\/div><\/div><\/div><div class=\"gallery-row\" style=\"width: 748px; height: 226px;\"><div class=\"gallery-group images-1\" style=\"width: 405px; height: 230px;\"><div class=\"tiled-gallery-item tiled-gallery-item-large\"><a href=\"https:\/\/semmelweis.hu\/urologia\/files\/2014\/11\/IMGP0873-e1415094795851.jpg\"><img loading=\"lazy\" decoding=\"async\" data-attachment-id=\"1212\" data-orig-file=\"https:\/\/semmelweis.hu\/urologia\/files\/2014\/11\/IMGP0873-e1415094795851.jpg\" data-orig-size=\"2560,1440\" data-comments-opened=\"1\" data-image-meta=\"{&quot;aperture&quot;:&quot;0&quot;,&quot;credit&quot;:&quot;&quot;,&quot;camera&quot;:&quot;&quot;,&quot;caption&quot;:&quot;&quot;,&quot;created_timestamp&quot;:&quot;0&quot;,&quot;copyright&quot;:&quot;&quot;,&quot;focal_length&quot;:&quot;0&quot;,&quot;iso&quot;:&quot;0&quot;,&quot;shutter_speed&quot;:&quot;0&quot;,&quot;title&quot;:&quot;&quot;,&quot;orientation&quot;:&quot;0&quot;}\" data-image-title=\"104. szoba\" data-image-description=\"\" data-medium-file=\"https:\/\/semmelweis.hu\/urologia\/files\/2014\/11\/IMGP0873-e1415094795851-300x168.jpg\" data-large-file=\"https:\/\/semmelweis.hu\/urologia\/files\/2014\/11\/IMGP0873-e1415094795851-1024x576.jpg\" src=\"https:\/\/semmelweis.hu\/urologia\/files\/2014\/11\/IMGP0873-e1415094795851-401x226.jpg\" width=\"401\" height=\"226\" align=\"left\" title=\"\" \/><\/a><\/div><\/div><div class=\"gallery-group images-1\" style=\"width: 343px; height: 230px;\"><div class=\"tiled-gallery-item tiled-gallery-item-large\"><a href=\"https:\/\/semmelweis.hu\/urologia\/files\/2014\/11\/RS22428_KA-20140917-IMG_9730-urologia-rendelo.jpg\"><img loading=\"lazy\" decoding=\"async\" data-attachment-id=\"1197\" data-orig-file=\"https:\/\/semmelweis.hu\/urologia\/files\/2014\/11\/RS22428_KA-20140917-IMG_9730-urologia-rendelo.jpg\" data-orig-size=\"2560,1707\" data-comments-opened=\"1\" data-image-meta=\"{&quot;aperture&quot;:&quot;0&quot;,&quot;credit&quot;:&quot;Kov\\u00e1cs Attila&quot;,&quot;camera&quot;:&quot;&quot;,&quot;caption&quot;:&quot;&quot;,&quot;created_timestamp&quot;:&quot;1410956222&quot;,&quot;copyright&quot;:&quot;Kov\\u00e1cs Attila&quot;,&quot;focal_length&quot;:&quot;0&quot;,&quot;iso&quot;:&quot;0&quot;,&quot;shutter_speed&quot;:&quot;0&quot;,&quot;title&quot;:&quot;&quot;,&quot;orientation&quot;:&quot;0&quot;}\" data-image-title=\"\" data-image-description=\"\" data-medium-file=\"https:\/\/semmelweis.hu\/urologia\/files\/2014\/11\/RS22428_KA-20140917-IMG_9730-urologia-rendelo-300x200.jpg\" data-large-file=\"https:\/\/semmelweis.hu\/urologia\/files\/2014\/11\/RS22428_KA-20140917-IMG_9730-urologia-rendelo-1024x682.jpg\" src=\"https:\/\/semmelweis.hu\/urologia\/files\/2014\/11\/RS22428_KA-20140917-IMG_9730-urologia-rendelo-339x226.jpg\" width=\"339\" height=\"226\" align=\"left\" title=\"Kontinencia Centrum vizsg\u00e1l\u00f3\" \/><\/a><div class=\"tiled-gallery-caption\">Kontinencia Centrum vizsg\u00e1l\u00f3<\/div><\/div><\/div><\/div><div class=\"gallery-row\" style=\"width: 748px; height: 336px;\"><div class=\"gallery-group images-1\" style=\"width: 509px; height: 340px;\"><div class=\"tiled-gallery-item tiled-gallery-item-large\"><a href=\"https:\/\/semmelweis.hu\/urologia\/files\/2014\/11\/RS23190_KA-20140929-IMG_6888-kontinencia-centrum-atado-scr.jpg\"><img loading=\"lazy\" decoding=\"async\" data-attachment-id=\"1194\" data-orig-file=\"https:\/\/semmelweis.hu\/urologia\/files\/2014\/11\/RS23190_KA-20140929-IMG_6888-kontinencia-centrum-atado-scr.jpg\" data-orig-size=\"950,633\" data-comments-opened=\"1\" data-image-meta=\"{&quot;aperture&quot;:&quot;0&quot;,&quot;credit&quot;:&quot;&quot;,&quot;camera&quot;:&quot;&quot;,&quot;caption&quot;:&quot;&quot;,&quot;created_timestamp&quot;:&quot;0&quot;,&quot;copyright&quot;:&quot;&quot;,&quot;focal_length&quot;:&quot;0&quot;,&quot;iso&quot;:&quot;0&quot;,&quot;shutter_speed&quot;:&quot;0&quot;,&quot;title&quot;:&quot;&quot;,&quot;orientation&quot;:&quot;0&quot;}\" data-image-title=\"RS23190_KA-20140929-IMG_6888-kontinencia-centrum-atado-scr\" data-image-description=\"\" data-medium-file=\"https:\/\/semmelweis.hu\/urologia\/files\/2014\/11\/RS23190_KA-20140929-IMG_6888-kontinencia-centrum-atado-scr-300x199.jpg\" data-large-file=\"https:\/\/semmelweis.hu\/urologia\/files\/2014\/11\/RS23190_KA-20140929-IMG_6888-kontinencia-centrum-atado-scr.jpg\" src=\"https:\/\/semmelweis.hu\/urologia\/files\/2014\/11\/RS23190_KA-20140929-IMG_6888-kontinencia-centrum-atado-scr-505x336.jpg\" width=\"505\" height=\"336\" align=\"left\" title=\"Kontinencia Centrum vizsg\u00e1l\u00f3\" \/><\/a><div class=\"tiled-gallery-caption\">Kontinencia Centrum vizsg\u00e1l\u00f3<\/div><\/div><\/div><div class=\"gallery-group images-2\" style=\"width: 239px; height: 340px;\"><div class=\"tiled-gallery-item tiled-gallery-item-small\"><a href=\"https:\/\/semmelweis.hu\/urologia\/files\/2014\/10\/MG_9677.jpg\"><img loading=\"lazy\" decoding=\"async\" data-attachment-id=\"1155\" data-orig-file=\"https:\/\/semmelweis.hu\/urologia\/files\/2014\/10\/MG_9677.jpg\" data-orig-size=\"2560,1839\" data-comments-opened=\"1\" data-image-meta=\"{&quot;aperture&quot;:&quot;0&quot;,&quot;credit&quot;:&quot;Ambrus Marcsi&quot;,&quot;camera&quot;:&quot;&quot;,&quot;caption&quot;:&quot;&quot;,&quot;created_timestamp&quot;:&quot;1411737203&quot;,&quot;copyright&quot;:&quot;&quot;,&quot;focal_length&quot;:&quot;0&quot;,&quot;iso&quot;:&quot;0&quot;,&quot;shutter_speed&quot;:&quot;0&quot;,&quot;title&quot;:&quot;&quot;}\" data-image-title=\"\" data-image-description=\"\" data-medium-file=\"https:\/\/semmelweis.hu\/urologia\/files\/2014\/10\/MG_9677-300x215.jpg\" data-large-file=\"https:\/\/semmelweis.hu\/urologia\/files\/2014\/10\/MG_9677-1024x735.jpg\" src=\"https:\/\/semmelweis.hu\/urologia\/files\/2014\/10\/MG_9677-235x169.jpg\" width=\"235\" height=\"169\" align=\"left\" title=\"\" \/><\/a><\/div><div class=\"tiled-gallery-item tiled-gallery-item-small\"><a href=\"https:\/\/semmelweis.hu\/urologia\/files\/2014\/10\/MG_9805.jpg\"><img loading=\"lazy\" decoding=\"async\" data-attachment-id=\"1154\" data-orig-file=\"https:\/\/semmelweis.hu\/urologia\/files\/2014\/10\/MG_9805.jpg\" data-orig-size=\"2560,1772\" data-comments-opened=\"1\" data-image-meta=\"{&quot;aperture&quot;:&quot;0&quot;,&quot;credit&quot;:&quot;Ambrus Marcsi&quot;,&quot;camera&quot;:&quot;&quot;,&quot;caption&quot;:&quot;&quot;,&quot;created_timestamp&quot;:&quot;1411739446&quot;,&quot;copyright&quot;:&quot;&quot;,&quot;focal_length&quot;:&quot;0&quot;,&quot;iso&quot;:&quot;0&quot;,&quot;shutter_speed&quot;:&quot;0&quot;,&quot;title&quot;:&quot;&quot;}\" data-image-title=\"\" data-image-description=\"\" data-medium-file=\"https:\/\/semmelweis.hu\/urologia\/files\/2014\/10\/MG_9805-300x207.jpg\" data-large-file=\"https:\/\/semmelweis.hu\/urologia\/files\/2014\/10\/MG_9805-1024x708.jpg\" src=\"https:\/\/semmelweis.hu\/urologia\/files\/2014\/10\/MG_9805-235x163.jpg\" width=\"235\" height=\"163\" align=\"left\" title=\"\" \/><\/a><\/div><\/div><\/div><div class=\"gallery-row\" style=\"width: 748px; height: 360px;\"><div class=\"gallery-group images-1\" style=\"width: 264px; height: 364px;\"><div class=\"tiled-gallery-item tiled-gallery-item-large\"><a href=\"https:\/\/semmelweis.hu\/urologia\/files\/2014\/04\/ESWL.jpg\"><img loading=\"lazy\" decoding=\"async\" data-attachment-id=\"640\" data-orig-file=\"https:\/\/semmelweis.hu\/urologia\/files\/2014\/04\/ESWL.jpg\" data-orig-size=\"614,852\" data-comments-opened=\"1\" data-image-meta=\"{&quot;aperture&quot;:&quot;0&quot;,&quot;credit&quot;:&quot;&quot;,&quot;camera&quot;:&quot;&quot;,&quot;caption&quot;:&quot;&quot;,&quot;created_timestamp&quot;:&quot;0&quot;,&quot;copyright&quot;:&quot;&quot;,&quot;focal_length&quot;:&quot;0&quot;,&quot;iso&quot;:&quot;0&quot;,&quot;shutter_speed&quot;:&quot;0&quot;,&quot;title&quot;:&quot;&quot;}\" data-image-title=\"ESWL\" data-image-description=\"\" data-medium-file=\"https:\/\/semmelweis.hu\/urologia\/files\/2014\/04\/ESWL-216x300.jpg\" data-large-file=\"https:\/\/semmelweis.hu\/urologia\/files\/2014\/04\/ESWL.jpg\" src=\"https:\/\/semmelweis.hu\/urologia\/files\/2014\/04\/ESWL-260x360.jpg\" width=\"260\" height=\"360\" align=\"left\" title=\"\" \/><\/a><\/div><\/div><div class=\"gallery-group images-1\" style=\"width: 484px; height: 364px;\"><div class=\"tiled-gallery-item tiled-gallery-item-large\"><a href=\"https:\/\/semmelweis.hu\/urologia\/files\/2014\/07\/IMGP0727.jpg\"><img loading=\"lazy\" decoding=\"async\" data-attachment-id=\"759\" data-orig-file=\"https:\/\/semmelweis.hu\/urologia\/files\/2014\/07\/IMGP0727.jpg\" data-orig-size=\"2560,1920\" data-comments-opened=\"1\" data-image-meta=\"{&quot;aperture&quot;:&quot;0&quot;,&quot;credit&quot;:&quot;&quot;,&quot;camera&quot;:&quot;&quot;,&quot;caption&quot;:&quot;&quot;,&quot;created_timestamp&quot;:&quot;0&quot;,&quot;copyright&quot;:&quot;&quot;,&quot;focal_length&quot;:&quot;0&quot;,&quot;iso&quot;:&quot;0&quot;,&quot;shutter_speed&quot;:&quot;0&quot;,&quot;title&quot;:&quot;&quot;}\" data-image-title=\"IMGP0727\" data-image-description=\"\" data-medium-file=\"https:\/\/semmelweis.hu\/urologia\/files\/2014\/07\/IMGP0727-300x225.jpg\" data-large-file=\"https:\/\/semmelweis.hu\/urologia\/files\/2014\/07\/IMGP0727-1024x768.jpg\" src=\"https:\/\/semmelweis.hu\/urologia\/files\/2014\/07\/IMGP0727-480x360.jpg\" width=\"480\" height=\"360\" align=\"left\" title=\"Dr. Majoros Attila, Dr. Wilhem Bauer\" \/><\/a><div class=\"tiled-gallery-caption\">Dr. Majoros Attila, Dr. Wilhem Bauer<\/div><\/div><\/div><\/div><\/div>[\/slb_exclude]\n","protected":false},"excerpt":{"rendered":"<p>The Department of Urology, founded in 1920, was the first academic institute in Europe to become independent from surgery. The main fields of activity are: urogenital tumours and their chemotherapy, urogenital infection and inflammation, urinary stones, urinary incontinence, reconstructive surgery, congenital and acquired disorders of male sexual organs, male infertility, and erectile dysfunction.<\/p>\n<p>In addition to the teaching of urology to medical students in small groups in Hungarian, English, German, regular postgraduate courses on special issues are organised for residents, specialists and GPs.<\/p>\n","protected":false},"author":316,"featured_media":4430,"parent":0,"menu_order":0,"comment_status":"closed","ping_status":"closed","template":"","meta":{"_acf_changed":false,"footnotes":""},"categories":[],"tags":[],"class_list":["post-1793","page","type-page","status-publish","has-post-thumbnail","hentry"],"acf":[],"_links":{"self":[{"href":"https:\/\/semmelweis.hu\/urologia\/wp-json\/wp\/v2\/pages\/1793","targetHints":{"allow":["GET"]}}],"collection":[{"href":"https:\/\/semmelweis.hu\/urologia\/wp-json\/wp\/v2\/pages"}],"about":[{"href":"https:\/\/semmelweis.hu\/urologia\/wp-json\/wp\/v2\/types\/page"}],"author":[{"embeddable":true,"href":"https:\/\/semmelweis.hu\/urologia\/wp-json\/wp\/v2\/users\/316"}],"replies":[{"embeddable":true,"href":"https:\/\/semmelweis.hu\/urologia\/wp-json\/wp\/v2\/comments?post=1793"}],"version-history":[{"count":5,"href":"https:\/\/semmelweis.hu\/urologia\/wp-json\/wp\/v2\/pages\/1793\/revisions"}],"predecessor-version":[{"id":4481,"href":"https:\/\/semmelweis.hu\/urologia\/wp-json\/wp\/v2\/pages\/1793\/revisions\/4481"}],"wp:featuredmedia":[{"embeddable":true,"href":"https:\/\/semmelweis.hu\/urologia\/wp-json\/wp\/v2\/media\/4430"}],"wp:attachment":[{"href":"https:\/\/semmelweis.hu\/urologia\/wp-json\/wp\/v2\/media?parent=1793"}],"wp:term":[{"taxonomy":"category","embeddable":true,"href":"https:\/\/semmelweis.hu\/urologia\/wp-json\/wp\/v2\/categories?post=1793"},{"taxonomy":"post_tag","embeddable":true,"href":"https:\/\/semmelweis.hu\/urologia\/wp-json\/wp\/v2\/tags?post=1793"}],"curies":[{"name":"wp","href":"https:\/\/api.w.org\/{rel}","templated":true}]}}