{"id":1635,"date":"2015-04-29T14:44:31","date_gmt":"2015-04-29T12:44:31","guid":{"rendered":"http:\/\/semmelweis.hu\/urologia\/?page_id=1635"},"modified":"2023-05-28T07:26:46","modified_gmt":"2023-05-28T05:26:46","slug":"klinikai-vizsgalatok","status":"publish","type":"page","link":"https:\/\/semmelweis.hu\/urologia\/betegellatas\/klinikai-vizsgalatok\/","title":{"rendered":"Klinikai vizsg\u00e1latok"},"content":{"rendered":"<p>Semmelweis Egyetem Urol\u00f3giai Klinik\u00e1ja teret biztos\u00edt k\u00fcl\u00f6nb\u00f6z\u0151 urol\u00f3giai betegs\u00e9gek eset\u00e9n, a tudom\u00e1ny jelenlegi \u00e1ll\u00e1sa szerinti, legkorszer\u0171bb klinikai vizsg\u00e1latoknak. A vizsg\u00e1latban val\u00f3 r\u00e9szv\u00e9tel azoknak a betegeknek ny\u00fajthat megb\u00edzhat\u00f3 megold\u00e1st, akikn\u00e9l az eddigi gy\u00f3gyszeres kezel\u00e9s nem hozott megfelel\u0151 eredm\u00e9nyt, vagy az, egy\u00e9b okb\u00f3l nem folytathat\u00f3. A vizsg\u00e1latban val\u00f3 r\u00e9szv\u00e9telt mind a beteg, mind a kezel\u0151 orvos kezdem\u00e9nyezheti.<\/p>\n<h4><strong>Jelenleg az al\u00e1bbi klinikai vizsg\u00e1latok folynak:\u00a0<\/strong><\/h4>\n<p>1) III. f\u00e1zis\u00fa, randomiz\u00e1lt, dupla-vak, placebo-kontroll\u00e1lt vizsg\u00e1lat az SHR3162-III-305, mely fuzuloparibot kombin\u00e1lja abirateron-acet\u00e1ttal. Ezen vizsg\u00e1latba metasztatikus kasztr\u00e1ci\u00f3rezisztens prosztatar\u00e1kos betegeket kezel\u00fcnk els\u0151 vonalban.\u00a0 \u00a0<\/p>\n<p>2) III. f\u00e1zis\u00fa, randomiz\u00e1lt, ny\u00edlt v\u00e9g\u0171 vizsg\u00e1lat az Exelixis, melyben cabozantinib \u00e9s atezolizumab kombin\u00e1ci\u00f3j\u00e1t vizsg\u00e1lj\u00e1k ARTA\u00a0 kezel\u00e9s ellen\u00e9ben metasztatikus kasztr\u00e1ci\u00f3rezisztens prosztatar\u00e1kos betegekben m\u00e1sod-harmad vonalas ter\u00e1piak\u00e9nt.\u00a0<\/p>\n<p>3) III. f\u00e1zis\u00fa, randomiz\u00e1lt, ny\u00edlt v\u00e9g\u0171 vizsg\u00e1lat az SGN22E-003, melyben enfortumab vedotin \u00e9s pembrolizumab kombin\u00e1ci\u00f3j\u00e1t hasonl\u00edtj\u00e1k \u00f6ssze kemoter\u00e1pi\u00e1val m\u00e9g nem kezelt, lok\u00e1lisan el\u0151rehaladott vagy metasztatikus urothelialis daganatokban.<\/p>\n<p>4)\u00a0 III. f\u00e1zis\u00fa, randomiz\u00e1lt-kontroll\u00e1lt vizsg\u00e1lat az MK-3475-676, melyben pembrolizumabot kombin\u00e1lnak BCG kezel\u00e9ssel, magas kock\u00e1zat\u00fa izominfiltr\u00e1ci\u00f3t nem mutat\u00f3 h\u00f3lyagdaganatokban. BCG ter\u00e1pi\u00e1ban kor\u00e1bban nem r\u00e9szes\u00fclt, valamint ezen kezel\u00e9st k\u00f6vet\u0151en ki\u00fajul\u00f3 h\u00f3lyagdaganat eset\u00e9n is bevonhat\u00f3ak betegek.\u00a0<\/p>\n","protected":false},"excerpt":{"rendered":"<p>Semmelweis Egyetem Urol\u00f3giai Klinik\u00e1ja teret biztos\u00edt k\u00fcl\u00f6nb\u00f6z\u0151 urol\u00f3giai betegs\u00e9gek eset\u00e9n, a tudom\u00e1ny jelenlegi \u00e1ll\u00e1sa szerinti, legkorszer\u0171bb klinikai vizsg\u00e1latoknak. A vizsg\u00e1latban val\u00f3 r\u00e9szv\u00e9tel azoknak a betegeknek ny\u00fajthat megb\u00edzhat\u00f3 megold\u00e1st, akikn\u00e9l az eddigi gy\u00f3gyszeres kezel\u00e9s nem hozott megfelel\u0151 eredm\u00e9nyt, vagy az, egy\u00e9b okb\u00f3l nem folytathat\u00f3. A vizsg\u00e1latban val\u00f3 r\u00e9szv\u00e9telt mind a beteg, mind a kezel\u0151 orvos kezdem\u00e9nyezheti. &hellip;<\/p>\n","protected":false},"author":316,"featured_media":0,"parent":2028,"menu_order":8,"comment_status":"open","ping_status":"closed","template":"","meta":{"_acf_changed":false,"footnotes":""},"categories":[],"tags":[],"class_list":["post-1635","page","type-page","status-publish","hentry"],"acf":[],"_links":{"self":[{"href":"https:\/\/semmelweis.hu\/urologia\/wp-json\/wp\/v2\/pages\/1635","targetHints":{"allow":["GET"]}}],"collection":[{"href":"https:\/\/semmelweis.hu\/urologia\/wp-json\/wp\/v2\/pages"}],"about":[{"href":"https:\/\/semmelweis.hu\/urologia\/wp-json\/wp\/v2\/types\/page"}],"author":[{"embeddable":true,"href":"https:\/\/semmelweis.hu\/urologia\/wp-json\/wp\/v2\/users\/316"}],"replies":[{"embeddable":true,"href":"https:\/\/semmelweis.hu\/urologia\/wp-json\/wp\/v2\/comments?post=1635"}],"version-history":[{"count":11,"href":"https:\/\/semmelweis.hu\/urologia\/wp-json\/wp\/v2\/pages\/1635\/revisions"}],"predecessor-version":[{"id":4466,"href":"https:\/\/semmelweis.hu\/urologia\/wp-json\/wp\/v2\/pages\/1635\/revisions\/4466"}],"up":[{"embeddable":true,"href":"https:\/\/semmelweis.hu\/urologia\/wp-json\/wp\/v2\/pages\/2028"}],"wp:attachment":[{"href":"https:\/\/semmelweis.hu\/urologia\/wp-json\/wp\/v2\/media?parent=1635"}],"wp:term":[{"taxonomy":"category","embeddable":true,"href":"https:\/\/semmelweis.hu\/urologia\/wp-json\/wp\/v2\/categories?post=1635"},{"taxonomy":"post_tag","embeddable":true,"href":"https:\/\/semmelweis.hu\/urologia\/wp-json\/wp\/v2\/tags?post=1635"}],"curies":[{"name":"wp","href":"https:\/\/api.w.org\/{rel}","templated":true}]}}