{"id":1604,"date":"2015-02-20T12:42:05","date_gmt":"2015-02-20T11:42:05","guid":{"rendered":"http:\/\/semmelweis.hu\/urologia\/?page_id=1604"},"modified":"2018-08-10T10:20:08","modified_gmt":"2018-08-10T08:20:08","slug":"agocs-klara","status":"publish","type":"page","link":"https:\/\/semmelweis.hu\/urologia\/altalanos-informaciok\/a-klinika-orvosai\/agocs-klara\/","title":{"rendered":"Ag\u00f3cs Kl\u00e1ra"},"content":{"rendered":"<div><a href=\"https:\/\/semmelweis.hu\/urologia\/files\/2015\/07\/AgocsK.jpg\"><img loading=\"lazy\" decoding=\"async\" class=\"alignright size-medium wp-image-1694\" src=\"https:\/\/semmelweis.hu\/urologia\/files\/2015\/07\/AgocsK-200x300.jpg\" alt=\"AgocsK\" width=\"200\" height=\"300\" srcset=\"https:\/\/semmelweis.hu\/urologia\/files\/2015\/07\/AgocsK-200x300.jpg 200w, https:\/\/semmelweis.hu\/urologia\/files\/2015\/07\/AgocsK-683x1024.jpg 683w, https:\/\/semmelweis.hu\/urologia\/files\/2015\/07\/AgocsK.jpg 800w\" sizes=\"auto, (max-width: 200px) 100vw, 200px\" \/><\/a>1962-ben sz\u00fcletett Szolnokon. A szolnoki Verseghy Ferenc Gimn\u00e1ziumban \u00e9retts\u00e9gizett. 1987-ben diplom\u00e1zott a Debreceni Orvostudom\u00e1nyi Egyetem \u00c1ltal\u00e1nos Orvostudom\u00e1nyi Kar\u00e1n. 1987 \u00e9s 91 k\u00f6z\u00f6tt a szolnoki M\u00c1V K\u00f3rh\u00e1zban dolgozott, 1992-t\u0151l 1997-ig tan\u00e1rseg\u00e9d a SOTE Aneszteziol\u00f3giai \u00e9s Intenz\u00edv Ter\u00e1pi\u00e1s Tansz\u00e9k\u00e9n.1997-2001: f\u0151orvos a szolnoki M\u00c1V K\u00f3rh\u00e1zban, majd a J\u00e1sz-Nagykun-Szolnok megyei Het\u00e9nyi G\u00e9za K\u00f3rh\u00e1zban. 2012-t\u0151l a Semmelweis Egyetem AITK-n klinikai f\u0151orvos, 2013-t\u00f3l dolgozik az AITK urol\u00f3giai r\u00e9szleg\u00e9n.<\/div>\n<div>\u00a0<\/div>\n<div><strong>Beoszt\u00e1s:<\/strong> klinikai f\u0151orvos<\/div>\n<div><strong>Szakk\u00e9pes\u00edt\u00e9sei<\/strong>: aneszteziol\u00f3gia \u00e9s intenz\u00edv ter\u00e1pia (1991), DEAA (2003)<\/div>\n<div><strong>Nyelvtud\u00e1s:<\/strong> orosz, angol,n\u00e9met<\/div>\n<div><strong>K\u00fclf\u00f6ldi tanulm\u00e1nyutak:<\/strong><br \/>\n1982. Kiev<\/div>\n<div>1991. Uniklinik, Ulm<\/div>\n<div>1993-94. Stoke Mandeville Hospital, Aylesbury, UK<\/div>\n<div>\u00a0<\/div>\n<div><strong>Tudom\u00e1nyos t\u00e1rsas\u00e1gi tags\u00e1g:<\/strong> MAITT, ESA<\/div>\n<div><strong>Tudom\u00e1nyos \u00e9rdekl\u0151d\u00e9s:<\/strong> oxygeniz\u00e1ci\u00f3, szepszis, betegbiztons\u00e1g<\/div>\n","protected":false},"excerpt":{"rendered":"<p><a href=\"https:\/\/semmelweis.hu\/urologia\/files\/2015\/07\/AgocsK.jpg\"><\/a> 1962-ben sz\u00fcletett Szolnokon. A szolnoki Verseghy Ferenc Gimn\u00e1ziumban \u00e9retts\u00e9gizett. 1987-ben diplom\u00e1zott a Debreceni Orvostudom\u00e1nyi Egyetem \u00c1ltal\u00e1nos Orvostudom\u00e1nyi Kar\u00e1n. 1987 \u00e9s 91 k\u00f6z\u00f6tt a szolnoki M\u00c1V K\u00f3rh\u00e1zban dolgozott, 1992-t\u0151l 1997-ig tan\u00e1rseg\u00e9d a SOTE Aneszteziol\u00f3giai \u00e9s Intenz\u00edv Ter\u00e1pi\u00e1s Tansz\u00e9k\u00e9n.1997-2001: f\u0151orvos a szolnoki M\u00c1V K\u00f3rh\u00e1zban, majd a J\u00e1sz-Nagykun-Szolnok megyei Het\u00e9nyi G\u00e9za K\u00f3rh\u00e1zban. 2012-t\u0151l a Semmelweis Egyetem AITK-n klinikai &hellip;<\/p>\n","protected":false},"author":316,"featured_media":0,"parent":333,"menu_order":0,"comment_status":"open","ping_status":"open","template":"onecolumn-page.php","meta":{"_acf_changed":false,"footnotes":""},"categories":[],"tags":[],"class_list":["post-1604","page","type-page","status-publish","hentry"],"acf":[],"_links":{"self":[{"href":"https:\/\/semmelweis.hu\/urologia\/wp-json\/wp\/v2\/pages\/1604","targetHints":{"allow":["GET"]}}],"collection":[{"href":"https:\/\/semmelweis.hu\/urologia\/wp-json\/wp\/v2\/pages"}],"about":[{"href":"https:\/\/semmelweis.hu\/urologia\/wp-json\/wp\/v2\/types\/page"}],"author":[{"embeddable":true,"href":"https:\/\/semmelweis.hu\/urologia\/wp-json\/wp\/v2\/users\/316"}],"replies":[{"embeddable":true,"href":"https:\/\/semmelweis.hu\/urologia\/wp-json\/wp\/v2\/comments?post=1604"}],"version-history":[{"count":6,"href":"https:\/\/semmelweis.hu\/urologia\/wp-json\/wp\/v2\/pages\/1604\/revisions"}],"predecessor-version":[{"id":3118,"href":"https:\/\/semmelweis.hu\/urologia\/wp-json\/wp\/v2\/pages\/1604\/revisions\/3118"}],"up":[{"embeddable":true,"href":"https:\/\/semmelweis.hu\/urologia\/wp-json\/wp\/v2\/pages\/333"}],"wp:attachment":[{"href":"https:\/\/semmelweis.hu\/urologia\/wp-json\/wp\/v2\/media?parent=1604"}],"wp:term":[{"taxonomy":"category","embeddable":true,"href":"https:\/\/semmelweis.hu\/urologia\/wp-json\/wp\/v2\/categories?post=1604"},{"taxonomy":"post_tag","embeddable":true,"href":"https:\/\/semmelweis.hu\/urologia\/wp-json\/wp\/v2\/tags?post=1604"}],"curies":[{"name":"wp","href":"https:\/\/api.w.org\/{rel}","templated":true}]}}