{"id":14,"date":"2012-02-04T14:04:18","date_gmt":"2012-02-04T14:04:18","guid":{"rendered":"http:\/\/semmelweis-egyetem.hu\/urologia\/?page_id=14"},"modified":"2025-12-22T09:47:09","modified_gmt":"2025-12-22T08:47:09","slug":"meghirdetett-tdk-temak","status":"publish","type":"page","link":"https:\/\/semmelweis.hu\/urologia\/oktatas\/meghirdetett-tdk-temak\/","title":{"rendered":"TDK"},"content":{"rendered":"<p><strong>TDK t\u00e9m\u00e1k:<\/strong><\/p>\n<ul>\n<li>A prosztatar\u00e1k kezel\u00e9s\u00e9nek k\u00e9rd\u00e9sei<\/li>\n<li>A h\u00edmvessz\u0151 necroticus \u00e9s degenerat\u00edv\u00a0folyamatai<\/li>\n<li>H\u00fagy\u00fati fert\u0151z\u00e9sek diagnosztik\u00e1ja, ter\u00e1pi\u00e1ja<\/li>\n<li>Iatrogen urol\u00f3giai fert\u0151z\u00e9sek<\/li>\n<li>Endourol\u00f3gia<\/li>\n<li>Vizelettart\u00e1si \u00e9s \u00fcr\u00edt\u00e9si zavarok diagnosztik\u00e1ja \u00e9s ter\u00e1pi\u00e1ja<\/li>\n<li>Urogenitalis prolapsusok<\/li>\n<li>L\u00e9zer az urol\u00f3gi\u00e1ban<\/li>\n<li>A vesedaganatok kezel\u00e9s\u00e9nek\u00a0eredm\u00e9nyess\u00e9ge<\/li>\n<li>Vesedaganatok kezel\u00e9se veserezekci\u00f3val<\/li>\n<li>Iatrog\u00e9n ureter- \u00e9s h\u00f3lyags\u00e9r\u00fcl\u00e9sek ell\u00e1t\u00e1sa<\/li>\n<li>A h\u00fagycs\u0151sz\u0171k\u00fcletek korszer\u0171 kezel\u00e9se<\/li>\n<li>A h\u00edmvessz\u0151 gyullad\u00e1sos \u00e9s tumoros folyamatainak elk\u00fcl\u00f6n\u00edt\u00e9se, szervmegtart\u00f3 ter\u00e1pi\u00e1ja<\/li>\n<li>Varicocele epidemiol\u00f3gi\u00e1j\u00e1nak felm\u00e9r\u00e9se<\/li>\n<li>H\u00fagy\u00fati k\u00f6vess\u00e9g m\u0171t\u00e9ti kezel\u00e9se<\/li>\n<li>Neurog\u00e9n h\u00f3lyagm\u0171k\u00f6d\u00e9si zavarok<\/li>\n<li>Kismedencei F\u00e1jdalom szindr\u00f3ma<\/li>\n<\/ul>\n<p>Jelentkez\u00e9s szem\u00e9lyesen a Klinik\u00e1n.<\/p>\n<p>A TDK munka kreditpontjait az <a href=\"https:\/\/semmelweis.hu\/urologia\/files\/2025\/12\/Igazolas-TDK.docx\">Igazol\u00e1s TDK<\/a> dokumentum lead\u00e1s\u00e1t k\u00f6vet\u0151en \u00edrjuk j\u00f3v\u00e1.<\/p>\n<p>&nbsp;<\/p>\n","protected":false},"excerpt":{"rendered":"<p>TDK t\u00e9m\u00e1k: A prosztatar\u00e1k kezel\u00e9s\u00e9nek k\u00e9rd\u00e9sei A h\u00edmvessz\u0151 necroticus \u00e9s degenerat\u00edv\u00a0folyamatai H\u00fagy\u00fati fert\u0151z\u00e9sek diagnosztik\u00e1ja, ter\u00e1pi\u00e1ja Iatrogen urol\u00f3giai fert\u0151z\u00e9sek Endourol\u00f3gia Vizelettart\u00e1si \u00e9s \u00fcr\u00edt\u00e9si zavarok diagnosztik\u00e1ja \u00e9s ter\u00e1pi\u00e1ja Urogenitalis prolapsusok L\u00e9zer az urol\u00f3gi\u00e1ban A vesedaganatok kezel\u00e9s\u00e9nek\u00a0eredm\u00e9nyess\u00e9ge Vesedaganatok kezel\u00e9se veserezekci\u00f3val Iatrog\u00e9n ureter- \u00e9s h\u00f3lyags\u00e9r\u00fcl\u00e9sek ell\u00e1t\u00e1sa A h\u00fagycs\u0151sz\u0171k\u00fcletek korszer\u0171 kezel\u00e9se A h\u00edmvessz\u0151 gyullad\u00e1sos \u00e9s tumoros folyamatainak elk\u00fcl\u00f6n\u00edt\u00e9se, szervmegtart\u00f3 ter\u00e1pi\u00e1ja &hellip;<\/p>\n","protected":false},"author":316,"featured_media":0,"parent":276,"menu_order":3,"comment_status":"open","ping_status":"open","template":"","meta":{"_acf_changed":false,"footnotes":""},"categories":[],"tags":[],"class_list":["post-14","page","type-page","status-publish","hentry"],"acf":[],"_links":{"self":[{"href":"https:\/\/semmelweis.hu\/urologia\/wp-json\/wp\/v2\/pages\/14","targetHints":{"allow":["GET"]}}],"collection":[{"href":"https:\/\/semmelweis.hu\/urologia\/wp-json\/wp\/v2\/pages"}],"about":[{"href":"https:\/\/semmelweis.hu\/urologia\/wp-json\/wp\/v2\/types\/page"}],"author":[{"embeddable":true,"href":"https:\/\/semmelweis.hu\/urologia\/wp-json\/wp\/v2\/users\/316"}],"replies":[{"embeddable":true,"href":"https:\/\/semmelweis.hu\/urologia\/wp-json\/wp\/v2\/comments?post=14"}],"version-history":[{"count":10,"href":"https:\/\/semmelweis.hu\/urologia\/wp-json\/wp\/v2\/pages\/14\/revisions"}],"predecessor-version":[{"id":4765,"href":"https:\/\/semmelweis.hu\/urologia\/wp-json\/wp\/v2\/pages\/14\/revisions\/4765"}],"up":[{"embeddable":true,"href":"https:\/\/semmelweis.hu\/urologia\/wp-json\/wp\/v2\/pages\/276"}],"wp:attachment":[{"href":"https:\/\/semmelweis.hu\/urologia\/wp-json\/wp\/v2\/media?parent=14"}],"wp:term":[{"taxonomy":"category","embeddable":true,"href":"https:\/\/semmelweis.hu\/urologia\/wp-json\/wp\/v2\/categories?post=14"},{"taxonomy":"post_tag","embeddable":true,"href":"https:\/\/semmelweis.hu\/urologia\/wp-json\/wp\/v2\/tags?post=14"}],"curies":[{"name":"wp","href":"https:\/\/api.w.org\/{rel}","templated":true}]}}