{"id":1398,"date":"2014-12-04T11:04:45","date_gmt":"2014-12-04T10:04:45","guid":{"rendered":"http:\/\/semmelweis.hu\/urologia\/?page_id=1398"},"modified":"2022-08-31T10:52:12","modified_gmt":"2022-08-31T08:52:12","slug":"huttl-andras","status":"publish","type":"page","link":"https:\/\/semmelweis.hu\/urologia\/altalanos-informaciok\/a-klinika-orvosai\/huttl-andras\/","title":{"rendered":"H\u00fcttl Andr\u00e1s"},"content":{"rendered":"<p><a href=\"https:\/\/semmelweis.hu\/urologia\/files\/2015\/07\/HuttlA.jpg\"><img loading=\"lazy\" decoding=\"async\" class=\"alignright size-medium wp-image-1682\" src=\"https:\/\/semmelweis.hu\/urologia\/files\/2015\/07\/HuttlA-200x300.jpg\" alt=\"HuttlA\" width=\"200\" height=\"300\" srcset=\"https:\/\/semmelweis.hu\/urologia\/files\/2015\/07\/HuttlA-200x300.jpg 200w, https:\/\/semmelweis.hu\/urologia\/files\/2015\/07\/HuttlA-683x1024.jpg 683w, https:\/\/semmelweis.hu\/urologia\/files\/2015\/07\/HuttlA.jpg 800w\" sizes=\"auto, (max-width: 200px) 100vw, 200px\" \/><\/a>1984-ben sz\u00fcletett Budapesten. A Toldy Ferenc Gimn\u00e1ziumban \u00e9retts\u00e9gizett 2003-ban. 2003 \u00e9s 2007 k\u00f6z\u00f6tt az Egyes\u00fclt \u00c1llamokban, a New York \u00e1llambeli Bard College egyetemre j\u00e1rt \u00e9s szerzett diplom\u00e1t. \u00c1ltal\u00e1nos orvosdoktori diplom\u00e1t 2014-ben szerzett a Semmelweis Egyetemen. 2014 november\u00e9t\u0151l a Semmelweis Egyetem Urol\u00f3giai Klinik\u00e1j\u00e1n dolgozik.<br \/>\n<strong>Beoszt\u00e1sa:<\/strong> klinikai szakorvos<br \/>\n<strong>Nyelvtud\u00e1s:<\/strong>\u00a0angol, n\u00e9met<br \/>\n<strong>K\u00fclf\u00f6ldi tanulm\u00e1ny\u00fat:<\/strong><br \/>\n2014, University of California, Davis School of Medicine, 2 h\u00f3nap<br \/>\n<strong>Tudom\u00e1nyos t\u00e1rsas\u00e1gi tags\u00e1g:<\/strong><br \/>\nMagyar Urol\u00f3gusok T\u00e1rsas\u00e1ga<br \/>\nEur\u00f3pai Urol\u00f3gus T\u00e1rsas\u00e1g<br \/>\n<strong>Tudom\u00e1nyos \u00e9rdekl\u0151d\u00e9s:<\/strong> uroonkol\u00f3gia, daganatseb\u00e9szet, percutan \u00e9s h\u00fagycs\u00f6v\u00f6n kereszt\u00fcli k\u0151seb\u00e9szet<\/p>\n","protected":false},"excerpt":{"rendered":"<p><a href=\"https:\/\/semmelweis.hu\/urologia\/files\/2015\/07\/HuttlA.jpg\"><\/a> 1984-ben sz\u00fcletett Budapesten. A Toldy Ferenc Gimn\u00e1ziumban \u00e9retts\u00e9gizett 2003-ban. 2003 \u00e9s 2007 k\u00f6z\u00f6tt az Egyes\u00fclt \u00c1llamokban, a New York \u00e1llambeli Bard College egyetemre j\u00e1rt \u00e9s szerzett diplom\u00e1t. \u00c1ltal\u00e1nos orvosdoktori diplom\u00e1t 2014-ben szerzett a Semmelweis Egyetemen. 2014 november\u00e9t\u0151l a Semmelweis Egyetem Urol\u00f3giai Klinik\u00e1j\u00e1n dolgozik. Beoszt\u00e1sa: klinikai szakorvos Nyelvtud\u00e1s:\u00a0angol, n\u00e9met K\u00fclf\u00f6ldi tanulm\u00e1ny\u00fat: 2014, University of California, Davis &hellip;<\/p>\n","protected":false},"author":316,"featured_media":0,"parent":333,"menu_order":0,"comment_status":"open","ping_status":"open","template":"onecolumn-page.php","meta":{"_acf_changed":false,"footnotes":""},"categories":[],"tags":[],"class_list":["post-1398","page","type-page","status-publish","hentry"],"acf":[],"_links":{"self":[{"href":"https:\/\/semmelweis.hu\/urologia\/wp-json\/wp\/v2\/pages\/1398","targetHints":{"allow":["GET"]}}],"collection":[{"href":"https:\/\/semmelweis.hu\/urologia\/wp-json\/wp\/v2\/pages"}],"about":[{"href":"https:\/\/semmelweis.hu\/urologia\/wp-json\/wp\/v2\/types\/page"}],"author":[{"embeddable":true,"href":"https:\/\/semmelweis.hu\/urologia\/wp-json\/wp\/v2\/users\/316"}],"replies":[{"embeddable":true,"href":"https:\/\/semmelweis.hu\/urologia\/wp-json\/wp\/v2\/comments?post=1398"}],"version-history":[{"count":10,"href":"https:\/\/semmelweis.hu\/urologia\/wp-json\/wp\/v2\/pages\/1398\/revisions"}],"predecessor-version":[{"id":4105,"href":"https:\/\/semmelweis.hu\/urologia\/wp-json\/wp\/v2\/pages\/1398\/revisions\/4105"}],"up":[{"embeddable":true,"href":"https:\/\/semmelweis.hu\/urologia\/wp-json\/wp\/v2\/pages\/333"}],"wp:attachment":[{"href":"https:\/\/semmelweis.hu\/urologia\/wp-json\/wp\/v2\/media?parent=1398"}],"wp:term":[{"taxonomy":"category","embeddable":true,"href":"https:\/\/semmelweis.hu\/urologia\/wp-json\/wp\/v2\/categories?post=1398"},{"taxonomy":"post_tag","embeddable":true,"href":"https:\/\/semmelweis.hu\/urologia\/wp-json\/wp\/v2\/tags?post=1398"}],"curies":[{"name":"wp","href":"https:\/\/api.w.org\/{rel}","templated":true}]}}