{"id":1375,"date":"2014-12-03T08:24:58","date_gmt":"2014-12-03T07:24:58","guid":{"rendered":"http:\/\/semmelweis.hu\/urologia\/?page_id=1375"},"modified":"2022-05-10T14:34:22","modified_gmt":"2022-05-10T12:34:22","slug":"vargha-judit","status":"publish","type":"page","link":"https:\/\/semmelweis.hu\/urologia\/altalanos-informaciok\/a-klinika-orvosai\/vargha-judit\/","title":{"rendered":"Vargha Judit"},"content":{"rendered":"<p><a href=\"https:\/\/semmelweis.hu\/urologia\/files\/2015\/07\/VarghaJ.jpg\"><img loading=\"lazy\" decoding=\"async\" class=\"alignright size-medium wp-image-1680\" src=\"https:\/\/semmelweis.hu\/urologia\/files\/2015\/07\/VarghaJ-200x300.jpg\" alt=\"VarghaJ\" width=\"200\" height=\"300\" srcset=\"https:\/\/semmelweis.hu\/urologia\/files\/2015\/07\/VarghaJ-200x300.jpg 200w, https:\/\/semmelweis.hu\/urologia\/files\/2015\/07\/VarghaJ-683x1024.jpg 683w, https:\/\/semmelweis.hu\/urologia\/files\/2015\/07\/VarghaJ.jpg 800w\" sizes=\"auto, (max-width: 200px) 100vw, 200px\" \/><\/a>1985-ben sz\u00fcletett Budapesten, \u00e9s a Berzsenyi D\u00e1niel Gimn\u00e1ziumban \u00e9retts\u00e9gizett. \u00c1ltal\u00e1nos orvosdoktori diplom\u00e1t a Semmelweis Egyetemen szerzett 2012-ben. 2012 szeptember\u00e9t\u0151l a Semmelweis Egyetem Urol\u00f3giai Klinik\u00e1j\u00e1n dolgozik.<\/p>\n<p><strong>Beoszt\u00e1sa:<\/strong> klinikai szakorvos<\/p>\n<p><strong>Nyelvtud\u00e1s:<\/strong><br \/>\nangol, olasz<\/p>\n<p><strong>Publik\u00e1ci\u00f3s lista<\/strong>:<br \/>\n<a href=\"https:\/\/vm.mtmt.hu\/search\/slist.php?AuthorID=10043953&amp;pr_on=1\" target=\"_blank\" rel=\"noopener noreferrer\">Aktualiz\u00e1lt lista nyomtathat\u00f3 v\u00e1ltozatban let\u00f6lthet\u0151<\/a><\/p>\n<p><strong>Szakmai gyakorlatok, k\u00e9pz\u00e9sek:<\/strong><strong><br \/>\n<\/strong>2012- Rezidens T\u00f6rzsk\u00e9pz\u00e9s<\/p>\n","protected":false},"excerpt":{"rendered":"<p><a href=\"https:\/\/semmelweis.hu\/urologia\/files\/2015\/07\/VarghaJ.jpg\"><\/a>1985-ben sz\u00fcletett Budapesten, \u00e9s a Berzsenyi D\u00e1niel Gimn\u00e1ziumban \u00e9retts\u00e9gizett. \u00c1ltal\u00e1nos orvosdoktori diplom\u00e1t a Semmelweis Egyetemen szerzett 2012-ben. 2012 szeptember\u00e9t\u0151l a Semmelweis Egyetem Urol\u00f3giai Klinik\u00e1j\u00e1n dolgozik.<br \/>\nBeoszt\u00e1sa: klinikai szakorvos<br \/>\nNyelvtud\u00e1s:<br \/>\nangol, olasz<br \/>\nPublik\u00e1ci\u00f3s lista:<br \/>\n<a href=\"https:\/\/vm.mtmt.hu\/search\/slist.php?AuthorID=10043953&amp;pr_on=1\" target=\"_blank\" rel=\"noopener noreferrer\">Aktualiz\u00e1lt lista nyomtathat\u00f3 v\u00e1ltozatban let\u00f6lthet\u0151<\/a><br \/>\nSzakmai gyakorlatok, k\u00e9pz\u00e9sek:<br \/>\n2012- Rezidens T\u00f6rzsk\u00e9pz\u00e9s<\/p>\n","protected":false},"author":316,"featured_media":0,"parent":333,"menu_order":0,"comment_status":"open","ping_status":"open","template":"onecolumn-page.php","meta":{"_acf_changed":false,"footnotes":""},"categories":[],"tags":[],"class_list":["post-1375","page","type-page","status-publish","hentry"],"acf":[],"_links":{"self":[{"href":"https:\/\/semmelweis.hu\/urologia\/wp-json\/wp\/v2\/pages\/1375","targetHints":{"allow":["GET"]}}],"collection":[{"href":"https:\/\/semmelweis.hu\/urologia\/wp-json\/wp\/v2\/pages"}],"about":[{"href":"https:\/\/semmelweis.hu\/urologia\/wp-json\/wp\/v2\/types\/page"}],"author":[{"embeddable":true,"href":"https:\/\/semmelweis.hu\/urologia\/wp-json\/wp\/v2\/users\/316"}],"replies":[{"embeddable":true,"href":"https:\/\/semmelweis.hu\/urologia\/wp-json\/wp\/v2\/comments?post=1375"}],"version-history":[{"count":7,"href":"https:\/\/semmelweis.hu\/urologia\/wp-json\/wp\/v2\/pages\/1375\/revisions"}],"predecessor-version":[{"id":3017,"href":"https:\/\/semmelweis.hu\/urologia\/wp-json\/wp\/v2\/pages\/1375\/revisions\/3017"}],"up":[{"embeddable":true,"href":"https:\/\/semmelweis.hu\/urologia\/wp-json\/wp\/v2\/pages\/333"}],"wp:attachment":[{"href":"https:\/\/semmelweis.hu\/urologia\/wp-json\/wp\/v2\/media?parent=1375"}],"wp:term":[{"taxonomy":"category","embeddable":true,"href":"https:\/\/semmelweis.hu\/urologia\/wp-json\/wp\/v2\/categories?post=1375"},{"taxonomy":"post_tag","embeddable":true,"href":"https:\/\/semmelweis.hu\/urologia\/wp-json\/wp\/v2\/tags?post=1375"}],"curies":[{"name":"wp","href":"https:\/\/api.w.org\/{rel}","templated":true}]}}