{"id":1353,"date":"2014-12-01T11:54:42","date_gmt":"2014-12-01T10:54:42","guid":{"rendered":"http:\/\/semmelweis.hu\/urologia\/?page_id=1353"},"modified":"2022-08-31T10:43:27","modified_gmt":"2022-08-31T08:43:27","slug":"szell-tamas","status":"publish","type":"page","link":"https:\/\/semmelweis.hu\/urologia\/altalanos-informaciok\/a-klinika-orvosai\/szell-tamas\/","title":{"rendered":"Sz\u00e9ll Tam\u00e1s"},"content":{"rendered":"<p><a href=\"https:\/\/semmelweis.hu\/urologia\/files\/2015\/07\/SzellT.jpg\"><img loading=\"lazy\" decoding=\"async\" class=\"alignright size-medium wp-image-1716\" src=\"https:\/\/semmelweis.hu\/urologia\/files\/2015\/07\/SzellT-200x300.jpg\" alt=\"SzellT\" width=\"200\" height=\"300\" srcset=\"https:\/\/semmelweis.hu\/urologia\/files\/2015\/07\/SzellT-200x300.jpg 200w, https:\/\/semmelweis.hu\/urologia\/files\/2015\/07\/SzellT-683x1024.jpg 683w, https:\/\/semmelweis.hu\/urologia\/files\/2015\/07\/SzellT.jpg 800w\" sizes=\"auto, (max-width: 200px) 100vw, 200px\" \/><\/a>1989-ben sz\u00fcletett Szegeden. 2007-ben a kisk\u0151r\u00f6si Pet\u0151fi S\u00e1ndor Gimn\u00e1ziumban \u00e9retts\u00e9gizett. Orvosdoktori diplom\u00e1j\u00e1t a Semmelweis Egyetem \u00c1ltal\u00e1nos Orvostudom\u00e1nyi Kar\u00e1n szerezte 2013-ban. 2013 novembere \u00f3ta a Semmelweis Egyetem Urol\u00f3giai Klinika orvosa.<\/p>\n<p><strong>Beoszt\u00e1s:<\/strong> klinikai szakorvos<\/p>\n<p><strong>Nyelvtud\u00e1s:<\/strong> angol, n\u00e9met<\/p>\n<p><strong>Tudom\u00e1nyos \u00e9rdekl\u0151d\u00e9s:<\/strong> h\u00fagycs\u0151seb\u00e9szet, daganatseb\u00e9szet, androl\u00f3gia<\/p>\n","protected":false},"excerpt":{"rendered":"<p><a href=\"https:\/\/semmelweis.hu\/urologia\/files\/2015\/07\/SzellT.jpg\"><\/a>1989-ben sz\u00fcletett Szegeden. 2007-ben a kisk\u0151r\u00f6si Pet\u0151fi S\u00e1ndor Gimn\u00e1ziumban \u00e9retts\u00e9gizett. Orvosdoktori diplom\u00e1j\u00e1t a Semmelweis Egyetem \u00c1ltal\u00e1nos Orvostudom\u00e1nyi Kar\u00e1n szerezte 2013-ban. 2013 novembere \u00f3ta a Semmelweis Egyetem Urol\u00f3giai Klinika orvosa.<br \/>\nBeoszt\u00e1s: klinikai szakorvos<br \/>\nNyelvtud\u00e1s: angol, n\u00e9met<br \/>\nTudom\u00e1nyos \u00e9rdekl\u0151d\u00e9s: h\u00fagycs\u0151seb\u00e9szet, daganatseb\u00e9szet, androl\u00f3gia<\/p>\n","protected":false},"author":316,"featured_media":0,"parent":333,"menu_order":0,"comment_status":"open","ping_status":"open","template":"onecolumn-page.php","meta":{"_acf_changed":false,"footnotes":""},"categories":[],"tags":[],"class_list":["post-1353","page","type-page","status-publish","hentry"],"acf":[],"_links":{"self":[{"href":"https:\/\/semmelweis.hu\/urologia\/wp-json\/wp\/v2\/pages\/1353","targetHints":{"allow":["GET"]}}],"collection":[{"href":"https:\/\/semmelweis.hu\/urologia\/wp-json\/wp\/v2\/pages"}],"about":[{"href":"https:\/\/semmelweis.hu\/urologia\/wp-json\/wp\/v2\/types\/page"}],"author":[{"embeddable":true,"href":"https:\/\/semmelweis.hu\/urologia\/wp-json\/wp\/v2\/users\/316"}],"replies":[{"embeddable":true,"href":"https:\/\/semmelweis.hu\/urologia\/wp-json\/wp\/v2\/comments?post=1353"}],"version-history":[{"count":8,"href":"https:\/\/semmelweis.hu\/urologia\/wp-json\/wp\/v2\/pages\/1353\/revisions"}],"predecessor-version":[{"id":4102,"href":"https:\/\/semmelweis.hu\/urologia\/wp-json\/wp\/v2\/pages\/1353\/revisions\/4102"}],"up":[{"embeddable":true,"href":"https:\/\/semmelweis.hu\/urologia\/wp-json\/wp\/v2\/pages\/333"}],"wp:attachment":[{"href":"https:\/\/semmelweis.hu\/urologia\/wp-json\/wp\/v2\/media?parent=1353"}],"wp:term":[{"taxonomy":"category","embeddable":true,"href":"https:\/\/semmelweis.hu\/urologia\/wp-json\/wp\/v2\/categories?post=1353"},{"taxonomy":"post_tag","embeddable":true,"href":"https:\/\/semmelweis.hu\/urologia\/wp-json\/wp\/v2\/tags?post=1353"}],"curies":[{"name":"wp","href":"https:\/\/api.w.org\/{rel}","templated":true}]}}