{"id":1305,"date":"2014-11-19T12:04:43","date_gmt":"2014-11-19T11:04:43","guid":{"rendered":"http:\/\/semmelweis.hu\/urologia\/?page_id=1305"},"modified":"2022-05-10T14:34:17","modified_gmt":"2022-05-10T12:34:17","slug":"romics-miklos","status":"publish","type":"page","link":"https:\/\/semmelweis.hu\/urologia\/altalanos-informaciok\/a-klinika-orvosai\/romics-miklos\/","title":{"rendered":"Romics Mikl\u00f3s"},"content":{"rendered":"<p><a href=\"https:\/\/semmelweis.hu\/urologia\/files\/2015\/07\/RomicsM.jpg\"><img loading=\"lazy\" decoding=\"async\" class=\"alignright size-medium wp-image-1713\" src=\"https:\/\/semmelweis.hu\/urologia\/files\/2015\/07\/RomicsM-200x300.jpg\" alt=\"RomicsM\" width=\"200\" height=\"300\" srcset=\"https:\/\/semmelweis.hu\/urologia\/files\/2015\/07\/RomicsM-200x300.jpg 200w, https:\/\/semmelweis.hu\/urologia\/files\/2015\/07\/RomicsM-683x1024.jpg 683w, https:\/\/semmelweis.hu\/urologia\/files\/2015\/07\/RomicsM.jpg 800w\" sizes=\"auto, (max-width: 200px) 100vw, 200px\" \/><\/a>1987-ben sz\u00fcletett a nyugat-n\u00e9metorsz\u00e1gi Bocholtban. 2006-ban a Szent Margit Gimn\u00e1ziumban kit\u0171n\u0151re \u00e9retts\u00e9gizett, majd \u00e1ltal\u00e1nos orvosdoktori diplom\u00e1t szerzett a Semmelweis Egyetem \u00c1ltal\u00e1nos Orvosi Kar\u00e1n 2012-ben. 2012 szeptembere \u00f3ta a Semmelweis Egyetem Urol\u00f3giai Klinik\u00e1j\u00e1nak orvosa.<br \/>\n<strong>Beoszt\u00e1sa: <\/strong>klinikai szakorvos<br \/>\n<strong>Nyelvtud\u00e1s: <\/strong>n\u00e9met, angol<br \/>\n<strong>Publik\u00e1ci\u00f3s lista:<br \/>\n<\/strong><a href=\"https:\/\/vm.mtmt.hu\/search\/slist.php?AuthorID=10040745&amp;pr_on=1\" target=\"_blank\" rel=\"noopener noreferrer\">Aktualiz\u00e1lt lista nyomtathat\u00f3 form\u00e1tumban let\u00f6lthet\u0151<\/a><\/p>\n<p><strong>Tudom\u00e1nyos \u00e9rdekl\u0151d\u00e9s:<\/strong><br \/>\nInkontinencia <br \/>\nUrogynecol\u00f3gia <br \/>\nFunkcion\u00e1lis urol\u00f3gia <br \/>\nNeurourol\u00f3gia <\/p>\n","protected":false},"excerpt":{"rendered":"<p><a href=\"https:\/\/semmelweis.hu\/urologia\/files\/2015\/07\/RomicsM.jpg\"><\/a>1987-ben sz\u00fcletett a nyugat-n\u00e9metorsz\u00e1gi Bocholtban. 2006-ban a Szent Margit Gimn\u00e1ziumban kit\u0171n\u0151re \u00e9retts\u00e9gizett, majd \u00e1ltal\u00e1nos orvosdoktori diplom\u00e1t szerzett a Semmelweis Egyetem \u00c1ltal\u00e1nos Orvosi Kar\u00e1n 2012-ben. 2012 szeptembere \u00f3ta a Semmelweis Egyetem Urol\u00f3giai Klinik\u00e1j\u00e1nak orvosa.<br \/>\nBeoszt\u00e1sa: klinikai szakorvos<br \/>\nNyelvtud\u00e1s: n\u00e9met, angol<br \/>\nPublik\u00e1ci\u00f3s lista:<br \/>\n<a href=\"https:\/\/vm.mtmt.hu\/search\/slist.php?AuthorID=10040745&amp;pr_on=1\" target=\"_blank\" rel=\"noopener noreferrer\">Aktualiz\u00e1lt lista nyomtathat\u00f3 form\u00e1tumban let\u00f6lthet\u0151<\/a><br \/>\nTudom\u00e1nyos \u00e9rdekl\u0151d\u00e9s:<br \/>\nInkontinencia<br \/>\nUrogynecol\u00f3gia<br \/>\nFunkcion\u00e1lis urol\u00f3gia<br \/>\nNeurourol\u00f3gia <\/p>\n","protected":false},"author":316,"featured_media":0,"parent":333,"menu_order":0,"comment_status":"open","ping_status":"open","template":"onecolumn-page.php","meta":{"_acf_changed":false,"footnotes":""},"categories":[],"tags":[],"class_list":["post-1305","page","type-page","status-publish","hentry"],"acf":[],"_links":{"self":[{"href":"https:\/\/semmelweis.hu\/urologia\/wp-json\/wp\/v2\/pages\/1305","targetHints":{"allow":["GET"]}}],"collection":[{"href":"https:\/\/semmelweis.hu\/urologia\/wp-json\/wp\/v2\/pages"}],"about":[{"href":"https:\/\/semmelweis.hu\/urologia\/wp-json\/wp\/v2\/types\/page"}],"author":[{"embeddable":true,"href":"https:\/\/semmelweis.hu\/urologia\/wp-json\/wp\/v2\/users\/316"}],"replies":[{"embeddable":true,"href":"https:\/\/semmelweis.hu\/urologia\/wp-json\/wp\/v2\/comments?post=1305"}],"version-history":[{"count":10,"href":"https:\/\/semmelweis.hu\/urologia\/wp-json\/wp\/v2\/pages\/1305\/revisions"}],"predecessor-version":[{"id":3328,"href":"https:\/\/semmelweis.hu\/urologia\/wp-json\/wp\/v2\/pages\/1305\/revisions\/3328"}],"up":[{"embeddable":true,"href":"https:\/\/semmelweis.hu\/urologia\/wp-json\/wp\/v2\/pages\/333"}],"wp:attachment":[{"href":"https:\/\/semmelweis.hu\/urologia\/wp-json\/wp\/v2\/media?parent=1305"}],"wp:term":[{"taxonomy":"category","embeddable":true,"href":"https:\/\/semmelweis.hu\/urologia\/wp-json\/wp\/v2\/categories?post=1305"},{"taxonomy":"post_tag","embeddable":true,"href":"https:\/\/semmelweis.hu\/urologia\/wp-json\/wp\/v2\/tags?post=1305"}],"curies":[{"name":"wp","href":"https:\/\/api.w.org\/{rel}","templated":true}]}}