{"id":13,"date":"2012-02-04T14:02:38","date_gmt":"2012-02-04T13:02:38","guid":{"rendered":"http:\/\/semmelweis-egyetem.hu\/urologia\/?page_id=13"},"modified":"2023-05-30T10:48:49","modified_gmt":"2023-05-30T08:48:49","slug":"kutatasi-teruletek","status":"publish","type":"page","link":"https:\/\/semmelweis.hu\/urologia\/kutatasi-teruletek\/","title":{"rendered":"Kutat\u00e1s"},"content":{"rendered":"<p>Az Urol\u00f3gia Klinik\u00e1n mind klinikai, mind alapkutat\u00e1si vizsg\u00e1latok folynak, szoros egy\u00fcttm\u0171k\u00f6d\u00e9sben, a t\u00e9m\u00e1kban legkiemelked\u0151bb hazai \u00e9s nemzetk\u00f6zi m\u0171helyekkel.<\/p>\n<p><strong>Az al\u00e1bbi ter\u00fcleteken folynak kutat\u00e1sok:<\/strong><\/p>\n<ul style=\"list-style-type: square;\">\n<li><a href=\"https:\/\/semmelweis.hu\/urologia\/uro-onkologia\/\" rel=\"noopener\">Uro-onkol\u00f3gia<\/a><\/li>\n<li><a href=\"https:\/\/semmelweis.hu\/urologia\/rekonstrukcios-genitalis-sebeszet\/\">Rekonstrukci\u00f3s genit\u00e1lis seb\u00e9szet<\/a><\/li>\n<li><a href=\"https:\/\/semmelweis.hu\/urologia\/kutatasi-teruletek\/andrologiaicentrum\/\" rel=\"noopener\">Androl\u00f3giai Centrum<\/a><\/li>\n<li><a href=\"https:\/\/semmelweis.hu\/urologia\/urodinamika\/\" rel=\"noopener\">Urodinamika<\/a><\/li>\n<li>Inkontinencia<\/li>\n<li>Laparoscopos seb\u00e9szet<\/li>\n<li>Uroinfektol\u00f3gia<\/li>\n<\/ul>\n","protected":false},"excerpt":{"rendered":"<p>Az Urol\u00f3gia Klinik\u00e1n mind klinikai, mind alapkutat\u00e1si vizsg\u00e1latok folynak, szoros egy\u00fcttm\u0171k\u00f6d\u00e9sben, a t\u00e9m\u00e1kban legkiemelked\u0151bb hazai \u00e9s nemzetk\u00f6zi m\u0171helyekkel.<br \/>\nAz al\u00e1bbi ter\u00fcleteken folynak kutat\u00e1sok:<\/p>\n<p><a href=\"https:\/\/semmelweis.hu\/urologia\/uro-onkologia\/\" rel=\"noopener\">Uro-onkol\u00f3gia<\/a><br \/>\n<a href=\"https:\/\/semmelweis.hu\/urologia\/rekonstrukcios-genitalis-sebeszet\/\">Rekonstrukci\u00f3s genit\u00e1lis seb\u00e9szet<\/a><br \/>\n<a href=\"https:\/\/semmelweis.hu\/urologia\/kutatasi-teruletek\/andrologiaicentrum\/\" rel=\"noopener\">Androl\u00f3giai Centrum<\/a><br \/>\n<a href=\"https:\/\/semmelweis.hu\/urologia\/urodinamika\/\" rel=\"noopener\">Urodinamika<\/a><br \/>\nInkontinencia<br \/>\nLaparoscopos seb\u00e9szet<br \/>\nUroinfektol\u00f3gia<\/p>\n","protected":false},"author":316,"featured_media":0,"parent":0,"menu_order":5,"comment_status":"open","ping_status":"closed","template":"","meta":{"_acf_changed":false,"footnotes":""},"categories":[],"tags":[],"class_list":["post-13","page","type-page","status-publish","hentry"],"acf":[],"_links":{"self":[{"href":"https:\/\/semmelweis.hu\/urologia\/wp-json\/wp\/v2\/pages\/13","targetHints":{"allow":["GET"]}}],"collection":[{"href":"https:\/\/semmelweis.hu\/urologia\/wp-json\/wp\/v2\/pages"}],"about":[{"href":"https:\/\/semmelweis.hu\/urologia\/wp-json\/wp\/v2\/types\/page"}],"author":[{"embeddable":true,"href":"https:\/\/semmelweis.hu\/urologia\/wp-json\/wp\/v2\/users\/316"}],"replies":[{"embeddable":true,"href":"https:\/\/semmelweis.hu\/urologia\/wp-json\/wp\/v2\/comments?post=13"}],"version-history":[{"count":11,"href":"https:\/\/semmelweis.hu\/urologia\/wp-json\/wp\/v2\/pages\/13\/revisions"}],"predecessor-version":[{"id":4502,"href":"https:\/\/semmelweis.hu\/urologia\/wp-json\/wp\/v2\/pages\/13\/revisions\/4502"}],"wp:attachment":[{"href":"https:\/\/semmelweis.hu\/urologia\/wp-json\/wp\/v2\/media?parent=13"}],"wp:term":[{"taxonomy":"category","embeddable":true,"href":"https:\/\/semmelweis.hu\/urologia\/wp-json\/wp\/v2\/categories?post=13"},{"taxonomy":"post_tag","embeddable":true,"href":"https:\/\/semmelweis.hu\/urologia\/wp-json\/wp\/v2\/tags?post=13"}],"curies":[{"name":"wp","href":"https:\/\/api.w.org\/{rel}","templated":true}]}}